{"id":15900,"date":"2017-02-22T09:12:37","date_gmt":"2017-02-22T08:12:37","guid":{"rendered":"https:\/\/scensverige.se\/?page_id=15900\/"},"modified":"2017-04-06T13:47:49","modified_gmt":"2017-04-06T11:47:49","slug":"aquarium","status":"publish","type":"page","link":"https:\/\/scensverige.se\/en\/aquarium\/","title":{"rendered":"Aquarium"},"content":{"rendered":"<h2>Aquarium (Akvarium)<\/h2>\n<p>Man Must Sing<strong><span id=\"result_box\" class=\"short_text\" lang=\"en\"><span class=\"\">H\u00f6rsalen<br \/>\n<\/span><\/span><\/strong><span id=\"result_box\" class=\"short_text\" lang=\"en\"><span class=\"\">Friday May 26, 18:00-19:00<\/span><\/span><span id=\"result_box\" class=\"short_text\" lang=\"en\"><span class=\"\"><br \/>\n<\/span><\/span><span id=\"result_box\" class=\"short_text\" lang=\"en\"><span class=\"\">Saturday May 27, 17:00-18:00<\/span><\/span><strong><span id=\"result_box\" class=\"short_text\" lang=\"en\"><span class=\"\"><br \/>\n<\/span><\/span><\/strong>Alice lies awake at night worrying about the escalating climate crisis. Dante is homeless and thinks primarily about how he will manage to scrape enough money together for shelter and food. Thankfully, the life coach, Ewa, has the solution to all of their problems. Or does she?<\/p>\n<p><em>Akvarium <\/em>is a new one act Swedish chamber opera created by the poet Naima Chahboun, known for her explosive use of language, the composer Roger Assar Johansson, whose compositions have a topical and contemporary focus, the director Gunilla Johansson, whose work looks to engage with society, and the opera company Man Must Sing, renowned for challenging norms.<\/p>\n<p>It is a piece about individual solutions to structural problems, about a bath in the aquarium at the research centre of Marine biology, and about having the courage to confront the dark sides of life.<\/p>\n<p>The title, which drew much attention upon publication, is inspired by a list of activities aimed at generating pleasure. The list is used within Swedish psychology (titled \u201cId\u00e9lista \u00f6ver lustbetonade aktiviteter\u201d), and details a range of activities aimed at putting people suffering from acute depression in a better mood. Point 137 on the list reads: \u201cLooking after an aquarium\u201d.<img decoding=\"async\" src=\"https:\/\/scensverige.se\/wp-content\/uploads\/2016\/12\/Akvarium-webb.jpg\" \/><\/p>\n<p style=\"text-align: right;\"><span id=\"result_box\" class=\"short_text\" lang=\"en\"><span class=\"\">Photo<\/span><\/span>: Per T Buhre<\/p>\n<p>Music: Roger Assar Johansson<br \/>\nLibretto: Naima Chahboun<br \/>\nDirector: Gunilla Johansson<br \/>\nSet and Costume design: Martin Eriksson<br \/>\nSound design: Christofer W Fogelberg<br \/>\nMake up: Josefin Eker\u00e5s<br \/>\nCast: Nina Ewald, Amanda Flodin, Karl Peter Eriksson, Anders Jonh\u00e4ll (flute), David Gammelg\u00e5rd (cello), Marianne R\u00f6nkk\u00f6nen (piano)<iframe loading=\"lazy\" width=\"560\" height=\"315\" src=\"https:\/\/www.youtube.com\/embed\/BjN0KI708D4\" frameborder=\"0\" allowfullscreen><\/iframe><iframe loading=\"lazy\" src=\"https:\/\/www.google.com\/maps\/d\/embed?mid=108NR38to1Huy7eXyUmlz9HFVgjU\" width=\"640\" height=\"480\"><\/iframe><\/p>\n","protected":false},"excerpt":{"rendered":"<p>Aquarium (Akvarium) Man Must SingH\u00f6rsalen Friday May 26, 18:00-19:00 Saturday May 27, 17:00-18:00 Alice lies awake at night worrying about the escalating climate crisis. Dante is homeless and thinks primarily about how he will manage to scrape enough money together for shelter and food. Thankfully, the life coach, Ewa, has the solution to all of &hellip;<\/p>\n","protected":false},"author":9192198,"featured_media":15221,"parent":0,"menu_order":1,"comment_status":"closed","ping_status":"closed","template":"template-blank-4.php","meta":{"_acf_changed":false,"footnotes":""},"class_list":["post-15900","page","type-page","status-publish","has-post-thumbnail","hentry","post","with-featured-image"],"acf":[],"yoast_head":"<!-- This site is optimized with the Yoast SEO plugin v27.1 - https:\/\/yoast.com\/product\/yoast-seo-wordpress\/ -->\n<title>Aquarium - Scensverige<\/title>\n<meta name=\"robots\" content=\"index, follow, max-snippet:-1, max-image-preview:large, max-video-preview:-1\" \/>\n<link rel=\"canonical\" href=\"https:\/\/scensverige.se\/en\/aquarium\/\" \/>\n<meta property=\"og:locale\" content=\"en_US\" \/>\n<meta property=\"og:type\" content=\"article\" \/>\n<meta property=\"og:title\" content=\"Aquarium - Scensverige\" \/>\n<meta property=\"og:description\" content=\"Aquarium (Akvarium) Man Must SingH\u00f6rsalen Friday May 26, 18:00-19:00 Saturday May 27, 17:00-18:00 Alice lies awake at night worrying about the escalating climate crisis. Dante is homeless and thinks primarily about how he will manage to scrape enough money together for shelter and food. Thankfully, the life coach, Ewa, has the solution to all of &hellip;\" \/>\n<meta property=\"og:url\" content=\"https:\/\/scensverige.se\/en\/aquarium\/\" \/>\n<meta property=\"og:site_name\" content=\"Scensverige\" \/>\n<meta property=\"article:modified_time\" content=\"2017-04-06T11:47:49+00:00\" \/>\n<meta property=\"og:image\" content=\"https:\/\/scensverige.se\/wp-content\/uploads\/2016\/12\/Akvarium-webb.jpg\" \/>\n\t<meta property=\"og:image:width\" content=\"800\" \/>\n\t<meta property=\"og:image:height\" content=\"608\" \/>\n\t<meta property=\"og:image:type\" content=\"image\/jpeg\" \/>\n<meta name=\"twitter:card\" content=\"summary_large_image\" \/>\n<meta name=\"twitter:label1\" content=\"Est. reading time\" \/>\n\t<meta name=\"twitter:data1\" content=\"1 minute\" \/>\n<script type=\"application\/ld+json\" class=\"yoast-schema-graph\">{\"@context\":\"https:\/\/schema.org\",\"@graph\":[{\"@type\":\"WebPage\",\"@id\":\"https:\/\/scensverige.se\/en\/aquarium\/\",\"url\":\"https:\/\/scensverige.se\/en\/aquarium\/\",\"name\":\"Aquarium - Scensverige\",\"isPartOf\":{\"@id\":\"https:\/\/scensverige.se\/#website\"},\"primaryImageOfPage\":{\"@id\":\"https:\/\/scensverige.se\/en\/aquarium\/#primaryimage\"},\"image\":{\"@id\":\"https:\/\/scensverige.se\/en\/aquarium\/#primaryimage\"},\"thumbnailUrl\":\"https:\/\/scensverige.se\/wp-content\/uploads\/2016\/12\/Akvarium-webb.jpg\",\"datePublished\":\"2017-02-22T08:12:37+00:00\",\"dateModified\":\"2017-04-06T11:47:49+00:00\",\"breadcrumb\":{\"@id\":\"https:\/\/scensverige.se\/en\/aquarium\/#breadcrumb\"},\"inLanguage\":\"en-US\",\"potentialAction\":[{\"@type\":\"ReadAction\",\"target\":[\"https:\/\/scensverige.se\/en\/aquarium\/\"]}]},{\"@type\":\"ImageObject\",\"inLanguage\":\"en-US\",\"@id\":\"https:\/\/scensverige.se\/en\/aquarium\/#primaryimage\",\"url\":\"https:\/\/scensverige.se\/wp-content\/uploads\/2016\/12\/Akvarium-webb.jpg\",\"contentUrl\":\"https:\/\/scensverige.se\/wp-content\/uploads\/2016\/12\/Akvarium-webb.jpg\",\"width\":800,\"height\":608},{\"@type\":\"BreadcrumbList\",\"@id\":\"https:\/\/scensverige.se\/en\/aquarium\/#breadcrumb\",\"itemListElement\":[{\"@type\":\"ListItem\",\"position\":1,\"name\":\"Hem\",\"item\":\"https:\/\/scensverige.se\/en\/\"},{\"@type\":\"ListItem\",\"position\":2,\"name\":\"Aquarium\"}]},{\"@type\":\"WebSite\",\"@id\":\"https:\/\/scensverige.se\/#website\",\"url\":\"https:\/\/scensverige.se\/\",\"name\":\"Scensverige\",\"description\":\"M\u00f6tesplats f\u00f6r svensk och internationell scenkonst\",\"publisher\":{\"@id\":\"https:\/\/scensverige.se\/#organization\"},\"potentialAction\":[{\"@type\":\"SearchAction\",\"target\":{\"@type\":\"EntryPoint\",\"urlTemplate\":\"https:\/\/scensverige.se\/?s={search_term_string}\"},\"query-input\":{\"@type\":\"PropertyValueSpecification\",\"valueRequired\":true,\"valueName\":\"search_term_string\"}}],\"inLanguage\":\"en-US\"},{\"@type\":\"Organization\",\"@id\":\"https:\/\/scensverige.se\/#organization\",\"name\":\"Scensverige\",\"url\":\"https:\/\/scensverige.se\/\",\"logo\":{\"@type\":\"ImageObject\",\"inLanguage\":\"en-US\",\"@id\":\"https:\/\/scensverige.se\/#\/schema\/logo\/image\/\",\"url\":\"https:\/\/scensverige.se\/wp-content\/uploads\/2019\/01\/Scensverige_logotyp_800.png\",\"contentUrl\":\"https:\/\/scensverige.se\/wp-content\/uploads\/2019\/01\/Scensverige_logotyp_800.png\",\"width\":800,\"height\":186,\"caption\":\"Scensverige\"},\"image\":{\"@id\":\"https:\/\/scensverige.se\/#\/schema\/logo\/image\/\"}}]}<\/script>\n<!-- \/ Yoast SEO plugin. -->","yoast_head_json":{"title":"Aquarium - Scensverige","robots":{"index":"index","follow":"follow","max-snippet":"max-snippet:-1","max-image-preview":"max-image-preview:large","max-video-preview":"max-video-preview:-1"},"canonical":"https:\/\/scensverige.se\/en\/aquarium\/","og_locale":"en_US","og_type":"article","og_title":"Aquarium - Scensverige","og_description":"Aquarium (Akvarium) Man Must SingH\u00f6rsalen Friday May 26, 18:00-19:00 Saturday May 27, 17:00-18:00 Alice lies awake at night worrying about the escalating climate crisis. Dante is homeless and thinks primarily about how he will manage to scrape enough money together for shelter and food. Thankfully, the life coach, Ewa, has the solution to all of &hellip;","og_url":"https:\/\/scensverige.se\/en\/aquarium\/","og_site_name":"Scensverige","article_modified_time":"2017-04-06T11:47:49+00:00","og_image":[{"width":800,"height":608,"url":"https:\/\/scensverige.se\/wp-content\/uploads\/2016\/12\/Akvarium-webb.jpg","type":"image\/jpeg"}],"twitter_card":"summary_large_image","twitter_misc":{"Est. reading time":"1 minute"},"schema":{"@context":"https:\/\/schema.org","@graph":[{"@type":"WebPage","@id":"https:\/\/scensverige.se\/en\/aquarium\/","url":"https:\/\/scensverige.se\/en\/aquarium\/","name":"Aquarium - Scensverige","isPartOf":{"@id":"https:\/\/scensverige.se\/#website"},"primaryImageOfPage":{"@id":"https:\/\/scensverige.se\/en\/aquarium\/#primaryimage"},"image":{"@id":"https:\/\/scensverige.se\/en\/aquarium\/#primaryimage"},"thumbnailUrl":"https:\/\/scensverige.se\/wp-content\/uploads\/2016\/12\/Akvarium-webb.jpg","datePublished":"2017-02-22T08:12:37+00:00","dateModified":"2017-04-06T11:47:49+00:00","breadcrumb":{"@id":"https:\/\/scensverige.se\/en\/aquarium\/#breadcrumb"},"inLanguage":"en-US","potentialAction":[{"@type":"ReadAction","target":["https:\/\/scensverige.se\/en\/aquarium\/"]}]},{"@type":"ImageObject","inLanguage":"en-US","@id":"https:\/\/scensverige.se\/en\/aquarium\/#primaryimage","url":"https:\/\/scensverige.se\/wp-content\/uploads\/2016\/12\/Akvarium-webb.jpg","contentUrl":"https:\/\/scensverige.se\/wp-content\/uploads\/2016\/12\/Akvarium-webb.jpg","width":800,"height":608},{"@type":"BreadcrumbList","@id":"https:\/\/scensverige.se\/en\/aquarium\/#breadcrumb","itemListElement":[{"@type":"ListItem","position":1,"name":"Hem","item":"https:\/\/scensverige.se\/en\/"},{"@type":"ListItem","position":2,"name":"Aquarium"}]},{"@type":"WebSite","@id":"https:\/\/scensverige.se\/#website","url":"https:\/\/scensverige.se\/","name":"Scensverige","description":"M\u00f6tesplats f\u00f6r svensk och internationell scenkonst","publisher":{"@id":"https:\/\/scensverige.se\/#organization"},"potentialAction":[{"@type":"SearchAction","target":{"@type":"EntryPoint","urlTemplate":"https:\/\/scensverige.se\/?s={search_term_string}"},"query-input":{"@type":"PropertyValueSpecification","valueRequired":true,"valueName":"search_term_string"}}],"inLanguage":"en-US"},{"@type":"Organization","@id":"https:\/\/scensverige.se\/#organization","name":"Scensverige","url":"https:\/\/scensverige.se\/","logo":{"@type":"ImageObject","inLanguage":"en-US","@id":"https:\/\/scensverige.se\/#\/schema\/logo\/image\/","url":"https:\/\/scensverige.se\/wp-content\/uploads\/2019\/01\/Scensverige_logotyp_800.png","contentUrl":"https:\/\/scensverige.se\/wp-content\/uploads\/2019\/01\/Scensverige_logotyp_800.png","width":800,"height":186,"caption":"Scensverige"},"image":{"@id":"https:\/\/scensverige.se\/#\/schema\/logo\/image\/"}}]}},"_links":{"self":[{"href":"https:\/\/scensverige.se\/en\/wp-json\/wp\/v2\/pages\/15900","targetHints":{"allow":["GET"]}}],"collection":[{"href":"https:\/\/scensverige.se\/en\/wp-json\/wp\/v2\/pages"}],"about":[{"href":"https:\/\/scensverige.se\/en\/wp-json\/wp\/v2\/types\/page"}],"author":[{"embeddable":true,"href":"https:\/\/scensverige.se\/en\/wp-json\/wp\/v2\/users\/9192198"}],"replies":[{"embeddable":true,"href":"https:\/\/scensverige.se\/en\/wp-json\/wp\/v2\/comments?post=15900"}],"version-history":[{"count":5,"href":"https:\/\/scensverige.se\/en\/wp-json\/wp\/v2\/pages\/15900\/revisions"}],"predecessor-version":[{"id":17458,"href":"https:\/\/scensverige.se\/en\/wp-json\/wp\/v2\/pages\/15900\/revisions\/17458"}],"wp:featuredmedia":[{"embeddable":true,"href":"https:\/\/scensverige.se\/en\/wp-json\/wp\/v2\/media\/15221"}],"wp:attachment":[{"href":"https:\/\/scensverige.se\/en\/wp-json\/wp\/v2\/media?parent=15900"}],"curies":[{"name":"wp","href":"https:\/\/api.w.org\/{rel}","templated":true}]}}