{"id":15940,"date":"2017-02-22T12:37:02","date_gmt":"2017-02-22T11:37:02","guid":{"rendered":"https:\/\/scensverige.se\/?page_id=15940\/"},"modified":"2017-04-06T14:09:49","modified_gmt":"2017-04-06T12:09:49","slug":"the-missionary","status":"publish","type":"page","link":"https:\/\/scensverige.se\/en\/the-missionary\/","title":{"rendered":"The Missionary"},"content":{"rendered":"<h2>The Missionary (Mission\u00e4ren)<\/h2>\n<p>Malin Hellkvist Sell\u00e9n <strong>Arbetets museum<br \/>\nLaxholmsk\u00e4llaren<br \/>\n<\/strong>Tuesday May 23, 13:00-14:05<br \/>\nTuesday May 23, 17:00-18:05<br \/>\nWednesday May 24, 12:00-13:05<br \/>\nWednesday May 24,16:00-17:05<br \/>\nThursday May 25, 13:00-14:05<br \/>\nThursday May 25, 17:00-18:05<br \/>\nFriday May 26, 13:00-14:05<br \/>\nFriday May 26, 17:00-18:05<br \/>\nSaturday May 27, 11:00-12:05<br \/>\nSaturday May 27, 15:00-16:05<em>Mission\u00e4ren<\/em> is about lesbian Christian missionaries in V\u00e4sterbotten, an area in northern Sweden, during the first half of the 20<sup>th<\/sup> century. With this performance, Malin Hellkvist Sell\u00e9n wants to demonstrate how the missions enabled women to claim positions within public forums, as well as created possibilities for intimacy with one another. <em>Mission\u00e4ren<\/em> arose from fact and fiction in equal measure and allows the audience to encounter a throng of women who had, in different ways, chosen to follow their calling. Through speech, movement and song, it narrates a tale about women\u2019s lives, work, sexuality and faith.<\/p>\n<p><em>Mission\u00e4ren <\/em>is a love story, a song of praise, and a playful way of bringing an erased piece of history back to life.<img decoding=\"async\" src=\"https:\/\/scensverige.se\/wp-content\/uploads\/2016\/06\/missionaren.jpg\" \/><\/p>\n<p style=\"text-align: right;\">Photo: Sofia Runarsdotter<\/p>\n<p>Idea, Playwright, Choreographer, Director: Malin Hellkvist Sell\u00e9n<br \/>\nCast: Meliz Karlge and Louise L\u00f6wenberg<br \/>\nCostume designer: Elin Hallberg<br \/>\nMake up: Rebecca Afzelius<br \/>\nComposer: Sara Lund\u00e9n<br \/>\nDramaturg: Malin Holgersson<br \/>\nResearch: Malin Hellkvist Sell\u00e9n and Elfrida Bergman<br \/>\nLight Consultation: Hannele Philipson \u2013 Lumination of Sweden<br \/>\n<span id=\"result_box\" class=\"short_text\" lang=\"en\"><span class=\"\">Communication, pr and touring (2016)<\/span><\/span><span id=\"result_box\" class=\"short_text\" lang=\"en\"><span class=\"\">: Emelie Bergbohm &amp; Ellika Lindstr\u00f6m \u2013 Bohm Bohm Room<br \/>\nProduction manager: Anne Koutonen<br \/>\nProduction: Malin Hellkvist Sell\u00e9n in co-production with NorrlandsOperan<\/span><\/span><iframe loading=\"lazy\" src=\"https:\/\/www.google.com\/maps\/d\/embed?mid=108NR38to1Huy7eXyUmlz9HFVgjU\" width=\"640\" height=\"480\"><\/iframe><\/p>\n","protected":false},"excerpt":{"rendered":"<p>The Missionary (Mission\u00e4ren) Malin Hellkvist Sell\u00e9n Arbetets museum Laxholmsk\u00e4llaren Tuesday May 23, 13:00-14:05 Tuesday May 23, 17:00-18:05 Wednesday May 24, 12:00-13:05 Wednesday May 24,16:00-17:05 Thursday May 25, 13:00-14:05 Thursday May 25, 17:00-18:05 Friday May 26, 13:00-14:05 Friday May 26, 17:00-18:05 Saturday May 27, 11:00-12:05 Saturday May 27, 15:00-16:05Mission\u00e4ren is about lesbian Christian missionaries in V\u00e4sterbotten, &hellip;<\/p>\n","protected":false},"author":9192198,"featured_media":13845,"parent":0,"menu_order":12,"comment_status":"closed","ping_status":"closed","template":"template-blank-4.php","meta":{"_acf_changed":false,"footnotes":""},"class_list":["post-15940","page","type-page","status-publish","has-post-thumbnail","hentry","post","with-featured-image"],"acf":[],"yoast_head":"<!-- This site is optimized with the Yoast SEO plugin v27.3 - https:\/\/yoast.com\/product\/yoast-seo-wordpress\/ -->\n<title>The Missionary - Scensverige<\/title>\n<meta name=\"robots\" content=\"index, follow, max-snippet:-1, max-image-preview:large, max-video-preview:-1\" \/>\n<link rel=\"canonical\" href=\"https:\/\/scensverige.se\/en\/the-missionary\/\" \/>\n<meta property=\"og:locale\" content=\"en_US\" \/>\n<meta property=\"og:type\" content=\"article\" \/>\n<meta property=\"og:title\" content=\"The Missionary - Scensverige\" \/>\n<meta property=\"og:description\" content=\"The Missionary (Mission\u00e4ren) Malin Hellkvist Sell\u00e9n Arbetets museum Laxholmsk\u00e4llaren Tuesday May 23, 13:00-14:05 Tuesday May 23, 17:00-18:05 Wednesday May 24, 12:00-13:05 Wednesday May 24,16:00-17:05 Thursday May 25, 13:00-14:05 Thursday May 25, 17:00-18:05 Friday May 26, 13:00-14:05 Friday May 26, 17:00-18:05 Saturday May 27, 11:00-12:05 Saturday May 27, 15:00-16:05Mission\u00e4ren is about lesbian Christian missionaries in V\u00e4sterbotten, &hellip;\" \/>\n<meta property=\"og:url\" content=\"https:\/\/scensverige.se\/en\/the-missionary\/\" \/>\n<meta property=\"og:site_name\" content=\"Scensverige\" \/>\n<meta property=\"article:modified_time\" content=\"2017-04-06T12:09:49+00:00\" \/>\n<meta property=\"og:image\" content=\"https:\/\/scensverige.se\/wp-content\/uploads\/2016\/06\/missionaren.jpg\" \/>\n\t<meta property=\"og:image:width\" content=\"1275\" \/>\n\t<meta property=\"og:image:height\" content=\"874\" \/>\n\t<meta property=\"og:image:type\" content=\"image\/jpeg\" \/>\n<meta name=\"twitter:card\" content=\"summary_large_image\" \/>\n<meta name=\"twitter:label1\" content=\"Est. reading time\" \/>\n\t<meta name=\"twitter:data1\" content=\"1 minute\" \/>\n<script type=\"application\/ld+json\" class=\"yoast-schema-graph\">{\"@context\":\"https:\\\/\\\/schema.org\",\"@graph\":[{\"@type\":\"WebPage\",\"@id\":\"https:\\\/\\\/scensverige.se\\\/en\\\/the-missionary\\\/\",\"url\":\"https:\\\/\\\/scensverige.se\\\/en\\\/the-missionary\\\/\",\"name\":\"The Missionary - Scensverige\",\"isPartOf\":{\"@id\":\"https:\\\/\\\/scensverige.se\\\/#website\"},\"primaryImageOfPage\":{\"@id\":\"https:\\\/\\\/scensverige.se\\\/en\\\/the-missionary\\\/#primaryimage\"},\"image\":{\"@id\":\"https:\\\/\\\/scensverige.se\\\/en\\\/the-missionary\\\/#primaryimage\"},\"thumbnailUrl\":\"https:\\\/\\\/scensverige.se\\\/wp-content\\\/uploads\\\/2016\\\/06\\\/missionaren.jpg\",\"datePublished\":\"2017-02-22T11:37:02+00:00\",\"dateModified\":\"2017-04-06T12:09:49+00:00\",\"breadcrumb\":{\"@id\":\"https:\\\/\\\/scensverige.se\\\/en\\\/the-missionary\\\/#breadcrumb\"},\"inLanguage\":\"en-US\",\"potentialAction\":[{\"@type\":\"ReadAction\",\"target\":[\"https:\\\/\\\/scensverige.se\\\/en\\\/the-missionary\\\/\"]}]},{\"@type\":\"ImageObject\",\"inLanguage\":\"en-US\",\"@id\":\"https:\\\/\\\/scensverige.se\\\/en\\\/the-missionary\\\/#primaryimage\",\"url\":\"https:\\\/\\\/scensverige.se\\\/wp-content\\\/uploads\\\/2016\\\/06\\\/missionaren.jpg\",\"contentUrl\":\"https:\\\/\\\/scensverige.se\\\/wp-content\\\/uploads\\\/2016\\\/06\\\/missionaren.jpg\",\"width\":1275,\"height\":874,\"caption\":\"Fotograf: Sofia Runarsdotter\"},{\"@type\":\"BreadcrumbList\",\"@id\":\"https:\\\/\\\/scensverige.se\\\/en\\\/the-missionary\\\/#breadcrumb\",\"itemListElement\":[{\"@type\":\"ListItem\",\"position\":1,\"name\":\"Hem\",\"item\":\"https:\\\/\\\/scensverige.se\\\/en\\\/\"},{\"@type\":\"ListItem\",\"position\":2,\"name\":\"The Missionary\"}]},{\"@type\":\"WebSite\",\"@id\":\"https:\\\/\\\/scensverige.se\\\/#website\",\"url\":\"https:\\\/\\\/scensverige.se\\\/\",\"name\":\"Scensverige\",\"description\":\"M\u00f6tesplats f\u00f6r svensk och internationell scenkonst\",\"publisher\":{\"@id\":\"https:\\\/\\\/scensverige.se\\\/#organization\"},\"potentialAction\":[{\"@type\":\"SearchAction\",\"target\":{\"@type\":\"EntryPoint\",\"urlTemplate\":\"https:\\\/\\\/scensverige.se\\\/?s={search_term_string}\"},\"query-input\":{\"@type\":\"PropertyValueSpecification\",\"valueRequired\":true,\"valueName\":\"search_term_string\"}}],\"inLanguage\":\"en-US\"},{\"@type\":\"Organization\",\"@id\":\"https:\\\/\\\/scensverige.se\\\/#organization\",\"name\":\"Scensverige\",\"url\":\"https:\\\/\\\/scensverige.se\\\/\",\"logo\":{\"@type\":\"ImageObject\",\"inLanguage\":\"en-US\",\"@id\":\"https:\\\/\\\/scensverige.se\\\/#\\\/schema\\\/logo\\\/image\\\/\",\"url\":\"https:\\\/\\\/scensverige.se\\\/wp-content\\\/uploads\\\/2019\\\/01\\\/Scensverige_logotyp_800.png\",\"contentUrl\":\"https:\\\/\\\/scensverige.se\\\/wp-content\\\/uploads\\\/2019\\\/01\\\/Scensverige_logotyp_800.png\",\"width\":800,\"height\":186,\"caption\":\"Scensverige\"},\"image\":{\"@id\":\"https:\\\/\\\/scensverige.se\\\/#\\\/schema\\\/logo\\\/image\\\/\"}}]}<\/script>\n<!-- \/ Yoast SEO plugin. -->","yoast_head_json":{"title":"The Missionary - Scensverige","robots":{"index":"index","follow":"follow","max-snippet":"max-snippet:-1","max-image-preview":"max-image-preview:large","max-video-preview":"max-video-preview:-1"},"canonical":"https:\/\/scensverige.se\/en\/the-missionary\/","og_locale":"en_US","og_type":"article","og_title":"The Missionary - Scensverige","og_description":"The Missionary (Mission\u00e4ren) Malin Hellkvist Sell\u00e9n Arbetets museum Laxholmsk\u00e4llaren Tuesday May 23, 13:00-14:05 Tuesday May 23, 17:00-18:05 Wednesday May 24, 12:00-13:05 Wednesday May 24,16:00-17:05 Thursday May 25, 13:00-14:05 Thursday May 25, 17:00-18:05 Friday May 26, 13:00-14:05 Friday May 26, 17:00-18:05 Saturday May 27, 11:00-12:05 Saturday May 27, 15:00-16:05Mission\u00e4ren is about lesbian Christian missionaries in V\u00e4sterbotten, &hellip;","og_url":"https:\/\/scensverige.se\/en\/the-missionary\/","og_site_name":"Scensverige","article_modified_time":"2017-04-06T12:09:49+00:00","og_image":[{"width":1275,"height":874,"url":"https:\/\/scensverige.se\/wp-content\/uploads\/2016\/06\/missionaren.jpg","type":"image\/jpeg"}],"twitter_card":"summary_large_image","twitter_misc":{"Est. reading time":"1 minute"},"schema":{"@context":"https:\/\/schema.org","@graph":[{"@type":"WebPage","@id":"https:\/\/scensverige.se\/en\/the-missionary\/","url":"https:\/\/scensverige.se\/en\/the-missionary\/","name":"The Missionary - Scensverige","isPartOf":{"@id":"https:\/\/scensverige.se\/#website"},"primaryImageOfPage":{"@id":"https:\/\/scensverige.se\/en\/the-missionary\/#primaryimage"},"image":{"@id":"https:\/\/scensverige.se\/en\/the-missionary\/#primaryimage"},"thumbnailUrl":"https:\/\/scensverige.se\/wp-content\/uploads\/2016\/06\/missionaren.jpg","datePublished":"2017-02-22T11:37:02+00:00","dateModified":"2017-04-06T12:09:49+00:00","breadcrumb":{"@id":"https:\/\/scensverige.se\/en\/the-missionary\/#breadcrumb"},"inLanguage":"en-US","potentialAction":[{"@type":"ReadAction","target":["https:\/\/scensverige.se\/en\/the-missionary\/"]}]},{"@type":"ImageObject","inLanguage":"en-US","@id":"https:\/\/scensverige.se\/en\/the-missionary\/#primaryimage","url":"https:\/\/scensverige.se\/wp-content\/uploads\/2016\/06\/missionaren.jpg","contentUrl":"https:\/\/scensverige.se\/wp-content\/uploads\/2016\/06\/missionaren.jpg","width":1275,"height":874,"caption":"Fotograf: Sofia Runarsdotter"},{"@type":"BreadcrumbList","@id":"https:\/\/scensverige.se\/en\/the-missionary\/#breadcrumb","itemListElement":[{"@type":"ListItem","position":1,"name":"Hem","item":"https:\/\/scensverige.se\/en\/"},{"@type":"ListItem","position":2,"name":"The Missionary"}]},{"@type":"WebSite","@id":"https:\/\/scensverige.se\/#website","url":"https:\/\/scensverige.se\/","name":"Scensverige","description":"M\u00f6tesplats f\u00f6r svensk och internationell scenkonst","publisher":{"@id":"https:\/\/scensverige.se\/#organization"},"potentialAction":[{"@type":"SearchAction","target":{"@type":"EntryPoint","urlTemplate":"https:\/\/scensverige.se\/?s={search_term_string}"},"query-input":{"@type":"PropertyValueSpecification","valueRequired":true,"valueName":"search_term_string"}}],"inLanguage":"en-US"},{"@type":"Organization","@id":"https:\/\/scensverige.se\/#organization","name":"Scensverige","url":"https:\/\/scensverige.se\/","logo":{"@type":"ImageObject","inLanguage":"en-US","@id":"https:\/\/scensverige.se\/#\/schema\/logo\/image\/","url":"https:\/\/scensverige.se\/wp-content\/uploads\/2019\/01\/Scensverige_logotyp_800.png","contentUrl":"https:\/\/scensverige.se\/wp-content\/uploads\/2019\/01\/Scensverige_logotyp_800.png","width":800,"height":186,"caption":"Scensverige"},"image":{"@id":"https:\/\/scensverige.se\/#\/schema\/logo\/image\/"}}]}},"_links":{"self":[{"href":"https:\/\/scensverige.se\/en\/wp-json\/wp\/v2\/pages\/15940","targetHints":{"allow":["GET"]}}],"collection":[{"href":"https:\/\/scensverige.se\/en\/wp-json\/wp\/v2\/pages"}],"about":[{"href":"https:\/\/scensverige.se\/en\/wp-json\/wp\/v2\/types\/page"}],"author":[{"embeddable":true,"href":"https:\/\/scensverige.se\/en\/wp-json\/wp\/v2\/users\/9192198"}],"replies":[{"embeddable":true,"href":"https:\/\/scensverige.se\/en\/wp-json\/wp\/v2\/comments?post=15940"}],"version-history":[{"count":5,"href":"https:\/\/scensverige.se\/en\/wp-json\/wp\/v2\/pages\/15940\/revisions"}],"predecessor-version":[{"id":17468,"href":"https:\/\/scensverige.se\/en\/wp-json\/wp\/v2\/pages\/15940\/revisions\/17468"}],"wp:featuredmedia":[{"embeddable":true,"href":"https:\/\/scensverige.se\/en\/wp-json\/wp\/v2\/media\/13845"}],"wp:attachment":[{"href":"https:\/\/scensverige.se\/en\/wp-json\/wp\/v2\/media?parent=15940"}],"curies":[{"name":"wp","href":"https:\/\/api.w.org\/{rel}","templated":true}]}}