{"id":15965,"date":"2017-02-22T13:32:27","date_gmt":"2017-02-22T12:32:27","guid":{"rendered":"https:\/\/scensverige.se\/?page_id=15965\/"},"modified":"2017-04-18T09:36:34","modified_gmt":"2017-04-18T07:36:34","slug":"wuthering-heights","status":"publish","type":"page","link":"https:\/\/scensverige.se\/en\/wuthering-heights\/","title":{"rendered":"Wuthering Heights"},"content":{"rendered":"<h2>Wuthering Heights (Svindlande H\u00f6jder)<\/h2>\n<p>moment:teater<strong>Dynamo<br \/>\n<\/strong>Tuesday May 23, 13:00-13:15<br \/>\nTuesday May 23, 13:30-13:45<br \/>\nTuesday May 23, 14:00-14:15<br \/>\nTuesday May 23, 14:30-14:45<br \/>\nTuesday May 23, 16:00-16:15<br \/>\nTuesday May 23, 16:30-16:45<br \/>\nTuesday May 23, 17:00-17:15<br \/>\nTuesday May 23, 17:30-17:45<br \/>\nWednesday May 24, 13:00-13:15<br \/>\nWednesday May 24, 13:30-13:45<br \/>\nWednesday May 24, 14:00-14:15<br \/>\nWednesday May 24, 14:30-14:45<br \/>\nWednesday May 24, 16:00-16:15<br \/>\nWednesday May 24, 16:30-16:45<br \/>\nWednesday May 24, 17:00-17:15<br \/>\nWednesday May 24, 17:30-17:45<br \/>\nThursday May 25, 13:00-13:15<br \/>\nThursday May 25, 13:30-13:45<br \/>\nThursday May 25, 14:00-14:15<br \/>\nThursday May 25, 14:30-14:45<br \/>\nThursday May 25, 16:00-16:15<br \/>\nThursday May 25, 16:30-16:45<br \/>\nThursday May 25, 17:00-17:15<br \/>\nThursday May 25, 17:30-17:45<br \/>\nSaturday May 27, 13:00-13:15<br \/>\nSaturday May 27, 13:30-13:45<br \/>\nSaturday May 27, 14:00-14:15<br \/>\nSaturday May 27, 14:30-14:45<br \/>\nSaturday May 27, 16:00-16:15<br \/>\nSaturday May 27, 16:30-16:45<br \/>\nSaturday May 27, 17:00-17:15<br \/>\nSaturday May 27, 17:30-17:45<br \/>\nSunday May 28, 11:00-11:15<br \/>\nSunday May 28, 11:30-11:45<br \/>\nSunday May 28, 12:00-12:15<br \/>\nSunday May 28, 12:30-12:45<br \/>\nSunday May 28, 14:00-14:15<br \/>\nSunday May 28, 14:30-14:45<br \/>\nSunday May 28,\u00a015:00-15:15<br \/>\nSunday May 28, 15:30-15:45The very title of this play contradicts and resists the short format of the performance. With a running time of only 12 minutes and a maximum audience of just 4 people, <em>Svindlande h\u00f6jder<\/em> shows how, sometimes, small is best. Almost 200 years after the book was written, this story continues to fascinate.<img decoding=\"async\" src=\"https:\/\/scensverige.se\/wp-content\/uploads\/2016\/11\/Svindlande-hojder-webb.jpeg\" \/><\/p>\n<p style=\"text-align: right;\">Photo: Anna Fyrsten<\/p>\n<p>Original text: Emily Bront\u00eb<br \/>\nIdea, concept and script: \u00c5sa Berglund Cowburn<br \/>\nCostume design: Kim Halle<br \/>\nStage design: \u00c5sa Berglund Cowburn<br \/>\nMusic: Kate Bush and Simon Steensland<br \/>\nProducer: Daniel Szpigler<br \/>\nCast: Lotta \u00d6stlin Stensh\u00e4ll and Sofia R\u00f6nneg\u00e5rd<br \/>\n<iframe loading=\"lazy\" src=\"https:\/\/www.google.com\/maps\/d\/embed?mid=108NR38to1Huy7eXyUmlz9HFVgjU\" width=\"640\" height=\"480\"><\/iframe><\/p>\n","protected":false},"excerpt":{"rendered":"<p>Wuthering Heights (Svindlande H\u00f6jder) moment:teaterDynamo Tuesday May 23, 13:00-13:15 Tuesday May 23, 13:30-13:45 Tuesday May 23, 14:00-14:15 Tuesday May 23, 14:30-14:45 Tuesday May 23, 16:00-16:15 Tuesday May 23, 16:30-16:45 Tuesday May 23, 17:00-17:15 Tuesday May 23, 17:30-17:45 Wednesday May 24, 13:00-13:15 Wednesday May 24, 13:30-13:45 Wednesday May 24, 14:00-14:15 Wednesday May 24, 14:30-14:45 Wednesday May &hellip;<\/p>\n","protected":false},"author":9192198,"featured_media":14972,"parent":0,"menu_order":16,"comment_status":"closed","ping_status":"closed","template":"template-blank-4.php","meta":{"_acf_changed":false,"footnotes":""},"class_list":["post-15965","page","type-page","status-publish","has-post-thumbnail","hentry","post","with-featured-image"],"acf":[],"yoast_head":"<!-- This site is optimized with the Yoast SEO plugin v27.1 - https:\/\/yoast.com\/product\/yoast-seo-wordpress\/ -->\n<title>Wuthering Heights - Scensverige<\/title>\n<meta name=\"robots\" content=\"index, follow, max-snippet:-1, max-image-preview:large, max-video-preview:-1\" \/>\n<link rel=\"canonical\" href=\"https:\/\/scensverige.se\/en\/wuthering-heights\/\" \/>\n<meta property=\"og:locale\" content=\"en_US\" \/>\n<meta property=\"og:type\" content=\"article\" \/>\n<meta property=\"og:title\" content=\"Wuthering Heights - Scensverige\" \/>\n<meta property=\"og:description\" content=\"Wuthering Heights (Svindlande H\u00f6jder) moment:teaterDynamo Tuesday May 23, 13:00-13:15 Tuesday May 23, 13:30-13:45 Tuesday May 23, 14:00-14:15 Tuesday May 23, 14:30-14:45 Tuesday May 23, 16:00-16:15 Tuesday May 23, 16:30-16:45 Tuesday May 23, 17:00-17:15 Tuesday May 23, 17:30-17:45 Wednesday May 24, 13:00-13:15 Wednesday May 24, 13:30-13:45 Wednesday May 24, 14:00-14:15 Wednesday May 24, 14:30-14:45 Wednesday May &hellip;\" \/>\n<meta property=\"og:url\" content=\"https:\/\/scensverige.se\/en\/wuthering-heights\/\" \/>\n<meta property=\"og:site_name\" content=\"Scensverige\" \/>\n<meta property=\"article:modified_time\" content=\"2017-04-18T07:36:34+00:00\" \/>\n<meta property=\"og:image\" content=\"https:\/\/scensverige.se\/wp-content\/uploads\/2016\/11\/Svindlande-hojder-webb.jpeg\" \/>\n\t<meta property=\"og:image:width\" content=\"900\" \/>\n\t<meta property=\"og:image:height\" content=\"648\" \/>\n\t<meta property=\"og:image:type\" content=\"image\/jpeg\" \/>\n<meta name=\"twitter:card\" content=\"summary_large_image\" \/>\n<meta name=\"twitter:label1\" content=\"Est. reading time\" \/>\n\t<meta name=\"twitter:data1\" content=\"1 minute\" \/>\n<script type=\"application\/ld+json\" class=\"yoast-schema-graph\">{\"@context\":\"https:\/\/schema.org\",\"@graph\":[{\"@type\":\"WebPage\",\"@id\":\"https:\/\/scensverige.se\/en\/wuthering-heights\/\",\"url\":\"https:\/\/scensverige.se\/en\/wuthering-heights\/\",\"name\":\"Wuthering Heights - Scensverige\",\"isPartOf\":{\"@id\":\"https:\/\/scensverige.se\/#website\"},\"primaryImageOfPage\":{\"@id\":\"https:\/\/scensverige.se\/en\/wuthering-heights\/#primaryimage\"},\"image\":{\"@id\":\"https:\/\/scensverige.se\/en\/wuthering-heights\/#primaryimage\"},\"thumbnailUrl\":\"https:\/\/scensverige.se\/wp-content\/uploads\/2016\/11\/Svindlande-hojder-webb.jpeg\",\"datePublished\":\"2017-02-22T12:32:27+00:00\",\"dateModified\":\"2017-04-18T07:36:34+00:00\",\"breadcrumb\":{\"@id\":\"https:\/\/scensverige.se\/en\/wuthering-heights\/#breadcrumb\"},\"inLanguage\":\"en-US\",\"potentialAction\":[{\"@type\":\"ReadAction\",\"target\":[\"https:\/\/scensverige.se\/en\/wuthering-heights\/\"]}]},{\"@type\":\"ImageObject\",\"inLanguage\":\"en-US\",\"@id\":\"https:\/\/scensverige.se\/en\/wuthering-heights\/#primaryimage\",\"url\":\"https:\/\/scensverige.se\/wp-content\/uploads\/2016\/11\/Svindlande-hojder-webb.jpeg\",\"contentUrl\":\"https:\/\/scensverige.se\/wp-content\/uploads\/2016\/11\/Svindlande-hojder-webb.jpeg\",\"width\":900,\"height\":648},{\"@type\":\"BreadcrumbList\",\"@id\":\"https:\/\/scensverige.se\/en\/wuthering-heights\/#breadcrumb\",\"itemListElement\":[{\"@type\":\"ListItem\",\"position\":1,\"name\":\"Hem\",\"item\":\"https:\/\/scensverige.se\/en\/\"},{\"@type\":\"ListItem\",\"position\":2,\"name\":\"Wuthering Heights\"}]},{\"@type\":\"WebSite\",\"@id\":\"https:\/\/scensverige.se\/#website\",\"url\":\"https:\/\/scensverige.se\/\",\"name\":\"Scensverige\",\"description\":\"M\u00f6tesplats f\u00f6r svensk och internationell scenkonst\",\"publisher\":{\"@id\":\"https:\/\/scensverige.se\/#organization\"},\"potentialAction\":[{\"@type\":\"SearchAction\",\"target\":{\"@type\":\"EntryPoint\",\"urlTemplate\":\"https:\/\/scensverige.se\/?s={search_term_string}\"},\"query-input\":{\"@type\":\"PropertyValueSpecification\",\"valueRequired\":true,\"valueName\":\"search_term_string\"}}],\"inLanguage\":\"en-US\"},{\"@type\":\"Organization\",\"@id\":\"https:\/\/scensverige.se\/#organization\",\"name\":\"Scensverige\",\"url\":\"https:\/\/scensverige.se\/\",\"logo\":{\"@type\":\"ImageObject\",\"inLanguage\":\"en-US\",\"@id\":\"https:\/\/scensverige.se\/#\/schema\/logo\/image\/\",\"url\":\"https:\/\/scensverige.se\/wp-content\/uploads\/2019\/01\/Scensverige_logotyp_800.png\",\"contentUrl\":\"https:\/\/scensverige.se\/wp-content\/uploads\/2019\/01\/Scensverige_logotyp_800.png\",\"width\":800,\"height\":186,\"caption\":\"Scensverige\"},\"image\":{\"@id\":\"https:\/\/scensverige.se\/#\/schema\/logo\/image\/\"}}]}<\/script>\n<!-- \/ Yoast SEO plugin. -->","yoast_head_json":{"title":"Wuthering Heights - Scensverige","robots":{"index":"index","follow":"follow","max-snippet":"max-snippet:-1","max-image-preview":"max-image-preview:large","max-video-preview":"max-video-preview:-1"},"canonical":"https:\/\/scensverige.se\/en\/wuthering-heights\/","og_locale":"en_US","og_type":"article","og_title":"Wuthering Heights - Scensverige","og_description":"Wuthering Heights (Svindlande H\u00f6jder) moment:teaterDynamo Tuesday May 23, 13:00-13:15 Tuesday May 23, 13:30-13:45 Tuesday May 23, 14:00-14:15 Tuesday May 23, 14:30-14:45 Tuesday May 23, 16:00-16:15 Tuesday May 23, 16:30-16:45 Tuesday May 23, 17:00-17:15 Tuesday May 23, 17:30-17:45 Wednesday May 24, 13:00-13:15 Wednesday May 24, 13:30-13:45 Wednesday May 24, 14:00-14:15 Wednesday May 24, 14:30-14:45 Wednesday May &hellip;","og_url":"https:\/\/scensverige.se\/en\/wuthering-heights\/","og_site_name":"Scensverige","article_modified_time":"2017-04-18T07:36:34+00:00","og_image":[{"width":900,"height":648,"url":"https:\/\/scensverige.se\/wp-content\/uploads\/2016\/11\/Svindlande-hojder-webb.jpeg","type":"image\/jpeg"}],"twitter_card":"summary_large_image","twitter_misc":{"Est. reading time":"1 minute"},"schema":{"@context":"https:\/\/schema.org","@graph":[{"@type":"WebPage","@id":"https:\/\/scensverige.se\/en\/wuthering-heights\/","url":"https:\/\/scensverige.se\/en\/wuthering-heights\/","name":"Wuthering Heights - Scensverige","isPartOf":{"@id":"https:\/\/scensverige.se\/#website"},"primaryImageOfPage":{"@id":"https:\/\/scensverige.se\/en\/wuthering-heights\/#primaryimage"},"image":{"@id":"https:\/\/scensverige.se\/en\/wuthering-heights\/#primaryimage"},"thumbnailUrl":"https:\/\/scensverige.se\/wp-content\/uploads\/2016\/11\/Svindlande-hojder-webb.jpeg","datePublished":"2017-02-22T12:32:27+00:00","dateModified":"2017-04-18T07:36:34+00:00","breadcrumb":{"@id":"https:\/\/scensverige.se\/en\/wuthering-heights\/#breadcrumb"},"inLanguage":"en-US","potentialAction":[{"@type":"ReadAction","target":["https:\/\/scensverige.se\/en\/wuthering-heights\/"]}]},{"@type":"ImageObject","inLanguage":"en-US","@id":"https:\/\/scensverige.se\/en\/wuthering-heights\/#primaryimage","url":"https:\/\/scensverige.se\/wp-content\/uploads\/2016\/11\/Svindlande-hojder-webb.jpeg","contentUrl":"https:\/\/scensverige.se\/wp-content\/uploads\/2016\/11\/Svindlande-hojder-webb.jpeg","width":900,"height":648},{"@type":"BreadcrumbList","@id":"https:\/\/scensverige.se\/en\/wuthering-heights\/#breadcrumb","itemListElement":[{"@type":"ListItem","position":1,"name":"Hem","item":"https:\/\/scensverige.se\/en\/"},{"@type":"ListItem","position":2,"name":"Wuthering Heights"}]},{"@type":"WebSite","@id":"https:\/\/scensverige.se\/#website","url":"https:\/\/scensverige.se\/","name":"Scensverige","description":"M\u00f6tesplats f\u00f6r svensk och internationell scenkonst","publisher":{"@id":"https:\/\/scensverige.se\/#organization"},"potentialAction":[{"@type":"SearchAction","target":{"@type":"EntryPoint","urlTemplate":"https:\/\/scensverige.se\/?s={search_term_string}"},"query-input":{"@type":"PropertyValueSpecification","valueRequired":true,"valueName":"search_term_string"}}],"inLanguage":"en-US"},{"@type":"Organization","@id":"https:\/\/scensverige.se\/#organization","name":"Scensverige","url":"https:\/\/scensverige.se\/","logo":{"@type":"ImageObject","inLanguage":"en-US","@id":"https:\/\/scensverige.se\/#\/schema\/logo\/image\/","url":"https:\/\/scensverige.se\/wp-content\/uploads\/2019\/01\/Scensverige_logotyp_800.png","contentUrl":"https:\/\/scensverige.se\/wp-content\/uploads\/2019\/01\/Scensverige_logotyp_800.png","width":800,"height":186,"caption":"Scensverige"},"image":{"@id":"https:\/\/scensverige.se\/#\/schema\/logo\/image\/"}}]}},"_links":{"self":[{"href":"https:\/\/scensverige.se\/en\/wp-json\/wp\/v2\/pages\/15965","targetHints":{"allow":["GET"]}}],"collection":[{"href":"https:\/\/scensverige.se\/en\/wp-json\/wp\/v2\/pages"}],"about":[{"href":"https:\/\/scensverige.se\/en\/wp-json\/wp\/v2\/types\/page"}],"author":[{"embeddable":true,"href":"https:\/\/scensverige.se\/en\/wp-json\/wp\/v2\/users\/9192198"}],"replies":[{"embeddable":true,"href":"https:\/\/scensverige.se\/en\/wp-json\/wp\/v2\/comments?post=15965"}],"version-history":[{"count":5,"href":"https:\/\/scensverige.se\/en\/wp-json\/wp\/v2\/pages\/15965\/revisions"}],"predecessor-version":[{"id":17539,"href":"https:\/\/scensverige.se\/en\/wp-json\/wp\/v2\/pages\/15965\/revisions\/17539"}],"wp:featuredmedia":[{"embeddable":true,"href":"https:\/\/scensverige.se\/en\/wp-json\/wp\/v2\/media\/14972"}],"wp:attachment":[{"href":"https:\/\/scensverige.se\/en\/wp-json\/wp\/v2\/media?parent=15965"}],"curies":[{"name":"wp","href":"https:\/\/api.w.org\/{rel}","templated":true}]}}