{"id":17007,"date":"2017-03-21T10:09:47","date_gmt":"2017-03-21T09:09:47","guid":{"rendered":"https:\/\/scensverige.se\/?page_id=17007\/"},"modified":"2017-03-21T10:14:11","modified_gmt":"2017-03-21T09:14:11","slug":"rethinking-the-game-alternative-funding-in-the-arts","status":"publish","type":"page","link":"https:\/\/scensverige.se\/en\/rethinking-the-game-alternative-funding-in-the-arts\/","title":{"rendered":"Rethinking the game &#8211; alternative funding in the arts"},"content":{"rendered":"<h2>Rethinking the game \u2013 alternative funding in the arts<\/h2>\n<p>Workshop arranged by SITE and Nordic Circle of Artistic Management<strong>\u00d6stg\u00f6tateaterns kansli<\/strong><br \/>\n<strong> Slottsgatan 135, repsal v\u00e5n 4<\/strong><br \/>\nFriday May 26, 10:00-11:45<br \/>\nFriday May 26, 13:00-14:45How do you engage your audience in production and in financing? Your time, competence and resources are investments that go together and are closely linked to your increased possibilities of reaching out to new and existing devotees and enthusiasts. Are you aware of how much more you can give and get?<\/p>\n<p>Workshop leader is Max Valentin from Fabel \u2013 expert in helping organizations and groups to reach and engage their audiences by designing and producing solutions for constructive participation.With:<br \/>\nMax Valentin<br \/>\n<iframe loading=\"lazy\" src=\"https:\/\/www.google.com\/maps\/d\/embed?mid=108NR38to1Huy7eXyUmlz9HFVgjU\" width=\"640\" height=\"480\"><\/iframe><\/p>\n","protected":false},"excerpt":{"rendered":"<p>Rethinking the game \u2013 alternative funding in the arts Workshop arranged by SITE and Nordic Circle of Artistic Management\u00d6stg\u00f6tateaterns kansli Slottsgatan 135, repsal v\u00e5n 4 Friday May 26, 10:00-11:45 Friday May 26, 13:00-14:45How do you engage your audience in production and in financing? Your time, competence and resources are investments that go together and are &hellip;<\/p>\n","protected":false},"author":9192198,"featured_media":16246,"parent":0,"menu_order":0,"comment_status":"closed","ping_status":"closed","template":"template-blank-4.php","meta":{"_acf_changed":false,"footnotes":""},"class_list":["post-17007","page","type-page","status-publish","has-post-thumbnail","hentry","post","with-featured-image"],"acf":[],"yoast_head":"<!-- This site is optimized with the Yoast SEO plugin v27.3 - https:\/\/yoast.com\/product\/yoast-seo-wordpress\/ -->\n<title>Rethinking the game - alternative funding in the arts - Scensverige<\/title>\n<meta name=\"robots\" content=\"index, follow, max-snippet:-1, max-image-preview:large, max-video-preview:-1\" \/>\n<link rel=\"canonical\" href=\"https:\/\/scensverige.se\/en\/rethinking-the-game-alternative-funding-in-the-arts\/\" \/>\n<meta property=\"og:locale\" content=\"en_US\" \/>\n<meta property=\"og:type\" content=\"article\" \/>\n<meta property=\"og:title\" content=\"Rethinking the game - alternative funding in the arts - Scensverige\" \/>\n<meta property=\"og:description\" content=\"Rethinking the game \u2013 alternative funding in the arts Workshop arranged by SITE and Nordic Circle of Artistic Management\u00d6stg\u00f6tateaterns kansli Slottsgatan 135, repsal v\u00e5n 4 Friday May 26, 10:00-11:45 Friday May 26, 13:00-14:45How do you engage your audience in production and in financing? Your time, competence and resources are investments that go together and are &hellip;\" \/>\n<meta property=\"og:url\" content=\"https:\/\/scensverige.se\/en\/rethinking-the-game-alternative-funding-in-the-arts\/\" \/>\n<meta property=\"og:site_name\" content=\"Scensverige\" \/>\n<meta property=\"article:modified_time\" content=\"2017-03-21T09:14:11+00:00\" \/>\n<meta property=\"og:image\" content=\"https:\/\/scensverige.se\/wp-content\/uploads\/2017\/02\/sem6.jpg\" \/>\n\t<meta property=\"og:image:width\" content=\"253\" \/>\n\t<meta property=\"og:image:height\" content=\"190\" \/>\n\t<meta property=\"og:image:type\" content=\"image\/jpeg\" \/>\n<meta name=\"twitter:card\" content=\"summary_large_image\" \/>\n<meta name=\"twitter:label1\" content=\"Est. reading time\" \/>\n\t<meta name=\"twitter:data1\" content=\"1 minute\" \/>\n<script type=\"application\/ld+json\" class=\"yoast-schema-graph\">{\"@context\":\"https:\\\/\\\/schema.org\",\"@graph\":[{\"@type\":\"WebPage\",\"@id\":\"https:\\\/\\\/scensverige.se\\\/en\\\/rethinking-the-game-alternative-funding-in-the-arts\\\/\",\"url\":\"https:\\\/\\\/scensverige.se\\\/en\\\/rethinking-the-game-alternative-funding-in-the-arts\\\/\",\"name\":\"Rethinking the game - alternative funding in the arts - Scensverige\",\"isPartOf\":{\"@id\":\"https:\\\/\\\/scensverige.se\\\/#website\"},\"primaryImageOfPage\":{\"@id\":\"https:\\\/\\\/scensverige.se\\\/en\\\/rethinking-the-game-alternative-funding-in-the-arts\\\/#primaryimage\"},\"image\":{\"@id\":\"https:\\\/\\\/scensverige.se\\\/en\\\/rethinking-the-game-alternative-funding-in-the-arts\\\/#primaryimage\"},\"thumbnailUrl\":\"https:\\\/\\\/scensverige.se\\\/wp-content\\\/uploads\\\/2017\\\/02\\\/sem6.jpg\",\"datePublished\":\"2017-03-21T09:09:47+00:00\",\"dateModified\":\"2017-03-21T09:14:11+00:00\",\"breadcrumb\":{\"@id\":\"https:\\\/\\\/scensverige.se\\\/en\\\/rethinking-the-game-alternative-funding-in-the-arts\\\/#breadcrumb\"},\"inLanguage\":\"en-US\",\"potentialAction\":[{\"@type\":\"ReadAction\",\"target\":[\"https:\\\/\\\/scensverige.se\\\/en\\\/rethinking-the-game-alternative-funding-in-the-arts\\\/\"]}]},{\"@type\":\"ImageObject\",\"inLanguage\":\"en-US\",\"@id\":\"https:\\\/\\\/scensverige.se\\\/en\\\/rethinking-the-game-alternative-funding-in-the-arts\\\/#primaryimage\",\"url\":\"https:\\\/\\\/scensverige.se\\\/wp-content\\\/uploads\\\/2017\\\/02\\\/sem6.jpg\",\"contentUrl\":\"https:\\\/\\\/scensverige.se\\\/wp-content\\\/uploads\\\/2017\\\/02\\\/sem6.jpg\",\"width\":253,\"height\":190},{\"@type\":\"BreadcrumbList\",\"@id\":\"https:\\\/\\\/scensverige.se\\\/en\\\/rethinking-the-game-alternative-funding-in-the-arts\\\/#breadcrumb\",\"itemListElement\":[{\"@type\":\"ListItem\",\"position\":1,\"name\":\"Hem\",\"item\":\"https:\\\/\\\/scensverige.se\\\/en\\\/\"},{\"@type\":\"ListItem\",\"position\":2,\"name\":\"Rethinking the game &#8211; alternative funding in the arts\"}]},{\"@type\":\"WebSite\",\"@id\":\"https:\\\/\\\/scensverige.se\\\/#website\",\"url\":\"https:\\\/\\\/scensverige.se\\\/\",\"name\":\"Scensverige\",\"description\":\"M\u00f6tesplats f\u00f6r svensk och internationell scenkonst\",\"publisher\":{\"@id\":\"https:\\\/\\\/scensverige.se\\\/#organization\"},\"potentialAction\":[{\"@type\":\"SearchAction\",\"target\":{\"@type\":\"EntryPoint\",\"urlTemplate\":\"https:\\\/\\\/scensverige.se\\\/?s={search_term_string}\"},\"query-input\":{\"@type\":\"PropertyValueSpecification\",\"valueRequired\":true,\"valueName\":\"search_term_string\"}}],\"inLanguage\":\"en-US\"},{\"@type\":\"Organization\",\"@id\":\"https:\\\/\\\/scensverige.se\\\/#organization\",\"name\":\"Scensverige\",\"url\":\"https:\\\/\\\/scensverige.se\\\/\",\"logo\":{\"@type\":\"ImageObject\",\"inLanguage\":\"en-US\",\"@id\":\"https:\\\/\\\/scensverige.se\\\/#\\\/schema\\\/logo\\\/image\\\/\",\"url\":\"https:\\\/\\\/scensverige.se\\\/wp-content\\\/uploads\\\/2019\\\/01\\\/Scensverige_logotyp_800.png\",\"contentUrl\":\"https:\\\/\\\/scensverige.se\\\/wp-content\\\/uploads\\\/2019\\\/01\\\/Scensverige_logotyp_800.png\",\"width\":800,\"height\":186,\"caption\":\"Scensverige\"},\"image\":{\"@id\":\"https:\\\/\\\/scensverige.se\\\/#\\\/schema\\\/logo\\\/image\\\/\"}}]}<\/script>\n<!-- \/ Yoast SEO plugin. -->","yoast_head_json":{"title":"Rethinking the game - alternative funding in the arts - Scensverige","robots":{"index":"index","follow":"follow","max-snippet":"max-snippet:-1","max-image-preview":"max-image-preview:large","max-video-preview":"max-video-preview:-1"},"canonical":"https:\/\/scensverige.se\/en\/rethinking-the-game-alternative-funding-in-the-arts\/","og_locale":"en_US","og_type":"article","og_title":"Rethinking the game - alternative funding in the arts - Scensverige","og_description":"Rethinking the game \u2013 alternative funding in the arts Workshop arranged by SITE and Nordic Circle of Artistic Management\u00d6stg\u00f6tateaterns kansli Slottsgatan 135, repsal v\u00e5n 4 Friday May 26, 10:00-11:45 Friday May 26, 13:00-14:45How do you engage your audience in production and in financing? Your time, competence and resources are investments that go together and are &hellip;","og_url":"https:\/\/scensverige.se\/en\/rethinking-the-game-alternative-funding-in-the-arts\/","og_site_name":"Scensverige","article_modified_time":"2017-03-21T09:14:11+00:00","og_image":[{"width":253,"height":190,"url":"https:\/\/scensverige.se\/wp-content\/uploads\/2017\/02\/sem6.jpg","type":"image\/jpeg"}],"twitter_card":"summary_large_image","twitter_misc":{"Est. reading time":"1 minute"},"schema":{"@context":"https:\/\/schema.org","@graph":[{"@type":"WebPage","@id":"https:\/\/scensverige.se\/en\/rethinking-the-game-alternative-funding-in-the-arts\/","url":"https:\/\/scensverige.se\/en\/rethinking-the-game-alternative-funding-in-the-arts\/","name":"Rethinking the game - alternative funding in the arts - Scensverige","isPartOf":{"@id":"https:\/\/scensverige.se\/#website"},"primaryImageOfPage":{"@id":"https:\/\/scensverige.se\/en\/rethinking-the-game-alternative-funding-in-the-arts\/#primaryimage"},"image":{"@id":"https:\/\/scensverige.se\/en\/rethinking-the-game-alternative-funding-in-the-arts\/#primaryimage"},"thumbnailUrl":"https:\/\/scensverige.se\/wp-content\/uploads\/2017\/02\/sem6.jpg","datePublished":"2017-03-21T09:09:47+00:00","dateModified":"2017-03-21T09:14:11+00:00","breadcrumb":{"@id":"https:\/\/scensverige.se\/en\/rethinking-the-game-alternative-funding-in-the-arts\/#breadcrumb"},"inLanguage":"en-US","potentialAction":[{"@type":"ReadAction","target":["https:\/\/scensverige.se\/en\/rethinking-the-game-alternative-funding-in-the-arts\/"]}]},{"@type":"ImageObject","inLanguage":"en-US","@id":"https:\/\/scensverige.se\/en\/rethinking-the-game-alternative-funding-in-the-arts\/#primaryimage","url":"https:\/\/scensverige.se\/wp-content\/uploads\/2017\/02\/sem6.jpg","contentUrl":"https:\/\/scensverige.se\/wp-content\/uploads\/2017\/02\/sem6.jpg","width":253,"height":190},{"@type":"BreadcrumbList","@id":"https:\/\/scensverige.se\/en\/rethinking-the-game-alternative-funding-in-the-arts\/#breadcrumb","itemListElement":[{"@type":"ListItem","position":1,"name":"Hem","item":"https:\/\/scensverige.se\/en\/"},{"@type":"ListItem","position":2,"name":"Rethinking the game &#8211; alternative funding in the arts"}]},{"@type":"WebSite","@id":"https:\/\/scensverige.se\/#website","url":"https:\/\/scensverige.se\/","name":"Scensverige","description":"M\u00f6tesplats f\u00f6r svensk och internationell scenkonst","publisher":{"@id":"https:\/\/scensverige.se\/#organization"},"potentialAction":[{"@type":"SearchAction","target":{"@type":"EntryPoint","urlTemplate":"https:\/\/scensverige.se\/?s={search_term_string}"},"query-input":{"@type":"PropertyValueSpecification","valueRequired":true,"valueName":"search_term_string"}}],"inLanguage":"en-US"},{"@type":"Organization","@id":"https:\/\/scensverige.se\/#organization","name":"Scensverige","url":"https:\/\/scensverige.se\/","logo":{"@type":"ImageObject","inLanguage":"en-US","@id":"https:\/\/scensverige.se\/#\/schema\/logo\/image\/","url":"https:\/\/scensverige.se\/wp-content\/uploads\/2019\/01\/Scensverige_logotyp_800.png","contentUrl":"https:\/\/scensverige.se\/wp-content\/uploads\/2019\/01\/Scensverige_logotyp_800.png","width":800,"height":186,"caption":"Scensverige"},"image":{"@id":"https:\/\/scensverige.se\/#\/schema\/logo\/image\/"}}]}},"_links":{"self":[{"href":"https:\/\/scensverige.se\/en\/wp-json\/wp\/v2\/pages\/17007","targetHints":{"allow":["GET"]}}],"collection":[{"href":"https:\/\/scensverige.se\/en\/wp-json\/wp\/v2\/pages"}],"about":[{"href":"https:\/\/scensverige.se\/en\/wp-json\/wp\/v2\/types\/page"}],"author":[{"embeddable":true,"href":"https:\/\/scensverige.se\/en\/wp-json\/wp\/v2\/users\/9192198"}],"replies":[{"embeddable":true,"href":"https:\/\/scensverige.se\/en\/wp-json\/wp\/v2\/comments?post=17007"}],"version-history":[{"count":3,"href":"https:\/\/scensverige.se\/en\/wp-json\/wp\/v2\/pages\/17007\/revisions"}],"predecessor-version":[{"id":17012,"href":"https:\/\/scensverige.se\/en\/wp-json\/wp\/v2\/pages\/17007\/revisions\/17012"}],"wp:featuredmedia":[{"embeddable":true,"href":"https:\/\/scensverige.se\/en\/wp-json\/wp\/v2\/media\/16246"}],"wp:attachment":[{"href":"https:\/\/scensverige.se\/en\/wp-json\/wp\/v2\/media?parent=17007"}],"curies":[{"name":"wp","href":"https:\/\/api.w.org\/{rel}","templated":true}]}}