{"id":17214,"date":"2017-03-24T08:36:17","date_gmt":"2017-03-24T07:36:17","guid":{"rendered":"https:\/\/scensverige.se\/?page_id=17214\/"},"modified":"2017-05-02T12:30:03","modified_gmt":"2017-05-02T10:30:03","slug":"crisis-meeting","status":"publish","type":"page","link":"https:\/\/scensverige.se\/en\/crisis-meeting\/","title":{"rendered":"Crisis Meeting"},"content":{"rendered":"<h2>Crisis Meeting<\/h2>\n<p>Kri\u00f0pleir Theatre Group<strong>Louis De Geer Konsert &amp; Kongress<br \/>\nHemerycksalen<br \/>\n<\/strong>Onsdag 24 maj kl. 12:00-13:20<br \/>\nOnsdag 24 maj kl. 20:00-21:20<\/p>\n<div class=\"trans-verified-button-small\" dir=\"ltr\">\n<div class=\"trans-verified-button-small\" dir=\"ltr\"><span id=\"result_box\" class=\"\" lang=\"sv\"><span class=\"\">Kri\u00f0pleir Theatre Group<\/span><\/span> \u00e4r mitt i arbetet med att skriva en stor ans\u00f6kan och deadlinen n\u00e4rmar sig, d\u00e5 dessa stora fans av transparens och \u00f6ppenhet beslutar sig att l\u00e5ta publiken f\u00f6lja med p\u00e5 gruppens arbetsmetoder och inre dynamik.<\/div>\n<div class=\"trans-verified-button-small\" dir=\"ltr\"><\/div>\n<div class=\"trans-verified-button-small\" dir=\"ltr\"><em>Crisis Meeting<\/em><span id=\"result_box\" class=\"\" lang=\"sv\"> \u00e4r en introduktion <span class=\"\">till det isl\u00e4ndska kompaniet <\/span><span class=\"\">Kri\u00f0pleirs m\u00e4rkliga v\u00e4rld. F\u00f6rest\u00e4llningen pendlar mellan anarki, sitcom och Beckett, d\u00e5 Kri\u00f0pleir Theatre Group tar p\u00e5 sig olika, och ibland helt ohanterliga, projekt drivna av medlemmarnas desperata l\u00e4ngtan f\u00f6r sanning, social acceptans och respekt.<\/span><\/span><\/div>\n<\/div>\n<div class=\"trans-verified-button-small\" dir=\"ltr\">\u00a0<span id=\"result_box\" class=\"\" lang=\"sv\"><\/span><span id=\"result_box\" class=\"\" lang=\"sv\"><\/span><\/div>\n<div class=\"trans-verified-button-small\" dir=\"ltr\"><span id=\"result_box\" class=\"\" lang=\"sv\"><span class=\"\">F\u00f6rest\u00e4llningen \u00e4r ett <\/span><\/span><span class=\"\" lang=\"sv\"><span class=\"\" lang=\"sv\">gyllene tillf\u00e4lle <\/span><\/span>f\u00f6r konstentusiaster och yrkesverksamma att, p\u00e5 samma niv\u00e5 som artisterna, f\u00e5 se dem i arbete och begrunda scenkonstens mystik.<\/div>\n<div class=\"trans-verified-button-small\" dir=\"ltr\"><span style=\"color: #ffffff;\">.<\/span><\/div>\n<div class=\"trans-verified-button-small\" dir=\"ltr\"><em>&#8220;In what seems on the surface to be a simple sharing of ideas and information, <\/em>Crisis Meeting <em>adeptly blurs the lines between fact and fiction, interrogates its genre and leaves the audience with myriad questions and the beginnings of answers.&#8221;<\/em> &#8211; Saoirse Anton for\u00a0<a href=\"http:\/\/www.thereviewshub.com\/dublin-theatre-festival-crisis-meeting-project-arts-centre-dublin\/\" data-cke-saved-href=\"http:\/\/www.thereviewshub.com\/dublin-theatre-festival-crisis-meeting-project-arts-centre-dublin\/\">The Review Hub<\/a><\/div>\n<div class=\"trans-verified-button-small\" dir=\"ltr\"><span style=\"color: #ffffff;\">.<\/span><\/div>\n<div class=\"trans-verified-button-small\" dir=\"ltr\">\n<p><em>&#8220;Kri\u00f0pleir present a form of theatre which comes from its own unique perspective. It is everything and nothing. It is perplexing. It is not as easy as it seems to be slight. But afterwards, snippets of their performances keep flashing back into the brain.&#8221;<\/em> &#8211; Frank L. for\u00a0<a href=\"https:\/\/nomoreworkhorse.com\/2016\/10\/02\/crisis-meeting-project-arts-centre-dublin-theatre-festival\/\" data-cke-saved-href=\"https:\/\/nomoreworkhorse.com\/2016\/10\/02\/crisis-meeting-project-arts-centre-dublin-theatre-festival\/\">No More Workhorse<\/a><\/p>\n<\/div>\n<div class=\"trans-verified-button-small\" dir=\"ltr\"><\/div>\n<div class=\"trans-verified-button-small\" dir=\"ltr\">F\u00f6rest\u00e4llningen spelas p\u00e5 engelska.<\/div>\n<p><img decoding=\"async\" src=\"https:\/\/scensverige.se\/wp-content\/uploads\/2017\/03\/crisis-meeting-webb.jpeg\" \/><\/p>\n<p style=\"text-align: right;\">Foto: Ragnhei\u00f0ur P\u00e1lsd\u00f3ttir<\/p>\n<p>Regi: Fri\u00f0geir Einarsson<br \/>\nKoncept: Kri\u00f0pleir<br \/>\nText och dramaturgi: Bjarni J\u00f3nsson<br \/>\nDesign: Sigr\u00fan Hl\u00edn Sigur\u00f0ard\u00f3ttir<br \/>\nMedverkande: \u00c1rni Vilhj\u00e1lmsson, Fri\u00f0geir Einarsson, Ragnar \u00cdsleifur Bragason<\/p>\n<p><a href=\"https:\/\/scensverige.se\/interview-with-kridpleir-theatre-group\/\"><strong>H\u00e4r kan du l\u00e4sa en intervju med\u00a0Kri\u00f0pleir Theatre Group.<\/strong><\/a><iframe loading=\"lazy\" src=\"https:\/\/www.google.com\/maps\/d\/embed?mid=108NR38to1Huy7eXyUmlz9HFVgjU\" width=\"640\" height=\"480\"><\/iframe><\/p>\n","protected":false},"excerpt":{"rendered":"<p>Crisis Meeting Kri\u00f0pleir Theatre GroupLouis De Geer Konsert &amp; Kongress Hemerycksalen Onsdag 24 maj kl. 12:00-13:20 Onsdag 24 maj kl. 20:00-21:20 Kri\u00f0pleir Theatre Group \u00e4r mitt i arbetet med att skriva en stor ans\u00f6kan och deadlinen n\u00e4rmar sig, d\u00e5 dessa stora fans av transparens och \u00f6ppenhet beslutar sig att l\u00e5ta publiken f\u00f6lja med p\u00e5 gruppens &hellip;<\/p>\n","protected":false},"author":9192198,"featured_media":17207,"parent":0,"menu_order":0,"comment_status":"closed","ping_status":"closed","template":"template-blank-4.php","meta":{"_acf_changed":false,"footnotes":""},"class_list":["post-17214","page","type-page","status-publish","has-post-thumbnail","hentry","post","with-featured-image"],"acf":[],"yoast_head":"<!-- This site is optimized with the Yoast SEO plugin v27.3 - https:\/\/yoast.com\/product\/yoast-seo-wordpress\/ -->\n<title>Crisis Meeting - Scensverige<\/title>\n<meta name=\"robots\" content=\"index, follow, max-snippet:-1, max-image-preview:large, max-video-preview:-1\" \/>\n<link rel=\"canonical\" href=\"https:\/\/scensverige.se\/en\/crisis-meeting\/\" \/>\n<meta property=\"og:locale\" content=\"en_US\" \/>\n<meta property=\"og:type\" content=\"article\" \/>\n<meta property=\"og:title\" content=\"Crisis Meeting - Scensverige\" \/>\n<meta property=\"og:description\" content=\"Crisis Meeting Kri\u00f0pleir Theatre GroupLouis De Geer Konsert &amp; Kongress Hemerycksalen Onsdag 24 maj kl. 12:00-13:20 Onsdag 24 maj kl. 20:00-21:20 Kri\u00f0pleir Theatre Group \u00e4r mitt i arbetet med att skriva en stor ans\u00f6kan och deadlinen n\u00e4rmar sig, d\u00e5 dessa stora fans av transparens och \u00f6ppenhet beslutar sig att l\u00e5ta publiken f\u00f6lja med p\u00e5 gruppens &hellip;\" \/>\n<meta property=\"og:url\" content=\"https:\/\/scensverige.se\/en\/crisis-meeting\/\" \/>\n<meta property=\"og:site_name\" content=\"Scensverige\" \/>\n<meta property=\"article:modified_time\" content=\"2017-05-02T10:30:03+00:00\" \/>\n<meta property=\"og:image\" content=\"https:\/\/scensverige.se\/wp-content\/uploads\/2017\/03\/crisis-meeting-webb.jpeg\" \/>\n\t<meta property=\"og:image:width\" content=\"1417\" \/>\n\t<meta property=\"og:image:height\" content=\"1063\" \/>\n\t<meta property=\"og:image:type\" content=\"image\/jpeg\" \/>\n<meta name=\"twitter:card\" content=\"summary_large_image\" \/>\n<meta name=\"twitter:label1\" content=\"Est. reading time\" \/>\n\t<meta name=\"twitter:data1\" content=\"1 minute\" \/>\n<script type=\"application\/ld+json\" class=\"yoast-schema-graph\">{\"@context\":\"https:\\\/\\\/schema.org\",\"@graph\":[{\"@type\":\"WebPage\",\"@id\":\"https:\\\/\\\/scensverige.se\\\/en\\\/crisis-meeting\\\/\",\"url\":\"https:\\\/\\\/scensverige.se\\\/en\\\/crisis-meeting\\\/\",\"name\":\"Crisis Meeting - Scensverige\",\"isPartOf\":{\"@id\":\"https:\\\/\\\/scensverige.se\\\/#website\"},\"primaryImageOfPage\":{\"@id\":\"https:\\\/\\\/scensverige.se\\\/en\\\/crisis-meeting\\\/#primaryimage\"},\"image\":{\"@id\":\"https:\\\/\\\/scensverige.se\\\/en\\\/crisis-meeting\\\/#primaryimage\"},\"thumbnailUrl\":\"https:\\\/\\\/scensverige.se\\\/wp-content\\\/uploads\\\/2017\\\/03\\\/crisis-meeting-webb.jpeg\",\"datePublished\":\"2017-03-24T07:36:17+00:00\",\"dateModified\":\"2017-05-02T10:30:03+00:00\",\"breadcrumb\":{\"@id\":\"https:\\\/\\\/scensverige.se\\\/en\\\/crisis-meeting\\\/#breadcrumb\"},\"inLanguage\":\"en-US\",\"potentialAction\":[{\"@type\":\"ReadAction\",\"target\":[\"https:\\\/\\\/scensverige.se\\\/en\\\/crisis-meeting\\\/\"]}]},{\"@type\":\"ImageObject\",\"inLanguage\":\"en-US\",\"@id\":\"https:\\\/\\\/scensverige.se\\\/en\\\/crisis-meeting\\\/#primaryimage\",\"url\":\"https:\\\/\\\/scensverige.se\\\/wp-content\\\/uploads\\\/2017\\\/03\\\/crisis-meeting-webb.jpeg\",\"contentUrl\":\"https:\\\/\\\/scensverige.se\\\/wp-content\\\/uploads\\\/2017\\\/03\\\/crisis-meeting-webb.jpeg\",\"width\":1417,\"height\":1063},{\"@type\":\"BreadcrumbList\",\"@id\":\"https:\\\/\\\/scensverige.se\\\/en\\\/crisis-meeting\\\/#breadcrumb\",\"itemListElement\":[{\"@type\":\"ListItem\",\"position\":1,\"name\":\"Hem\",\"item\":\"https:\\\/\\\/scensverige.se\\\/en\\\/\"},{\"@type\":\"ListItem\",\"position\":2,\"name\":\"Crisis Meeting\"}]},{\"@type\":\"WebSite\",\"@id\":\"https:\\\/\\\/scensverige.se\\\/#website\",\"url\":\"https:\\\/\\\/scensverige.se\\\/\",\"name\":\"Scensverige\",\"description\":\"M\u00f6tesplats f\u00f6r svensk och internationell scenkonst\",\"publisher\":{\"@id\":\"https:\\\/\\\/scensverige.se\\\/#organization\"},\"potentialAction\":[{\"@type\":\"SearchAction\",\"target\":{\"@type\":\"EntryPoint\",\"urlTemplate\":\"https:\\\/\\\/scensverige.se\\\/?s={search_term_string}\"},\"query-input\":{\"@type\":\"PropertyValueSpecification\",\"valueRequired\":true,\"valueName\":\"search_term_string\"}}],\"inLanguage\":\"en-US\"},{\"@type\":\"Organization\",\"@id\":\"https:\\\/\\\/scensverige.se\\\/#organization\",\"name\":\"Scensverige\",\"url\":\"https:\\\/\\\/scensverige.se\\\/\",\"logo\":{\"@type\":\"ImageObject\",\"inLanguage\":\"en-US\",\"@id\":\"https:\\\/\\\/scensverige.se\\\/#\\\/schema\\\/logo\\\/image\\\/\",\"url\":\"https:\\\/\\\/scensverige.se\\\/wp-content\\\/uploads\\\/2019\\\/01\\\/Scensverige_logotyp_800.png\",\"contentUrl\":\"https:\\\/\\\/scensverige.se\\\/wp-content\\\/uploads\\\/2019\\\/01\\\/Scensverige_logotyp_800.png\",\"width\":800,\"height\":186,\"caption\":\"Scensverige\"},\"image\":{\"@id\":\"https:\\\/\\\/scensverige.se\\\/#\\\/schema\\\/logo\\\/image\\\/\"}}]}<\/script>\n<!-- \/ Yoast SEO plugin. -->","yoast_head_json":{"title":"Crisis Meeting - Scensverige","robots":{"index":"index","follow":"follow","max-snippet":"max-snippet:-1","max-image-preview":"max-image-preview:large","max-video-preview":"max-video-preview:-1"},"canonical":"https:\/\/scensverige.se\/en\/crisis-meeting\/","og_locale":"en_US","og_type":"article","og_title":"Crisis Meeting - Scensverige","og_description":"Crisis Meeting Kri\u00f0pleir Theatre GroupLouis De Geer Konsert &amp; Kongress Hemerycksalen Onsdag 24 maj kl. 12:00-13:20 Onsdag 24 maj kl. 20:00-21:20 Kri\u00f0pleir Theatre Group \u00e4r mitt i arbetet med att skriva en stor ans\u00f6kan och deadlinen n\u00e4rmar sig, d\u00e5 dessa stora fans av transparens och \u00f6ppenhet beslutar sig att l\u00e5ta publiken f\u00f6lja med p\u00e5 gruppens &hellip;","og_url":"https:\/\/scensverige.se\/en\/crisis-meeting\/","og_site_name":"Scensverige","article_modified_time":"2017-05-02T10:30:03+00:00","og_image":[{"width":1417,"height":1063,"url":"https:\/\/scensverige.se\/wp-content\/uploads\/2017\/03\/crisis-meeting-webb.jpeg","type":"image\/jpeg"}],"twitter_card":"summary_large_image","twitter_misc":{"Est. reading time":"1 minute"},"schema":{"@context":"https:\/\/schema.org","@graph":[{"@type":"WebPage","@id":"https:\/\/scensverige.se\/en\/crisis-meeting\/","url":"https:\/\/scensverige.se\/en\/crisis-meeting\/","name":"Crisis Meeting - Scensverige","isPartOf":{"@id":"https:\/\/scensverige.se\/#website"},"primaryImageOfPage":{"@id":"https:\/\/scensverige.se\/en\/crisis-meeting\/#primaryimage"},"image":{"@id":"https:\/\/scensverige.se\/en\/crisis-meeting\/#primaryimage"},"thumbnailUrl":"https:\/\/scensverige.se\/wp-content\/uploads\/2017\/03\/crisis-meeting-webb.jpeg","datePublished":"2017-03-24T07:36:17+00:00","dateModified":"2017-05-02T10:30:03+00:00","breadcrumb":{"@id":"https:\/\/scensverige.se\/en\/crisis-meeting\/#breadcrumb"},"inLanguage":"en-US","potentialAction":[{"@type":"ReadAction","target":["https:\/\/scensverige.se\/en\/crisis-meeting\/"]}]},{"@type":"ImageObject","inLanguage":"en-US","@id":"https:\/\/scensverige.se\/en\/crisis-meeting\/#primaryimage","url":"https:\/\/scensverige.se\/wp-content\/uploads\/2017\/03\/crisis-meeting-webb.jpeg","contentUrl":"https:\/\/scensverige.se\/wp-content\/uploads\/2017\/03\/crisis-meeting-webb.jpeg","width":1417,"height":1063},{"@type":"BreadcrumbList","@id":"https:\/\/scensverige.se\/en\/crisis-meeting\/#breadcrumb","itemListElement":[{"@type":"ListItem","position":1,"name":"Hem","item":"https:\/\/scensverige.se\/en\/"},{"@type":"ListItem","position":2,"name":"Crisis Meeting"}]},{"@type":"WebSite","@id":"https:\/\/scensverige.se\/#website","url":"https:\/\/scensverige.se\/","name":"Scensverige","description":"M\u00f6tesplats f\u00f6r svensk och internationell scenkonst","publisher":{"@id":"https:\/\/scensverige.se\/#organization"},"potentialAction":[{"@type":"SearchAction","target":{"@type":"EntryPoint","urlTemplate":"https:\/\/scensverige.se\/?s={search_term_string}"},"query-input":{"@type":"PropertyValueSpecification","valueRequired":true,"valueName":"search_term_string"}}],"inLanguage":"en-US"},{"@type":"Organization","@id":"https:\/\/scensverige.se\/#organization","name":"Scensverige","url":"https:\/\/scensverige.se\/","logo":{"@type":"ImageObject","inLanguage":"en-US","@id":"https:\/\/scensverige.se\/#\/schema\/logo\/image\/","url":"https:\/\/scensverige.se\/wp-content\/uploads\/2019\/01\/Scensverige_logotyp_800.png","contentUrl":"https:\/\/scensverige.se\/wp-content\/uploads\/2019\/01\/Scensverige_logotyp_800.png","width":800,"height":186,"caption":"Scensverige"},"image":{"@id":"https:\/\/scensverige.se\/#\/schema\/logo\/image\/"}}]}},"_links":{"self":[{"href":"https:\/\/scensverige.se\/en\/wp-json\/wp\/v2\/pages\/17214","targetHints":{"allow":["GET"]}}],"collection":[{"href":"https:\/\/scensverige.se\/en\/wp-json\/wp\/v2\/pages"}],"about":[{"href":"https:\/\/scensverige.se\/en\/wp-json\/wp\/v2\/types\/page"}],"author":[{"embeddable":true,"href":"https:\/\/scensverige.se\/en\/wp-json\/wp\/v2\/users\/9192198"}],"replies":[{"embeddable":true,"href":"https:\/\/scensverige.se\/en\/wp-json\/wp\/v2\/comments?post=17214"}],"version-history":[{"count":5,"href":"https:\/\/scensverige.se\/en\/wp-json\/wp\/v2\/pages\/17214\/revisions"}],"predecessor-version":[{"id":17761,"href":"https:\/\/scensverige.se\/en\/wp-json\/wp\/v2\/pages\/17214\/revisions\/17761"}],"wp:featuredmedia":[{"embeddable":true,"href":"https:\/\/scensverige.se\/en\/wp-json\/wp\/v2\/media\/17207"}],"wp:attachment":[{"href":"https:\/\/scensverige.se\/en\/wp-json\/wp\/v2\/media?parent=17214"}],"curies":[{"name":"wp","href":"https:\/\/api.w.org\/{rel}","templated":true}]}}