{"id":22612,"date":"2019-01-24T16:15:45","date_gmt":"2019-01-24T15:15:45","guid":{"rendered":"https:\/\/scensverige.se\/dna-dansa-nara-anhorig\/"},"modified":"2019-04-05T10:45:36","modified_gmt":"2019-04-05T08:45:36","slug":"dna-dansa-nara-anhorig","status":"publish","type":"page","link":"https:\/\/scensverige.se\/en\/dna-dansa-nara-anhorig\/","title":{"rendered":"DNA \u2013 dansa n\u00e4ra anh\u00f6rig"},"content":{"rendered":"\n<h2 class=\"wp-block-heading\" style=\"text-align:center\">DNA (Dansa n\u00e4ra anh\u00f6rig)\u2013 Backa teater<\/h2>\n\n\n\n<figure class=\"wp-block-image\"><img loading=\"lazy\" decoding=\"async\" width=\"1024\" height=\"683\" src=\"https:\/\/scensverige.se\/wp-content\/uploads\/2019\/01\/dna_pressbild3-1024x683.jpg\" alt=\"\" class=\"wp-image-21299\" srcset=\"https:\/\/scensverige.se\/wp-content\/uploads\/2019\/01\/dna_pressbild3-1024x683.jpg 1024w, https:\/\/scensverige.se\/wp-content\/uploads\/2019\/01\/dna_pressbild3-300x200.jpg 300w, https:\/\/scensverige.se\/wp-content\/uploads\/2019\/01\/dna_pressbild3-768x512.jpg 768w, https:\/\/scensverige.se\/wp-content\/uploads\/2019\/01\/dna_pressbild3-1200x800.jpg 1200w, https:\/\/scensverige.se\/wp-content\/uploads\/2019\/01\/dna_pressbild3-1400x933.jpg 1400w\" sizes=\"auto, (max-width: 1024px) 100vw, 1024px\" \/><figcaption>Foto: Ola Kjelbye &nbsp;&nbsp;&nbsp; <\/figcaption><\/figure>\n\n\n\n<p><em>When did you\nlast ask your mother to dance?<\/em><\/p>\n\n\n\n<p><em>\u201cI am aware\nthat I still exist, that I am alive. That there is someone who calls me mom,\nthat means somebody loves me.\u201d<\/em> <\/p>\n\n\n\n<p>DNA is an\ninvite to dance again. How would you like to dance, mom, if you could decide?<\/p>\n\n\n\n<p>DNA \u2013 Dansa\nN\u00e4ra Anh\u00f6rig is a docufiction and a dance performance with four duets between\nfour actors and their real mothers. <\/p>\n\n\n\n<p>It is a\nperformance about distance, closeness, food, limitless love, sorrow, loss and\nrenewal. Fierceness and tons of courage. <\/p>\n\n\n\n<p>Four mothers\ntell us about their lives, four children listen and dance along. May I have\nthis dance? How close may I be?<\/p>\n\n\n\n<p class=\"has-normal-font-size\"><strong>Idea:<\/strong> Tove Sahlin, \/Shake it Collaborations<br><strong>Directing and scenography:<\/strong> Tove Sahlin i n\u00e4ra samarbete med konstn\u00e4rligt team och sk\u00e5despelare <br><strong>Cast: <\/strong>Hannah Alem Davidson, Eleftheria Gerofoka, Emelie Str\u00f6mberg, Ramtin Parvaneh<br><strong>Interviews, idea work &amp; dramaturgy: <\/strong>Malin Holgersson<strong> Med<\/strong> Astrid Assefa, Hannah Alem Davidson, Eleftheria Gerofoka, Vasiliki Gerofoka, Mahnaz Kia, Ramtin Parvaneh, Emelie Str\u00f6mberg, Britt-Marie Str\u00f6mberg<br><strong>Scenography:<\/strong><a href=\"http:\/\/www.stadsteatern.goteborg.se\/backa-teater\/om-oss\/vi-jobbar-har\/konstnarlig-personal\/josefin-hinders\/\"> <\/a>Josefin Hinders<br><strong>Costume:<\/strong> Josefin Hinders och Tommie X&nbsp;&nbsp;&nbsp; &nbsp;&nbsp;&nbsp; &nbsp;&nbsp;&nbsp; &nbsp;&nbsp;&nbsp; <br><strong>Light:<\/strong> Josefin Hinders och Jonatan Winbo &nbsp;&nbsp;&nbsp; &nbsp;&nbsp;&nbsp; &nbsp;&nbsp;&nbsp; &nbsp;&nbsp;&nbsp; <br><strong>Mask:<\/strong><a href=\"http:\/\/www.stadsteatern.goteborg.se\/backa-teater\/om-oss\/vi-jobbar-har\/teknisk-personal\/josefin-ekeras\/\"> <\/a>Josefin Eker\u00e5s<br><strong>Music:<\/strong> Malin Dahlstr\u00f6m fr\u00e5n Niki &amp; The Dove &nbsp;&nbsp;&nbsp; &nbsp;&nbsp;&nbsp; &nbsp;&nbsp;&nbsp; &nbsp;&nbsp;&nbsp; <\/p>\n","protected":false},"excerpt":{"rendered":"<p>DNA (Dansa n\u00e4ra anh\u00f6rig)\u2013 Backa teater When did you last ask your mother to dance? \u201cI am aware that I still exist, that I am alive. That there is someone who calls me mom, that means somebody loves me.\u201d DNA is an invite to dance again. How would you like to dance, mom, if you &hellip;<\/p>\n","protected":false},"author":9192198,"featured_media":0,"parent":0,"menu_order":0,"comment_status":"closed","ping_status":"closed","template":"","meta":{"_acf_changed":false,"footnotes":""},"class_list":["post-22612","page","type-page","status-publish","hentry","post","without-featured-image"],"acf":[],"yoast_head":"<!-- This site is optimized with the Yoast SEO plugin v27.3 - https:\/\/yoast.com\/product\/yoast-seo-wordpress\/ -->\n<title>DNA \u2013 dansa n\u00e4ra anh\u00f6rig - Scensverige<\/title>\n<meta name=\"robots\" content=\"index, follow, max-snippet:-1, max-image-preview:large, max-video-preview:-1\" \/>\n<link rel=\"canonical\" href=\"https:\/\/scensverige.se\/en\/dna-dansa-nara-anhorig\/\" \/>\n<meta property=\"og:locale\" content=\"en_US\" \/>\n<meta property=\"og:type\" content=\"article\" \/>\n<meta property=\"og:title\" content=\"DNA \u2013 dansa n\u00e4ra anh\u00f6rig - Scensverige\" \/>\n<meta property=\"og:description\" content=\"DNA (Dansa n\u00e4ra anh\u00f6rig)\u2013 Backa teater When did you last ask your mother to dance? \u201cI am aware that I still exist, that I am alive. That there is someone who calls me mom, that means somebody loves me.\u201d DNA is an invite to dance again. How would you like to dance, mom, if you &hellip;\" \/>\n<meta property=\"og:url\" content=\"https:\/\/scensverige.se\/en\/dna-dansa-nara-anhorig\/\" \/>\n<meta property=\"og:site_name\" content=\"Scensverige\" \/>\n<meta property=\"article:modified_time\" content=\"2019-04-05T08:45:36+00:00\" \/>\n<meta property=\"og:image\" content=\"https:\/\/scensverige.se\/wp-content\/uploads\/2019\/01\/dna_pressbild3-1024x683.jpg\" \/>\n<meta name=\"twitter:card\" content=\"summary_large_image\" \/>\n<meta name=\"twitter:label1\" content=\"Est. reading time\" \/>\n\t<meta name=\"twitter:data1\" content=\"1 minute\" \/>\n<script type=\"application\/ld+json\" class=\"yoast-schema-graph\">{\"@context\":\"https:\\\/\\\/schema.org\",\"@graph\":[{\"@type\":\"WebPage\",\"@id\":\"https:\\\/\\\/scensverige.se\\\/en\\\/dna-dansa-nara-anhorig\\\/\",\"url\":\"https:\\\/\\\/scensverige.se\\\/en\\\/dna-dansa-nara-anhorig\\\/\",\"name\":\"DNA \u2013 dansa n\u00e4ra anh\u00f6rig - Scensverige\",\"isPartOf\":{\"@id\":\"https:\\\/\\\/scensverige.se\\\/#website\"},\"primaryImageOfPage\":{\"@id\":\"https:\\\/\\\/scensverige.se\\\/en\\\/dna-dansa-nara-anhorig\\\/#primaryimage\"},\"image\":{\"@id\":\"https:\\\/\\\/scensverige.se\\\/en\\\/dna-dansa-nara-anhorig\\\/#primaryimage\"},\"thumbnailUrl\":\"https:\\\/\\\/scensverige.se\\\/wp-content\\\/uploads\\\/2019\\\/01\\\/dna_pressbild3-1024x683.jpg\",\"datePublished\":\"2019-01-24T15:15:45+00:00\",\"dateModified\":\"2019-04-05T08:45:36+00:00\",\"breadcrumb\":{\"@id\":\"https:\\\/\\\/scensverige.se\\\/en\\\/dna-dansa-nara-anhorig\\\/#breadcrumb\"},\"inLanguage\":\"en-US\",\"potentialAction\":[{\"@type\":\"ReadAction\",\"target\":[\"https:\\\/\\\/scensverige.se\\\/en\\\/dna-dansa-nara-anhorig\\\/\"]}]},{\"@type\":\"ImageObject\",\"inLanguage\":\"en-US\",\"@id\":\"https:\\\/\\\/scensverige.se\\\/en\\\/dna-dansa-nara-anhorig\\\/#primaryimage\",\"url\":\"https:\\\/\\\/scensverige.se\\\/wp-content\\\/uploads\\\/2019\\\/01\\\/dna_pressbild3-1024x683.jpg\",\"contentUrl\":\"https:\\\/\\\/scensverige.se\\\/wp-content\\\/uploads\\\/2019\\\/01\\\/dna_pressbild3-1024x683.jpg\"},{\"@type\":\"BreadcrumbList\",\"@id\":\"https:\\\/\\\/scensverige.se\\\/en\\\/dna-dansa-nara-anhorig\\\/#breadcrumb\",\"itemListElement\":[{\"@type\":\"ListItem\",\"position\":1,\"name\":\"Hem\",\"item\":\"https:\\\/\\\/scensverige.se\\\/en\\\/\"},{\"@type\":\"ListItem\",\"position\":2,\"name\":\"DNA \u2013 dansa n\u00e4ra anh\u00f6rig\"}]},{\"@type\":\"WebSite\",\"@id\":\"https:\\\/\\\/scensverige.se\\\/#website\",\"url\":\"https:\\\/\\\/scensverige.se\\\/\",\"name\":\"Scensverige\",\"description\":\"M\u00f6tesplats f\u00f6r svensk och internationell scenkonst\",\"publisher\":{\"@id\":\"https:\\\/\\\/scensverige.se\\\/#organization\"},\"potentialAction\":[{\"@type\":\"SearchAction\",\"target\":{\"@type\":\"EntryPoint\",\"urlTemplate\":\"https:\\\/\\\/scensverige.se\\\/?s={search_term_string}\"},\"query-input\":{\"@type\":\"PropertyValueSpecification\",\"valueRequired\":true,\"valueName\":\"search_term_string\"}}],\"inLanguage\":\"en-US\"},{\"@type\":\"Organization\",\"@id\":\"https:\\\/\\\/scensverige.se\\\/#organization\",\"name\":\"Scensverige\",\"url\":\"https:\\\/\\\/scensverige.se\\\/\",\"logo\":{\"@type\":\"ImageObject\",\"inLanguage\":\"en-US\",\"@id\":\"https:\\\/\\\/scensverige.se\\\/#\\\/schema\\\/logo\\\/image\\\/\",\"url\":\"https:\\\/\\\/scensverige.se\\\/wp-content\\\/uploads\\\/2019\\\/01\\\/Scensverige_logotyp_800.png\",\"contentUrl\":\"https:\\\/\\\/scensverige.se\\\/wp-content\\\/uploads\\\/2019\\\/01\\\/Scensverige_logotyp_800.png\",\"width\":800,\"height\":186,\"caption\":\"Scensverige\"},\"image\":{\"@id\":\"https:\\\/\\\/scensverige.se\\\/#\\\/schema\\\/logo\\\/image\\\/\"}}]}<\/script>\n<!-- \/ Yoast SEO plugin. -->","yoast_head_json":{"title":"DNA \u2013 dansa n\u00e4ra anh\u00f6rig - Scensverige","robots":{"index":"index","follow":"follow","max-snippet":"max-snippet:-1","max-image-preview":"max-image-preview:large","max-video-preview":"max-video-preview:-1"},"canonical":"https:\/\/scensverige.se\/en\/dna-dansa-nara-anhorig\/","og_locale":"en_US","og_type":"article","og_title":"DNA \u2013 dansa n\u00e4ra anh\u00f6rig - Scensverige","og_description":"DNA (Dansa n\u00e4ra anh\u00f6rig)\u2013 Backa teater When did you last ask your mother to dance? \u201cI am aware that I still exist, that I am alive. That there is someone who calls me mom, that means somebody loves me.\u201d DNA is an invite to dance again. How would you like to dance, mom, if you &hellip;","og_url":"https:\/\/scensverige.se\/en\/dna-dansa-nara-anhorig\/","og_site_name":"Scensverige","article_modified_time":"2019-04-05T08:45:36+00:00","og_image":[{"url":"https:\/\/scensverige.se\/wp-content\/uploads\/2019\/01\/dna_pressbild3-1024x683.jpg","type":"","width":"","height":""}],"twitter_card":"summary_large_image","twitter_misc":{"Est. reading time":"1 minute"},"schema":{"@context":"https:\/\/schema.org","@graph":[{"@type":"WebPage","@id":"https:\/\/scensverige.se\/en\/dna-dansa-nara-anhorig\/","url":"https:\/\/scensverige.se\/en\/dna-dansa-nara-anhorig\/","name":"DNA \u2013 dansa n\u00e4ra anh\u00f6rig - Scensverige","isPartOf":{"@id":"https:\/\/scensverige.se\/#website"},"primaryImageOfPage":{"@id":"https:\/\/scensverige.se\/en\/dna-dansa-nara-anhorig\/#primaryimage"},"image":{"@id":"https:\/\/scensverige.se\/en\/dna-dansa-nara-anhorig\/#primaryimage"},"thumbnailUrl":"https:\/\/scensverige.se\/wp-content\/uploads\/2019\/01\/dna_pressbild3-1024x683.jpg","datePublished":"2019-01-24T15:15:45+00:00","dateModified":"2019-04-05T08:45:36+00:00","breadcrumb":{"@id":"https:\/\/scensverige.se\/en\/dna-dansa-nara-anhorig\/#breadcrumb"},"inLanguage":"en-US","potentialAction":[{"@type":"ReadAction","target":["https:\/\/scensverige.se\/en\/dna-dansa-nara-anhorig\/"]}]},{"@type":"ImageObject","inLanguage":"en-US","@id":"https:\/\/scensverige.se\/en\/dna-dansa-nara-anhorig\/#primaryimage","url":"https:\/\/scensverige.se\/wp-content\/uploads\/2019\/01\/dna_pressbild3-1024x683.jpg","contentUrl":"https:\/\/scensverige.se\/wp-content\/uploads\/2019\/01\/dna_pressbild3-1024x683.jpg"},{"@type":"BreadcrumbList","@id":"https:\/\/scensverige.se\/en\/dna-dansa-nara-anhorig\/#breadcrumb","itemListElement":[{"@type":"ListItem","position":1,"name":"Hem","item":"https:\/\/scensverige.se\/en\/"},{"@type":"ListItem","position":2,"name":"DNA \u2013 dansa n\u00e4ra anh\u00f6rig"}]},{"@type":"WebSite","@id":"https:\/\/scensverige.se\/#website","url":"https:\/\/scensverige.se\/","name":"Scensverige","description":"M\u00f6tesplats f\u00f6r svensk och internationell scenkonst","publisher":{"@id":"https:\/\/scensverige.se\/#organization"},"potentialAction":[{"@type":"SearchAction","target":{"@type":"EntryPoint","urlTemplate":"https:\/\/scensverige.se\/?s={search_term_string}"},"query-input":{"@type":"PropertyValueSpecification","valueRequired":true,"valueName":"search_term_string"}}],"inLanguage":"en-US"},{"@type":"Organization","@id":"https:\/\/scensverige.se\/#organization","name":"Scensverige","url":"https:\/\/scensverige.se\/","logo":{"@type":"ImageObject","inLanguage":"en-US","@id":"https:\/\/scensverige.se\/#\/schema\/logo\/image\/","url":"https:\/\/scensverige.se\/wp-content\/uploads\/2019\/01\/Scensverige_logotyp_800.png","contentUrl":"https:\/\/scensverige.se\/wp-content\/uploads\/2019\/01\/Scensverige_logotyp_800.png","width":800,"height":186,"caption":"Scensverige"},"image":{"@id":"https:\/\/scensverige.se\/#\/schema\/logo\/image\/"}}]}},"_links":{"self":[{"href":"https:\/\/scensverige.se\/en\/wp-json\/wp\/v2\/pages\/22612","targetHints":{"allow":["GET"]}}],"collection":[{"href":"https:\/\/scensverige.se\/en\/wp-json\/wp\/v2\/pages"}],"about":[{"href":"https:\/\/scensverige.se\/en\/wp-json\/wp\/v2\/types\/page"}],"author":[{"embeddable":true,"href":"https:\/\/scensverige.se\/en\/wp-json\/wp\/v2\/users\/9192198"}],"replies":[{"embeddable":true,"href":"https:\/\/scensverige.se\/en\/wp-json\/wp\/v2\/comments?post=22612"}],"version-history":[{"count":1,"href":"https:\/\/scensverige.se\/en\/wp-json\/wp\/v2\/pages\/22612\/revisions"}],"predecessor-version":[{"id":22613,"href":"https:\/\/scensverige.se\/en\/wp-json\/wp\/v2\/pages\/22612\/revisions\/22613"}],"wp:attachment":[{"href":"https:\/\/scensverige.se\/en\/wp-json\/wp\/v2\/media?parent=22612"}],"curies":[{"name":"wp","href":"https:\/\/api.w.org\/{rel}","templated":true}]}}