{"id":22625,"date":"2019-01-24T16:15:45","date_gmt":"2019-01-24T15:15:45","guid":{"rendered":"https:\/\/scensverige.se\/nar-da-da\/"},"modified":"2019-01-24T16:15:45","modified_gmt":"2019-01-24T15:15:45","slug":"nar-da-da","status":"publish","type":"page","link":"https:\/\/scensverige.se\/en\/nar-da-da\/","title":{"rendered":"N\u00e4r d\u00e5 d\u00e5"},"content":{"rendered":"\n<h2 class=\"wp-block-heading\" style=\"text-align:center\">N\u00e4r d\u00e5 d\u00e5\/Kungliga Operan, Helsingborg Stadsteater och Helsingborgs Symfoniorkester<\/h2>\n\n\n\n<figure class=\"wp-block-image\"><img loading=\"lazy\" decoding=\"async\" width=\"1024\" height=\"698\" src=\"https:\/\/scensverige.se\/wp-content\/uploads\/2019\/01\/NAR_DA_DA_20181005_SS8334-1024x698.jpg\" alt=\"\" class=\"wp-image-21327\" srcset=\"https:\/\/scensverige.se\/wp-content\/uploads\/2019\/01\/NAR_DA_DA_20181005_SS8334-1024x698.jpg 1024w, https:\/\/scensverige.se\/wp-content\/uploads\/2019\/01\/NAR_DA_DA_20181005_SS8334-300x205.jpg 300w, https:\/\/scensverige.se\/wp-content\/uploads\/2019\/01\/NAR_DA_DA_20181005_SS8334-768x524.jpg 768w, https:\/\/scensverige.se\/wp-content\/uploads\/2019\/01\/NAR_DA_DA_20181005_SS8334-1200x818.jpg 1200w, https:\/\/scensverige.se\/wp-content\/uploads\/2019\/01\/NAR_DA_DA_20181005_SS8334-1400x954.jpg 1400w\" sizes=\"auto, (max-width: 1024px) 100vw, 1024px\" \/><figcaption>Foto: Sara Strandlund\/Kungliga Opera<\/figcaption><\/figure>\n\n\n\n<p><em>See what happens when you\ndon\u2019t keep your promises!<\/em><\/p>\n\n\n\n<p>Every\nSaturday, Bobo packs her bag and goes to stay with her dad at Adelsgatan&nbsp;fifty-two\/52\u2013\nalong with her cuddly toys Ape and Bunny. Her dad, or daddy, promises to take\nher to the moon. And did that happen? No. Then daddy promises to take her to\nBolln\u00e4s, to see granny. And did that happen? No. After daddy&#8217;s promises and promises\nand promises and promises \u2013 Bobo puts her foot down&#8230;<\/p>\n\n\n\n<p>Following\nher success with&nbsp;<em>My Mum is a Dragon,&nbsp;<\/em>Pija Lindenbaum\u2019s magical\nworld is back at the Royal Swedish Opera. This time with a story created\nexclusively for the stage. A story about parents who make promise after promise\n\u2013 but prioritise other things. Behind the libretto, set and costume design\nof&nbsp;<em>N\u00e4r D\u00e5 D\u00e5 <\/em>is Pija herself. It is directed by Kajsa Giertz, with\na score written by Niklas Brommare.&nbsp;<\/p>\n\n\n\n<p class=\"has-normal-font-size\">Recommended for children between 5 and 9 years of age. <br><br><strong>Music:<\/strong> Niklas Brommare <br><strong>Libretto:<\/strong> Pija Lindenbaum <br><strong>Director:<\/strong> Kajsa Giertz <br><strong>Light:<\/strong> Karl Svensson <br><strong>Set design, costume &amp; mask:<\/strong> Pija Lindenbaum<\/p>\n\n\n\n<p class=\"has-normal-font-size\"><strong>Cast<\/strong><em>:<br><\/em>Bobo 1 Vivianne Holmberg<br>Bobo 2 Lisa Larsson<br>Bobo 3 Maria P\u00e5hls<br>Bunny Ludvig Wallmark Ryberg<br>Dad\/Ape Jonas Degerfeldt<br>Conductor Mattias B\u00f6hm<\/p>\n\n\n\n<p style=\"font-size:19px\">Running time The performance lasts about 55 minutes. <br>Produced in collaboration with the Helsingborg city theatre.<br><br>Musicians from the Royal Swedish Orchestra and the Helsingborg Symphony Orchestra.<br> <br> <\/p>\n\n\n\n<p><br><\/p>\n\n\n\n<p><br><\/p>\n","protected":false},"excerpt":{"rendered":"<p>N\u00e4r d\u00e5 d\u00e5\/Kungliga Operan, Helsingborg Stadsteater och Helsingborgs Symfoniorkester See what happens when you don\u2019t keep your promises! Every Saturday, Bobo packs her bag and goes to stay with her dad at Adelsgatan&nbsp;fifty-two\/52\u2013 along with her cuddly toys Ape and Bunny. Her dad, or daddy, promises to take her to the moon. And did that &hellip;<\/p>\n","protected":false},"author":9192198,"featured_media":0,"parent":0,"menu_order":0,"comment_status":"closed","ping_status":"closed","template":"","meta":{"_acf_changed":false,"footnotes":""},"class_list":["post-22625","page","type-page","status-publish","hentry","post","without-featured-image"],"acf":[],"yoast_head":"<!-- This site is optimized with the Yoast SEO plugin v27.3 - https:\/\/yoast.com\/product\/yoast-seo-wordpress\/ -->\n<title>N\u00e4r d\u00e5 d\u00e5 - Scensverige<\/title>\n<meta name=\"robots\" content=\"index, follow, max-snippet:-1, max-image-preview:large, max-video-preview:-1\" \/>\n<link rel=\"canonical\" href=\"https:\/\/scensverige.se\/en\/nar-da-da\/\" \/>\n<meta property=\"og:locale\" content=\"en_US\" \/>\n<meta property=\"og:type\" content=\"article\" \/>\n<meta property=\"og:title\" content=\"N\u00e4r d\u00e5 d\u00e5 - Scensverige\" \/>\n<meta property=\"og:description\" content=\"N\u00e4r d\u00e5 d\u00e5\/Kungliga Operan, Helsingborg Stadsteater och Helsingborgs Symfoniorkester See what happens when you don\u2019t keep your promises! Every Saturday, Bobo packs her bag and goes to stay with her dad at Adelsgatan&nbsp;fifty-two\/52\u2013 along with her cuddly toys Ape and Bunny. Her dad, or daddy, promises to take her to the moon. And did that &hellip;\" \/>\n<meta property=\"og:url\" content=\"https:\/\/scensverige.se\/en\/nar-da-da\/\" \/>\n<meta property=\"og:site_name\" content=\"Scensverige\" \/>\n<meta property=\"og:image\" content=\"https:\/\/scensverige.se\/wp-content\/uploads\/2019\/01\/NAR_DA_DA_20181005_SS8334-1024x698.jpg\" \/>\n<meta name=\"twitter:card\" content=\"summary_large_image\" \/>\n<meta name=\"twitter:label1\" content=\"Est. reading time\" \/>\n\t<meta name=\"twitter:data1\" content=\"1 minute\" \/>\n<script type=\"application\/ld+json\" class=\"yoast-schema-graph\">{\"@context\":\"https:\\\/\\\/schema.org\",\"@graph\":[{\"@type\":\"WebPage\",\"@id\":\"https:\\\/\\\/scensverige.se\\\/en\\\/nar-da-da\\\/\",\"url\":\"https:\\\/\\\/scensverige.se\\\/en\\\/nar-da-da\\\/\",\"name\":\"N\u00e4r d\u00e5 d\u00e5 - Scensverige\",\"isPartOf\":{\"@id\":\"https:\\\/\\\/scensverige.se\\\/#website\"},\"primaryImageOfPage\":{\"@id\":\"https:\\\/\\\/scensverige.se\\\/en\\\/nar-da-da\\\/#primaryimage\"},\"image\":{\"@id\":\"https:\\\/\\\/scensverige.se\\\/en\\\/nar-da-da\\\/#primaryimage\"},\"thumbnailUrl\":\"https:\\\/\\\/scensverige.se\\\/wp-content\\\/uploads\\\/2019\\\/01\\\/NAR_DA_DA_20181005_SS8334-1024x698.jpg\",\"datePublished\":\"2019-01-24T15:15:45+00:00\",\"breadcrumb\":{\"@id\":\"https:\\\/\\\/scensverige.se\\\/en\\\/nar-da-da\\\/#breadcrumb\"},\"inLanguage\":\"en-US\",\"potentialAction\":[{\"@type\":\"ReadAction\",\"target\":[\"https:\\\/\\\/scensverige.se\\\/en\\\/nar-da-da\\\/\"]}]},{\"@type\":\"ImageObject\",\"inLanguage\":\"en-US\",\"@id\":\"https:\\\/\\\/scensverige.se\\\/en\\\/nar-da-da\\\/#primaryimage\",\"url\":\"https:\\\/\\\/scensverige.se\\\/wp-content\\\/uploads\\\/2019\\\/01\\\/NAR_DA_DA_20181005_SS8334-1024x698.jpg\",\"contentUrl\":\"https:\\\/\\\/scensverige.se\\\/wp-content\\\/uploads\\\/2019\\\/01\\\/NAR_DA_DA_20181005_SS8334-1024x698.jpg\"},{\"@type\":\"BreadcrumbList\",\"@id\":\"https:\\\/\\\/scensverige.se\\\/en\\\/nar-da-da\\\/#breadcrumb\",\"itemListElement\":[{\"@type\":\"ListItem\",\"position\":1,\"name\":\"Hem\",\"item\":\"https:\\\/\\\/scensverige.se\\\/en\\\/\"},{\"@type\":\"ListItem\",\"position\":2,\"name\":\"N\u00e4r d\u00e5 d\u00e5\"}]},{\"@type\":\"WebSite\",\"@id\":\"https:\\\/\\\/scensverige.se\\\/#website\",\"url\":\"https:\\\/\\\/scensverige.se\\\/\",\"name\":\"Scensverige\",\"description\":\"M\u00f6tesplats f\u00f6r svensk och internationell scenkonst\",\"publisher\":{\"@id\":\"https:\\\/\\\/scensverige.se\\\/#organization\"},\"potentialAction\":[{\"@type\":\"SearchAction\",\"target\":{\"@type\":\"EntryPoint\",\"urlTemplate\":\"https:\\\/\\\/scensverige.se\\\/?s={search_term_string}\"},\"query-input\":{\"@type\":\"PropertyValueSpecification\",\"valueRequired\":true,\"valueName\":\"search_term_string\"}}],\"inLanguage\":\"en-US\"},{\"@type\":\"Organization\",\"@id\":\"https:\\\/\\\/scensverige.se\\\/#organization\",\"name\":\"Scensverige\",\"url\":\"https:\\\/\\\/scensverige.se\\\/\",\"logo\":{\"@type\":\"ImageObject\",\"inLanguage\":\"en-US\",\"@id\":\"https:\\\/\\\/scensverige.se\\\/#\\\/schema\\\/logo\\\/image\\\/\",\"url\":\"https:\\\/\\\/scensverige.se\\\/wp-content\\\/uploads\\\/2019\\\/01\\\/Scensverige_logotyp_800.png\",\"contentUrl\":\"https:\\\/\\\/scensverige.se\\\/wp-content\\\/uploads\\\/2019\\\/01\\\/Scensverige_logotyp_800.png\",\"width\":800,\"height\":186,\"caption\":\"Scensverige\"},\"image\":{\"@id\":\"https:\\\/\\\/scensverige.se\\\/#\\\/schema\\\/logo\\\/image\\\/\"}}]}<\/script>\n<!-- \/ Yoast SEO plugin. -->","yoast_head_json":{"title":"N\u00e4r d\u00e5 d\u00e5 - Scensverige","robots":{"index":"index","follow":"follow","max-snippet":"max-snippet:-1","max-image-preview":"max-image-preview:large","max-video-preview":"max-video-preview:-1"},"canonical":"https:\/\/scensverige.se\/en\/nar-da-da\/","og_locale":"en_US","og_type":"article","og_title":"N\u00e4r d\u00e5 d\u00e5 - Scensverige","og_description":"N\u00e4r d\u00e5 d\u00e5\/Kungliga Operan, Helsingborg Stadsteater och Helsingborgs Symfoniorkester See what happens when you don\u2019t keep your promises! Every Saturday, Bobo packs her bag and goes to stay with her dad at Adelsgatan&nbsp;fifty-two\/52\u2013 along with her cuddly toys Ape and Bunny. Her dad, or daddy, promises to take her to the moon. And did that &hellip;","og_url":"https:\/\/scensverige.se\/en\/nar-da-da\/","og_site_name":"Scensverige","og_image":[{"url":"https:\/\/scensverige.se\/wp-content\/uploads\/2019\/01\/NAR_DA_DA_20181005_SS8334-1024x698.jpg","type":"","width":"","height":""}],"twitter_card":"summary_large_image","twitter_misc":{"Est. reading time":"1 minute"},"schema":{"@context":"https:\/\/schema.org","@graph":[{"@type":"WebPage","@id":"https:\/\/scensverige.se\/en\/nar-da-da\/","url":"https:\/\/scensverige.se\/en\/nar-da-da\/","name":"N\u00e4r d\u00e5 d\u00e5 - Scensverige","isPartOf":{"@id":"https:\/\/scensverige.se\/#website"},"primaryImageOfPage":{"@id":"https:\/\/scensverige.se\/en\/nar-da-da\/#primaryimage"},"image":{"@id":"https:\/\/scensverige.se\/en\/nar-da-da\/#primaryimage"},"thumbnailUrl":"https:\/\/scensverige.se\/wp-content\/uploads\/2019\/01\/NAR_DA_DA_20181005_SS8334-1024x698.jpg","datePublished":"2019-01-24T15:15:45+00:00","breadcrumb":{"@id":"https:\/\/scensverige.se\/en\/nar-da-da\/#breadcrumb"},"inLanguage":"en-US","potentialAction":[{"@type":"ReadAction","target":["https:\/\/scensverige.se\/en\/nar-da-da\/"]}]},{"@type":"ImageObject","inLanguage":"en-US","@id":"https:\/\/scensverige.se\/en\/nar-da-da\/#primaryimage","url":"https:\/\/scensverige.se\/wp-content\/uploads\/2019\/01\/NAR_DA_DA_20181005_SS8334-1024x698.jpg","contentUrl":"https:\/\/scensverige.se\/wp-content\/uploads\/2019\/01\/NAR_DA_DA_20181005_SS8334-1024x698.jpg"},{"@type":"BreadcrumbList","@id":"https:\/\/scensverige.se\/en\/nar-da-da\/#breadcrumb","itemListElement":[{"@type":"ListItem","position":1,"name":"Hem","item":"https:\/\/scensverige.se\/en\/"},{"@type":"ListItem","position":2,"name":"N\u00e4r d\u00e5 d\u00e5"}]},{"@type":"WebSite","@id":"https:\/\/scensverige.se\/#website","url":"https:\/\/scensverige.se\/","name":"Scensverige","description":"M\u00f6tesplats f\u00f6r svensk och internationell scenkonst","publisher":{"@id":"https:\/\/scensverige.se\/#organization"},"potentialAction":[{"@type":"SearchAction","target":{"@type":"EntryPoint","urlTemplate":"https:\/\/scensverige.se\/?s={search_term_string}"},"query-input":{"@type":"PropertyValueSpecification","valueRequired":true,"valueName":"search_term_string"}}],"inLanguage":"en-US"},{"@type":"Organization","@id":"https:\/\/scensverige.se\/#organization","name":"Scensverige","url":"https:\/\/scensverige.se\/","logo":{"@type":"ImageObject","inLanguage":"en-US","@id":"https:\/\/scensverige.se\/#\/schema\/logo\/image\/","url":"https:\/\/scensverige.se\/wp-content\/uploads\/2019\/01\/Scensverige_logotyp_800.png","contentUrl":"https:\/\/scensverige.se\/wp-content\/uploads\/2019\/01\/Scensverige_logotyp_800.png","width":800,"height":186,"caption":"Scensverige"},"image":{"@id":"https:\/\/scensverige.se\/#\/schema\/logo\/image\/"}}]}},"_links":{"self":[{"href":"https:\/\/scensverige.se\/en\/wp-json\/wp\/v2\/pages\/22625","targetHints":{"allow":["GET"]}}],"collection":[{"href":"https:\/\/scensverige.se\/en\/wp-json\/wp\/v2\/pages"}],"about":[{"href":"https:\/\/scensverige.se\/en\/wp-json\/wp\/v2\/types\/page"}],"author":[{"embeddable":true,"href":"https:\/\/scensverige.se\/en\/wp-json\/wp\/v2\/users\/9192198"}],"replies":[{"embeddable":true,"href":"https:\/\/scensverige.se\/en\/wp-json\/wp\/v2\/comments?post=22625"}],"version-history":[{"count":0,"href":"https:\/\/scensverige.se\/en\/wp-json\/wp\/v2\/pages\/22625\/revisions"}],"wp:attachment":[{"href":"https:\/\/scensverige.se\/en\/wp-json\/wp\/v2\/media?parent=22625"}],"curies":[{"name":"wp","href":"https:\/\/api.w.org\/{rel}","templated":true}]}}