{"id":22637,"date":"2019-01-24T16:15:45","date_gmt":"2019-01-24T15:15:45","guid":{"rendered":"https:\/\/scensverige.se\/slick-2\/"},"modified":"2019-01-24T16:15:45","modified_gmt":"2019-01-24T15:15:45","slug":"slick-2","status":"publish","type":"page","link":"https:\/\/scensverige.se\/en\/slick-2\/","title":{"rendered":"SLICK"},"content":{"rendered":"\n<h2 class=\"wp-block-heading\" style=\"text-align:center\">SLICK\/Sofia S\u00f6derg\u00e5rd<\/h2>\n\n\n\n<div class=\"wp-block-image\"><figure class=\"aligncenter\"><img loading=\"lazy\" decoding=\"async\" width=\"1024\" height=\"683\" src=\"https:\/\/scensverige.se\/wp-content\/uploads\/2019\/01\/SLICK-8945-web-HUVUD-BILD-1024x683.jpg\" alt=\"\" class=\"wp-image-21362\" srcset=\"https:\/\/scensverige.se\/wp-content\/uploads\/2019\/01\/SLICK-8945-web-HUVUD-BILD-1024x683.jpg 1024w, https:\/\/scensverige.se\/wp-content\/uploads\/2019\/01\/SLICK-8945-web-HUVUD-BILD-300x200.jpg 300w, https:\/\/scensverige.se\/wp-content\/uploads\/2019\/01\/SLICK-8945-web-HUVUD-BILD-768x512.jpg 768w, https:\/\/scensverige.se\/wp-content\/uploads\/2019\/01\/SLICK-8945-web-HUVUD-BILD-1200x800.jpg 1200w, https:\/\/scensverige.se\/wp-content\/uploads\/2019\/01\/SLICK-8945-web-HUVUD-BILD-1400x933.jpg 1400w, https:\/\/scensverige.se\/wp-content\/uploads\/2019\/01\/SLICK-8945-web-HUVUD-BILD.jpg 1500w\" sizes=\"auto, (max-width: 1024px) 100vw, 1024px\" \/><figcaption>Foto: Andreas Nilsson<\/figcaption><\/figure><\/div>\n\n\n\n<p>In SLICK Sofia S\u00f6derg\u00e5rd enters the stage\ntransformed to drag king Qarl Qunt. We get to follow him on his fourth world\ntour both on stage and behind stage. With an interest in power and sexuality,\nhe invites you to a crossover show that lands between cabaret and performance.\nThrough dance styles voguing and waacking he serves butch realness challenging\nthe feminine and masculine stereotypes.<\/p>\n\n\n\n<p class=\"has-normal-font-size\"><strong>By and with:<\/strong> Sofia S\u00f6derg\u00e5rd<br><strong>Director:<\/strong> Ulrika Malmgren<br><strong>Set:<\/strong> Tarika Wahlberg<br><strong>Costume:<\/strong> Felicia Kronl\u00f6f<br><strong>Light &amp; technics: <\/strong>Tobias Hallgren, Lumination<br><strong>Video &amp; projections:<\/strong> Tova Nyberg<br><strong>Sound:<\/strong> Karl Lund<br><\/p>\n\n\n\n<p><strong><br><\/strong><\/p>\n\n\n\n<p><br><\/p>\n","protected":false},"excerpt":{"rendered":"<p>SLICK\/Sofia S\u00f6derg\u00e5rd In SLICK Sofia S\u00f6derg\u00e5rd enters the stage transformed to drag king Qarl Qunt. We get to follow him on his fourth world tour both on stage and behind stage. With an interest in power and sexuality, he invites you to a crossover show that lands between cabaret and performance. Through dance styles voguing &hellip;<\/p>\n","protected":false},"author":9192198,"featured_media":0,"parent":0,"menu_order":0,"comment_status":"closed","ping_status":"closed","template":"","meta":{"_acf_changed":false,"footnotes":""},"class_list":["post-22637","page","type-page","status-publish","hentry","post","without-featured-image"],"acf":[],"yoast_head":"<!-- This site is optimized with the Yoast SEO plugin v27.3 - https:\/\/yoast.com\/product\/yoast-seo-wordpress\/ -->\n<title>SLICK - Scensverige<\/title>\n<meta name=\"robots\" content=\"index, follow, max-snippet:-1, max-image-preview:large, max-video-preview:-1\" \/>\n<link rel=\"canonical\" href=\"https:\/\/scensverige.se\/en\/slick-2\/\" \/>\n<meta property=\"og:locale\" content=\"en_US\" \/>\n<meta property=\"og:type\" content=\"article\" \/>\n<meta property=\"og:title\" content=\"SLICK - Scensverige\" \/>\n<meta property=\"og:description\" content=\"SLICK\/Sofia S\u00f6derg\u00e5rd In SLICK Sofia S\u00f6derg\u00e5rd enters the stage transformed to drag king Qarl Qunt. We get to follow him on his fourth world tour both on stage and behind stage. With an interest in power and sexuality, he invites you to a crossover show that lands between cabaret and performance. Through dance styles voguing &hellip;\" \/>\n<meta property=\"og:url\" content=\"https:\/\/scensverige.se\/en\/slick-2\/\" \/>\n<meta property=\"og:site_name\" content=\"Scensverige\" \/>\n<meta property=\"og:image\" content=\"https:\/\/scensverige.se\/wp-content\/uploads\/2019\/01\/SLICK-8945-web-HUVUD-BILD-1024x683.jpg\" \/>\n<meta name=\"twitter:card\" content=\"summary_large_image\" \/>\n<meta name=\"twitter:label1\" content=\"Est. reading time\" \/>\n\t<meta name=\"twitter:data1\" content=\"1 minute\" \/>\n<script type=\"application\/ld+json\" class=\"yoast-schema-graph\">{\"@context\":\"https:\\\/\\\/schema.org\",\"@graph\":[{\"@type\":\"WebPage\",\"@id\":\"https:\\\/\\\/scensverige.se\\\/en\\\/slick-2\\\/\",\"url\":\"https:\\\/\\\/scensverige.se\\\/en\\\/slick-2\\\/\",\"name\":\"SLICK - Scensverige\",\"isPartOf\":{\"@id\":\"https:\\\/\\\/scensverige.se\\\/#website\"},\"primaryImageOfPage\":{\"@id\":\"https:\\\/\\\/scensverige.se\\\/en\\\/slick-2\\\/#primaryimage\"},\"image\":{\"@id\":\"https:\\\/\\\/scensverige.se\\\/en\\\/slick-2\\\/#primaryimage\"},\"thumbnailUrl\":\"https:\\\/\\\/scensverige.se\\\/wp-content\\\/uploads\\\/2019\\\/01\\\/SLICK-8945-web-HUVUD-BILD-1024x683.jpg\",\"datePublished\":\"2019-01-24T15:15:45+00:00\",\"breadcrumb\":{\"@id\":\"https:\\\/\\\/scensverige.se\\\/en\\\/slick-2\\\/#breadcrumb\"},\"inLanguage\":\"en-US\",\"potentialAction\":[{\"@type\":\"ReadAction\",\"target\":[\"https:\\\/\\\/scensverige.se\\\/en\\\/slick-2\\\/\"]}]},{\"@type\":\"ImageObject\",\"inLanguage\":\"en-US\",\"@id\":\"https:\\\/\\\/scensverige.se\\\/en\\\/slick-2\\\/#primaryimage\",\"url\":\"https:\\\/\\\/scensverige.se\\\/wp-content\\\/uploads\\\/2019\\\/01\\\/SLICK-8945-web-HUVUD-BILD-1024x683.jpg\",\"contentUrl\":\"https:\\\/\\\/scensverige.se\\\/wp-content\\\/uploads\\\/2019\\\/01\\\/SLICK-8945-web-HUVUD-BILD-1024x683.jpg\"},{\"@type\":\"BreadcrumbList\",\"@id\":\"https:\\\/\\\/scensverige.se\\\/en\\\/slick-2\\\/#breadcrumb\",\"itemListElement\":[{\"@type\":\"ListItem\",\"position\":1,\"name\":\"Hem\",\"item\":\"https:\\\/\\\/scensverige.se\\\/en\\\/\"},{\"@type\":\"ListItem\",\"position\":2,\"name\":\"SLICK\"}]},{\"@type\":\"WebSite\",\"@id\":\"https:\\\/\\\/scensverige.se\\\/#website\",\"url\":\"https:\\\/\\\/scensverige.se\\\/\",\"name\":\"Scensverige\",\"description\":\"M\u00f6tesplats f\u00f6r svensk och internationell scenkonst\",\"publisher\":{\"@id\":\"https:\\\/\\\/scensverige.se\\\/#organization\"},\"potentialAction\":[{\"@type\":\"SearchAction\",\"target\":{\"@type\":\"EntryPoint\",\"urlTemplate\":\"https:\\\/\\\/scensverige.se\\\/?s={search_term_string}\"},\"query-input\":{\"@type\":\"PropertyValueSpecification\",\"valueRequired\":true,\"valueName\":\"search_term_string\"}}],\"inLanguage\":\"en-US\"},{\"@type\":\"Organization\",\"@id\":\"https:\\\/\\\/scensverige.se\\\/#organization\",\"name\":\"Scensverige\",\"url\":\"https:\\\/\\\/scensverige.se\\\/\",\"logo\":{\"@type\":\"ImageObject\",\"inLanguage\":\"en-US\",\"@id\":\"https:\\\/\\\/scensverige.se\\\/#\\\/schema\\\/logo\\\/image\\\/\",\"url\":\"https:\\\/\\\/scensverige.se\\\/wp-content\\\/uploads\\\/2019\\\/01\\\/Scensverige_logotyp_800.png\",\"contentUrl\":\"https:\\\/\\\/scensverige.se\\\/wp-content\\\/uploads\\\/2019\\\/01\\\/Scensverige_logotyp_800.png\",\"width\":800,\"height\":186,\"caption\":\"Scensverige\"},\"image\":{\"@id\":\"https:\\\/\\\/scensverige.se\\\/#\\\/schema\\\/logo\\\/image\\\/\"}}]}<\/script>\n<!-- \/ Yoast SEO plugin. -->","yoast_head_json":{"title":"SLICK - Scensverige","robots":{"index":"index","follow":"follow","max-snippet":"max-snippet:-1","max-image-preview":"max-image-preview:large","max-video-preview":"max-video-preview:-1"},"canonical":"https:\/\/scensverige.se\/en\/slick-2\/","og_locale":"en_US","og_type":"article","og_title":"SLICK - Scensverige","og_description":"SLICK\/Sofia S\u00f6derg\u00e5rd In SLICK Sofia S\u00f6derg\u00e5rd enters the stage transformed to drag king Qarl Qunt. We get to follow him on his fourth world tour both on stage and behind stage. With an interest in power and sexuality, he invites you to a crossover show that lands between cabaret and performance. Through dance styles voguing &hellip;","og_url":"https:\/\/scensverige.se\/en\/slick-2\/","og_site_name":"Scensverige","og_image":[{"url":"https:\/\/scensverige.se\/wp-content\/uploads\/2019\/01\/SLICK-8945-web-HUVUD-BILD-1024x683.jpg","type":"","width":"","height":""}],"twitter_card":"summary_large_image","twitter_misc":{"Est. reading time":"1 minute"},"schema":{"@context":"https:\/\/schema.org","@graph":[{"@type":"WebPage","@id":"https:\/\/scensverige.se\/en\/slick-2\/","url":"https:\/\/scensverige.se\/en\/slick-2\/","name":"SLICK - Scensverige","isPartOf":{"@id":"https:\/\/scensverige.se\/#website"},"primaryImageOfPage":{"@id":"https:\/\/scensverige.se\/en\/slick-2\/#primaryimage"},"image":{"@id":"https:\/\/scensverige.se\/en\/slick-2\/#primaryimage"},"thumbnailUrl":"https:\/\/scensverige.se\/wp-content\/uploads\/2019\/01\/SLICK-8945-web-HUVUD-BILD-1024x683.jpg","datePublished":"2019-01-24T15:15:45+00:00","breadcrumb":{"@id":"https:\/\/scensverige.se\/en\/slick-2\/#breadcrumb"},"inLanguage":"en-US","potentialAction":[{"@type":"ReadAction","target":["https:\/\/scensverige.se\/en\/slick-2\/"]}]},{"@type":"ImageObject","inLanguage":"en-US","@id":"https:\/\/scensverige.se\/en\/slick-2\/#primaryimage","url":"https:\/\/scensverige.se\/wp-content\/uploads\/2019\/01\/SLICK-8945-web-HUVUD-BILD-1024x683.jpg","contentUrl":"https:\/\/scensverige.se\/wp-content\/uploads\/2019\/01\/SLICK-8945-web-HUVUD-BILD-1024x683.jpg"},{"@type":"BreadcrumbList","@id":"https:\/\/scensverige.se\/en\/slick-2\/#breadcrumb","itemListElement":[{"@type":"ListItem","position":1,"name":"Hem","item":"https:\/\/scensverige.se\/en\/"},{"@type":"ListItem","position":2,"name":"SLICK"}]},{"@type":"WebSite","@id":"https:\/\/scensverige.se\/#website","url":"https:\/\/scensverige.se\/","name":"Scensverige","description":"M\u00f6tesplats f\u00f6r svensk och internationell scenkonst","publisher":{"@id":"https:\/\/scensverige.se\/#organization"},"potentialAction":[{"@type":"SearchAction","target":{"@type":"EntryPoint","urlTemplate":"https:\/\/scensverige.se\/?s={search_term_string}"},"query-input":{"@type":"PropertyValueSpecification","valueRequired":true,"valueName":"search_term_string"}}],"inLanguage":"en-US"},{"@type":"Organization","@id":"https:\/\/scensverige.se\/#organization","name":"Scensverige","url":"https:\/\/scensverige.se\/","logo":{"@type":"ImageObject","inLanguage":"en-US","@id":"https:\/\/scensverige.se\/#\/schema\/logo\/image\/","url":"https:\/\/scensverige.se\/wp-content\/uploads\/2019\/01\/Scensverige_logotyp_800.png","contentUrl":"https:\/\/scensverige.se\/wp-content\/uploads\/2019\/01\/Scensverige_logotyp_800.png","width":800,"height":186,"caption":"Scensverige"},"image":{"@id":"https:\/\/scensverige.se\/#\/schema\/logo\/image\/"}}]}},"_links":{"self":[{"href":"https:\/\/scensverige.se\/en\/wp-json\/wp\/v2\/pages\/22637","targetHints":{"allow":["GET"]}}],"collection":[{"href":"https:\/\/scensverige.se\/en\/wp-json\/wp\/v2\/pages"}],"about":[{"href":"https:\/\/scensverige.se\/en\/wp-json\/wp\/v2\/types\/page"}],"author":[{"embeddable":true,"href":"https:\/\/scensverige.se\/en\/wp-json\/wp\/v2\/users\/9192198"}],"replies":[{"embeddable":true,"href":"https:\/\/scensverige.se\/en\/wp-json\/wp\/v2\/comments?post=22637"}],"version-history":[{"count":0,"href":"https:\/\/scensverige.se\/en\/wp-json\/wp\/v2\/pages\/22637\/revisions"}],"wp:attachment":[{"href":"https:\/\/scensverige.se\/en\/wp-json\/wp\/v2\/media?parent=22637"}],"curies":[{"name":"wp","href":"https:\/\/api.w.org\/{rel}","templated":true}]}}