{"id":22639,"date":"2019-01-24T16:15:45","date_gmt":"2019-01-24T15:15:45","guid":{"rendered":"https:\/\/scensverige.se\/snubben-lattar-pa-sitt-hjarta\/"},"modified":"2019-01-24T16:15:45","modified_gmt":"2019-01-24T15:15:45","slug":"snubben-lattar-pa-sitt-hjarta","status":"publish","type":"page","link":"https:\/\/scensverige.se\/en\/snubben-lattar-pa-sitt-hjarta\/","title":{"rendered":"Snubben l\u00e4ttar p\u00e5 sitt hj\u00e4rta"},"content":{"rendered":"\n<h2 class=\"wp-block-heading\" style=\"text-align:center\">Snubben l\u00e4ttar p\u00e5 sitt hj\u00e4rta\/Sk\u00e4rholmen Kulturhuset Stadsteatern<\/h2>\n\n\n\n<div class=\"wp-block-image\"><figure class=\"aligncenter\"><img loading=\"lazy\" decoding=\"async\" width=\"1024\" height=\"683\" src=\"https:\/\/scensverige.se\/wp-content\/uploads\/2019\/01\/snubben-lattar-pa-sitt-hjarta_DSC1530_press-1-1024x683.jpg\" alt=\"\" class=\"wp-image-21368\" srcset=\"https:\/\/scensverige.se\/wp-content\/uploads\/2019\/01\/snubben-lattar-pa-sitt-hjarta_DSC1530_press-1-1024x683.jpg 1024w, https:\/\/scensverige.se\/wp-content\/uploads\/2019\/01\/snubben-lattar-pa-sitt-hjarta_DSC1530_press-1-300x200.jpg 300w, https:\/\/scensverige.se\/wp-content\/uploads\/2019\/01\/snubben-lattar-pa-sitt-hjarta_DSC1530_press-1-768x512.jpg 768w, https:\/\/scensverige.se\/wp-content\/uploads\/2019\/01\/snubben-lattar-pa-sitt-hjarta_DSC1530_press-1-1200x800.jpg 1200w, https:\/\/scensverige.se\/wp-content\/uploads\/2019\/01\/snubben-lattar-pa-sitt-hjarta_DSC1530_press-1-1400x934.jpg 1400w\" sizes=\"auto, (max-width: 1024px) 100vw, 1024px\" \/><figcaption>Foto: Markus G\u00e5rder<\/figcaption><\/figure><\/div>\n\n\n\n<p>Bro. Brother. Bror. Habibi. Brate moj. Brakam. Akhi. Ukhti.<br>One more time I turn the other cheek.<br>One more time, I feel like shit \u2013 like an outsider.<br>Us boys \u2013 we\u2019re not normal.<br>They just: \u201dRomeo, what did we tell you about not dreaming?\u201d<br>They just: \u201dRomeo, we told you man, don\u2019t climb that brick wall up to that apartment building? <br>But come on, who can I spill my heart out to?<\/p>\n\n\n\n<p>What is\nmasculinity? Are there different kinds of masculinity? DUDE SPILLING HIS HEART\nOUT HERE is a theatre piece in which we follow a group of guys who try to\nunderstand themselves, each other, and the world. &nbsp;They each have different ways in which to\ndescribe their world and how they live in it. <\/p>\n\n\n\n<p>The play\nis written by \u00c5sa Lindholm and Farzin Fatih. Based on conversations with people\nof different ages focused on norms and masculinity, they\u2019ve written a play that\ntouches everyone. <\/p>\n\n\n\n<p class=\"has-normal-font-size\"><strong>By:<\/strong> \u00c5sa Lindholm, Farzin Fatih <br><strong>Director and set design:<\/strong> Affe Ashkar <br><strong>Light design:<\/strong> Mats \u00d6hlin <br><strong>Music:<\/strong> Sai, Viktor Ax <br><strong>Voice: <\/strong>Rawa <br><strong>Voice:<\/strong> Aki<br><strong>Cast:<\/strong> Alexander Abdallah, Hannes Fohlin, Roy Rizk, Peter Viitanen, Peshang Rad, Alexej Manvelov<br><br><br><\/p>\n","protected":false},"excerpt":{"rendered":"<p>Snubben l\u00e4ttar p\u00e5 sitt hj\u00e4rta\/Sk\u00e4rholmen Kulturhuset Stadsteatern Bro. Brother. Bror. Habibi. Brate moj. Brakam. Akhi. Ukhti.One more time I turn the other cheek.One more time, I feel like shit \u2013 like an outsider.Us boys \u2013 we\u2019re not normal.They just: \u201dRomeo, what did we tell you about not dreaming?\u201dThey just: \u201dRomeo, we told you man, don\u2019t &hellip;<\/p>\n","protected":false},"author":9192198,"featured_media":0,"parent":0,"menu_order":0,"comment_status":"closed","ping_status":"closed","template":"","meta":{"_acf_changed":false,"footnotes":""},"class_list":["post-22639","page","type-page","status-publish","hentry","post","without-featured-image"],"acf":[],"yoast_head":"<!-- This site is optimized with the Yoast SEO plugin v27.5 - https:\/\/yoast.com\/product\/yoast-seo-wordpress\/ -->\n<title>Snubben l\u00e4ttar p\u00e5 sitt hj\u00e4rta - Scensverige<\/title>\n<meta name=\"robots\" content=\"index, follow, max-snippet:-1, max-image-preview:large, max-video-preview:-1\" \/>\n<link rel=\"canonical\" href=\"https:\/\/scensverige.se\/en\/snubben-lattar-pa-sitt-hjarta\/\" \/>\n<meta property=\"og:locale\" content=\"en_US\" \/>\n<meta property=\"og:type\" content=\"article\" \/>\n<meta property=\"og:title\" content=\"Snubben l\u00e4ttar p\u00e5 sitt hj\u00e4rta - Scensverige\" \/>\n<meta property=\"og:description\" content=\"Snubben l\u00e4ttar p\u00e5 sitt hj\u00e4rta\/Sk\u00e4rholmen Kulturhuset Stadsteatern Bro. Brother. Bror. Habibi. Brate moj. Brakam. Akhi. Ukhti.One more time I turn the other cheek.One more time, I feel like shit \u2013 like an outsider.Us boys \u2013 we\u2019re not normal.They just: \u201dRomeo, what did we tell you about not dreaming?\u201dThey just: \u201dRomeo, we told you man, don\u2019t &hellip;\" \/>\n<meta property=\"og:url\" content=\"https:\/\/scensverige.se\/en\/snubben-lattar-pa-sitt-hjarta\/\" \/>\n<meta property=\"og:site_name\" content=\"Scensverige\" \/>\n<meta property=\"og:image\" content=\"https:\/\/scensverige.se\/wp-content\/uploads\/2019\/01\/snubben-lattar-pa-sitt-hjarta_DSC1530_press-1-1024x683.jpg\" \/>\n<meta name=\"twitter:card\" content=\"summary_large_image\" \/>\n<meta name=\"twitter:label1\" content=\"Est. reading time\" \/>\n\t<meta name=\"twitter:data1\" content=\"1 minute\" \/>\n<script type=\"application\/ld+json\" class=\"yoast-schema-graph\">{\"@context\":\"https:\\\/\\\/schema.org\",\"@graph\":[{\"@type\":\"WebPage\",\"@id\":\"https:\\\/\\\/scensverige.se\\\/en\\\/snubben-lattar-pa-sitt-hjarta\\\/\",\"url\":\"https:\\\/\\\/scensverige.se\\\/en\\\/snubben-lattar-pa-sitt-hjarta\\\/\",\"name\":\"Snubben l\u00e4ttar p\u00e5 sitt hj\u00e4rta - Scensverige\",\"isPartOf\":{\"@id\":\"https:\\\/\\\/scensverige.se\\\/#website\"},\"primaryImageOfPage\":{\"@id\":\"https:\\\/\\\/scensverige.se\\\/en\\\/snubben-lattar-pa-sitt-hjarta\\\/#primaryimage\"},\"image\":{\"@id\":\"https:\\\/\\\/scensverige.se\\\/en\\\/snubben-lattar-pa-sitt-hjarta\\\/#primaryimage\"},\"thumbnailUrl\":\"https:\\\/\\\/scensverige.se\\\/wp-content\\\/uploads\\\/2019\\\/01\\\/snubben-lattar-pa-sitt-hjarta_DSC1530_press-1-1024x683.jpg\",\"datePublished\":\"2019-01-24T15:15:45+00:00\",\"breadcrumb\":{\"@id\":\"https:\\\/\\\/scensverige.se\\\/en\\\/snubben-lattar-pa-sitt-hjarta\\\/#breadcrumb\"},\"inLanguage\":\"en-US\",\"potentialAction\":[{\"@type\":\"ReadAction\",\"target\":[\"https:\\\/\\\/scensverige.se\\\/en\\\/snubben-lattar-pa-sitt-hjarta\\\/\"]}]},{\"@type\":\"ImageObject\",\"inLanguage\":\"en-US\",\"@id\":\"https:\\\/\\\/scensverige.se\\\/en\\\/snubben-lattar-pa-sitt-hjarta\\\/#primaryimage\",\"url\":\"https:\\\/\\\/scensverige.se\\\/wp-content\\\/uploads\\\/2019\\\/01\\\/snubben-lattar-pa-sitt-hjarta_DSC1530_press-1-1024x683.jpg\",\"contentUrl\":\"https:\\\/\\\/scensverige.se\\\/wp-content\\\/uploads\\\/2019\\\/01\\\/snubben-lattar-pa-sitt-hjarta_DSC1530_press-1-1024x683.jpg\"},{\"@type\":\"BreadcrumbList\",\"@id\":\"https:\\\/\\\/scensverige.se\\\/en\\\/snubben-lattar-pa-sitt-hjarta\\\/#breadcrumb\",\"itemListElement\":[{\"@type\":\"ListItem\",\"position\":1,\"name\":\"Hem\",\"item\":\"https:\\\/\\\/scensverige.se\\\/en\\\/\"},{\"@type\":\"ListItem\",\"position\":2,\"name\":\"Snubben l\u00e4ttar p\u00e5 sitt hj\u00e4rta\"}]},{\"@type\":\"WebSite\",\"@id\":\"https:\\\/\\\/scensverige.se\\\/#website\",\"url\":\"https:\\\/\\\/scensverige.se\\\/\",\"name\":\"Scensverige\",\"description\":\"M\u00f6tesplats f\u00f6r svensk och internationell scenkonst\",\"publisher\":{\"@id\":\"https:\\\/\\\/scensverige.se\\\/#organization\"},\"potentialAction\":[{\"@type\":\"SearchAction\",\"target\":{\"@type\":\"EntryPoint\",\"urlTemplate\":\"https:\\\/\\\/scensverige.se\\\/?s={search_term_string}\"},\"query-input\":{\"@type\":\"PropertyValueSpecification\",\"valueRequired\":true,\"valueName\":\"search_term_string\"}}],\"inLanguage\":\"en-US\"},{\"@type\":\"Organization\",\"@id\":\"https:\\\/\\\/scensverige.se\\\/#organization\",\"name\":\"Scensverige\",\"url\":\"https:\\\/\\\/scensverige.se\\\/\",\"logo\":{\"@type\":\"ImageObject\",\"inLanguage\":\"en-US\",\"@id\":\"https:\\\/\\\/scensverige.se\\\/#\\\/schema\\\/logo\\\/image\\\/\",\"url\":\"https:\\\/\\\/scensverige.se\\\/wp-content\\\/uploads\\\/2019\\\/01\\\/Scensverige_logotyp_800.png\",\"contentUrl\":\"https:\\\/\\\/scensverige.se\\\/wp-content\\\/uploads\\\/2019\\\/01\\\/Scensverige_logotyp_800.png\",\"width\":800,\"height\":186,\"caption\":\"Scensverige\"},\"image\":{\"@id\":\"https:\\\/\\\/scensverige.se\\\/#\\\/schema\\\/logo\\\/image\\\/\"}}]}<\/script>\n<!-- \/ Yoast SEO plugin. -->","yoast_head_json":{"title":"Snubben l\u00e4ttar p\u00e5 sitt hj\u00e4rta - Scensverige","robots":{"index":"index","follow":"follow","max-snippet":"max-snippet:-1","max-image-preview":"max-image-preview:large","max-video-preview":"max-video-preview:-1"},"canonical":"https:\/\/scensverige.se\/en\/snubben-lattar-pa-sitt-hjarta\/","og_locale":"en_US","og_type":"article","og_title":"Snubben l\u00e4ttar p\u00e5 sitt hj\u00e4rta - Scensverige","og_description":"Snubben l\u00e4ttar p\u00e5 sitt hj\u00e4rta\/Sk\u00e4rholmen Kulturhuset Stadsteatern Bro. Brother. Bror. Habibi. Brate moj. Brakam. Akhi. Ukhti.One more time I turn the other cheek.One more time, I feel like shit \u2013 like an outsider.Us boys \u2013 we\u2019re not normal.They just: \u201dRomeo, what did we tell you about not dreaming?\u201dThey just: \u201dRomeo, we told you man, don\u2019t &hellip;","og_url":"https:\/\/scensverige.se\/en\/snubben-lattar-pa-sitt-hjarta\/","og_site_name":"Scensverige","og_image":[{"url":"https:\/\/scensverige.se\/wp-content\/uploads\/2019\/01\/snubben-lattar-pa-sitt-hjarta_DSC1530_press-1-1024x683.jpg","type":"","width":"","height":""}],"twitter_card":"summary_large_image","twitter_misc":{"Est. reading time":"1 minute"},"schema":{"@context":"https:\/\/schema.org","@graph":[{"@type":"WebPage","@id":"https:\/\/scensverige.se\/en\/snubben-lattar-pa-sitt-hjarta\/","url":"https:\/\/scensverige.se\/en\/snubben-lattar-pa-sitt-hjarta\/","name":"Snubben l\u00e4ttar p\u00e5 sitt hj\u00e4rta - Scensverige","isPartOf":{"@id":"https:\/\/scensverige.se\/#website"},"primaryImageOfPage":{"@id":"https:\/\/scensverige.se\/en\/snubben-lattar-pa-sitt-hjarta\/#primaryimage"},"image":{"@id":"https:\/\/scensverige.se\/en\/snubben-lattar-pa-sitt-hjarta\/#primaryimage"},"thumbnailUrl":"https:\/\/scensverige.se\/wp-content\/uploads\/2019\/01\/snubben-lattar-pa-sitt-hjarta_DSC1530_press-1-1024x683.jpg","datePublished":"2019-01-24T15:15:45+00:00","breadcrumb":{"@id":"https:\/\/scensverige.se\/en\/snubben-lattar-pa-sitt-hjarta\/#breadcrumb"},"inLanguage":"en-US","potentialAction":[{"@type":"ReadAction","target":["https:\/\/scensverige.se\/en\/snubben-lattar-pa-sitt-hjarta\/"]}]},{"@type":"ImageObject","inLanguage":"en-US","@id":"https:\/\/scensverige.se\/en\/snubben-lattar-pa-sitt-hjarta\/#primaryimage","url":"https:\/\/scensverige.se\/wp-content\/uploads\/2019\/01\/snubben-lattar-pa-sitt-hjarta_DSC1530_press-1-1024x683.jpg","contentUrl":"https:\/\/scensverige.se\/wp-content\/uploads\/2019\/01\/snubben-lattar-pa-sitt-hjarta_DSC1530_press-1-1024x683.jpg"},{"@type":"BreadcrumbList","@id":"https:\/\/scensverige.se\/en\/snubben-lattar-pa-sitt-hjarta\/#breadcrumb","itemListElement":[{"@type":"ListItem","position":1,"name":"Hem","item":"https:\/\/scensverige.se\/en\/"},{"@type":"ListItem","position":2,"name":"Snubben l\u00e4ttar p\u00e5 sitt hj\u00e4rta"}]},{"@type":"WebSite","@id":"https:\/\/scensverige.se\/#website","url":"https:\/\/scensverige.se\/","name":"Scensverige","description":"M\u00f6tesplats f\u00f6r svensk och internationell scenkonst","publisher":{"@id":"https:\/\/scensverige.se\/#organization"},"potentialAction":[{"@type":"SearchAction","target":{"@type":"EntryPoint","urlTemplate":"https:\/\/scensverige.se\/?s={search_term_string}"},"query-input":{"@type":"PropertyValueSpecification","valueRequired":true,"valueName":"search_term_string"}}],"inLanguage":"en-US"},{"@type":"Organization","@id":"https:\/\/scensverige.se\/#organization","name":"Scensverige","url":"https:\/\/scensverige.se\/","logo":{"@type":"ImageObject","inLanguage":"en-US","@id":"https:\/\/scensverige.se\/#\/schema\/logo\/image\/","url":"https:\/\/scensverige.se\/wp-content\/uploads\/2019\/01\/Scensverige_logotyp_800.png","contentUrl":"https:\/\/scensverige.se\/wp-content\/uploads\/2019\/01\/Scensverige_logotyp_800.png","width":800,"height":186,"caption":"Scensverige"},"image":{"@id":"https:\/\/scensverige.se\/#\/schema\/logo\/image\/"}}]}},"_links":{"self":[{"href":"https:\/\/scensverige.se\/en\/wp-json\/wp\/v2\/pages\/22639","targetHints":{"allow":["GET"]}}],"collection":[{"href":"https:\/\/scensverige.se\/en\/wp-json\/wp\/v2\/pages"}],"about":[{"href":"https:\/\/scensverige.se\/en\/wp-json\/wp\/v2\/types\/page"}],"author":[{"embeddable":true,"href":"https:\/\/scensverige.se\/en\/wp-json\/wp\/v2\/users\/9192198"}],"replies":[{"embeddable":true,"href":"https:\/\/scensverige.se\/en\/wp-json\/wp\/v2\/comments?post=22639"}],"version-history":[{"count":0,"href":"https:\/\/scensverige.se\/en\/wp-json\/wp\/v2\/pages\/22639\/revisions"}],"wp:attachment":[{"href":"https:\/\/scensverige.se\/en\/wp-json\/wp\/v2\/media?parent=22639"}],"curies":[{"name":"wp","href":"https:\/\/api.w.org\/{rel}","templated":true}]}}