{"id":22641,"date":"2019-01-24T16:15:45","date_gmt":"2019-01-24T15:15:45","guid":{"rendered":"https:\/\/scensverige.se\/the-laramie-project\/"},"modified":"2019-01-24T16:15:45","modified_gmt":"2019-01-24T15:15:45","slug":"the-laramie-project","status":"publish","type":"page","link":"https:\/\/scensverige.se\/en\/the-laramie-project\/","title":{"rendered":"The Laramie Project"},"content":{"rendered":"\n<h2 class=\"wp-block-heading\" style=\"text-align:center\">The Laramie Project\/Kulturhuset Stadsteatern Sk\u00e4rholmen<\/h2>\n\n\n\n<div class=\"wp-block-image\"><figure class=\"aligncenter\"><img loading=\"lazy\" decoding=\"async\" width=\"1024\" height=\"679\" src=\"https:\/\/scensverige.se\/wp-content\/uploads\/2019\/01\/the-laramie-project_DSC5337_press-1-1024x679.jpg\" alt=\"\" class=\"wp-image-21322\" srcset=\"https:\/\/scensverige.se\/wp-content\/uploads\/2019\/01\/the-laramie-project_DSC5337_press-1-1024x679.jpg 1024w, https:\/\/scensverige.se\/wp-content\/uploads\/2019\/01\/the-laramie-project_DSC5337_press-1-300x199.jpg 300w, https:\/\/scensverige.se\/wp-content\/uploads\/2019\/01\/the-laramie-project_DSC5337_press-1-768x509.jpg 768w, https:\/\/scensverige.se\/wp-content\/uploads\/2019\/01\/the-laramie-project_DSC5337_press-1-1200x796.jpg 1200w, https:\/\/scensverige.se\/wp-content\/uploads\/2019\/01\/the-laramie-project_DSC5337_press-1-1400x929.jpg 1400w\" sizes=\"auto, (max-width: 1024px) 100vw, 1024px\" \/><figcaption>Foto: Markus G\u00e5rder<\/figcaption><\/figure><\/div>\n\n\n\n<p>The city Laramie was in 1998 shaken by the brutal murder of a young, homosexual man. Matthew Shepard was kidnapped, tortured and left to die tied to a barb-wire fence. What happened in a small town in the most sparsely populated state in the US, Wyoming, made headlines around the world as one of the first murders to receive the epitaph \u201chate crime\u201d. <\/p>\n\n\n\n<p>How does\nan event like this change a place and the folks that live there? What questions\nand answers are necessary when two people can commit such a gruesome crime in a\ntown where they are known by all? The Laramie Project is about what should be\nequal for every man, but which in reality is not. Human value. &nbsp;<\/p>\n\n\n\n<p>The Laramie Project is based on documentary material collected in Laramie in 1988. Soon after the murder, a theatre company travelled to Laramie to try and form a picture of the town after what had just happened. The group conducted over 200 interviews with townspeople and used them to write The Laramie Project. Since it first opened in New York 20 years ago, they play has been performed at theatres all over the world. <\/p>\n\n\n\n<p>The play\nis produced here with the permission of Josef Weinberger Limited, London.<\/p>\n\n\n\n<p class=\"has-normal-font-size\"><strong>By:<\/strong> Mois\u00e9s Kaufman, The Tectonic Theater Project <br><strong>Translation<\/strong> Joakim Sten <br><strong>Director:<\/strong> Carolina Fr\u00e4nde <br><strong>Set design:<\/strong> Charlotta Nylund <br><strong>Costume design:<\/strong> Elin Hallberg <br><strong>Light design:<\/strong> Karl Svensson <br><strong>Mask design:<\/strong> Linda Gon\u00e7alves <br><strong>Music:<\/strong> Frida \u00d6hrn <br><strong>Prop:<\/strong> Tora Kirchmeier<br><strong>Set- and costume design assistant: <\/strong>Tora Kirchmeier<br><strong>Cast:<\/strong> Mattias Brunn, Rebecca Kaneld, Chatarina Larsson, Maria Nohra, Isak Nordstr\u00f6m (Teaterh\u00f6gskolan i Lule\u00e5), Daniel Nystr\u00f6m, Simon Rodriguez, Per \u00d6hagen och Frida \u00d6hrn <br><br><\/p>\n","protected":false},"excerpt":{"rendered":"<p>The Laramie Project\/Kulturhuset Stadsteatern Sk\u00e4rholmen The city Laramie was in 1998 shaken by the brutal murder of a young, homosexual man. Matthew Shepard was kidnapped, tortured and left to die tied to a barb-wire fence. What happened in a small town in the most sparsely populated state in the US, Wyoming, made headlines around the &hellip;<\/p>\n","protected":false},"author":9192198,"featured_media":0,"parent":0,"menu_order":0,"comment_status":"closed","ping_status":"closed","template":"","meta":{"_acf_changed":false,"footnotes":""},"class_list":["post-22641","page","type-page","status-publish","hentry","post","without-featured-image"],"acf":[],"yoast_head":"<!-- This site is optimized with the Yoast SEO plugin v27.3 - https:\/\/yoast.com\/product\/yoast-seo-wordpress\/ -->\n<title>The Laramie Project - Scensverige<\/title>\n<meta name=\"robots\" content=\"index, follow, max-snippet:-1, max-image-preview:large, max-video-preview:-1\" \/>\n<link rel=\"canonical\" href=\"https:\/\/scensverige.se\/en\/the-laramie-project\/\" \/>\n<meta property=\"og:locale\" content=\"en_US\" \/>\n<meta property=\"og:type\" content=\"article\" \/>\n<meta property=\"og:title\" content=\"The Laramie Project - Scensverige\" \/>\n<meta property=\"og:description\" content=\"The Laramie Project\/Kulturhuset Stadsteatern Sk\u00e4rholmen The city Laramie was in 1998 shaken by the brutal murder of a young, homosexual man. Matthew Shepard was kidnapped, tortured and left to die tied to a barb-wire fence. What happened in a small town in the most sparsely populated state in the US, Wyoming, made headlines around the &hellip;\" \/>\n<meta property=\"og:url\" content=\"https:\/\/scensverige.se\/en\/the-laramie-project\/\" \/>\n<meta property=\"og:site_name\" content=\"Scensverige\" \/>\n<meta property=\"og:image\" content=\"https:\/\/scensverige.se\/wp-content\/uploads\/2019\/01\/the-laramie-project_DSC5337_press-1-1024x679.jpg\" \/>\n<meta name=\"twitter:card\" content=\"summary_large_image\" \/>\n<meta name=\"twitter:label1\" content=\"Est. reading time\" \/>\n\t<meta name=\"twitter:data1\" content=\"1 minute\" \/>\n<script type=\"application\/ld+json\" class=\"yoast-schema-graph\">{\"@context\":\"https:\\\/\\\/schema.org\",\"@graph\":[{\"@type\":\"WebPage\",\"@id\":\"https:\\\/\\\/scensverige.se\\\/en\\\/the-laramie-project\\\/\",\"url\":\"https:\\\/\\\/scensverige.se\\\/en\\\/the-laramie-project\\\/\",\"name\":\"The Laramie Project - Scensverige\",\"isPartOf\":{\"@id\":\"https:\\\/\\\/scensverige.se\\\/#website\"},\"primaryImageOfPage\":{\"@id\":\"https:\\\/\\\/scensverige.se\\\/en\\\/the-laramie-project\\\/#primaryimage\"},\"image\":{\"@id\":\"https:\\\/\\\/scensverige.se\\\/en\\\/the-laramie-project\\\/#primaryimage\"},\"thumbnailUrl\":\"https:\\\/\\\/scensverige.se\\\/wp-content\\\/uploads\\\/2019\\\/01\\\/the-laramie-project_DSC5337_press-1-1024x679.jpg\",\"datePublished\":\"2019-01-24T15:15:45+00:00\",\"breadcrumb\":{\"@id\":\"https:\\\/\\\/scensverige.se\\\/en\\\/the-laramie-project\\\/#breadcrumb\"},\"inLanguage\":\"en-US\",\"potentialAction\":[{\"@type\":\"ReadAction\",\"target\":[\"https:\\\/\\\/scensverige.se\\\/en\\\/the-laramie-project\\\/\"]}]},{\"@type\":\"ImageObject\",\"inLanguage\":\"en-US\",\"@id\":\"https:\\\/\\\/scensverige.se\\\/en\\\/the-laramie-project\\\/#primaryimage\",\"url\":\"https:\\\/\\\/scensverige.se\\\/wp-content\\\/uploads\\\/2019\\\/01\\\/the-laramie-project_DSC5337_press-1-1024x679.jpg\",\"contentUrl\":\"https:\\\/\\\/scensverige.se\\\/wp-content\\\/uploads\\\/2019\\\/01\\\/the-laramie-project_DSC5337_press-1-1024x679.jpg\"},{\"@type\":\"BreadcrumbList\",\"@id\":\"https:\\\/\\\/scensverige.se\\\/en\\\/the-laramie-project\\\/#breadcrumb\",\"itemListElement\":[{\"@type\":\"ListItem\",\"position\":1,\"name\":\"Hem\",\"item\":\"https:\\\/\\\/scensverige.se\\\/en\\\/\"},{\"@type\":\"ListItem\",\"position\":2,\"name\":\"The Laramie Project\"}]},{\"@type\":\"WebSite\",\"@id\":\"https:\\\/\\\/scensverige.se\\\/#website\",\"url\":\"https:\\\/\\\/scensverige.se\\\/\",\"name\":\"Scensverige\",\"description\":\"M\u00f6tesplats f\u00f6r svensk och internationell scenkonst\",\"publisher\":{\"@id\":\"https:\\\/\\\/scensverige.se\\\/#organization\"},\"potentialAction\":[{\"@type\":\"SearchAction\",\"target\":{\"@type\":\"EntryPoint\",\"urlTemplate\":\"https:\\\/\\\/scensverige.se\\\/?s={search_term_string}\"},\"query-input\":{\"@type\":\"PropertyValueSpecification\",\"valueRequired\":true,\"valueName\":\"search_term_string\"}}],\"inLanguage\":\"en-US\"},{\"@type\":\"Organization\",\"@id\":\"https:\\\/\\\/scensverige.se\\\/#organization\",\"name\":\"Scensverige\",\"url\":\"https:\\\/\\\/scensverige.se\\\/\",\"logo\":{\"@type\":\"ImageObject\",\"inLanguage\":\"en-US\",\"@id\":\"https:\\\/\\\/scensverige.se\\\/#\\\/schema\\\/logo\\\/image\\\/\",\"url\":\"https:\\\/\\\/scensverige.se\\\/wp-content\\\/uploads\\\/2019\\\/01\\\/Scensverige_logotyp_800.png\",\"contentUrl\":\"https:\\\/\\\/scensverige.se\\\/wp-content\\\/uploads\\\/2019\\\/01\\\/Scensverige_logotyp_800.png\",\"width\":800,\"height\":186,\"caption\":\"Scensverige\"},\"image\":{\"@id\":\"https:\\\/\\\/scensverige.se\\\/#\\\/schema\\\/logo\\\/image\\\/\"}}]}<\/script>\n<!-- \/ Yoast SEO plugin. -->","yoast_head_json":{"title":"The Laramie Project - Scensverige","robots":{"index":"index","follow":"follow","max-snippet":"max-snippet:-1","max-image-preview":"max-image-preview:large","max-video-preview":"max-video-preview:-1"},"canonical":"https:\/\/scensverige.se\/en\/the-laramie-project\/","og_locale":"en_US","og_type":"article","og_title":"The Laramie Project - Scensverige","og_description":"The Laramie Project\/Kulturhuset Stadsteatern Sk\u00e4rholmen The city Laramie was in 1998 shaken by the brutal murder of a young, homosexual man. Matthew Shepard was kidnapped, tortured and left to die tied to a barb-wire fence. What happened in a small town in the most sparsely populated state in the US, Wyoming, made headlines around the &hellip;","og_url":"https:\/\/scensverige.se\/en\/the-laramie-project\/","og_site_name":"Scensverige","og_image":[{"url":"https:\/\/scensverige.se\/wp-content\/uploads\/2019\/01\/the-laramie-project_DSC5337_press-1-1024x679.jpg","type":"","width":"","height":""}],"twitter_card":"summary_large_image","twitter_misc":{"Est. reading time":"1 minute"},"schema":{"@context":"https:\/\/schema.org","@graph":[{"@type":"WebPage","@id":"https:\/\/scensverige.se\/en\/the-laramie-project\/","url":"https:\/\/scensverige.se\/en\/the-laramie-project\/","name":"The Laramie Project - Scensverige","isPartOf":{"@id":"https:\/\/scensverige.se\/#website"},"primaryImageOfPage":{"@id":"https:\/\/scensverige.se\/en\/the-laramie-project\/#primaryimage"},"image":{"@id":"https:\/\/scensverige.se\/en\/the-laramie-project\/#primaryimage"},"thumbnailUrl":"https:\/\/scensverige.se\/wp-content\/uploads\/2019\/01\/the-laramie-project_DSC5337_press-1-1024x679.jpg","datePublished":"2019-01-24T15:15:45+00:00","breadcrumb":{"@id":"https:\/\/scensverige.se\/en\/the-laramie-project\/#breadcrumb"},"inLanguage":"en-US","potentialAction":[{"@type":"ReadAction","target":["https:\/\/scensverige.se\/en\/the-laramie-project\/"]}]},{"@type":"ImageObject","inLanguage":"en-US","@id":"https:\/\/scensverige.se\/en\/the-laramie-project\/#primaryimage","url":"https:\/\/scensverige.se\/wp-content\/uploads\/2019\/01\/the-laramie-project_DSC5337_press-1-1024x679.jpg","contentUrl":"https:\/\/scensverige.se\/wp-content\/uploads\/2019\/01\/the-laramie-project_DSC5337_press-1-1024x679.jpg"},{"@type":"BreadcrumbList","@id":"https:\/\/scensverige.se\/en\/the-laramie-project\/#breadcrumb","itemListElement":[{"@type":"ListItem","position":1,"name":"Hem","item":"https:\/\/scensverige.se\/en\/"},{"@type":"ListItem","position":2,"name":"The Laramie Project"}]},{"@type":"WebSite","@id":"https:\/\/scensverige.se\/#website","url":"https:\/\/scensverige.se\/","name":"Scensverige","description":"M\u00f6tesplats f\u00f6r svensk och internationell scenkonst","publisher":{"@id":"https:\/\/scensverige.se\/#organization"},"potentialAction":[{"@type":"SearchAction","target":{"@type":"EntryPoint","urlTemplate":"https:\/\/scensverige.se\/?s={search_term_string}"},"query-input":{"@type":"PropertyValueSpecification","valueRequired":true,"valueName":"search_term_string"}}],"inLanguage":"en-US"},{"@type":"Organization","@id":"https:\/\/scensverige.se\/#organization","name":"Scensverige","url":"https:\/\/scensverige.se\/","logo":{"@type":"ImageObject","inLanguage":"en-US","@id":"https:\/\/scensverige.se\/#\/schema\/logo\/image\/","url":"https:\/\/scensverige.se\/wp-content\/uploads\/2019\/01\/Scensverige_logotyp_800.png","contentUrl":"https:\/\/scensverige.se\/wp-content\/uploads\/2019\/01\/Scensverige_logotyp_800.png","width":800,"height":186,"caption":"Scensverige"},"image":{"@id":"https:\/\/scensverige.se\/#\/schema\/logo\/image\/"}}]}},"_links":{"self":[{"href":"https:\/\/scensverige.se\/en\/wp-json\/wp\/v2\/pages\/22641","targetHints":{"allow":["GET"]}}],"collection":[{"href":"https:\/\/scensverige.se\/en\/wp-json\/wp\/v2\/pages"}],"about":[{"href":"https:\/\/scensverige.se\/en\/wp-json\/wp\/v2\/types\/page"}],"author":[{"embeddable":true,"href":"https:\/\/scensverige.se\/en\/wp-json\/wp\/v2\/users\/9192198"}],"replies":[{"embeddable":true,"href":"https:\/\/scensverige.se\/en\/wp-json\/wp\/v2\/comments?post=22641"}],"version-history":[{"count":0,"href":"https:\/\/scensverige.se\/en\/wp-json\/wp\/v2\/pages\/22641\/revisions"}],"wp:attachment":[{"href":"https:\/\/scensverige.se\/en\/wp-json\/wp\/v2\/media?parent=22641"}],"curies":[{"name":"wp","href":"https:\/\/api.w.org\/{rel}","templated":true}]}}