{"id":22644,"date":"2019-01-24T16:15:45","date_gmt":"2019-01-24T15:15:45","guid":{"rendered":"https:\/\/scensverige.se\/black-forest\/"},"modified":"2019-01-24T16:15:45","modified_gmt":"2019-01-24T15:15:45","slug":"black-forest","status":"publish","type":"page","link":"https:\/\/scensverige.se\/en\/black-forest\/","title":{"rendered":"(BLACK FOREST)"},"content":{"rendered":"\n<h2 class=\"wp-block-heading\" style=\"text-align:center\">BLACK FOREST\/NORRDANS<\/h2>\n\n\n\n<div class=\"wp-block-image\"><figure class=\"aligncenter is-resized\"><img loading=\"lazy\" decoding=\"async\" src=\"https:\/\/scensverige.se\/wp-content\/uploads\/2019\/01\/maricarasco4650_03_pressbild-684x1024.jpg\" alt=\"\" class=\"wp-image-21382\" width=\"493\" height=\"738\" srcset=\"https:\/\/scensverige.se\/wp-content\/uploads\/2019\/01\/maricarasco4650_03_pressbild-684x1024.jpg 684w, https:\/\/scensverige.se\/wp-content\/uploads\/2019\/01\/maricarasco4650_03_pressbild-200x300.jpg 200w, https:\/\/scensverige.se\/wp-content\/uploads\/2019\/01\/maricarasco4650_03_pressbild-768x1150.jpg 768w, https:\/\/scensverige.se\/wp-content\/uploads\/2019\/01\/maricarasco4650_03_pressbild-1200x1796.jpg 1200w, https:\/\/scensverige.se\/wp-content\/uploads\/2019\/01\/maricarasco4650_03_pressbild-1400x2096.jpg 1400w, https:\/\/scensverige.se\/wp-content\/uploads\/2019\/01\/maricarasco4650_03_pressbild-300x449.jpg 300w\" sizes=\"auto, (max-width: 493px) 100vw, 493px\" \/><figcaption>Foto: Carl Thorborg <\/figcaption><\/figure><\/div>\n\n\n\n<p>BLACK\nFOREST is an explosion in both body and mind. The basic\nrule is that opposing forces always are present.<\/p>\n\n\n\n<p>The performance releases the energy gathered\nwhen you feel you really don\u2019t belong to a place, when you are uncomfortable in\nyour body or existence and just want to break free from yourself, walk your own\npath. But how simple is it to break free? Which path should I take? In BLACK\nFOREST we look into different energies and opposing forces. Do I dare to take a\nchance and walk thru the forest to freedom?<\/p>\n\n\n\n<p>Choreographer Mari Carrasco got her\nbreakthrough 2012 with the award winning choreography BARTOLOMEO and her latest\nhuge success GIRLS WILL MAKE YOU BLUSH received fantastic reviews. The\ncooperation with Norrdans and composer Mikael Karlsson offers a hair-raising\nexperience for the audience, which will be seated right next to the dancers on\nthe stage.<\/p>\n\n\n\n<p class=\"has-normal-font-size\"><strong>Choreography:<\/strong> Mari Carrasco <br><strong>Composer: <\/strong>Mikael Karlsson <br><strong>Choreography assistant:<\/strong> Rita Lemivaara <br><strong>Costume design<\/strong>: Mari Carrasco, Rita Lemivaara and Annette H\u00e4gglund <br><strong>Dancers:<\/strong> Tom\u00e1\u0161 \u010cervinka, Claudia F\u00fcrnholzer, C\u00e9sar Garc\u00eda Steensen, Viktor Konvalinka, Jakub M\u0119drzycki, Hanna Nussbaumer, Ana\u00efs Pens\u00e9, Verena Pircher, Leila Verlinden<\/p>\n","protected":false},"excerpt":{"rendered":"<p>BLACK FOREST\/NORRDANS BLACK FOREST is an explosion in both body and mind. The basic rule is that opposing forces always are present. The performance releases the energy gathered when you feel you really don\u2019t belong to a place, when you are uncomfortable in your body or existence and just want to break free from yourself, &hellip;<\/p>\n","protected":false},"author":9192198,"featured_media":0,"parent":0,"menu_order":0,"comment_status":"closed","ping_status":"closed","template":"","meta":{"_acf_changed":false,"footnotes":""},"class_list":["post-22644","page","type-page","status-publish","hentry","post","without-featured-image"],"acf":[],"yoast_head":"<!-- This site is optimized with the Yoast SEO plugin v27.3 - https:\/\/yoast.com\/product\/yoast-seo-wordpress\/ -->\n<title>(BLACK FOREST) - Scensverige<\/title>\n<meta name=\"robots\" content=\"index, follow, max-snippet:-1, max-image-preview:large, max-video-preview:-1\" \/>\n<link rel=\"canonical\" href=\"https:\/\/scensverige.se\/en\/black-forest\/\" \/>\n<meta property=\"og:locale\" content=\"en_US\" \/>\n<meta property=\"og:type\" content=\"article\" \/>\n<meta property=\"og:title\" content=\"(BLACK FOREST) - Scensverige\" \/>\n<meta property=\"og:description\" content=\"BLACK FOREST\/NORRDANS BLACK FOREST is an explosion in both body and mind. The basic rule is that opposing forces always are present. The performance releases the energy gathered when you feel you really don\u2019t belong to a place, when you are uncomfortable in your body or existence and just want to break free from yourself, &hellip;\" \/>\n<meta property=\"og:url\" content=\"https:\/\/scensverige.se\/en\/black-forest\/\" \/>\n<meta property=\"og:site_name\" content=\"Scensverige\" \/>\n<meta property=\"og:image\" content=\"https:\/\/scensverige.se\/wp-content\/uploads\/2019\/01\/maricarasco4650_03_pressbild-684x1024.jpg\" \/>\n<meta name=\"twitter:card\" content=\"summary_large_image\" \/>\n<meta name=\"twitter:label1\" content=\"Est. reading time\" \/>\n\t<meta name=\"twitter:data1\" content=\"1 minute\" \/>\n<script type=\"application\/ld+json\" class=\"yoast-schema-graph\">{\"@context\":\"https:\\\/\\\/schema.org\",\"@graph\":[{\"@type\":\"WebPage\",\"@id\":\"https:\\\/\\\/scensverige.se\\\/en\\\/black-forest\\\/\",\"url\":\"https:\\\/\\\/scensverige.se\\\/en\\\/black-forest\\\/\",\"name\":\"(BLACK FOREST) - Scensverige\",\"isPartOf\":{\"@id\":\"https:\\\/\\\/scensverige.se\\\/#website\"},\"primaryImageOfPage\":{\"@id\":\"https:\\\/\\\/scensverige.se\\\/en\\\/black-forest\\\/#primaryimage\"},\"image\":{\"@id\":\"https:\\\/\\\/scensverige.se\\\/en\\\/black-forest\\\/#primaryimage\"},\"thumbnailUrl\":\"https:\\\/\\\/scensverige.se\\\/wp-content\\\/uploads\\\/2019\\\/01\\\/maricarasco4650_03_pressbild-684x1024.jpg\",\"datePublished\":\"2019-01-24T15:15:45+00:00\",\"breadcrumb\":{\"@id\":\"https:\\\/\\\/scensverige.se\\\/en\\\/black-forest\\\/#breadcrumb\"},\"inLanguage\":\"en-US\",\"potentialAction\":[{\"@type\":\"ReadAction\",\"target\":[\"https:\\\/\\\/scensverige.se\\\/en\\\/black-forest\\\/\"]}]},{\"@type\":\"ImageObject\",\"inLanguage\":\"en-US\",\"@id\":\"https:\\\/\\\/scensverige.se\\\/en\\\/black-forest\\\/#primaryimage\",\"url\":\"https:\\\/\\\/scensverige.se\\\/wp-content\\\/uploads\\\/2019\\\/01\\\/maricarasco4650_03_pressbild-684x1024.jpg\",\"contentUrl\":\"https:\\\/\\\/scensverige.se\\\/wp-content\\\/uploads\\\/2019\\\/01\\\/maricarasco4650_03_pressbild-684x1024.jpg\"},{\"@type\":\"BreadcrumbList\",\"@id\":\"https:\\\/\\\/scensverige.se\\\/en\\\/black-forest\\\/#breadcrumb\",\"itemListElement\":[{\"@type\":\"ListItem\",\"position\":1,\"name\":\"Hem\",\"item\":\"https:\\\/\\\/scensverige.se\\\/en\\\/\"},{\"@type\":\"ListItem\",\"position\":2,\"name\":\"(BLACK FOREST)\"}]},{\"@type\":\"WebSite\",\"@id\":\"https:\\\/\\\/scensverige.se\\\/#website\",\"url\":\"https:\\\/\\\/scensverige.se\\\/\",\"name\":\"Scensverige\",\"description\":\"M\u00f6tesplats f\u00f6r svensk och internationell scenkonst\",\"publisher\":{\"@id\":\"https:\\\/\\\/scensverige.se\\\/#organization\"},\"potentialAction\":[{\"@type\":\"SearchAction\",\"target\":{\"@type\":\"EntryPoint\",\"urlTemplate\":\"https:\\\/\\\/scensverige.se\\\/?s={search_term_string}\"},\"query-input\":{\"@type\":\"PropertyValueSpecification\",\"valueRequired\":true,\"valueName\":\"search_term_string\"}}],\"inLanguage\":\"en-US\"},{\"@type\":\"Organization\",\"@id\":\"https:\\\/\\\/scensverige.se\\\/#organization\",\"name\":\"Scensverige\",\"url\":\"https:\\\/\\\/scensverige.se\\\/\",\"logo\":{\"@type\":\"ImageObject\",\"inLanguage\":\"en-US\",\"@id\":\"https:\\\/\\\/scensverige.se\\\/#\\\/schema\\\/logo\\\/image\\\/\",\"url\":\"https:\\\/\\\/scensverige.se\\\/wp-content\\\/uploads\\\/2019\\\/01\\\/Scensverige_logotyp_800.png\",\"contentUrl\":\"https:\\\/\\\/scensverige.se\\\/wp-content\\\/uploads\\\/2019\\\/01\\\/Scensverige_logotyp_800.png\",\"width\":800,\"height\":186,\"caption\":\"Scensverige\"},\"image\":{\"@id\":\"https:\\\/\\\/scensverige.se\\\/#\\\/schema\\\/logo\\\/image\\\/\"}}]}<\/script>\n<!-- \/ Yoast SEO plugin. -->","yoast_head_json":{"title":"(BLACK FOREST) - Scensverige","robots":{"index":"index","follow":"follow","max-snippet":"max-snippet:-1","max-image-preview":"max-image-preview:large","max-video-preview":"max-video-preview:-1"},"canonical":"https:\/\/scensverige.se\/en\/black-forest\/","og_locale":"en_US","og_type":"article","og_title":"(BLACK FOREST) - Scensverige","og_description":"BLACK FOREST\/NORRDANS BLACK FOREST is an explosion in both body and mind. The basic rule is that opposing forces always are present. The performance releases the energy gathered when you feel you really don\u2019t belong to a place, when you are uncomfortable in your body or existence and just want to break free from yourself, &hellip;","og_url":"https:\/\/scensverige.se\/en\/black-forest\/","og_site_name":"Scensverige","og_image":[{"url":"https:\/\/scensverige.se\/wp-content\/uploads\/2019\/01\/maricarasco4650_03_pressbild-684x1024.jpg","type":"","width":"","height":""}],"twitter_card":"summary_large_image","twitter_misc":{"Est. reading time":"1 minute"},"schema":{"@context":"https:\/\/schema.org","@graph":[{"@type":"WebPage","@id":"https:\/\/scensverige.se\/en\/black-forest\/","url":"https:\/\/scensverige.se\/en\/black-forest\/","name":"(BLACK FOREST) - Scensverige","isPartOf":{"@id":"https:\/\/scensverige.se\/#website"},"primaryImageOfPage":{"@id":"https:\/\/scensverige.se\/en\/black-forest\/#primaryimage"},"image":{"@id":"https:\/\/scensverige.se\/en\/black-forest\/#primaryimage"},"thumbnailUrl":"https:\/\/scensverige.se\/wp-content\/uploads\/2019\/01\/maricarasco4650_03_pressbild-684x1024.jpg","datePublished":"2019-01-24T15:15:45+00:00","breadcrumb":{"@id":"https:\/\/scensverige.se\/en\/black-forest\/#breadcrumb"},"inLanguage":"en-US","potentialAction":[{"@type":"ReadAction","target":["https:\/\/scensverige.se\/en\/black-forest\/"]}]},{"@type":"ImageObject","inLanguage":"en-US","@id":"https:\/\/scensverige.se\/en\/black-forest\/#primaryimage","url":"https:\/\/scensverige.se\/wp-content\/uploads\/2019\/01\/maricarasco4650_03_pressbild-684x1024.jpg","contentUrl":"https:\/\/scensverige.se\/wp-content\/uploads\/2019\/01\/maricarasco4650_03_pressbild-684x1024.jpg"},{"@type":"BreadcrumbList","@id":"https:\/\/scensverige.se\/en\/black-forest\/#breadcrumb","itemListElement":[{"@type":"ListItem","position":1,"name":"Hem","item":"https:\/\/scensverige.se\/en\/"},{"@type":"ListItem","position":2,"name":"(BLACK FOREST)"}]},{"@type":"WebSite","@id":"https:\/\/scensverige.se\/#website","url":"https:\/\/scensverige.se\/","name":"Scensverige","description":"M\u00f6tesplats f\u00f6r svensk och internationell scenkonst","publisher":{"@id":"https:\/\/scensverige.se\/#organization"},"potentialAction":[{"@type":"SearchAction","target":{"@type":"EntryPoint","urlTemplate":"https:\/\/scensverige.se\/?s={search_term_string}"},"query-input":{"@type":"PropertyValueSpecification","valueRequired":true,"valueName":"search_term_string"}}],"inLanguage":"en-US"},{"@type":"Organization","@id":"https:\/\/scensverige.se\/#organization","name":"Scensverige","url":"https:\/\/scensverige.se\/","logo":{"@type":"ImageObject","inLanguage":"en-US","@id":"https:\/\/scensverige.se\/#\/schema\/logo\/image\/","url":"https:\/\/scensverige.se\/wp-content\/uploads\/2019\/01\/Scensverige_logotyp_800.png","contentUrl":"https:\/\/scensverige.se\/wp-content\/uploads\/2019\/01\/Scensverige_logotyp_800.png","width":800,"height":186,"caption":"Scensverige"},"image":{"@id":"https:\/\/scensverige.se\/#\/schema\/logo\/image\/"}}]}},"_links":{"self":[{"href":"https:\/\/scensverige.se\/en\/wp-json\/wp\/v2\/pages\/22644","targetHints":{"allow":["GET"]}}],"collection":[{"href":"https:\/\/scensverige.se\/en\/wp-json\/wp\/v2\/pages"}],"about":[{"href":"https:\/\/scensverige.se\/en\/wp-json\/wp\/v2\/types\/page"}],"author":[{"embeddable":true,"href":"https:\/\/scensverige.se\/en\/wp-json\/wp\/v2\/users\/9192198"}],"replies":[{"embeddable":true,"href":"https:\/\/scensverige.se\/en\/wp-json\/wp\/v2\/comments?post=22644"}],"version-history":[{"count":0,"href":"https:\/\/scensverige.se\/en\/wp-json\/wp\/v2\/pages\/22644\/revisions"}],"wp:attachment":[{"href":"https:\/\/scensverige.se\/en\/wp-json\/wp\/v2\/media?parent=22644"}],"curies":[{"name":"wp","href":"https:\/\/api.w.org\/{rel}","templated":true}]}}