{"id":24510,"date":"2020-04-17T14:04:56","date_gmt":"2020-04-17T12:04:56","guid":{"rendered":"https:\/\/scensverige.se\/?page_id=24510"},"modified":"2020-04-23T18:20:37","modified_gmt":"2020-04-23T16:20:37","slug":"asa-lindholm","status":"publish","type":"page","link":"https:\/\/scensverige.se\/en\/asa-lindholm\/","title":{"rendered":"\u00c5sa Lindholm"},"content":{"rendered":"\n<p>\u00c5sa Lindholm (born 1975) is a playwright, dramaturg, director, and performer. Educated at the University College of Film, Radio, Television, and Theatre in Stockholm, she is currently a dramaturg at Kulturhuset Stadsteatern (Stockholm City Theatre). She has previously worked as a dramaturg at Gothenburg City Theatre and Uppsala City Theatre, as well as artistic director at Teater Tribunalen.<\/p>\n\n\n\n<p>She has written and\/or directed for Stockholm City Theatre, Gothenburg City Theatre, Unga Klara, The Royal Dramatic Theatre, Folkoperan, Riksteatern, Radioteatern, and \u00d6stg\u00f6tateatern, among others. Her plays have been translated into German, Norwegian, English, Romanian, Chinese, and Turkish. She has also worked with performance art in personal projects at Teater Tribunalen and with the Danish performance artist SIGNA. She received the Ikaros Prize in 2006 for the radio production <em>Ett perfekt liv <\/em>(<em>A Perfect Life<\/em>), was nominated for the Nordisk Dramatikerpris in 2010 for her play <em>Omflickorkunded\u00f6da <\/em>(<em>Ifgirlscouldkill<\/em>), and received the Henning Mankell Scholarship in 2017 and the Swedish Ibsen Society Prize in 2020. A production of her play <em>Snubben l\u00e4ttar p\u00e5 sitt hj\u00e4rta (The dude opens up)<\/em> was selected for SPAC\u00b4s\u00a0Swedish Biennial for Performing Arts 2019.<br><br><strong><em>Ifgirlscouldkill<\/em> \u2014 <\/strong>a horror comedy for teens\/young adults <br>Reality is chafing at Tam, Mary Lou, and Anna, three childhood friends. They\u2019re young adults now, but a dark secret from their childhood keeps them from stepping into the future. Ticking time-bombs, they try to hold themselves and their relationships together, but the darkness is seeping in from all directions, through old children\u2019s rhymes and fairy-tale creatures, and soon it\u2019s impossible to tell fantasy from reality.\u00a0<\/p>\n\n\n\n<p>Tam cries all the time, but she doesn\u2019t know why, and her young son Svante seems to be depressed. Mary Lou is called Wood Nymph but feels like a blank sheet of paper that anyone can write on. Anna calls herself Fat Girl and has isolated herself out of self-hatred ever since her autobiographical debut novel became a success, even as everyone expects a brilliant follow-up. A girlfriend with anger issues and a self-absorbed blind date guy become triggers for an explosive atmosphere.<\/p>\n\n\n\n<p><strong>Read the excerpt <a href=\"https:\/\/scensverige.se\/wp-content\/uploads\/2020\/04\/Lindholm-Ifgirlscouldkill.pdf\">here.<\/a><\/strong><\/p>\n\n\n\n<p>For more information please contact&nbsp;<a rel=\"noreferrer noopener\" href=\"mailto:info@colombine.se\" target=\"_blank\">info@colombine.se<\/a><\/p>\n","protected":false},"excerpt":{"rendered":"<p>\u00c5sa Lindholm (born 1975) is a playwright, dramaturg, director, and performer. Educated at the University College of Film, Radio, Television, and Theatre in Stockholm, she is currently a dramaturg at Kulturhuset Stadsteatern (Stockholm City Theatre). She has previously worked as a dramaturg at Gothenburg City Theatre and Uppsala City Theatre, as well as artistic director &hellip;<\/p>\n","protected":false},"author":9192198,"featured_media":0,"parent":0,"menu_order":0,"comment_status":"closed","ping_status":"closed","template":"","meta":{"_acf_changed":false,"footnotes":""},"class_list":["post-24510","page","type-page","status-publish","hentry","post","without-featured-image"],"acf":[],"yoast_head":"<!-- This site is optimized with the Yoast SEO plugin v27.3 - https:\/\/yoast.com\/product\/yoast-seo-wordpress\/ -->\n<title>\u00c5sa Lindholm - Scensverige<\/title>\n<meta name=\"robots\" content=\"index, follow, max-snippet:-1, max-image-preview:large, max-video-preview:-1\" \/>\n<link rel=\"canonical\" href=\"https:\/\/scensverige.se\/en\/asa-lindholm\/\" \/>\n<meta property=\"og:locale\" content=\"en_US\" \/>\n<meta property=\"og:type\" content=\"article\" \/>\n<meta property=\"og:title\" content=\"\u00c5sa Lindholm - Scensverige\" \/>\n<meta property=\"og:description\" content=\"\u00c5sa Lindholm (born 1975) is a playwright, dramaturg, director, and performer. Educated at the University College of Film, Radio, Television, and Theatre in Stockholm, she is currently a dramaturg at Kulturhuset Stadsteatern (Stockholm City Theatre). She has previously worked as a dramaturg at Gothenburg City Theatre and Uppsala City Theatre, as well as artistic director &hellip;\" \/>\n<meta property=\"og:url\" content=\"https:\/\/scensverige.se\/en\/asa-lindholm\/\" \/>\n<meta property=\"og:site_name\" content=\"Scensverige\" \/>\n<meta property=\"article:modified_time\" content=\"2020-04-23T16:20:37+00:00\" \/>\n<meta property=\"og:image\" content=\"https:\/\/scensverige.se\/wp-content\/uploads\/2018\/11\/fb-bild.png\" \/>\n\t<meta property=\"og:image:width\" content=\"1600\" \/>\n\t<meta property=\"og:image:height\" content=\"630\" \/>\n\t<meta property=\"og:image:type\" content=\"image\/png\" \/>\n<meta name=\"twitter:card\" content=\"summary_large_image\" \/>\n<meta name=\"twitter:label1\" content=\"Est. reading time\" \/>\n\t<meta name=\"twitter:data1\" content=\"2 minutes\" \/>\n<script type=\"application\/ld+json\" class=\"yoast-schema-graph\">{\"@context\":\"https:\\\/\\\/schema.org\",\"@graph\":[{\"@type\":\"WebPage\",\"@id\":\"https:\\\/\\\/scensverige.se\\\/en\\\/asa-lindholm\\\/\",\"url\":\"https:\\\/\\\/scensverige.se\\\/en\\\/asa-lindholm\\\/\",\"name\":\"\u00c5sa Lindholm - Scensverige\",\"isPartOf\":{\"@id\":\"https:\\\/\\\/scensverige.se\\\/#website\"},\"datePublished\":\"2020-04-17T12:04:56+00:00\",\"dateModified\":\"2020-04-23T16:20:37+00:00\",\"breadcrumb\":{\"@id\":\"https:\\\/\\\/scensverige.se\\\/en\\\/asa-lindholm\\\/#breadcrumb\"},\"inLanguage\":\"en-US\",\"potentialAction\":[{\"@type\":\"ReadAction\",\"target\":[\"https:\\\/\\\/scensverige.se\\\/en\\\/asa-lindholm\\\/\"]}]},{\"@type\":\"BreadcrumbList\",\"@id\":\"https:\\\/\\\/scensverige.se\\\/en\\\/asa-lindholm\\\/#breadcrumb\",\"itemListElement\":[{\"@type\":\"ListItem\",\"position\":1,\"name\":\"Hem\",\"item\":\"https:\\\/\\\/scensverige.se\\\/en\\\/\"},{\"@type\":\"ListItem\",\"position\":2,\"name\":\"\u00c5sa Lindholm\"}]},{\"@type\":\"WebSite\",\"@id\":\"https:\\\/\\\/scensverige.se\\\/#website\",\"url\":\"https:\\\/\\\/scensverige.se\\\/\",\"name\":\"Scensverige\",\"description\":\"M\u00f6tesplats f\u00f6r svensk och internationell scenkonst\",\"publisher\":{\"@id\":\"https:\\\/\\\/scensverige.se\\\/#organization\"},\"potentialAction\":[{\"@type\":\"SearchAction\",\"target\":{\"@type\":\"EntryPoint\",\"urlTemplate\":\"https:\\\/\\\/scensverige.se\\\/?s={search_term_string}\"},\"query-input\":{\"@type\":\"PropertyValueSpecification\",\"valueRequired\":true,\"valueName\":\"search_term_string\"}}],\"inLanguage\":\"en-US\"},{\"@type\":\"Organization\",\"@id\":\"https:\\\/\\\/scensverige.se\\\/#organization\",\"name\":\"Scensverige\",\"url\":\"https:\\\/\\\/scensverige.se\\\/\",\"logo\":{\"@type\":\"ImageObject\",\"inLanguage\":\"en-US\",\"@id\":\"https:\\\/\\\/scensverige.se\\\/#\\\/schema\\\/logo\\\/image\\\/\",\"url\":\"https:\\\/\\\/scensverige.se\\\/wp-content\\\/uploads\\\/2019\\\/01\\\/Scensverige_logotyp_800.png\",\"contentUrl\":\"https:\\\/\\\/scensverige.se\\\/wp-content\\\/uploads\\\/2019\\\/01\\\/Scensverige_logotyp_800.png\",\"width\":800,\"height\":186,\"caption\":\"Scensverige\"},\"image\":{\"@id\":\"https:\\\/\\\/scensverige.se\\\/#\\\/schema\\\/logo\\\/image\\\/\"}}]}<\/script>\n<!-- \/ Yoast SEO plugin. -->","yoast_head_json":{"title":"\u00c5sa Lindholm - Scensverige","robots":{"index":"index","follow":"follow","max-snippet":"max-snippet:-1","max-image-preview":"max-image-preview:large","max-video-preview":"max-video-preview:-1"},"canonical":"https:\/\/scensverige.se\/en\/asa-lindholm\/","og_locale":"en_US","og_type":"article","og_title":"\u00c5sa Lindholm - Scensverige","og_description":"\u00c5sa Lindholm (born 1975) is a playwright, dramaturg, director, and performer. Educated at the University College of Film, Radio, Television, and Theatre in Stockholm, she is currently a dramaturg at Kulturhuset Stadsteatern (Stockholm City Theatre). She has previously worked as a dramaturg at Gothenburg City Theatre and Uppsala City Theatre, as well as artistic director &hellip;","og_url":"https:\/\/scensverige.se\/en\/asa-lindholm\/","og_site_name":"Scensverige","article_modified_time":"2020-04-23T16:20:37+00:00","og_image":[{"width":1600,"height":630,"url":"https:\/\/scensverige.se\/wp-content\/uploads\/2018\/11\/fb-bild.png","type":"image\/png"}],"twitter_card":"summary_large_image","twitter_misc":{"Est. reading time":"2 minutes"},"schema":{"@context":"https:\/\/schema.org","@graph":[{"@type":"WebPage","@id":"https:\/\/scensverige.se\/en\/asa-lindholm\/","url":"https:\/\/scensverige.se\/en\/asa-lindholm\/","name":"\u00c5sa Lindholm - Scensverige","isPartOf":{"@id":"https:\/\/scensverige.se\/#website"},"datePublished":"2020-04-17T12:04:56+00:00","dateModified":"2020-04-23T16:20:37+00:00","breadcrumb":{"@id":"https:\/\/scensverige.se\/en\/asa-lindholm\/#breadcrumb"},"inLanguage":"en-US","potentialAction":[{"@type":"ReadAction","target":["https:\/\/scensverige.se\/en\/asa-lindholm\/"]}]},{"@type":"BreadcrumbList","@id":"https:\/\/scensverige.se\/en\/asa-lindholm\/#breadcrumb","itemListElement":[{"@type":"ListItem","position":1,"name":"Hem","item":"https:\/\/scensverige.se\/en\/"},{"@type":"ListItem","position":2,"name":"\u00c5sa Lindholm"}]},{"@type":"WebSite","@id":"https:\/\/scensverige.se\/#website","url":"https:\/\/scensverige.se\/","name":"Scensverige","description":"M\u00f6tesplats f\u00f6r svensk och internationell scenkonst","publisher":{"@id":"https:\/\/scensverige.se\/#organization"},"potentialAction":[{"@type":"SearchAction","target":{"@type":"EntryPoint","urlTemplate":"https:\/\/scensverige.se\/?s={search_term_string}"},"query-input":{"@type":"PropertyValueSpecification","valueRequired":true,"valueName":"search_term_string"}}],"inLanguage":"en-US"},{"@type":"Organization","@id":"https:\/\/scensverige.se\/#organization","name":"Scensverige","url":"https:\/\/scensverige.se\/","logo":{"@type":"ImageObject","inLanguage":"en-US","@id":"https:\/\/scensverige.se\/#\/schema\/logo\/image\/","url":"https:\/\/scensverige.se\/wp-content\/uploads\/2019\/01\/Scensverige_logotyp_800.png","contentUrl":"https:\/\/scensverige.se\/wp-content\/uploads\/2019\/01\/Scensverige_logotyp_800.png","width":800,"height":186,"caption":"Scensverige"},"image":{"@id":"https:\/\/scensverige.se\/#\/schema\/logo\/image\/"}}]}},"_links":{"self":[{"href":"https:\/\/scensverige.se\/en\/wp-json\/wp\/v2\/pages\/24510","targetHints":{"allow":["GET"]}}],"collection":[{"href":"https:\/\/scensverige.se\/en\/wp-json\/wp\/v2\/pages"}],"about":[{"href":"https:\/\/scensverige.se\/en\/wp-json\/wp\/v2\/types\/page"}],"author":[{"embeddable":true,"href":"https:\/\/scensverige.se\/en\/wp-json\/wp\/v2\/users\/9192198"}],"replies":[{"embeddable":true,"href":"https:\/\/scensverige.se\/en\/wp-json\/wp\/v2\/comments?post=24510"}],"version-history":[{"count":8,"href":"https:\/\/scensverige.se\/en\/wp-json\/wp\/v2\/pages\/24510\/revisions"}],"predecessor-version":[{"id":24745,"href":"https:\/\/scensverige.se\/en\/wp-json\/wp\/v2\/pages\/24510\/revisions\/24745"}],"wp:attachment":[{"href":"https:\/\/scensverige.se\/en\/wp-json\/wp\/v2\/media?parent=24510"}],"curies":[{"name":"wp","href":"https:\/\/api.w.org\/{rel}","templated":true}]}}