{"id":286,"date":"2012-06-14T08:49:42","date_gmt":"2012-06-14T08:49:42","guid":{"rendered":"http:\/\/teaterunionen.se\/?page_id=286"},"modified":"2018-09-03T14:27:16","modified_gmt":"2018-09-03T12:27:16","slug":"contact","status":"publish","type":"page","link":"https:\/\/scensverige.se\/en\/contact\/","title":{"rendered":"Contact"},"content":{"rendered":"<h5>Scensverige \u2013 Swedish ITI<\/h5>\n<p>Kaplansbacken 2<br \/>\nSE-112 24 STOCKHOLM<br \/>\n+46 8 462 25 30<br \/>\n<a href=\"mailto:info@scensverige.se\"> info@scensverige.se<\/a><img decoding=\"async\" src=\"https:\/\/scensverige.se\/wp-content\/uploads\/2015\/12\/Ulricha.jpg\" \/>Photo: Peter Knutson<\/p>\n<h5>Ulricha Johnson<\/h5>\n<p>Managing Director<\/p>\n<p>+46 8 462 25 31<br \/>\n<a href=\"mailto:ulricha@scensverige.se\">ulricha@scensverige.se<\/a><img decoding=\"async\" src=\"https:\/\/scensverige.se\/wp-content\/uploads\/2015\/12\/Lovisa.jpg\" \/>Photo: Lena Norl\u00e9n<\/p>\n<h5>Lovisa Bj\u00f6rkman<\/h5>\n<p>Project Manager\/<br \/>\nInformation Officer<\/p>\n<p><a href=\"mailto:lovisa@scensverige.se\">lovisa@scensverige.se <\/a><img decoding=\"async\" src=\"https:\/\/scensverige.se\/wp-content\/uploads\/2015\/12\/Sofia.jpg\" \/>Photo: Lena Norl\u00e9n<\/p>\n<h5>Sofia W\u00e4rng\u00e5rd Lang<span id=\"result_box\" class=\"short_text\" lang=\"en\"><\/span><\/h5>\n<p><span id=\"result_box\" class=\"short_text\" lang=\"en\"><span class=\"hps\">Editor of Scendatabasen\/<br \/>\n<\/span><\/span><span id=\"result_box\" class=\"short_text\" lang=\"en\"><span class=\"hps\">Information Officer<br \/>\n<\/span><\/span><\/p>\n<p>+46 8 462 25 33<br \/>\n<a href=\"mailto:sofia@scensverige.se\"> sofia@scensverige.se<\/a><img decoding=\"async\" src=\"https:\/\/scensverige.se\/wp-content\/uploads\/2017\/04\/Johanna.png\" \/><\/p>\n<h5>Johanna Broman<\/h5>\n<p>Project Manager\/<br \/>\nInformation Officer<\/p>\n<p>+46 723 09 78 01<br \/>\n<a href=\"mailto:johanna@scensverige.se\">johanna@scensverige.se<\/a><\/p>\n<\/div>\n<\/div>\n<p>&nbsp;During the spring 2018, Maja Alasalmi, Katinka Richter and Malin Tengvard made their internship at Scenesverige.<br \/>\nTheir internship is now completed. For further contact please use info@scensverige.se<iframe loading=\"lazy\" src=\"https:\/\/www.google.com\/maps\/embed?pb=!1m18!1m12!1m3!1d2035.2769462380188!2d18.047900951314965!3d59.32832998156851!2m3!1f0!2f0!3f0!3m2!1i1024!2i768!4f13.1!3m3!1m2!1s0x465f77df5d4dcf55%3A0xb010fbd7ddf0ceeb!2sKaplansbacken+2%2C+112+24+Stockholm!5e0!3m2!1ssv!2sse!4v1478784163452\" width=\"600\" height=\"450\" frameborder=\"0\" style=\"border:0;width:100%;\" allowfullscreen><\/iframe><\/p>\n","protected":false},"excerpt":{"rendered":"<p>Scensverige \u2013 Swedish ITI Kaplansbacken 2 SE-112 24 STOCKHOLM +46 8 462 25 30 info@scensverige.sePhoto: Peter Knutson Ulricha Johnson Managing Director +46 8 462 25 31 ulricha@scensverige.sePhoto: Lena Norl\u00e9n Lovisa Bj\u00f6rkman Project Manager\/ Information Officer lovisa@scensverige.se Photo: Lena Norl\u00e9n Sofia W\u00e4rng\u00e5rd Lang Editor of Scendatabasen\/ Information Officer +46 8 462 25 33 sofia@scensverige.se Johanna Broman &hellip;<\/p>\n","protected":false},"author":9192198,"featured_media":0,"parent":0,"menu_order":70,"comment_status":"closed","ping_status":"closed","template":"template-blank-4.php","meta":{"_acf_changed":false,"footnotes":""},"class_list":["post-286","page","type-page","status-publish","hentry","post","without-featured-image"],"acf":[],"yoast_head":"<!-- This site is optimized with the Yoast SEO plugin v27.3 - https:\/\/yoast.com\/product\/yoast-seo-wordpress\/ -->\n<title>Contact - Scensverige<\/title>\n<meta name=\"robots\" content=\"index, follow, max-snippet:-1, max-image-preview:large, max-video-preview:-1\" \/>\n<link rel=\"canonical\" href=\"https:\/\/scensverige.se\/en\/contact\/\" \/>\n<meta property=\"og:locale\" content=\"en_US\" \/>\n<meta property=\"og:type\" content=\"article\" \/>\n<meta property=\"og:title\" content=\"Contact - Scensverige\" \/>\n<meta property=\"og:description\" content=\"Scensverige \u2013 Swedish ITI Kaplansbacken 2 SE-112 24 STOCKHOLM +46 8 462 25 30 info@scensverige.sePhoto: Peter Knutson Ulricha Johnson Managing Director +46 8 462 25 31 ulricha@scensverige.sePhoto: Lena Norl\u00e9n Lovisa Bj\u00f6rkman Project Manager\/ Information Officer lovisa@scensverige.se Photo: Lena Norl\u00e9n Sofia W\u00e4rng\u00e5rd Lang Editor of Scendatabasen\/ Information Officer +46 8 462 25 33 sofia@scensverige.se Johanna Broman &hellip;\" \/>\n<meta property=\"og:url\" content=\"https:\/\/scensverige.se\/en\/contact\/\" \/>\n<meta property=\"og:site_name\" content=\"Scensverige\" \/>\n<meta property=\"article:modified_time\" content=\"2018-09-03T12:27:16+00:00\" \/>\n<meta property=\"og:image\" content=\"https:\/\/scensverige.se\/wp-content\/uploads\/2015\/12\/Ulricha.jpg\" \/>\n<meta name=\"twitter:card\" content=\"summary_large_image\" \/>\n<script type=\"application\/ld+json\" class=\"yoast-schema-graph\">{\"@context\":\"https:\\\/\\\/schema.org\",\"@graph\":[{\"@type\":\"WebPage\",\"@id\":\"https:\\\/\\\/scensverige.se\\\/en\\\/contact\\\/\",\"url\":\"https:\\\/\\\/scensverige.se\\\/en\\\/contact\\\/\",\"name\":\"Contact - Scensverige\",\"isPartOf\":{\"@id\":\"https:\\\/\\\/scensverige.se\\\/#website\"},\"primaryImageOfPage\":{\"@id\":\"https:\\\/\\\/scensverige.se\\\/en\\\/contact\\\/#primaryimage\"},\"image\":{\"@id\":\"https:\\\/\\\/scensverige.se\\\/en\\\/contact\\\/#primaryimage\"},\"thumbnailUrl\":\"https:\\\/\\\/scensverige.se\\\/wp-content\\\/uploads\\\/2015\\\/12\\\/Ulricha.jpg\",\"datePublished\":\"2012-06-14T08:49:42+00:00\",\"dateModified\":\"2018-09-03T12:27:16+00:00\",\"breadcrumb\":{\"@id\":\"https:\\\/\\\/scensverige.se\\\/en\\\/contact\\\/#breadcrumb\"},\"inLanguage\":\"en-US\",\"potentialAction\":[{\"@type\":\"ReadAction\",\"target\":[\"https:\\\/\\\/scensverige.se\\\/en\\\/contact\\\/\"]}]},{\"@type\":\"ImageObject\",\"inLanguage\":\"en-US\",\"@id\":\"https:\\\/\\\/scensverige.se\\\/en\\\/contact\\\/#primaryimage\",\"url\":\"https:\\\/\\\/scensverige.se\\\/wp-content\\\/uploads\\\/2015\\\/12\\\/Ulricha.jpg\",\"contentUrl\":\"https:\\\/\\\/scensverige.se\\\/wp-content\\\/uploads\\\/2015\\\/12\\\/Ulricha.jpg\"},{\"@type\":\"BreadcrumbList\",\"@id\":\"https:\\\/\\\/scensverige.se\\\/en\\\/contact\\\/#breadcrumb\",\"itemListElement\":[{\"@type\":\"ListItem\",\"position\":1,\"name\":\"Hem\",\"item\":\"https:\\\/\\\/scensverige.se\\\/en\\\/\"},{\"@type\":\"ListItem\",\"position\":2,\"name\":\"Contact\"}]},{\"@type\":\"WebSite\",\"@id\":\"https:\\\/\\\/scensverige.se\\\/#website\",\"url\":\"https:\\\/\\\/scensverige.se\\\/\",\"name\":\"Scensverige\",\"description\":\"M\u00f6tesplats f\u00f6r svensk och internationell scenkonst\",\"publisher\":{\"@id\":\"https:\\\/\\\/scensverige.se\\\/#organization\"},\"potentialAction\":[{\"@type\":\"SearchAction\",\"target\":{\"@type\":\"EntryPoint\",\"urlTemplate\":\"https:\\\/\\\/scensverige.se\\\/?s={search_term_string}\"},\"query-input\":{\"@type\":\"PropertyValueSpecification\",\"valueRequired\":true,\"valueName\":\"search_term_string\"}}],\"inLanguage\":\"en-US\"},{\"@type\":\"Organization\",\"@id\":\"https:\\\/\\\/scensverige.se\\\/#organization\",\"name\":\"Scensverige\",\"url\":\"https:\\\/\\\/scensverige.se\\\/\",\"logo\":{\"@type\":\"ImageObject\",\"inLanguage\":\"en-US\",\"@id\":\"https:\\\/\\\/scensverige.se\\\/#\\\/schema\\\/logo\\\/image\\\/\",\"url\":\"https:\\\/\\\/scensverige.se\\\/wp-content\\\/uploads\\\/2019\\\/01\\\/Scensverige_logotyp_800.png\",\"contentUrl\":\"https:\\\/\\\/scensverige.se\\\/wp-content\\\/uploads\\\/2019\\\/01\\\/Scensverige_logotyp_800.png\",\"width\":800,\"height\":186,\"caption\":\"Scensverige\"},\"image\":{\"@id\":\"https:\\\/\\\/scensverige.se\\\/#\\\/schema\\\/logo\\\/image\\\/\"}}]}<\/script>\n<!-- \/ Yoast SEO plugin. -->","yoast_head_json":{"title":"Contact - Scensverige","robots":{"index":"index","follow":"follow","max-snippet":"max-snippet:-1","max-image-preview":"max-image-preview:large","max-video-preview":"max-video-preview:-1"},"canonical":"https:\/\/scensverige.se\/en\/contact\/","og_locale":"en_US","og_type":"article","og_title":"Contact - Scensverige","og_description":"Scensverige \u2013 Swedish ITI Kaplansbacken 2 SE-112 24 STOCKHOLM +46 8 462 25 30 info@scensverige.sePhoto: Peter Knutson Ulricha Johnson Managing Director +46 8 462 25 31 ulricha@scensverige.sePhoto: Lena Norl\u00e9n Lovisa Bj\u00f6rkman Project Manager\/ Information Officer lovisa@scensverige.se Photo: Lena Norl\u00e9n Sofia W\u00e4rng\u00e5rd Lang Editor of Scendatabasen\/ Information Officer +46 8 462 25 33 sofia@scensverige.se Johanna Broman &hellip;","og_url":"https:\/\/scensverige.se\/en\/contact\/","og_site_name":"Scensverige","article_modified_time":"2018-09-03T12:27:16+00:00","og_image":[{"url":"https:\/\/scensverige.se\/wp-content\/uploads\/2015\/12\/Ulricha.jpg","type":"","width":"","height":""}],"twitter_card":"summary_large_image","schema":{"@context":"https:\/\/schema.org","@graph":[{"@type":"WebPage","@id":"https:\/\/scensverige.se\/en\/contact\/","url":"https:\/\/scensverige.se\/en\/contact\/","name":"Contact - Scensverige","isPartOf":{"@id":"https:\/\/scensverige.se\/#website"},"primaryImageOfPage":{"@id":"https:\/\/scensverige.se\/en\/contact\/#primaryimage"},"image":{"@id":"https:\/\/scensverige.se\/en\/contact\/#primaryimage"},"thumbnailUrl":"https:\/\/scensverige.se\/wp-content\/uploads\/2015\/12\/Ulricha.jpg","datePublished":"2012-06-14T08:49:42+00:00","dateModified":"2018-09-03T12:27:16+00:00","breadcrumb":{"@id":"https:\/\/scensverige.se\/en\/contact\/#breadcrumb"},"inLanguage":"en-US","potentialAction":[{"@type":"ReadAction","target":["https:\/\/scensverige.se\/en\/contact\/"]}]},{"@type":"ImageObject","inLanguage":"en-US","@id":"https:\/\/scensverige.se\/en\/contact\/#primaryimage","url":"https:\/\/scensverige.se\/wp-content\/uploads\/2015\/12\/Ulricha.jpg","contentUrl":"https:\/\/scensverige.se\/wp-content\/uploads\/2015\/12\/Ulricha.jpg"},{"@type":"BreadcrumbList","@id":"https:\/\/scensverige.se\/en\/contact\/#breadcrumb","itemListElement":[{"@type":"ListItem","position":1,"name":"Hem","item":"https:\/\/scensverige.se\/en\/"},{"@type":"ListItem","position":2,"name":"Contact"}]},{"@type":"WebSite","@id":"https:\/\/scensverige.se\/#website","url":"https:\/\/scensverige.se\/","name":"Scensverige","description":"M\u00f6tesplats f\u00f6r svensk och internationell scenkonst","publisher":{"@id":"https:\/\/scensverige.se\/#organization"},"potentialAction":[{"@type":"SearchAction","target":{"@type":"EntryPoint","urlTemplate":"https:\/\/scensverige.se\/?s={search_term_string}"},"query-input":{"@type":"PropertyValueSpecification","valueRequired":true,"valueName":"search_term_string"}}],"inLanguage":"en-US"},{"@type":"Organization","@id":"https:\/\/scensverige.se\/#organization","name":"Scensverige","url":"https:\/\/scensverige.se\/","logo":{"@type":"ImageObject","inLanguage":"en-US","@id":"https:\/\/scensverige.se\/#\/schema\/logo\/image\/","url":"https:\/\/scensverige.se\/wp-content\/uploads\/2019\/01\/Scensverige_logotyp_800.png","contentUrl":"https:\/\/scensverige.se\/wp-content\/uploads\/2019\/01\/Scensverige_logotyp_800.png","width":800,"height":186,"caption":"Scensverige"},"image":{"@id":"https:\/\/scensverige.se\/#\/schema\/logo\/image\/"}}]}},"_links":{"self":[{"href":"https:\/\/scensverige.se\/en\/wp-json\/wp\/v2\/pages\/286","targetHints":{"allow":["GET"]}}],"collection":[{"href":"https:\/\/scensverige.se\/en\/wp-json\/wp\/v2\/pages"}],"about":[{"href":"https:\/\/scensverige.se\/en\/wp-json\/wp\/v2\/types\/page"}],"author":[{"embeddable":true,"href":"https:\/\/scensverige.se\/en\/wp-json\/wp\/v2\/users\/9192198"}],"replies":[{"embeddable":true,"href":"https:\/\/scensverige.se\/en\/wp-json\/wp\/v2\/comments?post=286"}],"version-history":[{"count":5,"href":"https:\/\/scensverige.se\/en\/wp-json\/wp\/v2\/pages\/286\/revisions"}],"predecessor-version":[{"id":19887,"href":"https:\/\/scensverige.se\/en\/wp-json\/wp\/v2\/pages\/286\/revisions\/19887"}],"wp:attachment":[{"href":"https:\/\/scensverige.se\/en\/wp-json\/wp\/v2\/media?parent=286"}],"curies":[{"name":"wp","href":"https:\/\/api.w.org\/{rel}","templated":true}]}}