{"id":293,"date":"2012-06-14T09:49:36","date_gmt":"2012-06-14T07:49:36","guid":{"rendered":"http:\/\/teaterunionen.se\/?page_id=293"},"modified":"2024-06-20T16:02:22","modified_gmt":"2024-06-20T14:02:22","slug":"committees","status":"publish","type":"page","link":"https:\/\/scensverige.se\/en\/about-us\/committees\/","title":{"rendered":"Committees"},"content":{"rendered":"<h5>The Education Committee<\/h5>\n<p>The education committee handles education issues and its function is to bring together the various participants in the performing arts industry to monitor and discuss education issues. We represent the performing arts industry in education matters towards government departments.<\/p>\n<p>The education committe initiates new educational programs in the performing arts area and informs, national and international, on educational issues.<\/p>\n<h5>Members<\/h5>\n<p><strong>Simon Norrthon<\/strong>\u00a0\u2013 Lektor i sk\u00e5despeleri Stockholms konstn\u00e4rliga h\u00f6gskola<br \/>\nFackf\u00f6rbundet scen &amp; film<br \/>\n<strong><br \/>\nAnna Grip<\/strong>\u00a0\u2013 dansare, samordnare CCAP, undervisa bl.a. p\u00e5 SKH<br \/>\nFackf\u00f6rbundet scen &amp; film<\/p>\n<p><strong>Catharina Bergil<\/strong>\u00a0\u2013 Enhetschef Scenutbildningarna H\u00f6gskolan f\u00f6r scen och Musik<br \/>\nH\u00f6gskolan f\u00f6r scen och musik, G\u00f6teborg<\/p>\n<p><strong>Fredrik Haller<\/strong>\u00a0\u2013 Lektor i dramaturgi och utbildningsansvarig f\u00f6r Dramatikerprogrammet, KU \u2013 projekt, forskning<br \/>\nTeaterh\u00f6gskolan Malm\u00f6<\/p>\n<p><strong>Lovisa Pihl<\/strong>\u00a0\u2013 Verksamhetsledare Angereds teater<br \/>\nTeatercentrum<\/p>\n<p><strong>Madeleine Karlsson<\/strong>\u00a0\u2013 L\u00e4rare i dans Kungliga Balettskolan<br \/>\nKungliga Balettskolan<\/p>\n<p><strong>Anders Larsson<\/strong>\u00a0\u2013 Anst\u00e4lld som adjunkt i produktionsteknisk samordning p\u00e5 Institutionen f\u00f6r scenkonst p\u00e5 Stockholms konstn\u00e4rliga h\u00f6gskola \u2013 SKH. H\u00e5ller i utbildningsfr\u00e5gor inom Svensk Teaterteknisk F\u00f6rening \u2013 STTF<br \/>\nSTTF<\/p>\n<p><strong>Anders Frennberg<\/strong>\u00a0\u2013 VD TeaterAlliansen<br \/>\nTeaterAlliansen<\/p>\n<p><strong>Gunilla H\u00e4gglund Sj\u00f6str\u00f6m<\/strong>\u00a0\u2013 HR chef Norrlandsoperan<br \/>\nSvensk Scenkonst<\/p>\n<p><strong>Gunilla Thavelin Pettersson<\/strong>\u00a0\u2013 \u00e4mneschef scenkonst<br \/>\nStockholms konstn\u00e4rliga h\u00f6gskola<\/p>\n<p><strong>Jeanette Bolding<\/strong>\u00a0\u2013 Utbildningsledare yrkesdansarutbildningen samt pedagogisk koordinator Balettakademien Stockholm<br \/>\nUtbildning dans<\/p>\n<p><strong>Ronald Hallgren<\/strong>\u00a0\u2013 F\u00f6rhandlare Svensk Scenkonst<br \/>\nSvensk Scenkonst<\/p>\n<p><strong>Linda Adami\u00a0<\/strong>\u2013 ordf\u00f6rande Danscentrum Stockholm<br \/>\nFria teater-\/danslivet<\/p>\n<h5><span id=\"result_box\" lang=\"en\">The Cultural Policy Committee\u00a0<\/span><\/h5>\n<p>The cultural policy committee consists of Scensverige&#8217;s members who are representatives of the employers branch organisation, the performings arts union and centers for theatre and dance. They have chosen the following representatives to the committee:<\/p>\n<h5>Members<\/h5>\n<p><strong>Birgitta Svend\u00e9n\u00a0<\/strong>\u2013 Ordf\u00f6rande Svensk Scenkonst<br \/>\nSvensk Scenkonst<\/p>\n<p><strong>Mikael Br\u00e4nnvall<\/strong>\u00a0\u2013 VD Svensk Scenkonst<br \/>\nSvensk Scenkonst<\/p>\n<p><strong>Simon Norrthon<\/strong>\u00a0\u2013 Ordf\u00f6rande Fackf\u00f6rbundet scen &amp; film<br \/>\nFackf\u00f6rbundet scen &amp; film<\/p>\n<p><strong>Camilla Brown<\/strong>\u00a0\u2013 F\u00f6rbundsdirekt\u00f6r Fackf\u00f6rbundet scen &amp; film<br \/>\nFackf\u00f6rbundet scen &amp; film<\/p>\n<p><strong>Theodor Ryan<\/strong>\u00a0\u2013 Ordf\u00f6rande Teatercentrum, scenkonstn\u00e4r Malm\u00f6 och Gotland<br \/>\nTeatercentrum<\/p>\n<p><strong>Susin Lindblom<\/strong>\u00a0\u2013 F\u00f6rbundsdirekt\u00f6r Dramatikerf\u00f6rbundet<br \/>\nDramatikerf\u00f6rbundet<\/p>\n<p><strong>Anne-Sofie Eriksson<\/strong>\u00a0\u2013 Ordf\u00f6rande Danscentrum Sverige<strong><br \/>\n<\/strong>Danscentrum Sverige<\/p>\n","protected":false},"excerpt":{"rendered":"<p>The Education Committee The education committee handles education issues and its function is to bring together the various participants in the performing arts industry to monitor and discuss education issues. We represent the performing arts industry in education matters towards government departments. The education committe initiates new educational programs in the performing arts area and &hellip;<\/p>\n","protected":false},"author":9192198,"featured_media":0,"parent":284,"menu_order":30,"comment_status":"closed","ping_status":"closed","template":"","meta":{"_acf_changed":false,"footnotes":""},"class_list":["post-293","page","type-page","status-publish","hentry","post","without-featured-image"],"acf":[],"yoast_head":"<!-- This site is optimized with the Yoast SEO plugin v27.1 - https:\/\/yoast.com\/product\/yoast-seo-wordpress\/ -->\n<title>Committees - Scensverige<\/title>\n<meta name=\"robots\" content=\"index, follow, max-snippet:-1, max-image-preview:large, max-video-preview:-1\" \/>\n<link rel=\"canonical\" href=\"https:\/\/scensverige.se\/en\/about-us\/committees\/\" \/>\n<meta property=\"og:locale\" content=\"en_US\" \/>\n<meta property=\"og:type\" content=\"article\" \/>\n<meta property=\"og:title\" content=\"Committees - Scensverige\" \/>\n<meta property=\"og:description\" content=\"The Education Committee The education committee handles education issues and its function is to bring together the various participants in the performing arts industry to monitor and discuss education issues. We represent the performing arts industry in education matters towards government departments. The education committe initiates new educational programs in the performing arts area and &hellip;\" \/>\n<meta property=\"og:url\" content=\"https:\/\/scensverige.se\/en\/about-us\/committees\/\" \/>\n<meta property=\"og:site_name\" content=\"Scensverige\" \/>\n<meta property=\"article:modified_time\" content=\"2024-06-20T14:02:22+00:00\" \/>\n<meta property=\"og:image\" content=\"https:\/\/scensverige.se\/wp-content\/uploads\/2018\/11\/fb-bild.png\" \/>\n\t<meta property=\"og:image:width\" content=\"1600\" \/>\n\t<meta property=\"og:image:height\" content=\"630\" \/>\n\t<meta property=\"og:image:type\" content=\"image\/png\" \/>\n<meta name=\"twitter:card\" content=\"summary_large_image\" \/>\n<meta name=\"twitter:label1\" content=\"Est. reading time\" \/>\n\t<meta name=\"twitter:data1\" content=\"2 minutes\" \/>\n<script type=\"application\/ld+json\" class=\"yoast-schema-graph\">{\"@context\":\"https:\/\/schema.org\",\"@graph\":[{\"@type\":\"WebPage\",\"@id\":\"https:\/\/scensverige.se\/en\/about-us\/committees\/\",\"url\":\"https:\/\/scensverige.se\/en\/about-us\/committees\/\",\"name\":\"Committees - Scensverige\",\"isPartOf\":{\"@id\":\"https:\/\/scensverige.se\/#website\"},\"datePublished\":\"2012-06-14T07:49:36+00:00\",\"dateModified\":\"2024-06-20T14:02:22+00:00\",\"breadcrumb\":{\"@id\":\"https:\/\/scensverige.se\/en\/about-us\/committees\/#breadcrumb\"},\"inLanguage\":\"en-US\",\"potentialAction\":[{\"@type\":\"ReadAction\",\"target\":[\"https:\/\/scensverige.se\/en\/about-us\/committees\/\"]}]},{\"@type\":\"BreadcrumbList\",\"@id\":\"https:\/\/scensverige.se\/en\/about-us\/committees\/#breadcrumb\",\"itemListElement\":[{\"@type\":\"ListItem\",\"position\":1,\"name\":\"Hem\",\"item\":\"https:\/\/scensverige.se\/en\/\"},{\"@type\":\"ListItem\",\"position\":2,\"name\":\"About us\",\"item\":\"https:\/\/scensverige.se\/en\/about-us\/\"},{\"@type\":\"ListItem\",\"position\":3,\"name\":\"Committees\"}]},{\"@type\":\"WebSite\",\"@id\":\"https:\/\/scensverige.se\/#website\",\"url\":\"https:\/\/scensverige.se\/\",\"name\":\"Scensverige\",\"description\":\"M\u00f6tesplats f\u00f6r svensk och internationell scenkonst\",\"publisher\":{\"@id\":\"https:\/\/scensverige.se\/#organization\"},\"potentialAction\":[{\"@type\":\"SearchAction\",\"target\":{\"@type\":\"EntryPoint\",\"urlTemplate\":\"https:\/\/scensverige.se\/?s={search_term_string}\"},\"query-input\":{\"@type\":\"PropertyValueSpecification\",\"valueRequired\":true,\"valueName\":\"search_term_string\"}}],\"inLanguage\":\"en-US\"},{\"@type\":\"Organization\",\"@id\":\"https:\/\/scensverige.se\/#organization\",\"name\":\"Scensverige\",\"url\":\"https:\/\/scensverige.se\/\",\"logo\":{\"@type\":\"ImageObject\",\"inLanguage\":\"en-US\",\"@id\":\"https:\/\/scensverige.se\/#\/schema\/logo\/image\/\",\"url\":\"https:\/\/scensverige.se\/wp-content\/uploads\/2019\/01\/Scensverige_logotyp_800.png\",\"contentUrl\":\"https:\/\/scensverige.se\/wp-content\/uploads\/2019\/01\/Scensverige_logotyp_800.png\",\"width\":800,\"height\":186,\"caption\":\"Scensverige\"},\"image\":{\"@id\":\"https:\/\/scensverige.se\/#\/schema\/logo\/image\/\"}}]}<\/script>\n<!-- \/ Yoast SEO plugin. -->","yoast_head_json":{"title":"Committees - Scensverige","robots":{"index":"index","follow":"follow","max-snippet":"max-snippet:-1","max-image-preview":"max-image-preview:large","max-video-preview":"max-video-preview:-1"},"canonical":"https:\/\/scensverige.se\/en\/about-us\/committees\/","og_locale":"en_US","og_type":"article","og_title":"Committees - Scensverige","og_description":"The Education Committee The education committee handles education issues and its function is to bring together the various participants in the performing arts industry to monitor and discuss education issues. We represent the performing arts industry in education matters towards government departments. The education committe initiates new educational programs in the performing arts area and &hellip;","og_url":"https:\/\/scensverige.se\/en\/about-us\/committees\/","og_site_name":"Scensverige","article_modified_time":"2024-06-20T14:02:22+00:00","og_image":[{"width":1600,"height":630,"url":"https:\/\/scensverige.se\/wp-content\/uploads\/2018\/11\/fb-bild.png","type":"image\/png"}],"twitter_card":"summary_large_image","twitter_misc":{"Est. reading time":"2 minutes"},"schema":{"@context":"https:\/\/schema.org","@graph":[{"@type":"WebPage","@id":"https:\/\/scensverige.se\/en\/about-us\/committees\/","url":"https:\/\/scensverige.se\/en\/about-us\/committees\/","name":"Committees - Scensverige","isPartOf":{"@id":"https:\/\/scensverige.se\/#website"},"datePublished":"2012-06-14T07:49:36+00:00","dateModified":"2024-06-20T14:02:22+00:00","breadcrumb":{"@id":"https:\/\/scensverige.se\/en\/about-us\/committees\/#breadcrumb"},"inLanguage":"en-US","potentialAction":[{"@type":"ReadAction","target":["https:\/\/scensverige.se\/en\/about-us\/committees\/"]}]},{"@type":"BreadcrumbList","@id":"https:\/\/scensverige.se\/en\/about-us\/committees\/#breadcrumb","itemListElement":[{"@type":"ListItem","position":1,"name":"Hem","item":"https:\/\/scensverige.se\/en\/"},{"@type":"ListItem","position":2,"name":"About us","item":"https:\/\/scensverige.se\/en\/about-us\/"},{"@type":"ListItem","position":3,"name":"Committees"}]},{"@type":"WebSite","@id":"https:\/\/scensverige.se\/#website","url":"https:\/\/scensverige.se\/","name":"Scensverige","description":"M\u00f6tesplats f\u00f6r svensk och internationell scenkonst","publisher":{"@id":"https:\/\/scensverige.se\/#organization"},"potentialAction":[{"@type":"SearchAction","target":{"@type":"EntryPoint","urlTemplate":"https:\/\/scensverige.se\/?s={search_term_string}"},"query-input":{"@type":"PropertyValueSpecification","valueRequired":true,"valueName":"search_term_string"}}],"inLanguage":"en-US"},{"@type":"Organization","@id":"https:\/\/scensverige.se\/#organization","name":"Scensverige","url":"https:\/\/scensverige.se\/","logo":{"@type":"ImageObject","inLanguage":"en-US","@id":"https:\/\/scensverige.se\/#\/schema\/logo\/image\/","url":"https:\/\/scensverige.se\/wp-content\/uploads\/2019\/01\/Scensverige_logotyp_800.png","contentUrl":"https:\/\/scensverige.se\/wp-content\/uploads\/2019\/01\/Scensverige_logotyp_800.png","width":800,"height":186,"caption":"Scensverige"},"image":{"@id":"https:\/\/scensverige.se\/#\/schema\/logo\/image\/"}}]}},"_links":{"self":[{"href":"https:\/\/scensverige.se\/en\/wp-json\/wp\/v2\/pages\/293","targetHints":{"allow":["GET"]}}],"collection":[{"href":"https:\/\/scensverige.se\/en\/wp-json\/wp\/v2\/pages"}],"about":[{"href":"https:\/\/scensverige.se\/en\/wp-json\/wp\/v2\/types\/page"}],"author":[{"embeddable":true,"href":"https:\/\/scensverige.se\/en\/wp-json\/wp\/v2\/users\/9192198"}],"replies":[{"embeddable":true,"href":"https:\/\/scensverige.se\/en\/wp-json\/wp\/v2\/comments?post=293"}],"version-history":[{"count":9,"href":"https:\/\/scensverige.se\/en\/wp-json\/wp\/v2\/pages\/293\/revisions"}],"predecessor-version":[{"id":37429,"href":"https:\/\/scensverige.se\/en\/wp-json\/wp\/v2\/pages\/293\/revisions\/37429"}],"up":[{"embeddable":true,"href":"https:\/\/scensverige.se\/en\/wp-json\/wp\/v2\/pages\/284"}],"wp:attachment":[{"href":"https:\/\/scensverige.se\/en\/wp-json\/wp\/v2\/media?parent=293"}],"curies":[{"name":"wp","href":"https:\/\/api.w.org\/{rel}","templated":true}]}}