{"id":32076,"date":"2023-03-14T15:47:33","date_gmt":"2023-03-14T14:47:33","guid":{"rendered":"https:\/\/scensverige.se\/?page_id=32076"},"modified":"2023-03-17T09:36:01","modified_gmt":"2023-03-17T08:36:01","slug":"my-total-nutrition","status":"publish","type":"page","link":"https:\/\/scensverige.se\/en\/my-total-nutrition\/","title":{"rendered":"My total nutrition\/Lilith Performance Studio"},"content":{"rendered":"\n<figure class=\"wp-block-image size-large\"><a href=\"https:\/\/scensverige.se\/wp-content\/uploads\/2023\/02\/MinTotalaNjutning-LilithPerformanceStudio.png\"><img loading=\"lazy\" decoding=\"async\" width=\"1024\" height=\"576\" src=\"https:\/\/scensverige.se\/wp-content\/uploads\/2023\/02\/MinTotalaNjutning-LilithPerformanceStudio-1024x576.png\" alt=\"\" class=\"wp-image-31957\" srcset=\"https:\/\/scensverige.se\/wp-content\/uploads\/2023\/02\/MinTotalaNjutning-LilithPerformanceStudio-1024x576.png 1024w, https:\/\/scensverige.se\/wp-content\/uploads\/2023\/02\/MinTotalaNjutning-LilithPerformanceStudio-300x169.png 300w, https:\/\/scensverige.se\/wp-content\/uploads\/2023\/02\/MinTotalaNjutning-LilithPerformanceStudio-768x432.png 768w, https:\/\/scensverige.se\/wp-content\/uploads\/2023\/02\/MinTotalaNjutning-LilithPerformanceStudio-1536x864.png 1536w, https:\/\/scensverige.se\/wp-content\/uploads\/2023\/02\/MinTotalaNjutning-LilithPerformanceStudio-1200x675.png 1200w, https:\/\/scensverige.se\/wp-content\/uploads\/2023\/02\/MinTotalaNjutning-LilithPerformanceStudio-1400x788.png 1400w, https:\/\/scensverige.se\/wp-content\/uploads\/2023\/02\/MinTotalaNjutning-LilithPerformanceStudio.png 1920w\" sizes=\"auto, (max-width: 1024px) 100vw, 1024px\" \/><\/a><figcaption class=\"wp-element-caption\">Photo: Petter Pettersson<\/figcaption><\/figure>\n\n\n\n<blockquote class=\"wp-block-quote is-layout-flow wp-block-quote-is-layout-flow\">\n<p>The room is covered from floor to ceiling with five tonnes of flour, a giant dough becomes the prop that binds the 25 actors together. The dough smells, is hugged, kneaded, handed over and follows the audience home, stuck under their shoes. The sensuality of My Total Indulgence is striking and liberating, but the performance also gives a sense of nightmarish uncertainty in the dim neon blue light, with choral chanting and an operatic solo for soprano. It is beautiful, scary, totally enjoyable and unforgettable.<\/p>\n\n\n\n<p><strong>\u2013 <\/strong>Motivation of the selection jury<\/p>\n<\/blockquote>\n\n\n\n<p>My total pleasure is a state in the gap between before and after the crisis or ecstasy. The individual&#8217;s desire for destruction and rebirth is examined in relation to the collective&#8217;s need for ritual intimacy and care. Like a burning mill, all the old has been burnt to make something new.<br><br>We move gently in the crevices between erotic dreams and crumbling reality. The subconscious has taken the form of a new nature, a barren mountainous landscape that clings to the soles of our feet. A group of people involuntarily deal with the various stages of transformation of the living organism. With an unquenchable desire, the choir chants about redemption in total pleasure. Events and temporalities play out side by side, in reverse and without time.<br><br>In November 2020, on the initiative of the artist duo LILITH (Elin Lundgren &amp; Petter Pettersson), the poet Daniel M\u00e5rs was commissioned to write a poetic universe that would be the basis for a large-scale performance in all parameters. In close collaboration with the artist duo LILITH, the poetic building blocks were developed and allowed to dictate the design of the site, choral pieces, opera solos and the choreographies of the participants. The result was the total performance and the poetry collection My total enjoyment.<br><br><strong>Idea &amp; concept<\/strong> Artist duo LILITH and poet Daniel M\u00e5rs.<br><strong>Text<\/strong> Daniel M\u00e5rs<br><strong>Direction\/Scenography\/Costume\/Lighting<\/strong> Artist duo LILITH<br><strong>Composer<\/strong> Philip Gleisner<br><strong>Opera<\/strong> soloist Kristine Nowlain<br><strong>Recorded choir<\/strong> Maja Lundmark, Hanna-Maria Strand, Joar S\u00f6rensson, Daniel \u00c5berg<br><strong>Pole dancer<\/strong> Selma Kjellsson<br><strong>Production<\/strong> Lilith Performance Studio<br><strong>Participating actors<\/strong> Daniel M\u00e5rs, Elin Lundgren, Erik Wall, Susanne Larsdotter, Elisabet Steng\u00e5rd, Birgitta Hult, Lo Pettersson-Lundgren, Inna Pettersson-Lundgren, Vilma Linton, Selma Kjellsson, Joakim Carlsson, Axel Berger, Mikael Dahlqvist Fuchs, Olivia Klang, Thomas Hiljeborn Fa\u00efka Ammar, Helena Ricci, Finon Alkabawi, Hanna Knutsson, Irene Stenberg, Vilija \u017didovainyt\u0117, Louise Zurawski, Kaisa Malmborg<br><br><a href=\"https:\/\/lilithperformancestudio.com\/\">Read more about the production here<\/a><\/p>\n\n\n\n<p><strong><a href=\"https:\/\/scensverige.se\/en\/selected-productions-2023\/\">Back to all selected productions<\/a><br><\/strong><\/p>\n","protected":false},"excerpt":{"rendered":"<p>The room is covered from floor to ceiling with five tonnes of flour, a giant dough becomes the prop that binds the 25 actors together. The dough smells, is hugged, kneaded, handed over and follows the audience home, stuck under their shoes. The sensuality of My Total Indulgence is striking and liberating, but the performance &hellip;<\/p>\n","protected":false},"author":9192195,"featured_media":0,"parent":0,"menu_order":0,"comment_status":"closed","ping_status":"closed","template":"","meta":{"_acf_changed":false,"footnotes":""},"class_list":["post-32076","page","type-page","status-publish","hentry","post","without-featured-image"],"acf":[],"yoast_head":"<!-- This site is optimized with the Yoast SEO plugin v27.3 - https:\/\/yoast.com\/product\/yoast-seo-wordpress\/ -->\n<title>My total nutrition\/Lilith Performance Studio - Scensverige<\/title>\n<meta name=\"robots\" content=\"index, follow, max-snippet:-1, max-image-preview:large, max-video-preview:-1\" \/>\n<link rel=\"canonical\" href=\"https:\/\/scensverige.se\/en\/my-total-nutrition\/\" \/>\n<meta property=\"og:locale\" content=\"en_US\" \/>\n<meta property=\"og:type\" content=\"article\" \/>\n<meta property=\"og:title\" content=\"My total nutrition\/Lilith Performance Studio - Scensverige\" \/>\n<meta property=\"og:description\" content=\"The room is covered from floor to ceiling with five tonnes of flour, a giant dough becomes the prop that binds the 25 actors together. The dough smells, is hugged, kneaded, handed over and follows the audience home, stuck under their shoes. The sensuality of My Total Indulgence is striking and liberating, but the performance &hellip;\" \/>\n<meta property=\"og:url\" content=\"https:\/\/scensverige.se\/en\/my-total-nutrition\/\" \/>\n<meta property=\"og:site_name\" content=\"Scensverige\" \/>\n<meta property=\"article:modified_time\" content=\"2023-03-17T08:36:01+00:00\" \/>\n<meta property=\"og:image\" content=\"https:\/\/scensverige.se\/wp-content\/uploads\/2023\/02\/MinTotalaNjutning-LilithPerformanceStudio-1024x576.png\" \/>\n<meta name=\"twitter:card\" content=\"summary_large_image\" \/>\n<meta name=\"twitter:label1\" content=\"Est. reading time\" \/>\n\t<meta name=\"twitter:data1\" content=\"3 minutes\" \/>\n<script type=\"application\/ld+json\" class=\"yoast-schema-graph\">{\"@context\":\"https:\\\/\\\/schema.org\",\"@graph\":[{\"@type\":\"WebPage\",\"@id\":\"https:\\\/\\\/scensverige.se\\\/en\\\/my-total-nutrition\\\/\",\"url\":\"https:\\\/\\\/scensverige.se\\\/en\\\/my-total-nutrition\\\/\",\"name\":\"My total nutrition\\\/Lilith Performance Studio - Scensverige\",\"isPartOf\":{\"@id\":\"https:\\\/\\\/scensverige.se\\\/#website\"},\"primaryImageOfPage\":{\"@id\":\"https:\\\/\\\/scensverige.se\\\/en\\\/my-total-nutrition\\\/#primaryimage\"},\"image\":{\"@id\":\"https:\\\/\\\/scensverige.se\\\/en\\\/my-total-nutrition\\\/#primaryimage\"},\"thumbnailUrl\":\"https:\\\/\\\/scensverige.se\\\/wp-content\\\/uploads\\\/2023\\\/02\\\/MinTotalaNjutning-LilithPerformanceStudio-1024x576.png\",\"datePublished\":\"2023-03-14T14:47:33+00:00\",\"dateModified\":\"2023-03-17T08:36:01+00:00\",\"breadcrumb\":{\"@id\":\"https:\\\/\\\/scensverige.se\\\/en\\\/my-total-nutrition\\\/#breadcrumb\"},\"inLanguage\":\"en-US\",\"potentialAction\":[{\"@type\":\"ReadAction\",\"target\":[\"https:\\\/\\\/scensverige.se\\\/en\\\/my-total-nutrition\\\/\"]}]},{\"@type\":\"ImageObject\",\"inLanguage\":\"en-US\",\"@id\":\"https:\\\/\\\/scensverige.se\\\/en\\\/my-total-nutrition\\\/#primaryimage\",\"url\":\"https:\\\/\\\/scensverige.se\\\/wp-content\\\/uploads\\\/2023\\\/02\\\/MinTotalaNjutning-LilithPerformanceStudio-1024x576.png\",\"contentUrl\":\"https:\\\/\\\/scensverige.se\\\/wp-content\\\/uploads\\\/2023\\\/02\\\/MinTotalaNjutning-LilithPerformanceStudio-1024x576.png\"},{\"@type\":\"BreadcrumbList\",\"@id\":\"https:\\\/\\\/scensverige.se\\\/en\\\/my-total-nutrition\\\/#breadcrumb\",\"itemListElement\":[{\"@type\":\"ListItem\",\"position\":1,\"name\":\"Hem\",\"item\":\"https:\\\/\\\/scensverige.se\\\/en\\\/\"},{\"@type\":\"ListItem\",\"position\":2,\"name\":\"My total nutrition\\\/Lilith Performance Studio\"}]},{\"@type\":\"WebSite\",\"@id\":\"https:\\\/\\\/scensverige.se\\\/#website\",\"url\":\"https:\\\/\\\/scensverige.se\\\/\",\"name\":\"Scensverige\",\"description\":\"M\u00f6tesplats f\u00f6r svensk och internationell scenkonst\",\"publisher\":{\"@id\":\"https:\\\/\\\/scensverige.se\\\/#organization\"},\"potentialAction\":[{\"@type\":\"SearchAction\",\"target\":{\"@type\":\"EntryPoint\",\"urlTemplate\":\"https:\\\/\\\/scensverige.se\\\/?s={search_term_string}\"},\"query-input\":{\"@type\":\"PropertyValueSpecification\",\"valueRequired\":true,\"valueName\":\"search_term_string\"}}],\"inLanguage\":\"en-US\"},{\"@type\":\"Organization\",\"@id\":\"https:\\\/\\\/scensverige.se\\\/#organization\",\"name\":\"Scensverige\",\"url\":\"https:\\\/\\\/scensverige.se\\\/\",\"logo\":{\"@type\":\"ImageObject\",\"inLanguage\":\"en-US\",\"@id\":\"https:\\\/\\\/scensverige.se\\\/#\\\/schema\\\/logo\\\/image\\\/\",\"url\":\"https:\\\/\\\/scensverige.se\\\/wp-content\\\/uploads\\\/2019\\\/01\\\/Scensverige_logotyp_800.png\",\"contentUrl\":\"https:\\\/\\\/scensverige.se\\\/wp-content\\\/uploads\\\/2019\\\/01\\\/Scensverige_logotyp_800.png\",\"width\":800,\"height\":186,\"caption\":\"Scensverige\"},\"image\":{\"@id\":\"https:\\\/\\\/scensverige.se\\\/#\\\/schema\\\/logo\\\/image\\\/\"}}]}<\/script>\n<!-- \/ Yoast SEO plugin. -->","yoast_head_json":{"title":"My total nutrition\/Lilith Performance Studio - Scensverige","robots":{"index":"index","follow":"follow","max-snippet":"max-snippet:-1","max-image-preview":"max-image-preview:large","max-video-preview":"max-video-preview:-1"},"canonical":"https:\/\/scensverige.se\/en\/my-total-nutrition\/","og_locale":"en_US","og_type":"article","og_title":"My total nutrition\/Lilith Performance Studio - Scensverige","og_description":"The room is covered from floor to ceiling with five tonnes of flour, a giant dough becomes the prop that binds the 25 actors together. The dough smells, is hugged, kneaded, handed over and follows the audience home, stuck under their shoes. The sensuality of My Total Indulgence is striking and liberating, but the performance &hellip;","og_url":"https:\/\/scensverige.se\/en\/my-total-nutrition\/","og_site_name":"Scensverige","article_modified_time":"2023-03-17T08:36:01+00:00","og_image":[{"url":"https:\/\/scensverige.se\/wp-content\/uploads\/2023\/02\/MinTotalaNjutning-LilithPerformanceStudio-1024x576.png","type":"","width":"","height":""}],"twitter_card":"summary_large_image","twitter_misc":{"Est. reading time":"3 minutes"},"schema":{"@context":"https:\/\/schema.org","@graph":[{"@type":"WebPage","@id":"https:\/\/scensverige.se\/en\/my-total-nutrition\/","url":"https:\/\/scensverige.se\/en\/my-total-nutrition\/","name":"My total nutrition\/Lilith Performance Studio - Scensverige","isPartOf":{"@id":"https:\/\/scensverige.se\/#website"},"primaryImageOfPage":{"@id":"https:\/\/scensverige.se\/en\/my-total-nutrition\/#primaryimage"},"image":{"@id":"https:\/\/scensverige.se\/en\/my-total-nutrition\/#primaryimage"},"thumbnailUrl":"https:\/\/scensverige.se\/wp-content\/uploads\/2023\/02\/MinTotalaNjutning-LilithPerformanceStudio-1024x576.png","datePublished":"2023-03-14T14:47:33+00:00","dateModified":"2023-03-17T08:36:01+00:00","breadcrumb":{"@id":"https:\/\/scensverige.se\/en\/my-total-nutrition\/#breadcrumb"},"inLanguage":"en-US","potentialAction":[{"@type":"ReadAction","target":["https:\/\/scensverige.se\/en\/my-total-nutrition\/"]}]},{"@type":"ImageObject","inLanguage":"en-US","@id":"https:\/\/scensverige.se\/en\/my-total-nutrition\/#primaryimage","url":"https:\/\/scensverige.se\/wp-content\/uploads\/2023\/02\/MinTotalaNjutning-LilithPerformanceStudio-1024x576.png","contentUrl":"https:\/\/scensverige.se\/wp-content\/uploads\/2023\/02\/MinTotalaNjutning-LilithPerformanceStudio-1024x576.png"},{"@type":"BreadcrumbList","@id":"https:\/\/scensverige.se\/en\/my-total-nutrition\/#breadcrumb","itemListElement":[{"@type":"ListItem","position":1,"name":"Hem","item":"https:\/\/scensverige.se\/en\/"},{"@type":"ListItem","position":2,"name":"My total nutrition\/Lilith Performance Studio"}]},{"@type":"WebSite","@id":"https:\/\/scensverige.se\/#website","url":"https:\/\/scensverige.se\/","name":"Scensverige","description":"M\u00f6tesplats f\u00f6r svensk och internationell scenkonst","publisher":{"@id":"https:\/\/scensverige.se\/#organization"},"potentialAction":[{"@type":"SearchAction","target":{"@type":"EntryPoint","urlTemplate":"https:\/\/scensverige.se\/?s={search_term_string}"},"query-input":{"@type":"PropertyValueSpecification","valueRequired":true,"valueName":"search_term_string"}}],"inLanguage":"en-US"},{"@type":"Organization","@id":"https:\/\/scensverige.se\/#organization","name":"Scensverige","url":"https:\/\/scensverige.se\/","logo":{"@type":"ImageObject","inLanguage":"en-US","@id":"https:\/\/scensverige.se\/#\/schema\/logo\/image\/","url":"https:\/\/scensverige.se\/wp-content\/uploads\/2019\/01\/Scensverige_logotyp_800.png","contentUrl":"https:\/\/scensverige.se\/wp-content\/uploads\/2019\/01\/Scensverige_logotyp_800.png","width":800,"height":186,"caption":"Scensverige"},"image":{"@id":"https:\/\/scensverige.se\/#\/schema\/logo\/image\/"}}]}},"_links":{"self":[{"href":"https:\/\/scensverige.se\/en\/wp-json\/wp\/v2\/pages\/32076","targetHints":{"allow":["GET"]}}],"collection":[{"href":"https:\/\/scensverige.se\/en\/wp-json\/wp\/v2\/pages"}],"about":[{"href":"https:\/\/scensverige.se\/en\/wp-json\/wp\/v2\/types\/page"}],"author":[{"embeddable":true,"href":"https:\/\/scensverige.se\/en\/wp-json\/wp\/v2\/users\/9192195"}],"replies":[{"embeddable":true,"href":"https:\/\/scensverige.se\/en\/wp-json\/wp\/v2\/comments?post=32076"}],"version-history":[{"count":7,"href":"https:\/\/scensverige.se\/en\/wp-json\/wp\/v2\/pages\/32076\/revisions"}],"predecessor-version":[{"id":32270,"href":"https:\/\/scensverige.se\/en\/wp-json\/wp\/v2\/pages\/32076\/revisions\/32270"}],"wp:attachment":[{"href":"https:\/\/scensverige.se\/en\/wp-json\/wp\/v2\/media?parent=32076"}],"curies":[{"name":"wp","href":"https:\/\/api.w.org\/{rel}","templated":true}]}}