{"id":32083,"date":"2023-03-14T15:43:54","date_gmt":"2023-03-14T14:43:54","guid":{"rendered":"https:\/\/scensverige.se\/?page_id=32083"},"modified":"2023-03-17T09:39:37","modified_gmt":"2023-03-17T08:39:37","slug":"noche-cullberg","status":"publish","type":"page","link":"https:\/\/scensverige.se\/en\/noche-cullberg\/","title":{"rendered":"Noche\/Cullberg"},"content":{"rendered":"\n<figure class=\"wp-block-image size-large\"><a href=\"https:\/\/scensverige.se\/wp-content\/uploads\/2023\/02\/3.Noche-Cullberg.jpg\"><img loading=\"lazy\" decoding=\"async\" width=\"1024\" height=\"576\" src=\"https:\/\/scensverige.se\/wp-content\/uploads\/2023\/02\/3.Noche-Cullberg-1024x576.jpg\" alt=\"\" class=\"wp-image-31846\" srcset=\"https:\/\/scensverige.se\/wp-content\/uploads\/2023\/02\/3.Noche-Cullberg-1024x576.jpg 1024w, https:\/\/scensverige.se\/wp-content\/uploads\/2023\/02\/3.Noche-Cullberg-300x169.jpg 300w, https:\/\/scensverige.se\/wp-content\/uploads\/2023\/02\/3.Noche-Cullberg-768x432.jpg 768w, https:\/\/scensverige.se\/wp-content\/uploads\/2023\/02\/3.Noche-Cullberg-1536x864.jpg 1536w, https:\/\/scensverige.se\/wp-content\/uploads\/2023\/02\/3.Noche-Cullberg-1200x675.jpg 1200w, https:\/\/scensverige.se\/wp-content\/uploads\/2023\/02\/3.Noche-Cullberg-1400x788.jpg 1400w, https:\/\/scensverige.se\/wp-content\/uploads\/2023\/02\/3.Noche-Cullberg.jpg 1920w\" sizes=\"auto, (max-width: 1024px) 100vw, 1024px\" \/><\/a><figcaption class=\"wp-element-caption\">Photo: Nina Andersson Voigt<\/figcaption><\/figure>\n\n\n\n<blockquote class=\"wp-block-quote is-layout-flow wp-block-quote-is-layout-flow\">\n<p>In Noche, choreographer Alma S\u00f6derberg and Cullberg&#8217;s nine dancers set the night in motion. Out of the darkness emerges a symbiosis of movement and sound, a composite choir where rhythms with syncopation and sudden stops create tension and variation. The movements feed the music and the dancers&#8217; voices undulate from whispers to song. From the collective flow, solos emerge in the delineated fields of the sparse lighting design, reminiscent of the moon&#8217;s glow. It all adds up to a magically captivating atmosphere that makes you want to rock along.<\/p>\n\n\n\n<p><strong>\u2013 <\/strong>Motivation of the selection jury<\/p>\n<\/blockquote>\n\n\n\n<p>The encounter between dance and music, movement, voice and rhythm is central to Alma S\u00f6derberg&#8217;s work. In her second work for Cullberg, Noche, exploration takes a new form. At once slow and sudden, constantly recurring yet unpredictable, the night is a soft interruption with its own rhythm. The night becomes the symbol of a new type of music and dance, more uneven in its rhythm, more risky, but at the same time soft, warm and dark. With its pastel colours and blurred edges, Alma S\u00f6derberg&#8217;s first work for Cullberg The Listeners, premiered just before the pandemic in January 2020, was a work of the evening. Where it ends, Noche takes over. From a soft web of multiple voices and movements, towards the cut, the interruption, the syncopation.<\/p>\n\n\n\n<p>&#8211; In Noche, I have focused even more on rhythm than before. More specifically, we have worked with syncopations, which are variations of rhythm and sudden stops. My ambition is that there should be a crystal clear quailty, in the same way that moonlight creates clear contours and shapes. It should be clear in both a musical and visual sense,&#8217; says Alma S\u00f6derberg.<\/p>\n\n\n\n<p><strong>By<\/strong> Alma S\u00f6derberg<br><strong>Choreographer<\/strong> Alma S\u00f6derberg<br><strong>Music<\/strong> Dehendrik Lechat Willekens<br><strong>Costume <\/strong>Behnaz Aram<br><strong>Light<\/strong> Pole Matth\u00e9<br><strong>The dance and voice has been created in collaboration with <\/strong>Adam Sch\u00fctt, Anna Fitoussi, Benjamin Pohlig, Camille Prieux, Cecilia Wretemark-Hauck, Eliott Marmouset, Freddy Houndekindo, Johanna Tengan, Katie Jacobson, Louise Dahl, Mohamed Y. Shika and V\u00edctor P\u00e9rez Armero. Shika and V\u00edctor P\u00e9rez Armero With 10 dancers in Cullberg<\/p>\n\n\n\n<p><a href=\"https:\/\/cullberg.com\/performance\/noche\/\">Read more about the production here<\/a><\/p>\n\n\n\n<p><a href=\"https:\/\/scensverige.se\/en\/selected-productions-2023\/\"><strong>Back to all selected productions<\/strong><\/a><\/p>\n","protected":false},"excerpt":{"rendered":"<p>In Noche, choreographer Alma S\u00f6derberg and Cullberg&#8217;s nine dancers set the night in motion. Out of the darkness emerges a symbiosis of movement and sound, a composite choir where rhythms with syncopation and sudden stops create tension and variation. The movements feed the music and the dancers&#8217; voices undulate from whispers to song. From the &hellip;<\/p>\n","protected":false},"author":9192195,"featured_media":0,"parent":0,"menu_order":0,"comment_status":"closed","ping_status":"closed","template":"","meta":{"_acf_changed":false,"footnotes":""},"class_list":["post-32083","page","type-page","status-publish","hentry","post","without-featured-image"],"acf":[],"yoast_head":"<!-- This site is optimized with the Yoast SEO plugin v27.3 - https:\/\/yoast.com\/product\/yoast-seo-wordpress\/ -->\n<title>Noche\/Cullberg - Scensverige<\/title>\n<meta name=\"robots\" content=\"index, follow, max-snippet:-1, max-image-preview:large, max-video-preview:-1\" \/>\n<link rel=\"canonical\" href=\"https:\/\/scensverige.se\/en\/noche-cullberg\/\" \/>\n<meta property=\"og:locale\" content=\"en_US\" \/>\n<meta property=\"og:type\" content=\"article\" \/>\n<meta property=\"og:title\" content=\"Noche\/Cullberg - Scensverige\" \/>\n<meta property=\"og:description\" content=\"In Noche, choreographer Alma S\u00f6derberg and Cullberg&#8217;s nine dancers set the night in motion. Out of the darkness emerges a symbiosis of movement and sound, a composite choir where rhythms with syncopation and sudden stops create tension and variation. The movements feed the music and the dancers&#8217; voices undulate from whispers to song. From the &hellip;\" \/>\n<meta property=\"og:url\" content=\"https:\/\/scensverige.se\/en\/noche-cullberg\/\" \/>\n<meta property=\"og:site_name\" content=\"Scensverige\" \/>\n<meta property=\"article:modified_time\" content=\"2023-03-17T08:39:37+00:00\" \/>\n<meta property=\"og:image\" content=\"https:\/\/scensverige.se\/wp-content\/uploads\/2023\/02\/3.Noche-Cullberg-1024x576.jpg\" \/>\n<meta name=\"twitter:card\" content=\"summary_large_image\" \/>\n<meta name=\"twitter:label1\" content=\"Est. reading time\" \/>\n\t<meta name=\"twitter:data1\" content=\"3 minutes\" \/>\n<script type=\"application\/ld+json\" class=\"yoast-schema-graph\">{\"@context\":\"https:\\\/\\\/schema.org\",\"@graph\":[{\"@type\":\"WebPage\",\"@id\":\"https:\\\/\\\/scensverige.se\\\/en\\\/noche-cullberg\\\/\",\"url\":\"https:\\\/\\\/scensverige.se\\\/en\\\/noche-cullberg\\\/\",\"name\":\"Noche\\\/Cullberg - Scensverige\",\"isPartOf\":{\"@id\":\"https:\\\/\\\/scensverige.se\\\/#website\"},\"primaryImageOfPage\":{\"@id\":\"https:\\\/\\\/scensverige.se\\\/en\\\/noche-cullberg\\\/#primaryimage\"},\"image\":{\"@id\":\"https:\\\/\\\/scensverige.se\\\/en\\\/noche-cullberg\\\/#primaryimage\"},\"thumbnailUrl\":\"https:\\\/\\\/scensverige.se\\\/wp-content\\\/uploads\\\/2023\\\/02\\\/3.Noche-Cullberg-1024x576.jpg\",\"datePublished\":\"2023-03-14T14:43:54+00:00\",\"dateModified\":\"2023-03-17T08:39:37+00:00\",\"breadcrumb\":{\"@id\":\"https:\\\/\\\/scensverige.se\\\/en\\\/noche-cullberg\\\/#breadcrumb\"},\"inLanguage\":\"en-US\",\"potentialAction\":[{\"@type\":\"ReadAction\",\"target\":[\"https:\\\/\\\/scensverige.se\\\/en\\\/noche-cullberg\\\/\"]}]},{\"@type\":\"ImageObject\",\"inLanguage\":\"en-US\",\"@id\":\"https:\\\/\\\/scensverige.se\\\/en\\\/noche-cullberg\\\/#primaryimage\",\"url\":\"https:\\\/\\\/scensverige.se\\\/wp-content\\\/uploads\\\/2023\\\/02\\\/3.Noche-Cullberg-1024x576.jpg\",\"contentUrl\":\"https:\\\/\\\/scensverige.se\\\/wp-content\\\/uploads\\\/2023\\\/02\\\/3.Noche-Cullberg-1024x576.jpg\"},{\"@type\":\"BreadcrumbList\",\"@id\":\"https:\\\/\\\/scensverige.se\\\/en\\\/noche-cullberg\\\/#breadcrumb\",\"itemListElement\":[{\"@type\":\"ListItem\",\"position\":1,\"name\":\"Hem\",\"item\":\"https:\\\/\\\/scensverige.se\\\/en\\\/\"},{\"@type\":\"ListItem\",\"position\":2,\"name\":\"Noche\\\/Cullberg\"}]},{\"@type\":\"WebSite\",\"@id\":\"https:\\\/\\\/scensverige.se\\\/#website\",\"url\":\"https:\\\/\\\/scensverige.se\\\/\",\"name\":\"Scensverige\",\"description\":\"M\u00f6tesplats f\u00f6r svensk och internationell scenkonst\",\"publisher\":{\"@id\":\"https:\\\/\\\/scensverige.se\\\/#organization\"},\"potentialAction\":[{\"@type\":\"SearchAction\",\"target\":{\"@type\":\"EntryPoint\",\"urlTemplate\":\"https:\\\/\\\/scensverige.se\\\/?s={search_term_string}\"},\"query-input\":{\"@type\":\"PropertyValueSpecification\",\"valueRequired\":true,\"valueName\":\"search_term_string\"}}],\"inLanguage\":\"en-US\"},{\"@type\":\"Organization\",\"@id\":\"https:\\\/\\\/scensverige.se\\\/#organization\",\"name\":\"Scensverige\",\"url\":\"https:\\\/\\\/scensverige.se\\\/\",\"logo\":{\"@type\":\"ImageObject\",\"inLanguage\":\"en-US\",\"@id\":\"https:\\\/\\\/scensverige.se\\\/#\\\/schema\\\/logo\\\/image\\\/\",\"url\":\"https:\\\/\\\/scensverige.se\\\/wp-content\\\/uploads\\\/2019\\\/01\\\/Scensverige_logotyp_800.png\",\"contentUrl\":\"https:\\\/\\\/scensverige.se\\\/wp-content\\\/uploads\\\/2019\\\/01\\\/Scensverige_logotyp_800.png\",\"width\":800,\"height\":186,\"caption\":\"Scensverige\"},\"image\":{\"@id\":\"https:\\\/\\\/scensverige.se\\\/#\\\/schema\\\/logo\\\/image\\\/\"}}]}<\/script>\n<!-- \/ Yoast SEO plugin. -->","yoast_head_json":{"title":"Noche\/Cullberg - Scensverige","robots":{"index":"index","follow":"follow","max-snippet":"max-snippet:-1","max-image-preview":"max-image-preview:large","max-video-preview":"max-video-preview:-1"},"canonical":"https:\/\/scensverige.se\/en\/noche-cullberg\/","og_locale":"en_US","og_type":"article","og_title":"Noche\/Cullberg - Scensverige","og_description":"In Noche, choreographer Alma S\u00f6derberg and Cullberg&#8217;s nine dancers set the night in motion. Out of the darkness emerges a symbiosis of movement and sound, a composite choir where rhythms with syncopation and sudden stops create tension and variation. The movements feed the music and the dancers&#8217; voices undulate from whispers to song. From the &hellip;","og_url":"https:\/\/scensverige.se\/en\/noche-cullberg\/","og_site_name":"Scensverige","article_modified_time":"2023-03-17T08:39:37+00:00","og_image":[{"url":"https:\/\/scensverige.se\/wp-content\/uploads\/2023\/02\/3.Noche-Cullberg-1024x576.jpg","type":"","width":"","height":""}],"twitter_card":"summary_large_image","twitter_misc":{"Est. reading time":"3 minutes"},"schema":{"@context":"https:\/\/schema.org","@graph":[{"@type":"WebPage","@id":"https:\/\/scensverige.se\/en\/noche-cullberg\/","url":"https:\/\/scensverige.se\/en\/noche-cullberg\/","name":"Noche\/Cullberg - Scensverige","isPartOf":{"@id":"https:\/\/scensverige.se\/#website"},"primaryImageOfPage":{"@id":"https:\/\/scensverige.se\/en\/noche-cullberg\/#primaryimage"},"image":{"@id":"https:\/\/scensverige.se\/en\/noche-cullberg\/#primaryimage"},"thumbnailUrl":"https:\/\/scensverige.se\/wp-content\/uploads\/2023\/02\/3.Noche-Cullberg-1024x576.jpg","datePublished":"2023-03-14T14:43:54+00:00","dateModified":"2023-03-17T08:39:37+00:00","breadcrumb":{"@id":"https:\/\/scensverige.se\/en\/noche-cullberg\/#breadcrumb"},"inLanguage":"en-US","potentialAction":[{"@type":"ReadAction","target":["https:\/\/scensverige.se\/en\/noche-cullberg\/"]}]},{"@type":"ImageObject","inLanguage":"en-US","@id":"https:\/\/scensverige.se\/en\/noche-cullberg\/#primaryimage","url":"https:\/\/scensverige.se\/wp-content\/uploads\/2023\/02\/3.Noche-Cullberg-1024x576.jpg","contentUrl":"https:\/\/scensverige.se\/wp-content\/uploads\/2023\/02\/3.Noche-Cullberg-1024x576.jpg"},{"@type":"BreadcrumbList","@id":"https:\/\/scensverige.se\/en\/noche-cullberg\/#breadcrumb","itemListElement":[{"@type":"ListItem","position":1,"name":"Hem","item":"https:\/\/scensverige.se\/en\/"},{"@type":"ListItem","position":2,"name":"Noche\/Cullberg"}]},{"@type":"WebSite","@id":"https:\/\/scensverige.se\/#website","url":"https:\/\/scensverige.se\/","name":"Scensverige","description":"M\u00f6tesplats f\u00f6r svensk och internationell scenkonst","publisher":{"@id":"https:\/\/scensverige.se\/#organization"},"potentialAction":[{"@type":"SearchAction","target":{"@type":"EntryPoint","urlTemplate":"https:\/\/scensverige.se\/?s={search_term_string}"},"query-input":{"@type":"PropertyValueSpecification","valueRequired":true,"valueName":"search_term_string"}}],"inLanguage":"en-US"},{"@type":"Organization","@id":"https:\/\/scensverige.se\/#organization","name":"Scensverige","url":"https:\/\/scensverige.se\/","logo":{"@type":"ImageObject","inLanguage":"en-US","@id":"https:\/\/scensverige.se\/#\/schema\/logo\/image\/","url":"https:\/\/scensverige.se\/wp-content\/uploads\/2019\/01\/Scensverige_logotyp_800.png","contentUrl":"https:\/\/scensverige.se\/wp-content\/uploads\/2019\/01\/Scensverige_logotyp_800.png","width":800,"height":186,"caption":"Scensverige"},"image":{"@id":"https:\/\/scensverige.se\/#\/schema\/logo\/image\/"}}]}},"_links":{"self":[{"href":"https:\/\/scensverige.se\/en\/wp-json\/wp\/v2\/pages\/32083","targetHints":{"allow":["GET"]}}],"collection":[{"href":"https:\/\/scensverige.se\/en\/wp-json\/wp\/v2\/pages"}],"about":[{"href":"https:\/\/scensverige.se\/en\/wp-json\/wp\/v2\/types\/page"}],"author":[{"embeddable":true,"href":"https:\/\/scensverige.se\/en\/wp-json\/wp\/v2\/users\/9192195"}],"replies":[{"embeddable":true,"href":"https:\/\/scensverige.se\/en\/wp-json\/wp\/v2\/comments?post=32083"}],"version-history":[{"count":4,"href":"https:\/\/scensverige.se\/en\/wp-json\/wp\/v2\/pages\/32083\/revisions"}],"predecessor-version":[{"id":32273,"href":"https:\/\/scensverige.se\/en\/wp-json\/wp\/v2\/pages\/32083\/revisions\/32273"}],"wp:attachment":[{"href":"https:\/\/scensverige.se\/en\/wp-json\/wp\/v2\/media?parent=32083"}],"curies":[{"name":"wp","href":"https:\/\/api.w.org\/{rel}","templated":true}]}}