{"id":37301,"date":"2024-06-19T14:10:14","date_gmt":"2024-06-19T12:10:14","guid":{"rendered":"https:\/\/scensverige.se\/?page_id=37301"},"modified":"2024-07-03T17:40:12","modified_gmt":"2024-07-03T15:40:12","slug":"waterkind","status":"publish","type":"page","link":"https:\/\/scensverige.se\/en\/waterkind\/","title":{"rendered":"Waterkind"},"content":{"rendered":"\n<p>Land Before Time<\/p>\n\n\n<div class=\"wp-block-image is-style-default\">\n<figure class=\"aligncenter size-large is-resized\"><a href=\"https:\/\/scensverige.se\/wp-content\/uploads\/2024\/06\/waterkind.png\"><img loading=\"lazy\" decoding=\"async\" width=\"1024\" height=\"1024\" src=\"https:\/\/scensverige.se\/wp-content\/uploads\/2024\/06\/waterkind-1024x1024.png\" alt=\"\" class=\"wp-image-37230\" style=\"width:600px\" srcset=\"https:\/\/scensverige.se\/wp-content\/uploads\/2024\/06\/waterkind-1024x1024.png 1024w, https:\/\/scensverige.se\/wp-content\/uploads\/2024\/06\/waterkind-300x300.png 300w, https:\/\/scensverige.se\/wp-content\/uploads\/2024\/06\/waterkind-150x150.png 150w, https:\/\/scensverige.se\/wp-content\/uploads\/2024\/06\/waterkind-768x768.png 768w, https:\/\/scensverige.se\/wp-content\/uploads\/2024\/06\/waterkind.png 1080w\" sizes=\"auto, (max-width: 1024px) 100vw, 1024px\" \/><\/a><figcaption class=\"wp-element-caption\"><em>Photo: Donatas Ali\u0161auska<\/em><\/figcaption><\/figure>\n<\/div>\n\n\n<p><strong>Waterkind<\/strong> explores the interplay and connection between two bodies without direct physical contact. How can we experience the sensation of connection and the mutual understanding of the next movement through improvisation? Both proximity and space are equally essential, with an ongoing focus on vibrations and responsiveness. Individual explosions and outbursts occuring while both performers maintain a close relation to one another. The next movement is strongly dependent on the former. Water is the inspiration to form the flows and currents, combined with freestyle and elements of popping the result is a specific material contained in the work.<\/p>\n\n\n\n<p><strong>Choreography:<\/strong> Joanna Holewa Chrona, Yared Tilahun Cederlund<br><strong>Dancers:<\/strong> Joanna Holewa Chrona, Yared Tilahun Cederlund<br><strong>Music: <\/strong>Yared Tilahun Cederlund<br><strong>Vocals: <\/strong>Ntsika Fana Ngxanga<br><strong>Producers:&nbsp;<\/strong>&nbsp;Land Before Time<br><strong>Distribution: <\/strong>Nordberg Movement<br><strong>Duration:<\/strong> 30 min adaptable to site-specific venues, both indoor and outdoor.<\/p>\n\n\n\n<p><strong>Land Before Time<\/strong> is a creative duo consisting of Joanna Holewa Chrona and Yared Tilahun Cederlund. They are performing artists within the field of dancing, deeyaing, choreographing, sound composing and producing their own performances. Currently working with site specific performances as a touring concept. Both Joanna and Yared have a background within streetdance, and together they have developed a common practise inspired by water.<br><a href=\"https:\/\/www.nordbergmovement.se\/artists\/land-before-time\/\"><strong>www.nordbergmovement.se\/landbeforetime<\/strong><\/a><\/p>\n\n\n\n<p><strong>Contact:<\/strong> marie@nordbergmovement.se<\/p>\n\n\n\n<p><em>With support from: Konstn\u00e4rsn\u00e4mnden, Region Sk\u00e5ne, Norrlandsoperan and Kulturr\u00e5det, Dalateatern<\/em><\/p>\n\n\n\n<h2 class=\"wp-block-heading has-vivid-green-cyan-color has-text-color has-link-color wp-elements-300158d6aeac14259b4eabe06718e8ac\"><a href=\"https:\/\/beta.biblioteket.stockholm.se\/evenemang\/waterkind-dansforestallning-med-duon-land-before-time-1\">This is a public performance, book your seats here<br>26 August 16:00<\/a><br><\/h2>\n","protected":false},"excerpt":{"rendered":"<p>Land Before Time Waterkind explores the interplay and connection between two bodies without direct physical contact. How can we experience the sensation of connection and the mutual understanding of the next movement through improvisation? Both proximity and space are equally essential, with an ongoing focus on vibrations and responsiveness. Individual explosions and outbursts occuring while &hellip;<\/p>\n","protected":false},"author":9192198,"featured_media":0,"parent":0,"menu_order":0,"comment_status":"closed","ping_status":"closed","template":"","meta":{"_acf_changed":false,"footnotes":""},"class_list":["post-37301","page","type-page","status-publish","hentry","post","without-featured-image"],"acf":[],"yoast_head":"<!-- This site is optimized with the Yoast SEO plugin v27.3 - https:\/\/yoast.com\/product\/yoast-seo-wordpress\/ -->\n<title>Waterkind - Scensverige<\/title>\n<meta name=\"robots\" content=\"index, follow, max-snippet:-1, max-image-preview:large, max-video-preview:-1\" \/>\n<link rel=\"canonical\" href=\"https:\/\/scensverige.se\/en\/waterkind\/\" \/>\n<meta property=\"og:locale\" content=\"en_US\" \/>\n<meta property=\"og:type\" content=\"article\" \/>\n<meta property=\"og:title\" content=\"Waterkind - Scensverige\" \/>\n<meta property=\"og:description\" content=\"Land Before Time Waterkind explores the interplay and connection between two bodies without direct physical contact. How can we experience the sensation of connection and the mutual understanding of the next movement through improvisation? Both proximity and space are equally essential, with an ongoing focus on vibrations and responsiveness. Individual explosions and outbursts occuring while &hellip;\" \/>\n<meta property=\"og:url\" content=\"https:\/\/scensverige.se\/en\/waterkind\/\" \/>\n<meta property=\"og:site_name\" content=\"Scensverige\" \/>\n<meta property=\"article:modified_time\" content=\"2024-07-03T15:40:12+00:00\" \/>\n<meta property=\"og:image\" content=\"https:\/\/scensverige.se\/wp-content\/uploads\/2024\/06\/waterkind-1024x1024.png\" \/>\n<meta name=\"twitter:card\" content=\"summary_large_image\" \/>\n<meta name=\"twitter:label1\" content=\"Est. reading time\" \/>\n\t<meta name=\"twitter:data1\" content=\"2 minutes\" \/>\n<script type=\"application\/ld+json\" class=\"yoast-schema-graph\">{\"@context\":\"https:\\\/\\\/schema.org\",\"@graph\":[{\"@type\":\"WebPage\",\"@id\":\"https:\\\/\\\/scensverige.se\\\/en\\\/waterkind\\\/\",\"url\":\"https:\\\/\\\/scensverige.se\\\/en\\\/waterkind\\\/\",\"name\":\"Waterkind - Scensverige\",\"isPartOf\":{\"@id\":\"https:\\\/\\\/scensverige.se\\\/#website\"},\"primaryImageOfPage\":{\"@id\":\"https:\\\/\\\/scensverige.se\\\/en\\\/waterkind\\\/#primaryimage\"},\"image\":{\"@id\":\"https:\\\/\\\/scensverige.se\\\/en\\\/waterkind\\\/#primaryimage\"},\"thumbnailUrl\":\"https:\\\/\\\/scensverige.se\\\/wp-content\\\/uploads\\\/2024\\\/06\\\/waterkind-1024x1024.png\",\"datePublished\":\"2024-06-19T12:10:14+00:00\",\"dateModified\":\"2024-07-03T15:40:12+00:00\",\"breadcrumb\":{\"@id\":\"https:\\\/\\\/scensverige.se\\\/en\\\/waterkind\\\/#breadcrumb\"},\"inLanguage\":\"en-US\",\"potentialAction\":[{\"@type\":\"ReadAction\",\"target\":[\"https:\\\/\\\/scensverige.se\\\/en\\\/waterkind\\\/\"]}]},{\"@type\":\"ImageObject\",\"inLanguage\":\"en-US\",\"@id\":\"https:\\\/\\\/scensverige.se\\\/en\\\/waterkind\\\/#primaryimage\",\"url\":\"https:\\\/\\\/scensverige.se\\\/wp-content\\\/uploads\\\/2024\\\/06\\\/waterkind-1024x1024.png\",\"contentUrl\":\"https:\\\/\\\/scensverige.se\\\/wp-content\\\/uploads\\\/2024\\\/06\\\/waterkind-1024x1024.png\"},{\"@type\":\"BreadcrumbList\",\"@id\":\"https:\\\/\\\/scensverige.se\\\/en\\\/waterkind\\\/#breadcrumb\",\"itemListElement\":[{\"@type\":\"ListItem\",\"position\":1,\"name\":\"Hem\",\"item\":\"https:\\\/\\\/scensverige.se\\\/en\\\/\"},{\"@type\":\"ListItem\",\"position\":2,\"name\":\"Waterkind\"}]},{\"@type\":\"WebSite\",\"@id\":\"https:\\\/\\\/scensverige.se\\\/#website\",\"url\":\"https:\\\/\\\/scensverige.se\\\/\",\"name\":\"Scensverige\",\"description\":\"M\u00f6tesplats f\u00f6r svensk och internationell scenkonst\",\"publisher\":{\"@id\":\"https:\\\/\\\/scensverige.se\\\/#organization\"},\"potentialAction\":[{\"@type\":\"SearchAction\",\"target\":{\"@type\":\"EntryPoint\",\"urlTemplate\":\"https:\\\/\\\/scensverige.se\\\/?s={search_term_string}\"},\"query-input\":{\"@type\":\"PropertyValueSpecification\",\"valueRequired\":true,\"valueName\":\"search_term_string\"}}],\"inLanguage\":\"en-US\"},{\"@type\":\"Organization\",\"@id\":\"https:\\\/\\\/scensverige.se\\\/#organization\",\"name\":\"Scensverige\",\"url\":\"https:\\\/\\\/scensverige.se\\\/\",\"logo\":{\"@type\":\"ImageObject\",\"inLanguage\":\"en-US\",\"@id\":\"https:\\\/\\\/scensverige.se\\\/#\\\/schema\\\/logo\\\/image\\\/\",\"url\":\"https:\\\/\\\/scensverige.se\\\/wp-content\\\/uploads\\\/2019\\\/01\\\/Scensverige_logotyp_800.png\",\"contentUrl\":\"https:\\\/\\\/scensverige.se\\\/wp-content\\\/uploads\\\/2019\\\/01\\\/Scensverige_logotyp_800.png\",\"width\":800,\"height\":186,\"caption\":\"Scensverige\"},\"image\":{\"@id\":\"https:\\\/\\\/scensverige.se\\\/#\\\/schema\\\/logo\\\/image\\\/\"}}]}<\/script>\n<!-- \/ Yoast SEO plugin. -->","yoast_head_json":{"title":"Waterkind - Scensverige","robots":{"index":"index","follow":"follow","max-snippet":"max-snippet:-1","max-image-preview":"max-image-preview:large","max-video-preview":"max-video-preview:-1"},"canonical":"https:\/\/scensverige.se\/en\/waterkind\/","og_locale":"en_US","og_type":"article","og_title":"Waterkind - Scensverige","og_description":"Land Before Time Waterkind explores the interplay and connection between two bodies without direct physical contact. How can we experience the sensation of connection and the mutual understanding of the next movement through improvisation? Both proximity and space are equally essential, with an ongoing focus on vibrations and responsiveness. Individual explosions and outbursts occuring while &hellip;","og_url":"https:\/\/scensverige.se\/en\/waterkind\/","og_site_name":"Scensverige","article_modified_time":"2024-07-03T15:40:12+00:00","og_image":[{"url":"https:\/\/scensverige.se\/wp-content\/uploads\/2024\/06\/waterkind-1024x1024.png","type":"","width":"","height":""}],"twitter_card":"summary_large_image","twitter_misc":{"Est. reading time":"2 minutes"},"schema":{"@context":"https:\/\/schema.org","@graph":[{"@type":"WebPage","@id":"https:\/\/scensverige.se\/en\/waterkind\/","url":"https:\/\/scensverige.se\/en\/waterkind\/","name":"Waterkind - Scensverige","isPartOf":{"@id":"https:\/\/scensverige.se\/#website"},"primaryImageOfPage":{"@id":"https:\/\/scensverige.se\/en\/waterkind\/#primaryimage"},"image":{"@id":"https:\/\/scensverige.se\/en\/waterkind\/#primaryimage"},"thumbnailUrl":"https:\/\/scensverige.se\/wp-content\/uploads\/2024\/06\/waterkind-1024x1024.png","datePublished":"2024-06-19T12:10:14+00:00","dateModified":"2024-07-03T15:40:12+00:00","breadcrumb":{"@id":"https:\/\/scensverige.se\/en\/waterkind\/#breadcrumb"},"inLanguage":"en-US","potentialAction":[{"@type":"ReadAction","target":["https:\/\/scensverige.se\/en\/waterkind\/"]}]},{"@type":"ImageObject","inLanguage":"en-US","@id":"https:\/\/scensverige.se\/en\/waterkind\/#primaryimage","url":"https:\/\/scensverige.se\/wp-content\/uploads\/2024\/06\/waterkind-1024x1024.png","contentUrl":"https:\/\/scensverige.se\/wp-content\/uploads\/2024\/06\/waterkind-1024x1024.png"},{"@type":"BreadcrumbList","@id":"https:\/\/scensverige.se\/en\/waterkind\/#breadcrumb","itemListElement":[{"@type":"ListItem","position":1,"name":"Hem","item":"https:\/\/scensverige.se\/en\/"},{"@type":"ListItem","position":2,"name":"Waterkind"}]},{"@type":"WebSite","@id":"https:\/\/scensverige.se\/#website","url":"https:\/\/scensverige.se\/","name":"Scensverige","description":"M\u00f6tesplats f\u00f6r svensk och internationell scenkonst","publisher":{"@id":"https:\/\/scensverige.se\/#organization"},"potentialAction":[{"@type":"SearchAction","target":{"@type":"EntryPoint","urlTemplate":"https:\/\/scensverige.se\/?s={search_term_string}"},"query-input":{"@type":"PropertyValueSpecification","valueRequired":true,"valueName":"search_term_string"}}],"inLanguage":"en-US"},{"@type":"Organization","@id":"https:\/\/scensverige.se\/#organization","name":"Scensverige","url":"https:\/\/scensverige.se\/","logo":{"@type":"ImageObject","inLanguage":"en-US","@id":"https:\/\/scensverige.se\/#\/schema\/logo\/image\/","url":"https:\/\/scensverige.se\/wp-content\/uploads\/2019\/01\/Scensverige_logotyp_800.png","contentUrl":"https:\/\/scensverige.se\/wp-content\/uploads\/2019\/01\/Scensverige_logotyp_800.png","width":800,"height":186,"caption":"Scensverige"},"image":{"@id":"https:\/\/scensverige.se\/#\/schema\/logo\/image\/"}}]}},"_links":{"self":[{"href":"https:\/\/scensverige.se\/en\/wp-json\/wp\/v2\/pages\/37301","targetHints":{"allow":["GET"]}}],"collection":[{"href":"https:\/\/scensverige.se\/en\/wp-json\/wp\/v2\/pages"}],"about":[{"href":"https:\/\/scensverige.se\/en\/wp-json\/wp\/v2\/types\/page"}],"author":[{"embeddable":true,"href":"https:\/\/scensverige.se\/en\/wp-json\/wp\/v2\/users\/9192198"}],"replies":[{"embeddable":true,"href":"https:\/\/scensverige.se\/en\/wp-json\/wp\/v2\/comments?post=37301"}],"version-history":[{"count":9,"href":"https:\/\/scensverige.se\/en\/wp-json\/wp\/v2\/pages\/37301\/revisions"}],"predecessor-version":[{"id":37719,"href":"https:\/\/scensverige.se\/en\/wp-json\/wp\/v2\/pages\/37301\/revisions\/37719"}],"wp:attachment":[{"href":"https:\/\/scensverige.se\/en\/wp-json\/wp\/v2\/media?parent=37301"}],"curies":[{"name":"wp","href":"https:\/\/api.w.org\/{rel}","templated":true}]}}