{"id":37305,"date":"2024-06-19T14:11:10","date_gmt":"2024-06-19T12:11:10","guid":{"rendered":"https:\/\/scensverige.se\/?page_id=37305"},"modified":"2024-06-24T12:02:02","modified_gmt":"2024-06-24T10:02:02","slug":"rite-of-spring","status":"publish","type":"page","link":"https:\/\/scensverige.se\/en\/rite-of-spring\/","title":{"rendered":"Rite of Spring"},"content":{"rendered":"\n<p>Norrdans<\/p>\n\n\n<div class=\"wp-block-image is-style-default\">\n<figure class=\"aligncenter size-large is-resized\"><a href=\"https:\/\/scensverige.se\/wp-content\/uploads\/2024\/06\/rite-of-spring.png\"><img loading=\"lazy\" decoding=\"async\" width=\"1024\" height=\"1024\" src=\"https:\/\/scensverige.se\/wp-content\/uploads\/2024\/06\/rite-of-spring-1024x1024.png\" alt=\"\" class=\"wp-image-37228\" style=\"width:600px\" srcset=\"https:\/\/scensverige.se\/wp-content\/uploads\/2024\/06\/rite-of-spring-1024x1024.png 1024w, https:\/\/scensverige.se\/wp-content\/uploads\/2024\/06\/rite-of-spring-300x300.png 300w, https:\/\/scensverige.se\/wp-content\/uploads\/2024\/06\/rite-of-spring-150x150.png 150w, https:\/\/scensverige.se\/wp-content\/uploads\/2024\/06\/rite-of-spring-768x768.png 768w, https:\/\/scensverige.se\/wp-content\/uploads\/2024\/06\/rite-of-spring.png 1080w\" sizes=\"auto, (max-width: 1024px) 100vw, 1024px\" \/><\/a><figcaption class=\"wp-element-caption\"><em>Photo: Viola Depcik<\/em><\/figcaption><\/figure>\n<\/div>\n\n\n<p>A playground lost in (dys)function, (dis)order and earplugs. A leftover tarp and a rake without a handle, and a bunch of other everyday objects share space with the three dancers trying to execute a very accurate version of The <strong>Rite of Spring<\/strong>.<\/p>\n\n\n\n<p><br>A great classic, reformulated by Norrdans\u2019 Artistic Director Martin Forsberg. This creation is a macrocosm in a small space, where scales, volume and vibrations take center stage. The beauty finds its place next to the sublime, and the captivating next to the distorted. The dance comes dangerously close and the grand notes of composer Stravinsky manifest in a small but explosive ensemble, a form of rebellious playfulness and total lack of sacrifice.<br><br><strong>We are Norrdans.<br><\/strong>We are dance artists and we invite you to experience.<br>We are the best mix of nordic and international from the middle of Sweden in<br>H\u00e4rn\u00f6sand we sprinkle our art ALL OVER.<br>We dance, move, sense, touch, listen, dream, experiment.<br>We meet the old, the young, the schools, the politicians, the king and queen, the<br>lost souls, the dance virgins, your parents, the dance nerds, the fans, the haters<br>and we do all that we can for you to meet some dance.<br>We don\u2019t care if you are 2 or 3000 in the audience.<br>We just keep asking, what is dance today?<br>Dare.<br><a href=\"https:\/\/norrdans.se\/en\"><strong>www.norrdans.se\/en<br><\/strong><\/a><br><strong>On stage:<\/strong> Alberte Buch G\u00f8bel, Jernej Bizjak, William S\u00e4fstr\u00f6m<br><strong>Choreographer, costume, light and set design:<\/strong> Martin Forsberg<br><strong>Artistic Partner and Rehearsal Director:<\/strong> Marco Herl\u00f8v H\u00f8st<br><strong>Music\/sound:<\/strong> Igor Stravinskij<br><strong>Producer:<\/strong> Norrdans<br><strong>Target group: <\/strong>7-100 years<strong><br>Duration: <\/strong>34 min<\/p>\n\n\n\n<p><strong>Contact: <\/strong>Sara Selmros, Producer, 0046 730 54 90 27, sara.selmros@norrdans.se<\/p>\n","protected":false},"excerpt":{"rendered":"<p>Norrdans A playground lost in (dys)function, (dis)order and earplugs. A leftover tarp and a rake without a handle, and a bunch of other everyday objects share space with the three dancers trying to execute a very accurate version of The Rite of Spring. A great classic, reformulated by Norrdans\u2019 Artistic Director Martin Forsberg. This creation &hellip;<\/p>\n","protected":false},"author":9192198,"featured_media":0,"parent":0,"menu_order":0,"comment_status":"closed","ping_status":"closed","template":"","meta":{"_acf_changed":false,"footnotes":""},"class_list":["post-37305","page","type-page","status-publish","hentry","post","without-featured-image"],"acf":[],"yoast_head":"<!-- This site is optimized with the Yoast SEO plugin v27.3 - https:\/\/yoast.com\/product\/yoast-seo-wordpress\/ -->\n<title>Rite of Spring - Scensverige<\/title>\n<meta name=\"robots\" content=\"index, follow, max-snippet:-1, max-image-preview:large, max-video-preview:-1\" \/>\n<link rel=\"canonical\" href=\"https:\/\/scensverige.se\/en\/rite-of-spring\/\" \/>\n<meta property=\"og:locale\" content=\"en_US\" \/>\n<meta property=\"og:type\" content=\"article\" \/>\n<meta property=\"og:title\" content=\"Rite of Spring - Scensverige\" \/>\n<meta property=\"og:description\" content=\"Norrdans A playground lost in (dys)function, (dis)order and earplugs. A leftover tarp and a rake without a handle, and a bunch of other everyday objects share space with the three dancers trying to execute a very accurate version of The Rite of Spring. A great classic, reformulated by Norrdans\u2019 Artistic Director Martin Forsberg. This creation &hellip;\" \/>\n<meta property=\"og:url\" content=\"https:\/\/scensverige.se\/en\/rite-of-spring\/\" \/>\n<meta property=\"og:site_name\" content=\"Scensverige\" \/>\n<meta property=\"article:modified_time\" content=\"2024-06-24T10:02:02+00:00\" \/>\n<meta property=\"og:image\" content=\"https:\/\/scensverige.se\/wp-content\/uploads\/2024\/06\/rite-of-spring-1024x1024.png\" \/>\n<meta name=\"twitter:card\" content=\"summary_large_image\" \/>\n<meta name=\"twitter:label1\" content=\"Est. reading time\" \/>\n\t<meta name=\"twitter:data1\" content=\"2 minutes\" \/>\n<script type=\"application\/ld+json\" class=\"yoast-schema-graph\">{\"@context\":\"https:\\\/\\\/schema.org\",\"@graph\":[{\"@type\":\"WebPage\",\"@id\":\"https:\\\/\\\/scensverige.se\\\/en\\\/rite-of-spring\\\/\",\"url\":\"https:\\\/\\\/scensverige.se\\\/en\\\/rite-of-spring\\\/\",\"name\":\"Rite of Spring - Scensverige\",\"isPartOf\":{\"@id\":\"https:\\\/\\\/scensverige.se\\\/#website\"},\"primaryImageOfPage\":{\"@id\":\"https:\\\/\\\/scensverige.se\\\/en\\\/rite-of-spring\\\/#primaryimage\"},\"image\":{\"@id\":\"https:\\\/\\\/scensverige.se\\\/en\\\/rite-of-spring\\\/#primaryimage\"},\"thumbnailUrl\":\"https:\\\/\\\/scensverige.se\\\/wp-content\\\/uploads\\\/2024\\\/06\\\/rite-of-spring-1024x1024.png\",\"datePublished\":\"2024-06-19T12:11:10+00:00\",\"dateModified\":\"2024-06-24T10:02:02+00:00\",\"breadcrumb\":{\"@id\":\"https:\\\/\\\/scensverige.se\\\/en\\\/rite-of-spring\\\/#breadcrumb\"},\"inLanguage\":\"en-US\",\"potentialAction\":[{\"@type\":\"ReadAction\",\"target\":[\"https:\\\/\\\/scensverige.se\\\/en\\\/rite-of-spring\\\/\"]}]},{\"@type\":\"ImageObject\",\"inLanguage\":\"en-US\",\"@id\":\"https:\\\/\\\/scensverige.se\\\/en\\\/rite-of-spring\\\/#primaryimage\",\"url\":\"https:\\\/\\\/scensverige.se\\\/wp-content\\\/uploads\\\/2024\\\/06\\\/rite-of-spring-1024x1024.png\",\"contentUrl\":\"https:\\\/\\\/scensverige.se\\\/wp-content\\\/uploads\\\/2024\\\/06\\\/rite-of-spring-1024x1024.png\"},{\"@type\":\"BreadcrumbList\",\"@id\":\"https:\\\/\\\/scensverige.se\\\/en\\\/rite-of-spring\\\/#breadcrumb\",\"itemListElement\":[{\"@type\":\"ListItem\",\"position\":1,\"name\":\"Hem\",\"item\":\"https:\\\/\\\/scensverige.se\\\/en\\\/\"},{\"@type\":\"ListItem\",\"position\":2,\"name\":\"Rite of Spring\"}]},{\"@type\":\"WebSite\",\"@id\":\"https:\\\/\\\/scensverige.se\\\/#website\",\"url\":\"https:\\\/\\\/scensverige.se\\\/\",\"name\":\"Scensverige\",\"description\":\"M\u00f6tesplats f\u00f6r svensk och internationell scenkonst\",\"publisher\":{\"@id\":\"https:\\\/\\\/scensverige.se\\\/#organization\"},\"potentialAction\":[{\"@type\":\"SearchAction\",\"target\":{\"@type\":\"EntryPoint\",\"urlTemplate\":\"https:\\\/\\\/scensverige.se\\\/?s={search_term_string}\"},\"query-input\":{\"@type\":\"PropertyValueSpecification\",\"valueRequired\":true,\"valueName\":\"search_term_string\"}}],\"inLanguage\":\"en-US\"},{\"@type\":\"Organization\",\"@id\":\"https:\\\/\\\/scensverige.se\\\/#organization\",\"name\":\"Scensverige\",\"url\":\"https:\\\/\\\/scensverige.se\\\/\",\"logo\":{\"@type\":\"ImageObject\",\"inLanguage\":\"en-US\",\"@id\":\"https:\\\/\\\/scensverige.se\\\/#\\\/schema\\\/logo\\\/image\\\/\",\"url\":\"https:\\\/\\\/scensverige.se\\\/wp-content\\\/uploads\\\/2019\\\/01\\\/Scensverige_logotyp_800.png\",\"contentUrl\":\"https:\\\/\\\/scensverige.se\\\/wp-content\\\/uploads\\\/2019\\\/01\\\/Scensverige_logotyp_800.png\",\"width\":800,\"height\":186,\"caption\":\"Scensverige\"},\"image\":{\"@id\":\"https:\\\/\\\/scensverige.se\\\/#\\\/schema\\\/logo\\\/image\\\/\"}}]}<\/script>\n<!-- \/ Yoast SEO plugin. -->","yoast_head_json":{"title":"Rite of Spring - Scensverige","robots":{"index":"index","follow":"follow","max-snippet":"max-snippet:-1","max-image-preview":"max-image-preview:large","max-video-preview":"max-video-preview:-1"},"canonical":"https:\/\/scensverige.se\/en\/rite-of-spring\/","og_locale":"en_US","og_type":"article","og_title":"Rite of Spring - Scensverige","og_description":"Norrdans A playground lost in (dys)function, (dis)order and earplugs. A leftover tarp and a rake without a handle, and a bunch of other everyday objects share space with the three dancers trying to execute a very accurate version of The Rite of Spring. A great classic, reformulated by Norrdans\u2019 Artistic Director Martin Forsberg. This creation &hellip;","og_url":"https:\/\/scensverige.se\/en\/rite-of-spring\/","og_site_name":"Scensverige","article_modified_time":"2024-06-24T10:02:02+00:00","og_image":[{"url":"https:\/\/scensverige.se\/wp-content\/uploads\/2024\/06\/rite-of-spring-1024x1024.png","type":"","width":"","height":""}],"twitter_card":"summary_large_image","twitter_misc":{"Est. reading time":"2 minutes"},"schema":{"@context":"https:\/\/schema.org","@graph":[{"@type":"WebPage","@id":"https:\/\/scensverige.se\/en\/rite-of-spring\/","url":"https:\/\/scensverige.se\/en\/rite-of-spring\/","name":"Rite of Spring - Scensverige","isPartOf":{"@id":"https:\/\/scensverige.se\/#website"},"primaryImageOfPage":{"@id":"https:\/\/scensverige.se\/en\/rite-of-spring\/#primaryimage"},"image":{"@id":"https:\/\/scensverige.se\/en\/rite-of-spring\/#primaryimage"},"thumbnailUrl":"https:\/\/scensverige.se\/wp-content\/uploads\/2024\/06\/rite-of-spring-1024x1024.png","datePublished":"2024-06-19T12:11:10+00:00","dateModified":"2024-06-24T10:02:02+00:00","breadcrumb":{"@id":"https:\/\/scensverige.se\/en\/rite-of-spring\/#breadcrumb"},"inLanguage":"en-US","potentialAction":[{"@type":"ReadAction","target":["https:\/\/scensverige.se\/en\/rite-of-spring\/"]}]},{"@type":"ImageObject","inLanguage":"en-US","@id":"https:\/\/scensverige.se\/en\/rite-of-spring\/#primaryimage","url":"https:\/\/scensverige.se\/wp-content\/uploads\/2024\/06\/rite-of-spring-1024x1024.png","contentUrl":"https:\/\/scensverige.se\/wp-content\/uploads\/2024\/06\/rite-of-spring-1024x1024.png"},{"@type":"BreadcrumbList","@id":"https:\/\/scensverige.se\/en\/rite-of-spring\/#breadcrumb","itemListElement":[{"@type":"ListItem","position":1,"name":"Hem","item":"https:\/\/scensverige.se\/en\/"},{"@type":"ListItem","position":2,"name":"Rite of Spring"}]},{"@type":"WebSite","@id":"https:\/\/scensverige.se\/#website","url":"https:\/\/scensverige.se\/","name":"Scensverige","description":"M\u00f6tesplats f\u00f6r svensk och internationell scenkonst","publisher":{"@id":"https:\/\/scensverige.se\/#organization"},"potentialAction":[{"@type":"SearchAction","target":{"@type":"EntryPoint","urlTemplate":"https:\/\/scensverige.se\/?s={search_term_string}"},"query-input":{"@type":"PropertyValueSpecification","valueRequired":true,"valueName":"search_term_string"}}],"inLanguage":"en-US"},{"@type":"Organization","@id":"https:\/\/scensverige.se\/#organization","name":"Scensverige","url":"https:\/\/scensverige.se\/","logo":{"@type":"ImageObject","inLanguage":"en-US","@id":"https:\/\/scensverige.se\/#\/schema\/logo\/image\/","url":"https:\/\/scensverige.se\/wp-content\/uploads\/2019\/01\/Scensverige_logotyp_800.png","contentUrl":"https:\/\/scensverige.se\/wp-content\/uploads\/2019\/01\/Scensverige_logotyp_800.png","width":800,"height":186,"caption":"Scensverige"},"image":{"@id":"https:\/\/scensverige.se\/#\/schema\/logo\/image\/"}}]}},"_links":{"self":[{"href":"https:\/\/scensverige.se\/en\/wp-json\/wp\/v2\/pages\/37305","targetHints":{"allow":["GET"]}}],"collection":[{"href":"https:\/\/scensverige.se\/en\/wp-json\/wp\/v2\/pages"}],"about":[{"href":"https:\/\/scensverige.se\/en\/wp-json\/wp\/v2\/types\/page"}],"author":[{"embeddable":true,"href":"https:\/\/scensverige.se\/en\/wp-json\/wp\/v2\/users\/9192198"}],"replies":[{"embeddable":true,"href":"https:\/\/scensverige.se\/en\/wp-json\/wp\/v2\/comments?post=37305"}],"version-history":[{"count":6,"href":"https:\/\/scensverige.se\/en\/wp-json\/wp\/v2\/pages\/37305\/revisions"}],"predecessor-version":[{"id":37560,"href":"https:\/\/scensverige.se\/en\/wp-json\/wp\/v2\/pages\/37305\/revisions\/37560"}],"wp:attachment":[{"href":"https:\/\/scensverige.se\/en\/wp-json\/wp\/v2\/media?parent=37305"}],"curies":[{"name":"wp","href":"https:\/\/api.w.org\/{rel}","templated":true}]}}