{"id":37309,"date":"2024-06-19T14:17:35","date_gmt":"2024-06-19T12:17:35","guid":{"rendered":"https:\/\/scensverige.se\/?page_id=37309"},"modified":"2024-06-24T16:05:48","modified_gmt":"2024-06-24T14:05:48","slug":"fight","status":"publish","type":"page","link":"https:\/\/scensverige.se\/en\/fight\/","title":{"rendered":"Fight"},"content":{"rendered":"\n<p>Exclusive pitch &amp; excerpt PotatoPotato<\/p>\n\n\n<div class=\"wp-block-image is-style-default\">\n<figure class=\"aligncenter size-large is-resized\"><a href=\"https:\/\/scensverige.se\/wp-content\/uploads\/2024\/06\/brak.png\"><img loading=\"lazy\" decoding=\"async\" width=\"1024\" height=\"1024\" src=\"https:\/\/scensverige.se\/wp-content\/uploads\/2024\/06\/brak-1024x1024.png\" alt=\"\" class=\"wp-image-37321\" style=\"width:600px\" srcset=\"https:\/\/scensverige.se\/wp-content\/uploads\/2024\/06\/brak-1024x1024.png 1024w, https:\/\/scensverige.se\/wp-content\/uploads\/2024\/06\/brak-300x300.png 300w, https:\/\/scensverige.se\/wp-content\/uploads\/2024\/06\/brak-150x150.png 150w, https:\/\/scensverige.se\/wp-content\/uploads\/2024\/06\/brak-768x768.png 768w, https:\/\/scensverige.se\/wp-content\/uploads\/2024\/06\/brak.png 1080w\" sizes=\"auto, (max-width: 1024px) 100vw, 1024px\" \/><\/a><figcaption class=\"wp-element-caption\"><em>Photo: Anders Ahlgren<\/em><\/figcaption><\/figure>\n<\/div>\n\n\n<p><em>PotatoPotato is part of the Swedstage program presenting a pitch and a 30 min excerpt from FIGHT.<\/em><\/p>\n\n\n\n<p>Sharp mouths, hoarse voices, bad moods and a bluegrass band. <strong>FIGHT<\/strong> is a four-hour-long quarrel between four actors. FIGHT embodies all phases of the quarrel, all qualities and actions. FIGHT is four hours of catharsis without peripeteia, an eternal lingering disagreement. FIGHT revolves around the very core of the drama &#8211; the conflict. Listen to the sound track <a href=\"https:\/\/youtube.com\/playlist?list=OLAK5uy_mKdlgrR1Am4XleVojUUCNh65a6pdtOxfg&amp;si=BLREo3pUDkx9hAx5\">here<\/a>!<br><br><strong>PotatoPotato <\/strong>is a contemporary theatre company that produced over 300 original pieces since 2008.&nbsp;<br><strong><a href=\"https:\/\/www.potatopotato.se\/english-45625718\">www.potatopotato.se\/english<\/a><\/strong><br><br><strong>On stage:<\/strong> Mattias Lech, Jenny M\u00f6ller Jensen, Karin Foladi, Jessie Lewis Skoglund&#8217;<br><strong>Director: <\/strong>Freja Hallberg<br><strong>Playwright: <\/strong>Freja Hallberg and the cast<br><strong>Costume: <\/strong>Freja Hallberg and the cast<br><strong>Light design: <\/strong>Froste Myrin&nbsp;<br><strong>Set design: <\/strong>Freja Hallberg and the cast<br><strong>Music\/sound: <\/strong>Freja Hallberg and the cast<br><strong>Producer: <\/strong>PotatoPotato Sthlm<br><strong>Target group: <\/strong>adults<br><strong>Duration:<\/strong> 4 hours<\/p>\n\n\n\n<p><em>With support from: Statens Kulturr\u00e5d, Sveriges F\u00f6rfattarfond, Region Sk\u00e5ne, Malm\u00f6 Stad, Stockholm Stad, Region Stockholm.<\/em><br><strong><br>Contact: <\/strong>Freja Hallberg, director, 0046707875253, freja.hallberg@potatopotato.se<\/p>\n","protected":false},"excerpt":{"rendered":"<p>Exclusive pitch &amp; excerpt PotatoPotato PotatoPotato is part of the Swedstage program presenting a pitch and a 30 min excerpt from FIGHT. Sharp mouths, hoarse voices, bad moods and a bluegrass band. FIGHT is a four-hour-long quarrel between four actors. FIGHT embodies all phases of the quarrel, all qualities and actions. FIGHT is four hours &hellip;<\/p>\n","protected":false},"author":9192198,"featured_media":0,"parent":0,"menu_order":0,"comment_status":"closed","ping_status":"closed","template":"","meta":{"_acf_changed":false,"footnotes":""},"class_list":["post-37309","page","type-page","status-publish","hentry","post","without-featured-image"],"acf":[],"yoast_head":"<!-- This site is optimized with the Yoast SEO plugin v27.3 - https:\/\/yoast.com\/product\/yoast-seo-wordpress\/ -->\n<title>Fight - Scensverige<\/title>\n<meta name=\"robots\" content=\"index, follow, max-snippet:-1, max-image-preview:large, max-video-preview:-1\" \/>\n<link rel=\"canonical\" href=\"https:\/\/scensverige.se\/en\/fight\/\" \/>\n<meta property=\"og:locale\" content=\"en_US\" \/>\n<meta property=\"og:type\" content=\"article\" \/>\n<meta property=\"og:title\" content=\"Fight - Scensverige\" \/>\n<meta property=\"og:description\" content=\"Exclusive pitch &amp; excerpt PotatoPotato PotatoPotato is part of the Swedstage program presenting a pitch and a 30 min excerpt from FIGHT. Sharp mouths, hoarse voices, bad moods and a bluegrass band. FIGHT is a four-hour-long quarrel between four actors. FIGHT embodies all phases of the quarrel, all qualities and actions. FIGHT is four hours &hellip;\" \/>\n<meta property=\"og:url\" content=\"https:\/\/scensverige.se\/en\/fight\/\" \/>\n<meta property=\"og:site_name\" content=\"Scensverige\" \/>\n<meta property=\"article:modified_time\" content=\"2024-06-24T14:05:48+00:00\" \/>\n<meta property=\"og:image\" content=\"https:\/\/scensverige.se\/wp-content\/uploads\/2024\/06\/brak-1024x1024.png\" \/>\n<meta name=\"twitter:card\" content=\"summary_large_image\" \/>\n<meta name=\"twitter:label1\" content=\"Est. reading time\" \/>\n\t<meta name=\"twitter:data1\" content=\"2 minutes\" \/>\n<script type=\"application\/ld+json\" class=\"yoast-schema-graph\">{\"@context\":\"https:\\\/\\\/schema.org\",\"@graph\":[{\"@type\":\"WebPage\",\"@id\":\"https:\\\/\\\/scensverige.se\\\/en\\\/fight\\\/\",\"url\":\"https:\\\/\\\/scensverige.se\\\/en\\\/fight\\\/\",\"name\":\"Fight - Scensverige\",\"isPartOf\":{\"@id\":\"https:\\\/\\\/scensverige.se\\\/#website\"},\"primaryImageOfPage\":{\"@id\":\"https:\\\/\\\/scensverige.se\\\/en\\\/fight\\\/#primaryimage\"},\"image\":{\"@id\":\"https:\\\/\\\/scensverige.se\\\/en\\\/fight\\\/#primaryimage\"},\"thumbnailUrl\":\"https:\\\/\\\/scensverige.se\\\/wp-content\\\/uploads\\\/2024\\\/06\\\/brak-1024x1024.png\",\"datePublished\":\"2024-06-19T12:17:35+00:00\",\"dateModified\":\"2024-06-24T14:05:48+00:00\",\"breadcrumb\":{\"@id\":\"https:\\\/\\\/scensverige.se\\\/en\\\/fight\\\/#breadcrumb\"},\"inLanguage\":\"en-US\",\"potentialAction\":[{\"@type\":\"ReadAction\",\"target\":[\"https:\\\/\\\/scensverige.se\\\/en\\\/fight\\\/\"]}]},{\"@type\":\"ImageObject\",\"inLanguage\":\"en-US\",\"@id\":\"https:\\\/\\\/scensverige.se\\\/en\\\/fight\\\/#primaryimage\",\"url\":\"https:\\\/\\\/scensverige.se\\\/wp-content\\\/uploads\\\/2024\\\/06\\\/brak-1024x1024.png\",\"contentUrl\":\"https:\\\/\\\/scensverige.se\\\/wp-content\\\/uploads\\\/2024\\\/06\\\/brak-1024x1024.png\"},{\"@type\":\"BreadcrumbList\",\"@id\":\"https:\\\/\\\/scensverige.se\\\/en\\\/fight\\\/#breadcrumb\",\"itemListElement\":[{\"@type\":\"ListItem\",\"position\":1,\"name\":\"Hem\",\"item\":\"https:\\\/\\\/scensverige.se\\\/en\\\/\"},{\"@type\":\"ListItem\",\"position\":2,\"name\":\"Fight\"}]},{\"@type\":\"WebSite\",\"@id\":\"https:\\\/\\\/scensverige.se\\\/#website\",\"url\":\"https:\\\/\\\/scensverige.se\\\/\",\"name\":\"Scensverige\",\"description\":\"M\u00f6tesplats f\u00f6r svensk och internationell scenkonst\",\"publisher\":{\"@id\":\"https:\\\/\\\/scensverige.se\\\/#organization\"},\"potentialAction\":[{\"@type\":\"SearchAction\",\"target\":{\"@type\":\"EntryPoint\",\"urlTemplate\":\"https:\\\/\\\/scensverige.se\\\/?s={search_term_string}\"},\"query-input\":{\"@type\":\"PropertyValueSpecification\",\"valueRequired\":true,\"valueName\":\"search_term_string\"}}],\"inLanguage\":\"en-US\"},{\"@type\":\"Organization\",\"@id\":\"https:\\\/\\\/scensverige.se\\\/#organization\",\"name\":\"Scensverige\",\"url\":\"https:\\\/\\\/scensverige.se\\\/\",\"logo\":{\"@type\":\"ImageObject\",\"inLanguage\":\"en-US\",\"@id\":\"https:\\\/\\\/scensverige.se\\\/#\\\/schema\\\/logo\\\/image\\\/\",\"url\":\"https:\\\/\\\/scensverige.se\\\/wp-content\\\/uploads\\\/2019\\\/01\\\/Scensverige_logotyp_800.png\",\"contentUrl\":\"https:\\\/\\\/scensverige.se\\\/wp-content\\\/uploads\\\/2019\\\/01\\\/Scensverige_logotyp_800.png\",\"width\":800,\"height\":186,\"caption\":\"Scensverige\"},\"image\":{\"@id\":\"https:\\\/\\\/scensverige.se\\\/#\\\/schema\\\/logo\\\/image\\\/\"}}]}<\/script>\n<!-- \/ Yoast SEO plugin. -->","yoast_head_json":{"title":"Fight - Scensverige","robots":{"index":"index","follow":"follow","max-snippet":"max-snippet:-1","max-image-preview":"max-image-preview:large","max-video-preview":"max-video-preview:-1"},"canonical":"https:\/\/scensverige.se\/en\/fight\/","og_locale":"en_US","og_type":"article","og_title":"Fight - Scensverige","og_description":"Exclusive pitch &amp; excerpt PotatoPotato PotatoPotato is part of the Swedstage program presenting a pitch and a 30 min excerpt from FIGHT. Sharp mouths, hoarse voices, bad moods and a bluegrass band. FIGHT is a four-hour-long quarrel between four actors. FIGHT embodies all phases of the quarrel, all qualities and actions. FIGHT is four hours &hellip;","og_url":"https:\/\/scensverige.se\/en\/fight\/","og_site_name":"Scensverige","article_modified_time":"2024-06-24T14:05:48+00:00","og_image":[{"url":"https:\/\/scensverige.se\/wp-content\/uploads\/2024\/06\/brak-1024x1024.png","type":"","width":"","height":""}],"twitter_card":"summary_large_image","twitter_misc":{"Est. reading time":"2 minutes"},"schema":{"@context":"https:\/\/schema.org","@graph":[{"@type":"WebPage","@id":"https:\/\/scensverige.se\/en\/fight\/","url":"https:\/\/scensverige.se\/en\/fight\/","name":"Fight - Scensverige","isPartOf":{"@id":"https:\/\/scensverige.se\/#website"},"primaryImageOfPage":{"@id":"https:\/\/scensverige.se\/en\/fight\/#primaryimage"},"image":{"@id":"https:\/\/scensverige.se\/en\/fight\/#primaryimage"},"thumbnailUrl":"https:\/\/scensverige.se\/wp-content\/uploads\/2024\/06\/brak-1024x1024.png","datePublished":"2024-06-19T12:17:35+00:00","dateModified":"2024-06-24T14:05:48+00:00","breadcrumb":{"@id":"https:\/\/scensverige.se\/en\/fight\/#breadcrumb"},"inLanguage":"en-US","potentialAction":[{"@type":"ReadAction","target":["https:\/\/scensverige.se\/en\/fight\/"]}]},{"@type":"ImageObject","inLanguage":"en-US","@id":"https:\/\/scensverige.se\/en\/fight\/#primaryimage","url":"https:\/\/scensverige.se\/wp-content\/uploads\/2024\/06\/brak-1024x1024.png","contentUrl":"https:\/\/scensverige.se\/wp-content\/uploads\/2024\/06\/brak-1024x1024.png"},{"@type":"BreadcrumbList","@id":"https:\/\/scensverige.se\/en\/fight\/#breadcrumb","itemListElement":[{"@type":"ListItem","position":1,"name":"Hem","item":"https:\/\/scensverige.se\/en\/"},{"@type":"ListItem","position":2,"name":"Fight"}]},{"@type":"WebSite","@id":"https:\/\/scensverige.se\/#website","url":"https:\/\/scensverige.se\/","name":"Scensverige","description":"M\u00f6tesplats f\u00f6r svensk och internationell scenkonst","publisher":{"@id":"https:\/\/scensverige.se\/#organization"},"potentialAction":[{"@type":"SearchAction","target":{"@type":"EntryPoint","urlTemplate":"https:\/\/scensverige.se\/?s={search_term_string}"},"query-input":{"@type":"PropertyValueSpecification","valueRequired":true,"valueName":"search_term_string"}}],"inLanguage":"en-US"},{"@type":"Organization","@id":"https:\/\/scensverige.se\/#organization","name":"Scensverige","url":"https:\/\/scensverige.se\/","logo":{"@type":"ImageObject","inLanguage":"en-US","@id":"https:\/\/scensverige.se\/#\/schema\/logo\/image\/","url":"https:\/\/scensverige.se\/wp-content\/uploads\/2019\/01\/Scensverige_logotyp_800.png","contentUrl":"https:\/\/scensverige.se\/wp-content\/uploads\/2019\/01\/Scensverige_logotyp_800.png","width":800,"height":186,"caption":"Scensverige"},"image":{"@id":"https:\/\/scensverige.se\/#\/schema\/logo\/image\/"}}]}},"_links":{"self":[{"href":"https:\/\/scensverige.se\/en\/wp-json\/wp\/v2\/pages\/37309","targetHints":{"allow":["GET"]}}],"collection":[{"href":"https:\/\/scensverige.se\/en\/wp-json\/wp\/v2\/pages"}],"about":[{"href":"https:\/\/scensverige.se\/en\/wp-json\/wp\/v2\/types\/page"}],"author":[{"embeddable":true,"href":"https:\/\/scensverige.se\/en\/wp-json\/wp\/v2\/users\/9192198"}],"replies":[{"embeddable":true,"href":"https:\/\/scensverige.se\/en\/wp-json\/wp\/v2\/comments?post=37309"}],"version-history":[{"count":10,"href":"https:\/\/scensverige.se\/en\/wp-json\/wp\/v2\/pages\/37309\/revisions"}],"predecessor-version":[{"id":37608,"href":"https:\/\/scensverige.se\/en\/wp-json\/wp\/v2\/pages\/37309\/revisions\/37608"}],"wp:attachment":[{"href":"https:\/\/scensverige.se\/en\/wp-json\/wp\/v2\/media?parent=37309"}],"curies":[{"name":"wp","href":"https:\/\/api.w.org\/{rel}","templated":true}]}}