{"id":37437,"date":"2024-06-20T16:23:50","date_gmt":"2024-06-20T14:23:50","guid":{"rendered":"https:\/\/scensverige.se\/?page_id=37437"},"modified":"2024-06-27T16:04:46","modified_gmt":"2024-06-27T14:04:46","slug":"pitch-you-want-it-darker","status":"publish","type":"page","link":"https:\/\/scensverige.se\/en\/pitch-you-want-it-darker\/","title":{"rendered":"Pitch: You want it darker"},"content":{"rendered":"\n<p><span style=\"color: rgb(39, 44, 48); font-family: Poppins, sans-serif; white-space-collapse: collapse;\">Anna Vnuk, Sandra Medina, Lisen Rosell<\/span><\/p>\n\n\n<div class=\"wp-block-image\">\n<figure class=\"aligncenter size-large is-resized\"><a href=\"https:\/\/scensverige.se\/wp-content\/uploads\/2024\/06\/you-want-it-darker.png\"><img loading=\"lazy\" decoding=\"async\" width=\"1024\" height=\"1024\" src=\"https:\/\/scensverige.se\/wp-content\/uploads\/2024\/06\/you-want-it-darker-1024x1024.png\" alt=\"\" class=\"wp-image-37248\" style=\"width:600px\" srcset=\"https:\/\/scensverige.se\/wp-content\/uploads\/2024\/06\/you-want-it-darker-1024x1024.png 1024w, https:\/\/scensverige.se\/wp-content\/uploads\/2024\/06\/you-want-it-darker-300x300.png 300w, https:\/\/scensverige.se\/wp-content\/uploads\/2024\/06\/you-want-it-darker-150x150.png 150w, https:\/\/scensverige.se\/wp-content\/uploads\/2024\/06\/you-want-it-darker-768x768.png 768w, https:\/\/scensverige.se\/wp-content\/uploads\/2024\/06\/you-want-it-darker.png 1080w\" sizes=\"auto, (max-width: 1024px) 100vw, 1024px\" \/><\/a><figcaption class=\"wp-element-caption\"><em>Photo: M\u00e4rta Thisner<\/em><\/figcaption><\/figure>\n<\/div>\n\n\n<p><em>I struggle with some demons<\/em><\/p>\n\n\n\n<p><em>They were middle class and tame<\/em><\/p>\n\n\n\n<p><em>I didn&#8217;t know I had permission<\/em><\/p>\n\n\n\n<p><em>To murder and to maim<\/em><\/p>\n\n\n\n<p><em>You want it darker<\/em><\/p>\n\n\n\n<p><em>\/Leonard Cohen<\/em><\/p>\n\n\n\n<p>Anna Vnuk, Lisen Rosell and Sandra Medina welcome you to an evening with things that rest or move quickly in the dark, things which can be difficult to touch but easy to feel. Hearts open. A gap in time. A caressingly beautiful sanctuary.<\/p>\n\n\n\n<p><em><strong>You want it darker <\/strong><\/em>is a performance that breaks loose among the dark nooks and crannies of our interior. At the intersection of guilt\/shamelessness. Medina, Vnuk and Rosell allow themselves to be inspired by medieval art and its frenzied approach to butt trumpets, science and torture. It was not easy to distinguish between punishment and entertainment in those days.<\/p>\n\n\n\n<p><strong>Medina, Rosell, and Vnuk<\/strong> have come together to create a new performance, drawing from their extensive experience in both choreography and theatre. Each of these artists has built a diverse career across various artistic disciplines over the years. Medina and Rosell initially collaborated on the project &#8220;The Dark Heart and the Sweet Part&#8221; in 2020. Now, they join forces with Vnuk, making this the first time this dynamic trio has worked together as a collective, driven by a shared curiosity and passion for their craft.<\/p>\n\n\n\n<p><a href=\"https:\/\/www.lisenrosell.com\/\">https:\/\/www.lisenrosell.com\/<\/a><strong>&nbsp;<\/strong><\/p>\n\n\n\n<p><strong>On stage: <\/strong>Sandra Medina, Anna Vnuk, Lisen Rosell<br><strong>Director: <\/strong>Sandra Medina, Anna Vnuk, Lisen Rosell<br><strong>Choreographer: <\/strong>Sandra Medina, Anna Vnuk, Lisen Rosell<br><strong>Playwright: <\/strong>Sandra Medina, Anna Vnuk, Lisen Rosell<br><strong>Costume: <\/strong>Josefin Hinders<br><strong>Light design:<\/strong> Josefin Hinders<br><strong>Set design: <\/strong>Josefin Hinders<br><strong>Music\/sound: <\/strong>Foad Arbabi<br><strong>Producer: <\/strong>Sara Bergsmark&nbsp;<br><strong>Administrative structure: <\/strong>Konstn\u00e4rskooperativet Interim kultur<br><br><em>Supported by Konstn\u00e4rsn\u00e4mnden, Kulturr\u00e5det, Region Stockholm, Kulturf\u00f6rvaltningen Stockholm stad<\/em><\/p>\n\n\n\n<p>The performance has been presented at MDT-Moderna Dansteatern (SE) and Hang\u00f6 Teatertr\u00e4ff (Fi)<\/p>\n\n\n\n<p><strong>Target group: <\/strong>Adult<strong><br>Duration: <\/strong>75 min<strong><br>Contact: <\/strong>Lisen Rosell, director, +46 739516378, lisen.rosell@gmail.com<\/p>\n","protected":false},"excerpt":{"rendered":"<p>Anna Vnuk, Sandra Medina, Lisen Rosell I struggle with some demons They were middle class and tame I didn&#8217;t know I had permission To murder and to maim You want it darker \/Leonard Cohen Anna Vnuk, Lisen Rosell and Sandra Medina welcome you to an evening with things that rest or move quickly in the &hellip;<\/p>\n","protected":false},"author":9192198,"featured_media":0,"parent":0,"menu_order":0,"comment_status":"closed","ping_status":"closed","template":"","meta":{"_acf_changed":false,"footnotes":""},"class_list":["post-37437","page","type-page","status-publish","hentry","post","without-featured-image"],"acf":[],"yoast_head":"<!-- This site is optimized with the Yoast SEO plugin v27.3 - https:\/\/yoast.com\/product\/yoast-seo-wordpress\/ -->\n<title>Pitch: You want it darker - Scensverige<\/title>\n<meta name=\"robots\" content=\"index, follow, max-snippet:-1, max-image-preview:large, max-video-preview:-1\" \/>\n<link rel=\"canonical\" href=\"https:\/\/scensverige.se\/en\/pitch-you-want-it-darker\/\" \/>\n<meta property=\"og:locale\" content=\"en_US\" \/>\n<meta property=\"og:type\" content=\"article\" \/>\n<meta property=\"og:title\" content=\"Pitch: You want it darker - Scensverige\" \/>\n<meta property=\"og:description\" content=\"Anna Vnuk, Sandra Medina, Lisen Rosell I struggle with some demons They were middle class and tame I didn&#8217;t know I had permission To murder and to maim You want it darker \/Leonard Cohen Anna Vnuk, Lisen Rosell and Sandra Medina welcome you to an evening with things that rest or move quickly in the &hellip;\" \/>\n<meta property=\"og:url\" content=\"https:\/\/scensverige.se\/en\/pitch-you-want-it-darker\/\" \/>\n<meta property=\"og:site_name\" content=\"Scensverige\" \/>\n<meta property=\"article:modified_time\" content=\"2024-06-27T14:04:46+00:00\" \/>\n<meta property=\"og:image\" content=\"https:\/\/scensverige.se\/wp-content\/uploads\/2024\/06\/you-want-it-darker-1024x1024.png\" \/>\n<meta name=\"twitter:card\" content=\"summary_large_image\" \/>\n<meta name=\"twitter:label1\" content=\"Est. reading time\" \/>\n\t<meta name=\"twitter:data1\" content=\"2 minutes\" \/>\n<script type=\"application\/ld+json\" class=\"yoast-schema-graph\">{\"@context\":\"https:\\\/\\\/schema.org\",\"@graph\":[{\"@type\":\"WebPage\",\"@id\":\"https:\\\/\\\/scensverige.se\\\/en\\\/pitch-you-want-it-darker\\\/\",\"url\":\"https:\\\/\\\/scensverige.se\\\/en\\\/pitch-you-want-it-darker\\\/\",\"name\":\"Pitch: You want it darker - Scensverige\",\"isPartOf\":{\"@id\":\"https:\\\/\\\/scensverige.se\\\/#website\"},\"primaryImageOfPage\":{\"@id\":\"https:\\\/\\\/scensverige.se\\\/en\\\/pitch-you-want-it-darker\\\/#primaryimage\"},\"image\":{\"@id\":\"https:\\\/\\\/scensverige.se\\\/en\\\/pitch-you-want-it-darker\\\/#primaryimage\"},\"thumbnailUrl\":\"https:\\\/\\\/scensverige.se\\\/wp-content\\\/uploads\\\/2024\\\/06\\\/you-want-it-darker-1024x1024.png\",\"datePublished\":\"2024-06-20T14:23:50+00:00\",\"dateModified\":\"2024-06-27T14:04:46+00:00\",\"breadcrumb\":{\"@id\":\"https:\\\/\\\/scensverige.se\\\/en\\\/pitch-you-want-it-darker\\\/#breadcrumb\"},\"inLanguage\":\"en-US\",\"potentialAction\":[{\"@type\":\"ReadAction\",\"target\":[\"https:\\\/\\\/scensverige.se\\\/en\\\/pitch-you-want-it-darker\\\/\"]}]},{\"@type\":\"ImageObject\",\"inLanguage\":\"en-US\",\"@id\":\"https:\\\/\\\/scensverige.se\\\/en\\\/pitch-you-want-it-darker\\\/#primaryimage\",\"url\":\"https:\\\/\\\/scensverige.se\\\/wp-content\\\/uploads\\\/2024\\\/06\\\/you-want-it-darker-1024x1024.png\",\"contentUrl\":\"https:\\\/\\\/scensverige.se\\\/wp-content\\\/uploads\\\/2024\\\/06\\\/you-want-it-darker-1024x1024.png\"},{\"@type\":\"BreadcrumbList\",\"@id\":\"https:\\\/\\\/scensverige.se\\\/en\\\/pitch-you-want-it-darker\\\/#breadcrumb\",\"itemListElement\":[{\"@type\":\"ListItem\",\"position\":1,\"name\":\"Hem\",\"item\":\"https:\\\/\\\/scensverige.se\\\/en\\\/\"},{\"@type\":\"ListItem\",\"position\":2,\"name\":\"Pitch: You want it darker\"}]},{\"@type\":\"WebSite\",\"@id\":\"https:\\\/\\\/scensverige.se\\\/#website\",\"url\":\"https:\\\/\\\/scensverige.se\\\/\",\"name\":\"Scensverige\",\"description\":\"M\u00f6tesplats f\u00f6r svensk och internationell scenkonst\",\"publisher\":{\"@id\":\"https:\\\/\\\/scensverige.se\\\/#organization\"},\"potentialAction\":[{\"@type\":\"SearchAction\",\"target\":{\"@type\":\"EntryPoint\",\"urlTemplate\":\"https:\\\/\\\/scensverige.se\\\/?s={search_term_string}\"},\"query-input\":{\"@type\":\"PropertyValueSpecification\",\"valueRequired\":true,\"valueName\":\"search_term_string\"}}],\"inLanguage\":\"en-US\"},{\"@type\":\"Organization\",\"@id\":\"https:\\\/\\\/scensverige.se\\\/#organization\",\"name\":\"Scensverige\",\"url\":\"https:\\\/\\\/scensverige.se\\\/\",\"logo\":{\"@type\":\"ImageObject\",\"inLanguage\":\"en-US\",\"@id\":\"https:\\\/\\\/scensverige.se\\\/#\\\/schema\\\/logo\\\/image\\\/\",\"url\":\"https:\\\/\\\/scensverige.se\\\/wp-content\\\/uploads\\\/2019\\\/01\\\/Scensverige_logotyp_800.png\",\"contentUrl\":\"https:\\\/\\\/scensverige.se\\\/wp-content\\\/uploads\\\/2019\\\/01\\\/Scensverige_logotyp_800.png\",\"width\":800,\"height\":186,\"caption\":\"Scensverige\"},\"image\":{\"@id\":\"https:\\\/\\\/scensverige.se\\\/#\\\/schema\\\/logo\\\/image\\\/\"}}]}<\/script>\n<!-- \/ Yoast SEO plugin. -->","yoast_head_json":{"title":"Pitch: You want it darker - Scensverige","robots":{"index":"index","follow":"follow","max-snippet":"max-snippet:-1","max-image-preview":"max-image-preview:large","max-video-preview":"max-video-preview:-1"},"canonical":"https:\/\/scensverige.se\/en\/pitch-you-want-it-darker\/","og_locale":"en_US","og_type":"article","og_title":"Pitch: You want it darker - Scensverige","og_description":"Anna Vnuk, Sandra Medina, Lisen Rosell I struggle with some demons They were middle class and tame I didn&#8217;t know I had permission To murder and to maim You want it darker \/Leonard Cohen Anna Vnuk, Lisen Rosell and Sandra Medina welcome you to an evening with things that rest or move quickly in the &hellip;","og_url":"https:\/\/scensverige.se\/en\/pitch-you-want-it-darker\/","og_site_name":"Scensverige","article_modified_time":"2024-06-27T14:04:46+00:00","og_image":[{"url":"https:\/\/scensverige.se\/wp-content\/uploads\/2024\/06\/you-want-it-darker-1024x1024.png","type":"","width":"","height":""}],"twitter_card":"summary_large_image","twitter_misc":{"Est. reading time":"2 minutes"},"schema":{"@context":"https:\/\/schema.org","@graph":[{"@type":"WebPage","@id":"https:\/\/scensverige.se\/en\/pitch-you-want-it-darker\/","url":"https:\/\/scensverige.se\/en\/pitch-you-want-it-darker\/","name":"Pitch: You want it darker - Scensverige","isPartOf":{"@id":"https:\/\/scensverige.se\/#website"},"primaryImageOfPage":{"@id":"https:\/\/scensverige.se\/en\/pitch-you-want-it-darker\/#primaryimage"},"image":{"@id":"https:\/\/scensverige.se\/en\/pitch-you-want-it-darker\/#primaryimage"},"thumbnailUrl":"https:\/\/scensverige.se\/wp-content\/uploads\/2024\/06\/you-want-it-darker-1024x1024.png","datePublished":"2024-06-20T14:23:50+00:00","dateModified":"2024-06-27T14:04:46+00:00","breadcrumb":{"@id":"https:\/\/scensverige.se\/en\/pitch-you-want-it-darker\/#breadcrumb"},"inLanguage":"en-US","potentialAction":[{"@type":"ReadAction","target":["https:\/\/scensverige.se\/en\/pitch-you-want-it-darker\/"]}]},{"@type":"ImageObject","inLanguage":"en-US","@id":"https:\/\/scensverige.se\/en\/pitch-you-want-it-darker\/#primaryimage","url":"https:\/\/scensverige.se\/wp-content\/uploads\/2024\/06\/you-want-it-darker-1024x1024.png","contentUrl":"https:\/\/scensverige.se\/wp-content\/uploads\/2024\/06\/you-want-it-darker-1024x1024.png"},{"@type":"BreadcrumbList","@id":"https:\/\/scensverige.se\/en\/pitch-you-want-it-darker\/#breadcrumb","itemListElement":[{"@type":"ListItem","position":1,"name":"Hem","item":"https:\/\/scensverige.se\/en\/"},{"@type":"ListItem","position":2,"name":"Pitch: You want it darker"}]},{"@type":"WebSite","@id":"https:\/\/scensverige.se\/#website","url":"https:\/\/scensverige.se\/","name":"Scensverige","description":"M\u00f6tesplats f\u00f6r svensk och internationell scenkonst","publisher":{"@id":"https:\/\/scensverige.se\/#organization"},"potentialAction":[{"@type":"SearchAction","target":{"@type":"EntryPoint","urlTemplate":"https:\/\/scensverige.se\/?s={search_term_string}"},"query-input":{"@type":"PropertyValueSpecification","valueRequired":true,"valueName":"search_term_string"}}],"inLanguage":"en-US"},{"@type":"Organization","@id":"https:\/\/scensverige.se\/#organization","name":"Scensverige","url":"https:\/\/scensverige.se\/","logo":{"@type":"ImageObject","inLanguage":"en-US","@id":"https:\/\/scensverige.se\/#\/schema\/logo\/image\/","url":"https:\/\/scensverige.se\/wp-content\/uploads\/2019\/01\/Scensverige_logotyp_800.png","contentUrl":"https:\/\/scensverige.se\/wp-content\/uploads\/2019\/01\/Scensverige_logotyp_800.png","width":800,"height":186,"caption":"Scensverige"},"image":{"@id":"https:\/\/scensverige.se\/#\/schema\/logo\/image\/"}}]}},"_links":{"self":[{"href":"https:\/\/scensverige.se\/en\/wp-json\/wp\/v2\/pages\/37437","targetHints":{"allow":["GET"]}}],"collection":[{"href":"https:\/\/scensverige.se\/en\/wp-json\/wp\/v2\/pages"}],"about":[{"href":"https:\/\/scensverige.se\/en\/wp-json\/wp\/v2\/types\/page"}],"author":[{"embeddable":true,"href":"https:\/\/scensverige.se\/en\/wp-json\/wp\/v2\/users\/9192198"}],"replies":[{"embeddable":true,"href":"https:\/\/scensverige.se\/en\/wp-json\/wp\/v2\/comments?post=37437"}],"version-history":[{"count":5,"href":"https:\/\/scensverige.se\/en\/wp-json\/wp\/v2\/pages\/37437\/revisions"}],"predecessor-version":[{"id":37643,"href":"https:\/\/scensverige.se\/en\/wp-json\/wp\/v2\/pages\/37437\/revisions\/37643"}],"wp:attachment":[{"href":"https:\/\/scensverige.se\/en\/wp-json\/wp\/v2\/media?parent=37437"}],"curies":[{"name":"wp","href":"https:\/\/api.w.org\/{rel}","templated":true}]}}