{"id":37438,"date":"2024-06-20T16:24:09","date_gmt":"2024-06-20T14:24:09","guid":{"rendered":"https:\/\/scensverige.se\/?page_id=37438"},"modified":"2024-06-27T16:04:58","modified_gmt":"2024-06-27T14:04:58","slug":"pride-and-prejudice","status":"publish","type":"page","link":"https:\/\/scensverige.se\/en\/pride-and-prejudice\/","title":{"rendered":"Pitch: Pride and Prejudice"},"content":{"rendered":"\n<p>Lisen Rosell &amp; Amanda Apetrea<\/p>\n\n\n<div class=\"wp-block-image\">\n<figure class=\"aligncenter size-large is-resized\"><a href=\"https:\/\/scensverige.se\/wp-content\/uploads\/2024\/06\/Stolthet-och-fordom.png\"><img loading=\"lazy\" decoding=\"async\" width=\"1024\" height=\"1024\" src=\"https:\/\/scensverige.se\/wp-content\/uploads\/2024\/06\/Stolthet-och-fordom-1024x1024.png\" alt=\"\" class=\"wp-image-37250\" style=\"width:600px\" srcset=\"https:\/\/scensverige.se\/wp-content\/uploads\/2024\/06\/Stolthet-och-fordom-1024x1024.png 1024w, https:\/\/scensverige.se\/wp-content\/uploads\/2024\/06\/Stolthet-och-fordom-300x300.png 300w, https:\/\/scensverige.se\/wp-content\/uploads\/2024\/06\/Stolthet-och-fordom-150x150.png 150w, https:\/\/scensverige.se\/wp-content\/uploads\/2024\/06\/Stolthet-och-fordom-768x768.png 768w, https:\/\/scensverige.se\/wp-content\/uploads\/2024\/06\/Stolthet-och-fordom.png 1080w\" sizes=\"auto, (max-width: 1024px) 100vw, 1024px\" \/><\/a><figcaption class=\"wp-element-caption\"><em>Photo: Chrisander Brun<\/em><\/figcaption><\/figure>\n<\/div>\n\n\n<p><strong>Amanda Apetrea and Lisen Rosell <\/strong>present &#8220;Pride and Prejudice&#8221;. A very free interpretation of Jane Austen&#8217;s timeless work. Welcome to an embracing, romantic world of steaming tea, dangerous ink, and feverish cheeks. There will be opulent estates, class contempt, sweaty&nbsp; bosoms in tight cotton, and misty wetlands. In Jane Austen&#8217;s universe, dirty laundry coexists with delicate porcelain and heavy tea bags.<\/p>\n\n\n\n<p>In their performances<strong> Lisen Rosell and Amanda Apetrea<\/strong> explores body, sexuality, gender, audience contact and humor. Steeped in their common background in collective work they examine desire, stereotypes and female community through a bodily and choreographic approach.\u00a0<\/p>\n\n\n\n<p>Pride and predjudice was created together with Chrisander Brun (light and set design) and Daniel \u00c5kerstr\u00f6m Steen (costume and makeup).<\/p>\n\n\n\n<p><a href=\"https:\/\/www.lisenrosell.com\/\nhttps:\/\/amandaapetrea.com\/\"><strong>https:\/\/www.lisenrosell.com\/<\/strong><br><\/a><strong><a href=\"https:\/\/amandaapetrea.com\/\">https:\/\/amandaapetrea.com\/<\/a><\/strong><\/p>\n\n\n\n<p><strong><br>On stage: <\/strong>Lisen Rosell, Amanda Apetrea<br><strong>Director: <\/strong>Lisen Rosell, Amanda Apetrea<br><strong>Choreographer: <\/strong>Lisen Rosell, Amanda Apetrea<br><strong>Playwright: <\/strong>Lisen Rosell, Amanda Apetrea<br><strong>Costume: <\/strong>Daniel \u00c5kerstr\u00f6m Steen<br><strong>Light design: <\/strong>Chrisander Brun<br><strong>Set design: <\/strong>Chrisander Brun<br><strong>Music\/sound: <\/strong>Jenni Godoy<br><strong>Costume Sewing: <\/strong>Kajsa-Lisa Larsson<br><strong>Set Design Assistant and Pattern Design\/Illustration: <\/strong>Oscar Andersson<br><strong>Producer on tour: <\/strong>Sara Bergsmark<br><strong>Produced by: <\/strong>Turteatern med st\u00f6d av Interim kultur<br><em>Support from: Kulturr\u00e5det, Stockholms stad, Region Stockholm, Konstn\u00e4rsn\u00e4mnden<br><\/em><br><strong>Target group: <\/strong>Adult<strong><br>Duration: <\/strong>80 min<strong><br>Contact: <\/strong>Sara Bergsmark, producer, +46739287467, <a href=\"mailto:sara@johnsonbergsmark.com\">sara@johnsonbergsmark.com<\/a>&nbsp;<\/p>\n","protected":false},"excerpt":{"rendered":"<p>Lisen Rosell &amp; Amanda Apetrea Amanda Apetrea and Lisen Rosell present &#8220;Pride and Prejudice&#8221;. A very free interpretation of Jane Austen&#8217;s timeless work. Welcome to an embracing, romantic world of steaming tea, dangerous ink, and feverish cheeks. There will be opulent estates, class contempt, sweaty&nbsp; bosoms in tight cotton, and misty wetlands. In Jane Austen&#8217;s &hellip;<\/p>\n","protected":false},"author":9192198,"featured_media":0,"parent":0,"menu_order":0,"comment_status":"closed","ping_status":"closed","template":"","meta":{"_acf_changed":false,"footnotes":""},"class_list":["post-37438","page","type-page","status-publish","hentry","post","without-featured-image"],"acf":[],"yoast_head":"<!-- This site is optimized with the Yoast SEO plugin v27.3 - https:\/\/yoast.com\/product\/yoast-seo-wordpress\/ -->\n<title>Pitch: Pride and Prejudice - Scensverige<\/title>\n<meta name=\"robots\" content=\"index, follow, max-snippet:-1, max-image-preview:large, max-video-preview:-1\" \/>\n<link rel=\"canonical\" href=\"https:\/\/scensverige.se\/en\/pride-and-prejudice\/\" \/>\n<meta property=\"og:locale\" content=\"en_US\" \/>\n<meta property=\"og:type\" content=\"article\" \/>\n<meta property=\"og:title\" content=\"Pitch: Pride and Prejudice - Scensverige\" \/>\n<meta property=\"og:description\" content=\"Lisen Rosell &amp; Amanda Apetrea Amanda Apetrea and Lisen Rosell present &#8220;Pride and Prejudice&#8221;. A very free interpretation of Jane Austen&#8217;s timeless work. Welcome to an embracing, romantic world of steaming tea, dangerous ink, and feverish cheeks. There will be opulent estates, class contempt, sweaty&nbsp; bosoms in tight cotton, and misty wetlands. In Jane Austen&#8217;s &hellip;\" \/>\n<meta property=\"og:url\" content=\"https:\/\/scensverige.se\/en\/pride-and-prejudice\/\" \/>\n<meta property=\"og:site_name\" content=\"Scensverige\" \/>\n<meta property=\"article:modified_time\" content=\"2024-06-27T14:04:58+00:00\" \/>\n<meta property=\"og:image\" content=\"https:\/\/scensverige.se\/wp-content\/uploads\/2024\/06\/Stolthet-och-fordom-1024x1024.png\" \/>\n<meta name=\"twitter:card\" content=\"summary_large_image\" \/>\n<meta name=\"twitter:label1\" content=\"Est. reading time\" \/>\n\t<meta name=\"twitter:data1\" content=\"2 minutes\" \/>\n<script type=\"application\/ld+json\" class=\"yoast-schema-graph\">{\"@context\":\"https:\\\/\\\/schema.org\",\"@graph\":[{\"@type\":\"WebPage\",\"@id\":\"https:\\\/\\\/scensverige.se\\\/en\\\/pride-and-prejudice\\\/\",\"url\":\"https:\\\/\\\/scensverige.se\\\/en\\\/pride-and-prejudice\\\/\",\"name\":\"Pitch: Pride and Prejudice - Scensverige\",\"isPartOf\":{\"@id\":\"https:\\\/\\\/scensverige.se\\\/#website\"},\"primaryImageOfPage\":{\"@id\":\"https:\\\/\\\/scensverige.se\\\/en\\\/pride-and-prejudice\\\/#primaryimage\"},\"image\":{\"@id\":\"https:\\\/\\\/scensverige.se\\\/en\\\/pride-and-prejudice\\\/#primaryimage\"},\"thumbnailUrl\":\"https:\\\/\\\/scensverige.se\\\/wp-content\\\/uploads\\\/2024\\\/06\\\/Stolthet-och-fordom-1024x1024.png\",\"datePublished\":\"2024-06-20T14:24:09+00:00\",\"dateModified\":\"2024-06-27T14:04:58+00:00\",\"breadcrumb\":{\"@id\":\"https:\\\/\\\/scensverige.se\\\/en\\\/pride-and-prejudice\\\/#breadcrumb\"},\"inLanguage\":\"en-US\",\"potentialAction\":[{\"@type\":\"ReadAction\",\"target\":[\"https:\\\/\\\/scensverige.se\\\/en\\\/pride-and-prejudice\\\/\"]}]},{\"@type\":\"ImageObject\",\"inLanguage\":\"en-US\",\"@id\":\"https:\\\/\\\/scensverige.se\\\/en\\\/pride-and-prejudice\\\/#primaryimage\",\"url\":\"https:\\\/\\\/scensverige.se\\\/wp-content\\\/uploads\\\/2024\\\/06\\\/Stolthet-och-fordom-1024x1024.png\",\"contentUrl\":\"https:\\\/\\\/scensverige.se\\\/wp-content\\\/uploads\\\/2024\\\/06\\\/Stolthet-och-fordom-1024x1024.png\"},{\"@type\":\"BreadcrumbList\",\"@id\":\"https:\\\/\\\/scensverige.se\\\/en\\\/pride-and-prejudice\\\/#breadcrumb\",\"itemListElement\":[{\"@type\":\"ListItem\",\"position\":1,\"name\":\"Hem\",\"item\":\"https:\\\/\\\/scensverige.se\\\/en\\\/\"},{\"@type\":\"ListItem\",\"position\":2,\"name\":\"Pitch: Pride and Prejudice\"}]},{\"@type\":\"WebSite\",\"@id\":\"https:\\\/\\\/scensverige.se\\\/#website\",\"url\":\"https:\\\/\\\/scensverige.se\\\/\",\"name\":\"Scensverige\",\"description\":\"M\u00f6tesplats f\u00f6r svensk och internationell scenkonst\",\"publisher\":{\"@id\":\"https:\\\/\\\/scensverige.se\\\/#organization\"},\"potentialAction\":[{\"@type\":\"SearchAction\",\"target\":{\"@type\":\"EntryPoint\",\"urlTemplate\":\"https:\\\/\\\/scensverige.se\\\/?s={search_term_string}\"},\"query-input\":{\"@type\":\"PropertyValueSpecification\",\"valueRequired\":true,\"valueName\":\"search_term_string\"}}],\"inLanguage\":\"en-US\"},{\"@type\":\"Organization\",\"@id\":\"https:\\\/\\\/scensverige.se\\\/#organization\",\"name\":\"Scensverige\",\"url\":\"https:\\\/\\\/scensverige.se\\\/\",\"logo\":{\"@type\":\"ImageObject\",\"inLanguage\":\"en-US\",\"@id\":\"https:\\\/\\\/scensverige.se\\\/#\\\/schema\\\/logo\\\/image\\\/\",\"url\":\"https:\\\/\\\/scensverige.se\\\/wp-content\\\/uploads\\\/2019\\\/01\\\/Scensverige_logotyp_800.png\",\"contentUrl\":\"https:\\\/\\\/scensverige.se\\\/wp-content\\\/uploads\\\/2019\\\/01\\\/Scensverige_logotyp_800.png\",\"width\":800,\"height\":186,\"caption\":\"Scensverige\"},\"image\":{\"@id\":\"https:\\\/\\\/scensverige.se\\\/#\\\/schema\\\/logo\\\/image\\\/\"}}]}<\/script>\n<!-- \/ Yoast SEO plugin. -->","yoast_head_json":{"title":"Pitch: Pride and Prejudice - Scensverige","robots":{"index":"index","follow":"follow","max-snippet":"max-snippet:-1","max-image-preview":"max-image-preview:large","max-video-preview":"max-video-preview:-1"},"canonical":"https:\/\/scensverige.se\/en\/pride-and-prejudice\/","og_locale":"en_US","og_type":"article","og_title":"Pitch: Pride and Prejudice - Scensverige","og_description":"Lisen Rosell &amp; Amanda Apetrea Amanda Apetrea and Lisen Rosell present &#8220;Pride and Prejudice&#8221;. A very free interpretation of Jane Austen&#8217;s timeless work. Welcome to an embracing, romantic world of steaming tea, dangerous ink, and feverish cheeks. There will be opulent estates, class contempt, sweaty&nbsp; bosoms in tight cotton, and misty wetlands. In Jane Austen&#8217;s &hellip;","og_url":"https:\/\/scensverige.se\/en\/pride-and-prejudice\/","og_site_name":"Scensverige","article_modified_time":"2024-06-27T14:04:58+00:00","og_image":[{"url":"https:\/\/scensverige.se\/wp-content\/uploads\/2024\/06\/Stolthet-och-fordom-1024x1024.png","type":"","width":"","height":""}],"twitter_card":"summary_large_image","twitter_misc":{"Est. reading time":"2 minutes"},"schema":{"@context":"https:\/\/schema.org","@graph":[{"@type":"WebPage","@id":"https:\/\/scensverige.se\/en\/pride-and-prejudice\/","url":"https:\/\/scensverige.se\/en\/pride-and-prejudice\/","name":"Pitch: Pride and Prejudice - Scensverige","isPartOf":{"@id":"https:\/\/scensverige.se\/#website"},"primaryImageOfPage":{"@id":"https:\/\/scensverige.se\/en\/pride-and-prejudice\/#primaryimage"},"image":{"@id":"https:\/\/scensverige.se\/en\/pride-and-prejudice\/#primaryimage"},"thumbnailUrl":"https:\/\/scensverige.se\/wp-content\/uploads\/2024\/06\/Stolthet-och-fordom-1024x1024.png","datePublished":"2024-06-20T14:24:09+00:00","dateModified":"2024-06-27T14:04:58+00:00","breadcrumb":{"@id":"https:\/\/scensverige.se\/en\/pride-and-prejudice\/#breadcrumb"},"inLanguage":"en-US","potentialAction":[{"@type":"ReadAction","target":["https:\/\/scensverige.se\/en\/pride-and-prejudice\/"]}]},{"@type":"ImageObject","inLanguage":"en-US","@id":"https:\/\/scensverige.se\/en\/pride-and-prejudice\/#primaryimage","url":"https:\/\/scensverige.se\/wp-content\/uploads\/2024\/06\/Stolthet-och-fordom-1024x1024.png","contentUrl":"https:\/\/scensverige.se\/wp-content\/uploads\/2024\/06\/Stolthet-och-fordom-1024x1024.png"},{"@type":"BreadcrumbList","@id":"https:\/\/scensverige.se\/en\/pride-and-prejudice\/#breadcrumb","itemListElement":[{"@type":"ListItem","position":1,"name":"Hem","item":"https:\/\/scensverige.se\/en\/"},{"@type":"ListItem","position":2,"name":"Pitch: Pride and Prejudice"}]},{"@type":"WebSite","@id":"https:\/\/scensverige.se\/#website","url":"https:\/\/scensverige.se\/","name":"Scensverige","description":"M\u00f6tesplats f\u00f6r svensk och internationell scenkonst","publisher":{"@id":"https:\/\/scensverige.se\/#organization"},"potentialAction":[{"@type":"SearchAction","target":{"@type":"EntryPoint","urlTemplate":"https:\/\/scensverige.se\/?s={search_term_string}"},"query-input":{"@type":"PropertyValueSpecification","valueRequired":true,"valueName":"search_term_string"}}],"inLanguage":"en-US"},{"@type":"Organization","@id":"https:\/\/scensverige.se\/#organization","name":"Scensverige","url":"https:\/\/scensverige.se\/","logo":{"@type":"ImageObject","inLanguage":"en-US","@id":"https:\/\/scensverige.se\/#\/schema\/logo\/image\/","url":"https:\/\/scensverige.se\/wp-content\/uploads\/2019\/01\/Scensverige_logotyp_800.png","contentUrl":"https:\/\/scensverige.se\/wp-content\/uploads\/2019\/01\/Scensverige_logotyp_800.png","width":800,"height":186,"caption":"Scensverige"},"image":{"@id":"https:\/\/scensverige.se\/#\/schema\/logo\/image\/"}}]}},"_links":{"self":[{"href":"https:\/\/scensverige.se\/en\/wp-json\/wp\/v2\/pages\/37438","targetHints":{"allow":["GET"]}}],"collection":[{"href":"https:\/\/scensverige.se\/en\/wp-json\/wp\/v2\/pages"}],"about":[{"href":"https:\/\/scensverige.se\/en\/wp-json\/wp\/v2\/types\/page"}],"author":[{"embeddable":true,"href":"https:\/\/scensverige.se\/en\/wp-json\/wp\/v2\/users\/9192198"}],"replies":[{"embeddable":true,"href":"https:\/\/scensverige.se\/en\/wp-json\/wp\/v2\/comments?post=37438"}],"version-history":[{"count":6,"href":"https:\/\/scensverige.se\/en\/wp-json\/wp\/v2\/pages\/37438\/revisions"}],"predecessor-version":[{"id":37644,"href":"https:\/\/scensverige.se\/en\/wp-json\/wp\/v2\/pages\/37438\/revisions\/37644"}],"wp:attachment":[{"href":"https:\/\/scensverige.se\/en\/wp-json\/wp\/v2\/media?parent=37438"}],"curies":[{"name":"wp","href":"https:\/\/api.w.org\/{rel}","templated":true}]}}