{"id":37453,"date":"2024-06-20T16:27:19","date_gmt":"2024-06-20T14:27:19","guid":{"rendered":"https:\/\/scensverige.se\/?page_id=37453"},"modified":"2024-08-28T11:10:12","modified_gmt":"2024-08-28T09:10:12","slug":"k","status":"publish","type":"page","link":"https:\/\/scensverige.se\/en\/k\/","title":{"rendered":"Pitch: K"},"content":{"rendered":"\n<p>\u00d6GAT \/ Lumination of Sweden \/ Planetariet<\/p>\n\n\n<div class=\"wp-block-image\">\n<figure class=\"aligncenter size-large is-resized\"><a href=\"https:\/\/scensverige.se\/wp-content\/uploads\/2024\/06\/k.png\"><img loading=\"lazy\" decoding=\"async\" width=\"1024\" height=\"1024\" src=\"https:\/\/scensverige.se\/wp-content\/uploads\/2024\/06\/k-1024x1024.png\" alt=\"\" class=\"wp-image-37254\" style=\"width:600px\" srcset=\"https:\/\/scensverige.se\/wp-content\/uploads\/2024\/06\/k-1024x1024.png 1024w, https:\/\/scensverige.se\/wp-content\/uploads\/2024\/06\/k-300x300.png 300w, https:\/\/scensverige.se\/wp-content\/uploads\/2024\/06\/k-150x150.png 150w, https:\/\/scensverige.se\/wp-content\/uploads\/2024\/06\/k-768x768.png 768w, https:\/\/scensverige.se\/wp-content\/uploads\/2024\/06\/k.png 1080w\" sizes=\"auto, (max-width: 1024px) 100vw, 1024px\" \/><\/a><figcaption class=\"wp-element-caption\"><em>Photo: Lina Ikse<\/em><\/figcaption><\/figure>\n<\/div>\n\n\n<p><strong>&#8220;K&#8221;<\/strong> is one of Sweden&#8217;s greatest poets, holding a prominent place among the eighteen chairs. She is one of Sweden&#8217;s most celebrated lyricists, praised and elevated. Then comes the explosion. Her husband is accused of serious crimes, and the media frenzy ensues. They fall together. She falls. Hard. K flees from the country S and its bloodthirsty people. What happens to a person in free fall?<br><br><strong>&#8220;K&#8221;<\/strong> is a monologue based on Katarina Frostenson&#8217;s acclaimed book of the same name. It depicts the time from when K&#8217;s husband is accused of sexual assaults until six months later. The monologue explores what it&#8217;s like to live with a person already judged in the eyes of the media and the public. It is a show that provides insight into a life crisis from within and how K handles the situation, her struggle for love, and dignity. The premiere of &#8220;K&#8221; took place at Folkteatern in Gothenburg on, 2022, and it became a critical and audience success. It played to sold-out houses and was selected to be part of the Swedish Performing Arts Biennale 2023. The performance is 1.5 hours and can be subtitled in English.<\/p>\n\n\n\n<p><a href=\"https:\/\/scensverige.se\/wp-content\/uploads\/2024\/07\/K-review-Aftonbladet-.pdf\"><em><strong>&#8220;This is a fascinating, terrifying and moving portrayal of an extremely loyal and private person trying to survive an induced life crisis and ultimately triumph. The raw embrace of rage, paranoia and bitterness that the process boils down to is frankly liberating. K talks about the difficulty of getting rid of the shame. Letting the hate and sarcasm flow seems to be her survival strategy.&#8221;<\/strong><\/em><br>Aftonbladet, October 2022<\/a><\/p>\n\n\n\n<p><strong><em><a href=\"https:\/\/scensverige.se\/wp-content\/uploads\/2024\/07\/Review-K-DN-English-.pdf\">&#8220;Kristian Hallberg&#8217;s dramatization is skin to skin with the original but is shortened and placed in a stage now. Ylva Olaison does a brilliant job as the sharp, angry and indignant K, in red pumps and a trench coat haphazardly tied together by a pair of nylon stockings &#8211; nailing me to the chair for ninety (k as in concentrated) minutes.&#8221;<br><\/a><\/em><\/strong><a href=\"https:\/\/scensverige.se\/wp-content\/uploads\/2024\/07\/Review-K-DN-English-.pdf\">Dagens Nyheter, September 2022<\/a><br><br>The performance <strong>&#8220;K&#8221;<\/strong> was originally produced by Folkteatern G\u00f6teborg in 2022. It has now been taken over by parts of the original artistic team: Ylva Olaison, Kristian Hallberg, and Tobias Hagstr\u00f6m-St\u00e5hl. &#8220;K&#8221; is on tour in 2024 in collaboration between \u00d6GAT, Lumination of Sweden, and Teater Planetariet, with support from the Svante Bergstr\u00f6m Theatre Fund<br><br><strong>On stage:<\/strong> Ylva Olaison &amp; Lovisa Samuelsson<br><strong>Director: <\/strong>Tobias Hagstr\u00f6m St\u00e5hl<br><strong>Playwright: <\/strong>Kristian Hallberg<br><strong>Costume: <\/strong>Jenny Ljungberg<br><strong>Light design: <\/strong>Tobias Hagstr\u00f6m St\u00e5hl<br><strong>Set design:<\/strong> Tobias Hagstr\u00f6m St\u00e5hl<br><strong>Music\/sound:<\/strong> Lovisa Samuelsson<br><strong>Producer: <\/strong>Ylva Olaison Technical producer: Tobias Hagstr\u00f6m St\u00e5hl<br><strong>Target group:<\/strong> Adults<br><strong>Duration: <\/strong>90 minutes<br><strong>Contact:<\/strong> Ylva Olaison ylva@ogatfilm.se +46 735101581<\/p>\n\n\n\n<p><a href=\"https:\/\/scensverige.se\/wp-content\/uploads\/2024\/08\/Technical-rider-K-2024-1.pdf\">Technical rider<\/a><\/p>\n","protected":false},"excerpt":{"rendered":"<p>\u00d6GAT \/ Lumination of Sweden \/ Planetariet &#8220;K&#8221; is one of Sweden&#8217;s greatest poets, holding a prominent place among the eighteen chairs. She is one of Sweden&#8217;s most celebrated lyricists, praised and elevated. Then comes the explosion. Her husband is accused of serious crimes, and the media frenzy ensues. They fall together. She falls. Hard. &hellip;<\/p>\n","protected":false},"author":9192198,"featured_media":0,"parent":0,"menu_order":0,"comment_status":"closed","ping_status":"closed","template":"","meta":{"_acf_changed":false,"footnotes":""},"class_list":["post-37453","page","type-page","status-publish","hentry","post","without-featured-image"],"acf":[],"yoast_head":"<!-- This site is optimized with the Yoast SEO plugin v27.3 - https:\/\/yoast.com\/product\/yoast-seo-wordpress\/ -->\n<title>Pitch: K - Scensverige<\/title>\n<meta name=\"robots\" content=\"index, follow, max-snippet:-1, max-image-preview:large, max-video-preview:-1\" \/>\n<link rel=\"canonical\" href=\"https:\/\/scensverige.se\/en\/k\/\" \/>\n<meta property=\"og:locale\" content=\"en_US\" \/>\n<meta property=\"og:type\" content=\"article\" \/>\n<meta property=\"og:title\" content=\"Pitch: K - Scensverige\" \/>\n<meta property=\"og:description\" content=\"\u00d6GAT \/ Lumination of Sweden \/ Planetariet &#8220;K&#8221; is one of Sweden&#8217;s greatest poets, holding a prominent place among the eighteen chairs. She is one of Sweden&#8217;s most celebrated lyricists, praised and elevated. Then comes the explosion. Her husband is accused of serious crimes, and the media frenzy ensues. They fall together. She falls. Hard. &hellip;\" \/>\n<meta property=\"og:url\" content=\"https:\/\/scensverige.se\/en\/k\/\" \/>\n<meta property=\"og:site_name\" content=\"Scensverige\" \/>\n<meta property=\"article:modified_time\" content=\"2024-08-28T09:10:12+00:00\" \/>\n<meta property=\"og:image\" content=\"https:\/\/scensverige.se\/wp-content\/uploads\/2024\/06\/k-1024x1024.png\" \/>\n<meta name=\"twitter:card\" content=\"summary_large_image\" \/>\n<meta name=\"twitter:label1\" content=\"Est. reading time\" \/>\n\t<meta name=\"twitter:data1\" content=\"3 minutes\" \/>\n<script type=\"application\/ld+json\" class=\"yoast-schema-graph\">{\"@context\":\"https:\\\/\\\/schema.org\",\"@graph\":[{\"@type\":\"WebPage\",\"@id\":\"https:\\\/\\\/scensverige.se\\\/en\\\/k\\\/\",\"url\":\"https:\\\/\\\/scensverige.se\\\/en\\\/k\\\/\",\"name\":\"Pitch: K - Scensverige\",\"isPartOf\":{\"@id\":\"https:\\\/\\\/scensverige.se\\\/#website\"},\"primaryImageOfPage\":{\"@id\":\"https:\\\/\\\/scensverige.se\\\/en\\\/k\\\/#primaryimage\"},\"image\":{\"@id\":\"https:\\\/\\\/scensverige.se\\\/en\\\/k\\\/#primaryimage\"},\"thumbnailUrl\":\"https:\\\/\\\/scensverige.se\\\/wp-content\\\/uploads\\\/2024\\\/06\\\/k-1024x1024.png\",\"datePublished\":\"2024-06-20T14:27:19+00:00\",\"dateModified\":\"2024-08-28T09:10:12+00:00\",\"breadcrumb\":{\"@id\":\"https:\\\/\\\/scensverige.se\\\/en\\\/k\\\/#breadcrumb\"},\"inLanguage\":\"en-US\",\"potentialAction\":[{\"@type\":\"ReadAction\",\"target\":[\"https:\\\/\\\/scensverige.se\\\/en\\\/k\\\/\"]}]},{\"@type\":\"ImageObject\",\"inLanguage\":\"en-US\",\"@id\":\"https:\\\/\\\/scensverige.se\\\/en\\\/k\\\/#primaryimage\",\"url\":\"https:\\\/\\\/scensverige.se\\\/wp-content\\\/uploads\\\/2024\\\/06\\\/k-1024x1024.png\",\"contentUrl\":\"https:\\\/\\\/scensverige.se\\\/wp-content\\\/uploads\\\/2024\\\/06\\\/k-1024x1024.png\"},{\"@type\":\"BreadcrumbList\",\"@id\":\"https:\\\/\\\/scensverige.se\\\/en\\\/k\\\/#breadcrumb\",\"itemListElement\":[{\"@type\":\"ListItem\",\"position\":1,\"name\":\"Hem\",\"item\":\"https:\\\/\\\/scensverige.se\\\/en\\\/\"},{\"@type\":\"ListItem\",\"position\":2,\"name\":\"Pitch: K\"}]},{\"@type\":\"WebSite\",\"@id\":\"https:\\\/\\\/scensverige.se\\\/#website\",\"url\":\"https:\\\/\\\/scensverige.se\\\/\",\"name\":\"Scensverige\",\"description\":\"M\u00f6tesplats f\u00f6r svensk och internationell scenkonst\",\"publisher\":{\"@id\":\"https:\\\/\\\/scensverige.se\\\/#organization\"},\"potentialAction\":[{\"@type\":\"SearchAction\",\"target\":{\"@type\":\"EntryPoint\",\"urlTemplate\":\"https:\\\/\\\/scensverige.se\\\/?s={search_term_string}\"},\"query-input\":{\"@type\":\"PropertyValueSpecification\",\"valueRequired\":true,\"valueName\":\"search_term_string\"}}],\"inLanguage\":\"en-US\"},{\"@type\":\"Organization\",\"@id\":\"https:\\\/\\\/scensverige.se\\\/#organization\",\"name\":\"Scensverige\",\"url\":\"https:\\\/\\\/scensverige.se\\\/\",\"logo\":{\"@type\":\"ImageObject\",\"inLanguage\":\"en-US\",\"@id\":\"https:\\\/\\\/scensverige.se\\\/#\\\/schema\\\/logo\\\/image\\\/\",\"url\":\"https:\\\/\\\/scensverige.se\\\/wp-content\\\/uploads\\\/2019\\\/01\\\/Scensverige_logotyp_800.png\",\"contentUrl\":\"https:\\\/\\\/scensverige.se\\\/wp-content\\\/uploads\\\/2019\\\/01\\\/Scensverige_logotyp_800.png\",\"width\":800,\"height\":186,\"caption\":\"Scensverige\"},\"image\":{\"@id\":\"https:\\\/\\\/scensverige.se\\\/#\\\/schema\\\/logo\\\/image\\\/\"}}]}<\/script>\n<!-- \/ Yoast SEO plugin. -->","yoast_head_json":{"title":"Pitch: K - Scensverige","robots":{"index":"index","follow":"follow","max-snippet":"max-snippet:-1","max-image-preview":"max-image-preview:large","max-video-preview":"max-video-preview:-1"},"canonical":"https:\/\/scensverige.se\/en\/k\/","og_locale":"en_US","og_type":"article","og_title":"Pitch: K - Scensverige","og_description":"\u00d6GAT \/ Lumination of Sweden \/ Planetariet &#8220;K&#8221; is one of Sweden&#8217;s greatest poets, holding a prominent place among the eighteen chairs. She is one of Sweden&#8217;s most celebrated lyricists, praised and elevated. Then comes the explosion. Her husband is accused of serious crimes, and the media frenzy ensues. They fall together. She falls. Hard. &hellip;","og_url":"https:\/\/scensverige.se\/en\/k\/","og_site_name":"Scensverige","article_modified_time":"2024-08-28T09:10:12+00:00","og_image":[{"url":"https:\/\/scensverige.se\/wp-content\/uploads\/2024\/06\/k-1024x1024.png","type":"","width":"","height":""}],"twitter_card":"summary_large_image","twitter_misc":{"Est. reading time":"3 minutes"},"schema":{"@context":"https:\/\/schema.org","@graph":[{"@type":"WebPage","@id":"https:\/\/scensverige.se\/en\/k\/","url":"https:\/\/scensverige.se\/en\/k\/","name":"Pitch: K - Scensverige","isPartOf":{"@id":"https:\/\/scensverige.se\/#website"},"primaryImageOfPage":{"@id":"https:\/\/scensverige.se\/en\/k\/#primaryimage"},"image":{"@id":"https:\/\/scensverige.se\/en\/k\/#primaryimage"},"thumbnailUrl":"https:\/\/scensverige.se\/wp-content\/uploads\/2024\/06\/k-1024x1024.png","datePublished":"2024-06-20T14:27:19+00:00","dateModified":"2024-08-28T09:10:12+00:00","breadcrumb":{"@id":"https:\/\/scensverige.se\/en\/k\/#breadcrumb"},"inLanguage":"en-US","potentialAction":[{"@type":"ReadAction","target":["https:\/\/scensverige.se\/en\/k\/"]}]},{"@type":"ImageObject","inLanguage":"en-US","@id":"https:\/\/scensverige.se\/en\/k\/#primaryimage","url":"https:\/\/scensverige.se\/wp-content\/uploads\/2024\/06\/k-1024x1024.png","contentUrl":"https:\/\/scensverige.se\/wp-content\/uploads\/2024\/06\/k-1024x1024.png"},{"@type":"BreadcrumbList","@id":"https:\/\/scensverige.se\/en\/k\/#breadcrumb","itemListElement":[{"@type":"ListItem","position":1,"name":"Hem","item":"https:\/\/scensverige.se\/en\/"},{"@type":"ListItem","position":2,"name":"Pitch: K"}]},{"@type":"WebSite","@id":"https:\/\/scensverige.se\/#website","url":"https:\/\/scensverige.se\/","name":"Scensverige","description":"M\u00f6tesplats f\u00f6r svensk och internationell scenkonst","publisher":{"@id":"https:\/\/scensverige.se\/#organization"},"potentialAction":[{"@type":"SearchAction","target":{"@type":"EntryPoint","urlTemplate":"https:\/\/scensverige.se\/?s={search_term_string}"},"query-input":{"@type":"PropertyValueSpecification","valueRequired":true,"valueName":"search_term_string"}}],"inLanguage":"en-US"},{"@type":"Organization","@id":"https:\/\/scensverige.se\/#organization","name":"Scensverige","url":"https:\/\/scensverige.se\/","logo":{"@type":"ImageObject","inLanguage":"en-US","@id":"https:\/\/scensverige.se\/#\/schema\/logo\/image\/","url":"https:\/\/scensverige.se\/wp-content\/uploads\/2019\/01\/Scensverige_logotyp_800.png","contentUrl":"https:\/\/scensverige.se\/wp-content\/uploads\/2019\/01\/Scensverige_logotyp_800.png","width":800,"height":186,"caption":"Scensverige"},"image":{"@id":"https:\/\/scensverige.se\/#\/schema\/logo\/image\/"}}]}},"_links":{"self":[{"href":"https:\/\/scensverige.se\/en\/wp-json\/wp\/v2\/pages\/37453","targetHints":{"allow":["GET"]}}],"collection":[{"href":"https:\/\/scensverige.se\/en\/wp-json\/wp\/v2\/pages"}],"about":[{"href":"https:\/\/scensverige.se\/en\/wp-json\/wp\/v2\/types\/page"}],"author":[{"embeddable":true,"href":"https:\/\/scensverige.se\/en\/wp-json\/wp\/v2\/users\/9192198"}],"replies":[{"embeddable":true,"href":"https:\/\/scensverige.se\/en\/wp-json\/wp\/v2\/comments?post=37453"}],"version-history":[{"count":10,"href":"https:\/\/scensverige.se\/en\/wp-json\/wp\/v2\/pages\/37453\/revisions"}],"predecessor-version":[{"id":37806,"href":"https:\/\/scensverige.se\/en\/wp-json\/wp\/v2\/pages\/37453\/revisions\/37806"}],"wp:attachment":[{"href":"https:\/\/scensverige.se\/en\/wp-json\/wp\/v2\/media?parent=37453"}],"curies":[{"name":"wp","href":"https:\/\/api.w.org\/{rel}","templated":true}]}}