{"id":37455,"date":"2024-06-20T16:28:16","date_gmt":"2024-06-20T14:28:16","guid":{"rendered":"https:\/\/scensverige.se\/?page_id=37455"},"modified":"2024-08-28T11:09:10","modified_gmt":"2024-08-28T09:09:10","slug":"the-world-is-full-of-married-men","status":"publish","type":"page","link":"https:\/\/scensverige.se\/en\/the-world-is-full-of-married-men\/","title":{"rendered":"Pitch: The World Is Full Of Married Men"},"content":{"rendered":"\n<p>Malm\u00f6 Dockteater \/ Malm\u00f6 Stadsteater<\/p>\n\n\n<div class=\"wp-block-image\">\n<figure class=\"aligncenter size-large is-resized\"><a href=\"https:\/\/scensverige.se\/wp-content\/uploads\/2024\/06\/th-world-is-full.png\"><img loading=\"lazy\" decoding=\"async\" width=\"1024\" height=\"1024\" src=\"https:\/\/scensverige.se\/wp-content\/uploads\/2024\/06\/th-world-is-full-1024x1024.png\" alt=\"\" class=\"wp-image-37256\" style=\"width:600px\" srcset=\"https:\/\/scensverige.se\/wp-content\/uploads\/2024\/06\/th-world-is-full-1024x1024.png 1024w, https:\/\/scensverige.se\/wp-content\/uploads\/2024\/06\/th-world-is-full-300x300.png 300w, https:\/\/scensverige.se\/wp-content\/uploads\/2024\/06\/th-world-is-full-150x150.png 150w, https:\/\/scensverige.se\/wp-content\/uploads\/2024\/06\/th-world-is-full-768x768.png 768w, https:\/\/scensverige.se\/wp-content\/uploads\/2024\/06\/th-world-is-full.png 1080w\" sizes=\"auto, (max-width: 1024px) 100vw, 1024px\" \/><\/a><figcaption class=\"wp-element-caption\"><em>Photo: Emmalisa Pauly<\/em><\/figcaption><\/figure>\n<\/div>\n\n\n<p><strong>The World is full of Married Men<\/strong><\/p>\n\n\n\n<p>In meticulous 1960s environments the size of dollhouses, a story full of lies, passion and desire for power unfolds.&nbsp;In hotel rooms, nightclubs, film studios and roof terraces in 1960s swinging London, millionaires and fashion models rub shoulders with housewives and Hollywood directors. Life is about making a career, partying and sex. <strong>The World Is full of Married Men<\/strong> is a lustful mix of soap opera, satire, pornography and drama where everyone has to work their way up to achieve their goals.<\/p>\n\n\n\n<p>The performance was praised by critics and audiences and played to full houses at Malm\u00f6 Dockteater in winter 2021, at the Performing Arts Biennale in V\u00e4ster\u00e5s in June 2022 and at Malm\u00f6 Stadsteater in Malm\u00f6 in autumn 2023.<\/p>\n\n\n\n<p><strong>Malm\u00f6 Dockteater<\/strong> is the only Puppet theater performing to an adult audience in Sweden. Starting in a basement in Malm\u00f6 2015, they have gone their own way and experimented with puppet theater in every possible way -from documentaries to puppet erotica to abstract installations. The expression is often playful, mixing ready-mades and simple homemade constructions with technologically advanced audiovisual formats. They have been awarded numerous times and are often highlighted as one of Sweden&#8217;s most innovative theatres.<br><strong>www.malmodockteater.com<\/strong><\/p>\n\n\n\n<p>Cast: Kajsa Ericsson, Erik Olsson<\/p>\n\n\n\n<p><strong>Original text:<\/strong> Jackie Collins<br><strong>Dramatization, translation, direction, puppeteer:<\/strong> Erik Holmstr\u00f6m<br><strong>Set- and costume design: <\/strong>Maja Kall<br><strong>Make-up:<\/strong> Siv Nyholm<br><strong>Light design: <\/strong>Olivia Grefve<br><strong>Live-video<\/strong>: Oscar Steen<br><strong>Producers:<\/strong> Agnes Rosenberg, Sara Mortazavi<br><strong>Target group:<\/strong> 15+<br><strong>Duration:<\/strong> 2h 20 min<br><strong>Contact<\/strong>: Agnes Rosenberg, <a href=\"mailto:agnes@malmodockteater.com\">agnes@malmodockteater.com<\/a> +46&nbsp;704&nbsp;779 251<br><br><em>Available spring 2026<\/em><\/p>\n\n\n\n<p><a href=\"https:\/\/scensverige.se\/wp-content\/uploads\/2024\/08\/THE-WORLD-IS-FULL-OF-MARRIED-MEN_saljblad.pdf\">Technical rider<\/a><\/p>\n","protected":false},"excerpt":{"rendered":"<p>Malm\u00f6 Dockteater \/ Malm\u00f6 Stadsteater The World is full of Married Men In meticulous 1960s environments the size of dollhouses, a story full of lies, passion and desire for power unfolds.&nbsp;In hotel rooms, nightclubs, film studios and roof terraces in 1960s swinging London, millionaires and fashion models rub shoulders with housewives and Hollywood directors. Life &hellip;<\/p>\n","protected":false},"author":9192198,"featured_media":0,"parent":0,"menu_order":0,"comment_status":"closed","ping_status":"closed","template":"","meta":{"_acf_changed":false,"footnotes":""},"class_list":["post-37455","page","type-page","status-publish","hentry","post","without-featured-image"],"acf":[],"yoast_head":"<!-- This site is optimized with the Yoast SEO plugin v27.3 - https:\/\/yoast.com\/product\/yoast-seo-wordpress\/ -->\n<title>Pitch: The World Is Full Of Married Men - Scensverige<\/title>\n<meta name=\"robots\" content=\"index, follow, max-snippet:-1, max-image-preview:large, max-video-preview:-1\" \/>\n<link rel=\"canonical\" href=\"https:\/\/scensverige.se\/en\/the-world-is-full-of-married-men\/\" \/>\n<meta property=\"og:locale\" content=\"en_US\" \/>\n<meta property=\"og:type\" content=\"article\" \/>\n<meta property=\"og:title\" content=\"Pitch: The World Is Full Of Married Men - Scensverige\" \/>\n<meta property=\"og:description\" content=\"Malm\u00f6 Dockteater \/ Malm\u00f6 Stadsteater The World is full of Married Men In meticulous 1960s environments the size of dollhouses, a story full of lies, passion and desire for power unfolds.&nbsp;In hotel rooms, nightclubs, film studios and roof terraces in 1960s swinging London, millionaires and fashion models rub shoulders with housewives and Hollywood directors. Life &hellip;\" \/>\n<meta property=\"og:url\" content=\"https:\/\/scensverige.se\/en\/the-world-is-full-of-married-men\/\" \/>\n<meta property=\"og:site_name\" content=\"Scensverige\" \/>\n<meta property=\"article:modified_time\" content=\"2024-08-28T09:09:10+00:00\" \/>\n<meta property=\"og:image\" content=\"https:\/\/scensverige.se\/wp-content\/uploads\/2024\/06\/th-world-is-full-1024x1024.png\" \/>\n<meta name=\"twitter:card\" content=\"summary_large_image\" \/>\n<meta name=\"twitter:label1\" content=\"Est. reading time\" \/>\n\t<meta name=\"twitter:data1\" content=\"2 minutes\" \/>\n<script type=\"application\/ld+json\" class=\"yoast-schema-graph\">{\"@context\":\"https:\\\/\\\/schema.org\",\"@graph\":[{\"@type\":\"WebPage\",\"@id\":\"https:\\\/\\\/scensverige.se\\\/en\\\/the-world-is-full-of-married-men\\\/\",\"url\":\"https:\\\/\\\/scensverige.se\\\/en\\\/the-world-is-full-of-married-men\\\/\",\"name\":\"Pitch: The World Is Full Of Married Men - Scensverige\",\"isPartOf\":{\"@id\":\"https:\\\/\\\/scensverige.se\\\/#website\"},\"primaryImageOfPage\":{\"@id\":\"https:\\\/\\\/scensverige.se\\\/en\\\/the-world-is-full-of-married-men\\\/#primaryimage\"},\"image\":{\"@id\":\"https:\\\/\\\/scensverige.se\\\/en\\\/the-world-is-full-of-married-men\\\/#primaryimage\"},\"thumbnailUrl\":\"https:\\\/\\\/scensverige.se\\\/wp-content\\\/uploads\\\/2024\\\/06\\\/th-world-is-full-1024x1024.png\",\"datePublished\":\"2024-06-20T14:28:16+00:00\",\"dateModified\":\"2024-08-28T09:09:10+00:00\",\"breadcrumb\":{\"@id\":\"https:\\\/\\\/scensverige.se\\\/en\\\/the-world-is-full-of-married-men\\\/#breadcrumb\"},\"inLanguage\":\"en-US\",\"potentialAction\":[{\"@type\":\"ReadAction\",\"target\":[\"https:\\\/\\\/scensverige.se\\\/en\\\/the-world-is-full-of-married-men\\\/\"]}]},{\"@type\":\"ImageObject\",\"inLanguage\":\"en-US\",\"@id\":\"https:\\\/\\\/scensverige.se\\\/en\\\/the-world-is-full-of-married-men\\\/#primaryimage\",\"url\":\"https:\\\/\\\/scensverige.se\\\/wp-content\\\/uploads\\\/2024\\\/06\\\/th-world-is-full-1024x1024.png\",\"contentUrl\":\"https:\\\/\\\/scensverige.se\\\/wp-content\\\/uploads\\\/2024\\\/06\\\/th-world-is-full-1024x1024.png\"},{\"@type\":\"BreadcrumbList\",\"@id\":\"https:\\\/\\\/scensverige.se\\\/en\\\/the-world-is-full-of-married-men\\\/#breadcrumb\",\"itemListElement\":[{\"@type\":\"ListItem\",\"position\":1,\"name\":\"Hem\",\"item\":\"https:\\\/\\\/scensverige.se\\\/en\\\/\"},{\"@type\":\"ListItem\",\"position\":2,\"name\":\"Pitch: The World Is Full Of Married Men\"}]},{\"@type\":\"WebSite\",\"@id\":\"https:\\\/\\\/scensverige.se\\\/#website\",\"url\":\"https:\\\/\\\/scensverige.se\\\/\",\"name\":\"Scensverige\",\"description\":\"M\u00f6tesplats f\u00f6r svensk och internationell scenkonst\",\"publisher\":{\"@id\":\"https:\\\/\\\/scensverige.se\\\/#organization\"},\"potentialAction\":[{\"@type\":\"SearchAction\",\"target\":{\"@type\":\"EntryPoint\",\"urlTemplate\":\"https:\\\/\\\/scensverige.se\\\/?s={search_term_string}\"},\"query-input\":{\"@type\":\"PropertyValueSpecification\",\"valueRequired\":true,\"valueName\":\"search_term_string\"}}],\"inLanguage\":\"en-US\"},{\"@type\":\"Organization\",\"@id\":\"https:\\\/\\\/scensverige.se\\\/#organization\",\"name\":\"Scensverige\",\"url\":\"https:\\\/\\\/scensverige.se\\\/\",\"logo\":{\"@type\":\"ImageObject\",\"inLanguage\":\"en-US\",\"@id\":\"https:\\\/\\\/scensverige.se\\\/#\\\/schema\\\/logo\\\/image\\\/\",\"url\":\"https:\\\/\\\/scensverige.se\\\/wp-content\\\/uploads\\\/2019\\\/01\\\/Scensverige_logotyp_800.png\",\"contentUrl\":\"https:\\\/\\\/scensverige.se\\\/wp-content\\\/uploads\\\/2019\\\/01\\\/Scensverige_logotyp_800.png\",\"width\":800,\"height\":186,\"caption\":\"Scensverige\"},\"image\":{\"@id\":\"https:\\\/\\\/scensverige.se\\\/#\\\/schema\\\/logo\\\/image\\\/\"}}]}<\/script>\n<!-- \/ Yoast SEO plugin. -->","yoast_head_json":{"title":"Pitch: The World Is Full Of Married Men - Scensverige","robots":{"index":"index","follow":"follow","max-snippet":"max-snippet:-1","max-image-preview":"max-image-preview:large","max-video-preview":"max-video-preview:-1"},"canonical":"https:\/\/scensverige.se\/en\/the-world-is-full-of-married-men\/","og_locale":"en_US","og_type":"article","og_title":"Pitch: The World Is Full Of Married Men - Scensverige","og_description":"Malm\u00f6 Dockteater \/ Malm\u00f6 Stadsteater The World is full of Married Men In meticulous 1960s environments the size of dollhouses, a story full of lies, passion and desire for power unfolds.&nbsp;In hotel rooms, nightclubs, film studios and roof terraces in 1960s swinging London, millionaires and fashion models rub shoulders with housewives and Hollywood directors. Life &hellip;","og_url":"https:\/\/scensverige.se\/en\/the-world-is-full-of-married-men\/","og_site_name":"Scensverige","article_modified_time":"2024-08-28T09:09:10+00:00","og_image":[{"url":"https:\/\/scensverige.se\/wp-content\/uploads\/2024\/06\/th-world-is-full-1024x1024.png","type":"","width":"","height":""}],"twitter_card":"summary_large_image","twitter_misc":{"Est. reading time":"2 minutes"},"schema":{"@context":"https:\/\/schema.org","@graph":[{"@type":"WebPage","@id":"https:\/\/scensverige.se\/en\/the-world-is-full-of-married-men\/","url":"https:\/\/scensverige.se\/en\/the-world-is-full-of-married-men\/","name":"Pitch: The World Is Full Of Married Men - Scensverige","isPartOf":{"@id":"https:\/\/scensverige.se\/#website"},"primaryImageOfPage":{"@id":"https:\/\/scensverige.se\/en\/the-world-is-full-of-married-men\/#primaryimage"},"image":{"@id":"https:\/\/scensverige.se\/en\/the-world-is-full-of-married-men\/#primaryimage"},"thumbnailUrl":"https:\/\/scensverige.se\/wp-content\/uploads\/2024\/06\/th-world-is-full-1024x1024.png","datePublished":"2024-06-20T14:28:16+00:00","dateModified":"2024-08-28T09:09:10+00:00","breadcrumb":{"@id":"https:\/\/scensverige.se\/en\/the-world-is-full-of-married-men\/#breadcrumb"},"inLanguage":"en-US","potentialAction":[{"@type":"ReadAction","target":["https:\/\/scensverige.se\/en\/the-world-is-full-of-married-men\/"]}]},{"@type":"ImageObject","inLanguage":"en-US","@id":"https:\/\/scensverige.se\/en\/the-world-is-full-of-married-men\/#primaryimage","url":"https:\/\/scensverige.se\/wp-content\/uploads\/2024\/06\/th-world-is-full-1024x1024.png","contentUrl":"https:\/\/scensverige.se\/wp-content\/uploads\/2024\/06\/th-world-is-full-1024x1024.png"},{"@type":"BreadcrumbList","@id":"https:\/\/scensverige.se\/en\/the-world-is-full-of-married-men\/#breadcrumb","itemListElement":[{"@type":"ListItem","position":1,"name":"Hem","item":"https:\/\/scensverige.se\/en\/"},{"@type":"ListItem","position":2,"name":"Pitch: The World Is Full Of Married Men"}]},{"@type":"WebSite","@id":"https:\/\/scensverige.se\/#website","url":"https:\/\/scensverige.se\/","name":"Scensverige","description":"M\u00f6tesplats f\u00f6r svensk och internationell scenkonst","publisher":{"@id":"https:\/\/scensverige.se\/#organization"},"potentialAction":[{"@type":"SearchAction","target":{"@type":"EntryPoint","urlTemplate":"https:\/\/scensverige.se\/?s={search_term_string}"},"query-input":{"@type":"PropertyValueSpecification","valueRequired":true,"valueName":"search_term_string"}}],"inLanguage":"en-US"},{"@type":"Organization","@id":"https:\/\/scensverige.se\/#organization","name":"Scensverige","url":"https:\/\/scensverige.se\/","logo":{"@type":"ImageObject","inLanguage":"en-US","@id":"https:\/\/scensverige.se\/#\/schema\/logo\/image\/","url":"https:\/\/scensverige.se\/wp-content\/uploads\/2019\/01\/Scensverige_logotyp_800.png","contentUrl":"https:\/\/scensverige.se\/wp-content\/uploads\/2019\/01\/Scensverige_logotyp_800.png","width":800,"height":186,"caption":"Scensverige"},"image":{"@id":"https:\/\/scensverige.se\/#\/schema\/logo\/image\/"}}]}},"_links":{"self":[{"href":"https:\/\/scensverige.se\/en\/wp-json\/wp\/v2\/pages\/37455","targetHints":{"allow":["GET"]}}],"collection":[{"href":"https:\/\/scensverige.se\/en\/wp-json\/wp\/v2\/pages"}],"about":[{"href":"https:\/\/scensverige.se\/en\/wp-json\/wp\/v2\/types\/page"}],"author":[{"embeddable":true,"href":"https:\/\/scensverige.se\/en\/wp-json\/wp\/v2\/users\/9192198"}],"replies":[{"embeddable":true,"href":"https:\/\/scensverige.se\/en\/wp-json\/wp\/v2\/comments?post=37455"}],"version-history":[{"count":8,"href":"https:\/\/scensverige.se\/en\/wp-json\/wp\/v2\/pages\/37455\/revisions"}],"predecessor-version":[{"id":37805,"href":"https:\/\/scensverige.se\/en\/wp-json\/wp\/v2\/pages\/37455\/revisions\/37805"}],"wp:attachment":[{"href":"https:\/\/scensverige.se\/en\/wp-json\/wp\/v2\/media?parent=37455"}],"curies":[{"name":"wp","href":"https:\/\/api.w.org\/{rel}","templated":true}]}}