{"id":38468,"date":"2025-03-18T10:59:02","date_gmt":"2025-03-18T09:59:02","guid":{"rendered":"https:\/\/scensverige.se\/?page_id=38468"},"modified":"2025-03-18T12:40:40","modified_gmt":"2025-03-18T11:40:40","slug":"conspiracy-dramaten","status":"publish","type":"page","link":"https:\/\/scensverige.se\/en\/selected-productions-2025\/conspiracy-dramaten\/","title":{"rendered":"Conspiracy \/ Dramaten"},"content":{"rendered":"\n<figure class=\"wp-block-image size-large\"><a href=\"https:\/\/scensverige.se\/wp-content\/uploads\/2025\/01\/6.png\"><img loading=\"lazy\" decoding=\"async\" width=\"1024\" height=\"1024\" src=\"https:\/\/scensverige.se\/wp-content\/uploads\/2025\/01\/6-1024x1024.png\" alt=\"\" class=\"wp-image-38178\" srcset=\"https:\/\/scensverige.se\/wp-content\/uploads\/2025\/01\/6-1024x1024.png 1024w, https:\/\/scensverige.se\/wp-content\/uploads\/2025\/01\/6-300x300.png 300w, https:\/\/scensverige.se\/wp-content\/uploads\/2025\/01\/6-150x150.png 150w, https:\/\/scensverige.se\/wp-content\/uploads\/2025\/01\/6-768x768.png 768w, https:\/\/scensverige.se\/wp-content\/uploads\/2025\/01\/6-400x400.png 400w, https:\/\/scensverige.se\/wp-content\/uploads\/2025\/01\/6-600x600.png 600w, https:\/\/scensverige.se\/wp-content\/uploads\/2025\/01\/6.png 1080w\" sizes=\"auto, (max-width: 1024px) 100vw, 1024px\" \/><\/a><\/figure>\n\n\n\n<blockquote class=\"wp-block-quote is-layout-flow wp-block-quote-is-layout-flow\">\n<p><\/p>\n\n\n\n<p><\/p>\n<\/blockquote>\n\n\n\n<p>Suddenly you realize that nothing is as you thought. The wildest fantasies turn out to be real. And the safest truths were lies. Or?<\/p>\n\n\n\n<p><em>Conspiracy<\/em>&nbsp;is a story about Sweden during three eras. About the truths we took for granted. About optimism, faith in the future and reliable authorities. About the lies revealed. About Vietnam demonstrations, the Palme murder and LSD experiments. And about the people who no longer know what and who to trust.<\/p>\n\n\n\n<p>Erik Uddenberg&#8217;s newly written play is partly based on interviews with real people in Sweden, about how their view of society has changed over time. Beginning in the 60s, we move forward, via the present, towards the light in the tunnel.<\/p>\n\n\n\n<p><strong>Cast:<\/strong><strong><br><\/strong>Filip Alexanderson, Th\u00e9r\u00e8se Brunnande, Siri Hamari, Maria Johansson Josephsson, Melinda Kinnaman, Doreen Ndagire, Andreas T Olsson, Marcus V\u00f6geli<\/p>\n\n\n\n<p><strong>By:<\/strong> Erik Uddenberg<br><strong>Director:<\/strong> Suzanne Osten<br><strong>Set Design:<\/strong> Annika Tosti<br><strong>Costume Design:<\/strong> Anna Heymowska<br><strong>Lighting Design:<\/strong> Torben Lendorph<br><strong>Music:<\/strong> Maria Johansson Josephsson<br><strong>Music Production:<\/strong> Nicklas Thelin<br><strong>Choreography:<\/strong> Soledad Howe, Rasmus \u00d6lme<br><strong>Sound Design:<\/strong> Jacob Wilhelmsson<br><strong>Wig and Makeup:<\/strong> Moa Hedberg, Anne-Charlotte Reinhold<br><strong>Photography:<\/strong> Sara P Borgstr\u00f6m<br><strong>Magic Consultant:<\/strong> Axel Adlercreutz<br><strong>Dramaturg:<\/strong> Joel Nordstr\u00f6m<\/p>\n\n\n\n<p><strong>Cast: Youth Ensemble Team 1<\/strong><strong><br><\/strong>Tarza Nader, Alice Franke, Yassin Gardell, Josefine Svanholm, Marven Mikho<\/p>\n\n\n\n<p><strong>Cast: Youth Ensemble Team 2<\/strong><strong><br><\/strong>Nadja Bech, Nicklas Bj\u00f6rk, Oliver Blomqvist, Davin Amini, Joy Ghavi<\/p>\n\n\n\n<p><strong><a href=\"https:\/\/scensverige.se\/en\/selected-productions-2025\/\">Back to all selected productions<\/a><br><\/strong><\/p>\n\n\n\n<p><\/p>\n","protected":false},"excerpt":{"rendered":"<p>Suddenly you realize that nothing is as you thought. The wildest fantasies turn out to be real. And the safest truths were lies. Or? Conspiracy&nbsp;is a story about Sweden during three eras. About the truths we took for granted. About optimism, faith in the future and reliable authorities. About the lies revealed. About Vietnam demonstrations, &hellip;<\/p>\n","protected":false},"author":9192195,"featured_media":0,"parent":38331,"menu_order":0,"comment_status":"closed","ping_status":"closed","template":"","meta":{"_acf_changed":false,"footnotes":""},"class_list":["post-38468","page","type-page","status-publish","hentry","post","without-featured-image"],"acf":[],"yoast_head":"<!-- This site is optimized with the Yoast SEO plugin v27.3 - https:\/\/yoast.com\/product\/yoast-seo-wordpress\/ -->\n<title>Conspiracy \/ Dramaten - Scensverige<\/title>\n<meta name=\"robots\" content=\"index, follow, max-snippet:-1, max-image-preview:large, max-video-preview:-1\" \/>\n<link rel=\"canonical\" href=\"https:\/\/scensverige.se\/en\/selected-productions-2025\/conspiracy-dramaten\/\" \/>\n<meta property=\"og:locale\" content=\"en_US\" \/>\n<meta property=\"og:type\" content=\"article\" \/>\n<meta property=\"og:title\" content=\"Conspiracy \/ Dramaten - Scensverige\" \/>\n<meta property=\"og:description\" content=\"Suddenly you realize that nothing is as you thought. The wildest fantasies turn out to be real. And the safest truths were lies. Or? Conspiracy&nbsp;is a story about Sweden during three eras. About the truths we took for granted. About optimism, faith in the future and reliable authorities. About the lies revealed. About Vietnam demonstrations, &hellip;\" \/>\n<meta property=\"og:url\" content=\"https:\/\/scensverige.se\/en\/selected-productions-2025\/conspiracy-dramaten\/\" \/>\n<meta property=\"og:site_name\" content=\"Scensverige\" \/>\n<meta property=\"article:modified_time\" content=\"2025-03-18T11:40:40+00:00\" \/>\n<meta property=\"og:image\" content=\"https:\/\/scensverige.se\/wp-content\/uploads\/2025\/01\/6-1024x1024.png\" \/>\n\t<meta property=\"og:image:width\" content=\"1024\" \/>\n\t<meta property=\"og:image:height\" content=\"1024\" \/>\n\t<meta property=\"og:image:type\" content=\"image\/png\" \/>\n<meta name=\"twitter:card\" content=\"summary_large_image\" \/>\n<meta name=\"twitter:label1\" content=\"Est. reading time\" \/>\n\t<meta name=\"twitter:data1\" content=\"2 minutes\" \/>\n<script type=\"application\/ld+json\" class=\"yoast-schema-graph\">{\"@context\":\"https:\\\/\\\/schema.org\",\"@graph\":[{\"@type\":\"WebPage\",\"@id\":\"https:\\\/\\\/scensverige.se\\\/en\\\/selected-productions-2025\\\/conspiracy-dramaten\\\/\",\"url\":\"https:\\\/\\\/scensverige.se\\\/en\\\/selected-productions-2025\\\/conspiracy-dramaten\\\/\",\"name\":\"Conspiracy \\\/ Dramaten - Scensverige\",\"isPartOf\":{\"@id\":\"https:\\\/\\\/scensverige.se\\\/#website\"},\"primaryImageOfPage\":{\"@id\":\"https:\\\/\\\/scensverige.se\\\/en\\\/selected-productions-2025\\\/conspiracy-dramaten\\\/#primaryimage\"},\"image\":{\"@id\":\"https:\\\/\\\/scensverige.se\\\/en\\\/selected-productions-2025\\\/conspiracy-dramaten\\\/#primaryimage\"},\"thumbnailUrl\":\"https:\\\/\\\/scensverige.se\\\/wp-content\\\/uploads\\\/2025\\\/01\\\/6-1024x1024.png\",\"datePublished\":\"2025-03-18T09:59:02+00:00\",\"dateModified\":\"2025-03-18T11:40:40+00:00\",\"breadcrumb\":{\"@id\":\"https:\\\/\\\/scensverige.se\\\/en\\\/selected-productions-2025\\\/conspiracy-dramaten\\\/#breadcrumb\"},\"inLanguage\":\"en-US\",\"potentialAction\":[{\"@type\":\"ReadAction\",\"target\":[\"https:\\\/\\\/scensverige.se\\\/en\\\/selected-productions-2025\\\/conspiracy-dramaten\\\/\"]}]},{\"@type\":\"ImageObject\",\"inLanguage\":\"en-US\",\"@id\":\"https:\\\/\\\/scensverige.se\\\/en\\\/selected-productions-2025\\\/conspiracy-dramaten\\\/#primaryimage\",\"url\":\"https:\\\/\\\/scensverige.se\\\/wp-content\\\/uploads\\\/2025\\\/01\\\/6-1024x1024.png\",\"contentUrl\":\"https:\\\/\\\/scensverige.se\\\/wp-content\\\/uploads\\\/2025\\\/01\\\/6-1024x1024.png\"},{\"@type\":\"BreadcrumbList\",\"@id\":\"https:\\\/\\\/scensverige.se\\\/en\\\/selected-productions-2025\\\/conspiracy-dramaten\\\/#breadcrumb\",\"itemListElement\":[{\"@type\":\"ListItem\",\"position\":1,\"name\":\"Hem\",\"item\":\"https:\\\/\\\/scensverige.se\\\/en\\\/\"},{\"@type\":\"ListItem\",\"position\":2,\"name\":\"Selected productions 2025\",\"item\":\"https:\\\/\\\/scensverige.se\\\/en\\\/selected-productions-2025\\\/\"},{\"@type\":\"ListItem\",\"position\":3,\"name\":\"Conspiracy \\\/ Dramaten\"}]},{\"@type\":\"WebSite\",\"@id\":\"https:\\\/\\\/scensverige.se\\\/#website\",\"url\":\"https:\\\/\\\/scensverige.se\\\/\",\"name\":\"Scensverige\",\"description\":\"M\u00f6tesplats f\u00f6r svensk och internationell scenkonst\",\"publisher\":{\"@id\":\"https:\\\/\\\/scensverige.se\\\/#organization\"},\"potentialAction\":[{\"@type\":\"SearchAction\",\"target\":{\"@type\":\"EntryPoint\",\"urlTemplate\":\"https:\\\/\\\/scensverige.se\\\/?s={search_term_string}\"},\"query-input\":{\"@type\":\"PropertyValueSpecification\",\"valueRequired\":true,\"valueName\":\"search_term_string\"}}],\"inLanguage\":\"en-US\"},{\"@type\":\"Organization\",\"@id\":\"https:\\\/\\\/scensverige.se\\\/#organization\",\"name\":\"Scensverige\",\"url\":\"https:\\\/\\\/scensverige.se\\\/\",\"logo\":{\"@type\":\"ImageObject\",\"inLanguage\":\"en-US\",\"@id\":\"https:\\\/\\\/scensverige.se\\\/#\\\/schema\\\/logo\\\/image\\\/\",\"url\":\"https:\\\/\\\/scensverige.se\\\/wp-content\\\/uploads\\\/2019\\\/01\\\/Scensverige_logotyp_800.png\",\"contentUrl\":\"https:\\\/\\\/scensverige.se\\\/wp-content\\\/uploads\\\/2019\\\/01\\\/Scensverige_logotyp_800.png\",\"width\":800,\"height\":186,\"caption\":\"Scensverige\"},\"image\":{\"@id\":\"https:\\\/\\\/scensverige.se\\\/#\\\/schema\\\/logo\\\/image\\\/\"}}]}<\/script>\n<!-- \/ Yoast SEO plugin. -->","yoast_head_json":{"title":"Conspiracy \/ Dramaten - Scensverige","robots":{"index":"index","follow":"follow","max-snippet":"max-snippet:-1","max-image-preview":"max-image-preview:large","max-video-preview":"max-video-preview:-1"},"canonical":"https:\/\/scensverige.se\/en\/selected-productions-2025\/conspiracy-dramaten\/","og_locale":"en_US","og_type":"article","og_title":"Conspiracy \/ Dramaten - Scensverige","og_description":"Suddenly you realize that nothing is as you thought. The wildest fantasies turn out to be real. And the safest truths were lies. Or? Conspiracy&nbsp;is a story about Sweden during three eras. About the truths we took for granted. About optimism, faith in the future and reliable authorities. About the lies revealed. About Vietnam demonstrations, &hellip;","og_url":"https:\/\/scensverige.se\/en\/selected-productions-2025\/conspiracy-dramaten\/","og_site_name":"Scensverige","article_modified_time":"2025-03-18T11:40:40+00:00","og_image":[{"width":1024,"height":1024,"url":"https:\/\/scensverige.se\/wp-content\/uploads\/2025\/01\/6-1024x1024.png","type":"image\/png"}],"twitter_card":"summary_large_image","twitter_misc":{"Est. reading time":"2 minutes"},"schema":{"@context":"https:\/\/schema.org","@graph":[{"@type":"WebPage","@id":"https:\/\/scensverige.se\/en\/selected-productions-2025\/conspiracy-dramaten\/","url":"https:\/\/scensverige.se\/en\/selected-productions-2025\/conspiracy-dramaten\/","name":"Conspiracy \/ Dramaten - Scensverige","isPartOf":{"@id":"https:\/\/scensverige.se\/#website"},"primaryImageOfPage":{"@id":"https:\/\/scensverige.se\/en\/selected-productions-2025\/conspiracy-dramaten\/#primaryimage"},"image":{"@id":"https:\/\/scensverige.se\/en\/selected-productions-2025\/conspiracy-dramaten\/#primaryimage"},"thumbnailUrl":"https:\/\/scensverige.se\/wp-content\/uploads\/2025\/01\/6-1024x1024.png","datePublished":"2025-03-18T09:59:02+00:00","dateModified":"2025-03-18T11:40:40+00:00","breadcrumb":{"@id":"https:\/\/scensverige.se\/en\/selected-productions-2025\/conspiracy-dramaten\/#breadcrumb"},"inLanguage":"en-US","potentialAction":[{"@type":"ReadAction","target":["https:\/\/scensverige.se\/en\/selected-productions-2025\/conspiracy-dramaten\/"]}]},{"@type":"ImageObject","inLanguage":"en-US","@id":"https:\/\/scensverige.se\/en\/selected-productions-2025\/conspiracy-dramaten\/#primaryimage","url":"https:\/\/scensverige.se\/wp-content\/uploads\/2025\/01\/6-1024x1024.png","contentUrl":"https:\/\/scensverige.se\/wp-content\/uploads\/2025\/01\/6-1024x1024.png"},{"@type":"BreadcrumbList","@id":"https:\/\/scensverige.se\/en\/selected-productions-2025\/conspiracy-dramaten\/#breadcrumb","itemListElement":[{"@type":"ListItem","position":1,"name":"Hem","item":"https:\/\/scensverige.se\/en\/"},{"@type":"ListItem","position":2,"name":"Selected productions 2025","item":"https:\/\/scensverige.se\/en\/selected-productions-2025\/"},{"@type":"ListItem","position":3,"name":"Conspiracy \/ Dramaten"}]},{"@type":"WebSite","@id":"https:\/\/scensverige.se\/#website","url":"https:\/\/scensverige.se\/","name":"Scensverige","description":"M\u00f6tesplats f\u00f6r svensk och internationell scenkonst","publisher":{"@id":"https:\/\/scensverige.se\/#organization"},"potentialAction":[{"@type":"SearchAction","target":{"@type":"EntryPoint","urlTemplate":"https:\/\/scensverige.se\/?s={search_term_string}"},"query-input":{"@type":"PropertyValueSpecification","valueRequired":true,"valueName":"search_term_string"}}],"inLanguage":"en-US"},{"@type":"Organization","@id":"https:\/\/scensverige.se\/#organization","name":"Scensverige","url":"https:\/\/scensverige.se\/","logo":{"@type":"ImageObject","inLanguage":"en-US","@id":"https:\/\/scensverige.se\/#\/schema\/logo\/image\/","url":"https:\/\/scensverige.se\/wp-content\/uploads\/2019\/01\/Scensverige_logotyp_800.png","contentUrl":"https:\/\/scensverige.se\/wp-content\/uploads\/2019\/01\/Scensverige_logotyp_800.png","width":800,"height":186,"caption":"Scensverige"},"image":{"@id":"https:\/\/scensverige.se\/#\/schema\/logo\/image\/"}}]}},"_links":{"self":[{"href":"https:\/\/scensverige.se\/en\/wp-json\/wp\/v2\/pages\/38468","targetHints":{"allow":["GET"]}}],"collection":[{"href":"https:\/\/scensverige.se\/en\/wp-json\/wp\/v2\/pages"}],"about":[{"href":"https:\/\/scensverige.se\/en\/wp-json\/wp\/v2\/types\/page"}],"author":[{"embeddable":true,"href":"https:\/\/scensverige.se\/en\/wp-json\/wp\/v2\/users\/9192195"}],"replies":[{"embeddable":true,"href":"https:\/\/scensverige.se\/en\/wp-json\/wp\/v2\/comments?post=38468"}],"version-history":[{"count":2,"href":"https:\/\/scensverige.se\/en\/wp-json\/wp\/v2\/pages\/38468\/revisions"}],"predecessor-version":[{"id":38523,"href":"https:\/\/scensverige.se\/en\/wp-json\/wp\/v2\/pages\/38468\/revisions\/38523"}],"up":[{"embeddable":true,"href":"https:\/\/scensverige.se\/en\/wp-json\/wp\/v2\/pages\/38331"}],"wp:attachment":[{"href":"https:\/\/scensverige.se\/en\/wp-json\/wp\/v2\/media?parent=38468"}],"curies":[{"name":"wp","href":"https:\/\/api.w.org\/{rel}","templated":true}]}}