{"id":458,"date":"2012-06-15T05:37:59","date_gmt":"2012-06-15T05:37:59","guid":{"rendered":"http:\/\/teaterunionen.se\/?page_id=458"},"modified":"2024-06-20T15:58:19","modified_gmt":"2024-06-20T13:58:19","slug":"board","status":"publish","type":"page","link":"https:\/\/scensverige.se\/en\/about-us\/board\/","title":{"rendered":"Board"},"content":{"rendered":"<p><strong>President<\/strong><br \/>\nStefan Hansen &#8211; VD Unga Klara<br \/>\nSvensk Scenkonst<\/p>\n<p><strong>Vice president<\/strong><br \/>\nPontus Plaenge &#8211; Sk\u00e5despelare och regiss\u00f6r \u00d6stg\u00f6tateatern, styrelseledamot Fackf\u00f6rbundet scen &amp; film<br \/>\nFackf\u00f6rbundet scen &amp; film<\/p>\n<p><strong>Board members:<\/strong><br \/>\nNiklas Hjulstr\u00f6m, teaterchef V\u00e4stmanlands Teater<br \/>\nRepresenterar: Svensk Scenkonst<\/p>\n<p>Therese H\u00f6rnqvist, VD Stockholms Improvisationsteater<br \/>\nFackf\u00f6rbundet Scen &amp; Film<\/p>\n<p>Isak Nordstr\u00f6m, sk\u00e5despelare Regionteatern Blekinge Kronoberg<br \/>\nFackf\u00f6rbundet Scen &amp; Film<\/p>\n<p>Jenny M\u00e5nstr\u00f6m, verksamhetsledare Danscentrum Syd<br \/>\nDanscentrum<\/p>\n<p>Jan Bratt, bolagsjurist\/f\u00f6rhandlingschef G\u00f6teborgsoperan<br \/>\nSvensk Scenkonst<\/p>\n<p>Theodor Ryan, ordf\u00f6rande Teatercentrum, scenkonstn\u00e4r Malm\u00f6 och Gotland<br \/>\nTeatercentrum<\/p>\n<p>Hellen Smitterberg, konstn\u00e4rlig ledare JONK! Scenkonst samt producent Film och Scenkonst, Kulturutveckling VGR<br \/>\nFria danslivet<\/p>\n<p>Frida R\u00f6hl, konstn\u00e4rlig ledare Folkteatern G\u00f6teborg<br \/>\nL\u00e4nsteatrarna i Sverige<\/p>\n<p>Josefin Rosales, konstn\u00e4rlig ledare Kulturhuset Parkteatern<br \/>\nKulturhuset Parkteatern<\/p>\n<p>Daniela Kullman, dramatiker och projektledare<br \/>\nCentrum f\u00f6r dramatik<\/p>\n<p>Isabel Cruz Liljegren, dramatiker och regiss\u00f6r<br \/>\nDramatikerf\u00f6rbundet<\/p>\n","protected":false},"excerpt":{"rendered":"<p>President Stefan Hansen &#8211; VD Unga Klara Svensk Scenkonst Vice president Pontus Plaenge &#8211; Sk\u00e5despelare och regiss\u00f6r \u00d6stg\u00f6tateatern, styrelseledamot Fackf\u00f6rbundet scen &amp; film Fackf\u00f6rbundet scen &amp; film Board members: Niklas Hjulstr\u00f6m, teaterchef V\u00e4stmanlands Teater Representerar: Svensk Scenkonst Therese H\u00f6rnqvist, VD Stockholms Improvisationsteater Fackf\u00f6rbundet Scen &amp; Film Isak Nordstr\u00f6m, sk\u00e5despelare Regionteatern Blekinge Kronoberg Fackf\u00f6rbundet Scen &amp; &hellip;<\/p>\n","protected":false},"author":9192198,"featured_media":0,"parent":284,"menu_order":20,"comment_status":"closed","ping_status":"closed","template":"","meta":{"_acf_changed":false,"footnotes":""},"class_list":["post-458","page","type-page","status-publish","hentry","post","without-featured-image"],"acf":[],"yoast_head":"<!-- This site is optimized with the Yoast SEO plugin v27.3 - https:\/\/yoast.com\/product\/yoast-seo-wordpress\/ -->\n<title>Board - Scensverige<\/title>\n<meta name=\"robots\" content=\"index, follow, max-snippet:-1, max-image-preview:large, max-video-preview:-1\" \/>\n<link rel=\"canonical\" href=\"https:\/\/scensverige.se\/en\/about-us\/board\/\" \/>\n<meta property=\"og:locale\" content=\"en_US\" \/>\n<meta property=\"og:type\" content=\"article\" \/>\n<meta property=\"og:title\" content=\"Board - Scensverige\" \/>\n<meta property=\"og:description\" content=\"President Stefan Hansen &#8211; VD Unga Klara Svensk Scenkonst Vice president Pontus Plaenge &#8211; Sk\u00e5despelare och regiss\u00f6r \u00d6stg\u00f6tateatern, styrelseledamot Fackf\u00f6rbundet scen &amp; film Fackf\u00f6rbundet scen &amp; film Board members: Niklas Hjulstr\u00f6m, teaterchef V\u00e4stmanlands Teater Representerar: Svensk Scenkonst Therese H\u00f6rnqvist, VD Stockholms Improvisationsteater Fackf\u00f6rbundet Scen &amp; Film Isak Nordstr\u00f6m, sk\u00e5despelare Regionteatern Blekinge Kronoberg Fackf\u00f6rbundet Scen &amp; &hellip;\" \/>\n<meta property=\"og:url\" content=\"https:\/\/scensverige.se\/en\/about-us\/board\/\" \/>\n<meta property=\"og:site_name\" content=\"Scensverige\" \/>\n<meta property=\"article:modified_time\" content=\"2024-06-20T13:58:19+00:00\" \/>\n<meta property=\"og:image\" content=\"https:\/\/scensverige.se\/wp-content\/uploads\/2018\/11\/fb-bild.png\" \/>\n\t<meta property=\"og:image:width\" content=\"1600\" \/>\n\t<meta property=\"og:image:height\" content=\"630\" \/>\n\t<meta property=\"og:image:type\" content=\"image\/png\" \/>\n<meta name=\"twitter:card\" content=\"summary_large_image\" \/>\n<meta name=\"twitter:label1\" content=\"Est. reading time\" \/>\n\t<meta name=\"twitter:data1\" content=\"1 minute\" \/>\n<script type=\"application\/ld+json\" class=\"yoast-schema-graph\">{\"@context\":\"https:\\\/\\\/schema.org\",\"@graph\":[{\"@type\":\"WebPage\",\"@id\":\"https:\\\/\\\/scensverige.se\\\/en\\\/about-us\\\/board\\\/\",\"url\":\"https:\\\/\\\/scensverige.se\\\/en\\\/about-us\\\/board\\\/\",\"name\":\"Board - Scensverige\",\"isPartOf\":{\"@id\":\"https:\\\/\\\/scensverige.se\\\/#website\"},\"datePublished\":\"2012-06-15T05:37:59+00:00\",\"dateModified\":\"2024-06-20T13:58:19+00:00\",\"breadcrumb\":{\"@id\":\"https:\\\/\\\/scensverige.se\\\/en\\\/about-us\\\/board\\\/#breadcrumb\"},\"inLanguage\":\"en-US\",\"potentialAction\":[{\"@type\":\"ReadAction\",\"target\":[\"https:\\\/\\\/scensverige.se\\\/en\\\/about-us\\\/board\\\/\"]}]},{\"@type\":\"BreadcrumbList\",\"@id\":\"https:\\\/\\\/scensverige.se\\\/en\\\/about-us\\\/board\\\/#breadcrumb\",\"itemListElement\":[{\"@type\":\"ListItem\",\"position\":1,\"name\":\"Hem\",\"item\":\"https:\\\/\\\/scensverige.se\\\/en\\\/\"},{\"@type\":\"ListItem\",\"position\":2,\"name\":\"About us\",\"item\":\"https:\\\/\\\/scensverige.se\\\/en\\\/about-us\\\/\"},{\"@type\":\"ListItem\",\"position\":3,\"name\":\"Board\"}]},{\"@type\":\"WebSite\",\"@id\":\"https:\\\/\\\/scensverige.se\\\/#website\",\"url\":\"https:\\\/\\\/scensverige.se\\\/\",\"name\":\"Scensverige\",\"description\":\"M\u00f6tesplats f\u00f6r svensk och internationell scenkonst\",\"publisher\":{\"@id\":\"https:\\\/\\\/scensverige.se\\\/#organization\"},\"potentialAction\":[{\"@type\":\"SearchAction\",\"target\":{\"@type\":\"EntryPoint\",\"urlTemplate\":\"https:\\\/\\\/scensverige.se\\\/?s={search_term_string}\"},\"query-input\":{\"@type\":\"PropertyValueSpecification\",\"valueRequired\":true,\"valueName\":\"search_term_string\"}}],\"inLanguage\":\"en-US\"},{\"@type\":\"Organization\",\"@id\":\"https:\\\/\\\/scensverige.se\\\/#organization\",\"name\":\"Scensverige\",\"url\":\"https:\\\/\\\/scensverige.se\\\/\",\"logo\":{\"@type\":\"ImageObject\",\"inLanguage\":\"en-US\",\"@id\":\"https:\\\/\\\/scensverige.se\\\/#\\\/schema\\\/logo\\\/image\\\/\",\"url\":\"https:\\\/\\\/scensverige.se\\\/wp-content\\\/uploads\\\/2019\\\/01\\\/Scensverige_logotyp_800.png\",\"contentUrl\":\"https:\\\/\\\/scensverige.se\\\/wp-content\\\/uploads\\\/2019\\\/01\\\/Scensverige_logotyp_800.png\",\"width\":800,\"height\":186,\"caption\":\"Scensverige\"},\"image\":{\"@id\":\"https:\\\/\\\/scensverige.se\\\/#\\\/schema\\\/logo\\\/image\\\/\"}}]}<\/script>\n<!-- \/ Yoast SEO plugin. -->","yoast_head_json":{"title":"Board - Scensverige","robots":{"index":"index","follow":"follow","max-snippet":"max-snippet:-1","max-image-preview":"max-image-preview:large","max-video-preview":"max-video-preview:-1"},"canonical":"https:\/\/scensverige.se\/en\/about-us\/board\/","og_locale":"en_US","og_type":"article","og_title":"Board - Scensverige","og_description":"President Stefan Hansen &#8211; VD Unga Klara Svensk Scenkonst Vice president Pontus Plaenge &#8211; Sk\u00e5despelare och regiss\u00f6r \u00d6stg\u00f6tateatern, styrelseledamot Fackf\u00f6rbundet scen &amp; film Fackf\u00f6rbundet scen &amp; film Board members: Niklas Hjulstr\u00f6m, teaterchef V\u00e4stmanlands Teater Representerar: Svensk Scenkonst Therese H\u00f6rnqvist, VD Stockholms Improvisationsteater Fackf\u00f6rbundet Scen &amp; Film Isak Nordstr\u00f6m, sk\u00e5despelare Regionteatern Blekinge Kronoberg Fackf\u00f6rbundet Scen &amp; &hellip;","og_url":"https:\/\/scensverige.se\/en\/about-us\/board\/","og_site_name":"Scensverige","article_modified_time":"2024-06-20T13:58:19+00:00","og_image":[{"width":1600,"height":630,"url":"https:\/\/scensverige.se\/wp-content\/uploads\/2018\/11\/fb-bild.png","type":"image\/png"}],"twitter_card":"summary_large_image","twitter_misc":{"Est. reading time":"1 minute"},"schema":{"@context":"https:\/\/schema.org","@graph":[{"@type":"WebPage","@id":"https:\/\/scensverige.se\/en\/about-us\/board\/","url":"https:\/\/scensverige.se\/en\/about-us\/board\/","name":"Board - Scensverige","isPartOf":{"@id":"https:\/\/scensverige.se\/#website"},"datePublished":"2012-06-15T05:37:59+00:00","dateModified":"2024-06-20T13:58:19+00:00","breadcrumb":{"@id":"https:\/\/scensverige.se\/en\/about-us\/board\/#breadcrumb"},"inLanguage":"en-US","potentialAction":[{"@type":"ReadAction","target":["https:\/\/scensverige.se\/en\/about-us\/board\/"]}]},{"@type":"BreadcrumbList","@id":"https:\/\/scensverige.se\/en\/about-us\/board\/#breadcrumb","itemListElement":[{"@type":"ListItem","position":1,"name":"Hem","item":"https:\/\/scensverige.se\/en\/"},{"@type":"ListItem","position":2,"name":"About us","item":"https:\/\/scensverige.se\/en\/about-us\/"},{"@type":"ListItem","position":3,"name":"Board"}]},{"@type":"WebSite","@id":"https:\/\/scensverige.se\/#website","url":"https:\/\/scensverige.se\/","name":"Scensverige","description":"M\u00f6tesplats f\u00f6r svensk och internationell scenkonst","publisher":{"@id":"https:\/\/scensverige.se\/#organization"},"potentialAction":[{"@type":"SearchAction","target":{"@type":"EntryPoint","urlTemplate":"https:\/\/scensverige.se\/?s={search_term_string}"},"query-input":{"@type":"PropertyValueSpecification","valueRequired":true,"valueName":"search_term_string"}}],"inLanguage":"en-US"},{"@type":"Organization","@id":"https:\/\/scensverige.se\/#organization","name":"Scensverige","url":"https:\/\/scensverige.se\/","logo":{"@type":"ImageObject","inLanguage":"en-US","@id":"https:\/\/scensverige.se\/#\/schema\/logo\/image\/","url":"https:\/\/scensverige.se\/wp-content\/uploads\/2019\/01\/Scensverige_logotyp_800.png","contentUrl":"https:\/\/scensverige.se\/wp-content\/uploads\/2019\/01\/Scensverige_logotyp_800.png","width":800,"height":186,"caption":"Scensverige"},"image":{"@id":"https:\/\/scensverige.se\/#\/schema\/logo\/image\/"}}]}},"_links":{"self":[{"href":"https:\/\/scensverige.se\/en\/wp-json\/wp\/v2\/pages\/458","targetHints":{"allow":["GET"]}}],"collection":[{"href":"https:\/\/scensverige.se\/en\/wp-json\/wp\/v2\/pages"}],"about":[{"href":"https:\/\/scensverige.se\/en\/wp-json\/wp\/v2\/types\/page"}],"author":[{"embeddable":true,"href":"https:\/\/scensverige.se\/en\/wp-json\/wp\/v2\/users\/9192198"}],"replies":[{"embeddable":true,"href":"https:\/\/scensverige.se\/en\/wp-json\/wp\/v2\/comments?post=458"}],"version-history":[{"count":9,"href":"https:\/\/scensverige.se\/en\/wp-json\/wp\/v2\/pages\/458\/revisions"}],"predecessor-version":[{"id":37427,"href":"https:\/\/scensverige.se\/en\/wp-json\/wp\/v2\/pages\/458\/revisions\/37427"}],"up":[{"embeddable":true,"href":"https:\/\/scensverige.se\/en\/wp-json\/wp\/v2\/pages\/284"}],"wp:attachment":[{"href":"https:\/\/scensverige.se\/en\/wp-json\/wp\/v2\/media?parent=458"}],"curies":[{"name":"wp","href":"https:\/\/api.w.org\/{rel}","templated":true}]}}